{"id":103806,"date":"2024-02-06T16:17:25","date_gmt":"2024-02-06T15:17:25","guid":{"rendered":"https:\/\/www.maintenance-expo.be\/qui-visite-maintenance\/"},"modified":"2026-03-16T10:56:25","modified_gmt":"2026-03-16T09:56:25","slug":"qui-visite-maintenance","status":"publish","type":"page","link":"https:\/\/www.maintenance-expo.be\/fr\/qui-visite-maintenance\/","title":{"rendered":"Qui visite ?"},"content":{"rendered":"\t\t<div data-elementor-type=\"wp-post\" data-elementor-id=\"103806\" class=\"elementor elementor-103806 elementor-103403\" data-elementor-post-type=\"page\">\n\t\t\t\t<div class=\"elementor-element elementor-element-1724371 e-flex e-con-boxed e-con e-parent\" data-id=\"1724371\" data-element_type=\"container\">\n\t\t\t\t\t<div class=\"e-con-inner\">\n\t\t\t\t<div class=\"elementor-element elementor-element-8c77eee elementor-widget elementor-widget-heading\" data-id=\"8c77eee\" data-element_type=\"widget\" data-widget_type=\"heading.default\">\n\t\t\t\t<div class=\"elementor-widget-container\">\n\t\t\t\t\t<h2 class=\"elementor-heading-title elementor-size-default\">Vous vous demandez quels sont les professionnels qui visiteront certainement Maintenance?<\/h2>\t\t\t\t<\/div>\n\t\t\t\t<\/div>\n\t\t\t\t<div class=\"elementor-element elementor-element-67749d9 elementor-widget elementor-widget-spacer\" data-id=\"67749d9\" data-element_type=\"widget\" data-widget_type=\"spacer.default\">\n\t\t\t\t<div class=\"elementor-widget-container\">\n\t\t\t\t\t\t\t<div class=\"elementor-spacer\">\n\t\t\t<div class=\"elementor-spacer-inner\"><\/div>\n\t\t<\/div>\n\t\t\t\t\t\t<\/div>\n\t\t\t\t<\/div>\n\t\t\t\t\t<\/div>\n\t\t\t\t<\/div>\n\t\t<div class=\"elementor-element elementor-element-8ace4e6 e-flex e-con-boxed e-con e-parent\" data-id=\"8ace4e6\" data-element_type=\"container\">\n\t\t\t\t\t<div class=\"e-con-inner\">\n\t\t<div class=\"elementor-element elementor-element-f226423 e-con-full e-flex e-con e-child\" data-id=\"f226423\" data-element_type=\"container\" data-settings=\"{&quot;background_background&quot;:&quot;classic&quot;}\">\n\t\t<div class=\"elementor-element elementor-element-ed83172 e-con-full skewed-box e-flex e-con e-child\" data-id=\"ed83172\" data-element_type=\"container\" data-settings=\"{&quot;background_background&quot;:&quot;classic&quot;}\">\n\t\t<div class=\"elementor-element elementor-element-165811c e-flex e-con-boxed e-con e-child\" data-id=\"165811c\" data-element_type=\"container\">\n\t\t\t\t\t<div class=\"e-con-inner\">\n\t\t<div class=\"elementor-element elementor-element-25be444 e-flex e-con-boxed e-con e-child\" data-id=\"25be444\" data-element_type=\"container\">\n\t\t\t\t\t<div class=\"e-con-inner\">\n\t\t\t\t<div class=\"elementor-element elementor-element-ffa040e elementor-widget elementor-widget-image\" data-id=\"ffa040e\" data-element_type=\"widget\" data-widget_type=\"image.default\">\n\t\t\t\t<div class=\"elementor-widget-container\">\n\t\t\t\t\t\t\t\t\t\t\t\t\t\t\t<img decoding=\"async\" width=\"150\" height=\"150\" src=\"https:\/\/easyfairsassets.com\/sites\/186\/2024\/02\/Noord-Natie-1-150x150.png\" class=\"attachment-thumbnail size-thumbnail wp-image-111796\" alt=\"\" srcset=\"https:\/\/easyfairsassets.com\/sites\/186\/2024\/02\/Noord-Natie-1-150x150.png 150w, https:\/\/easyfairsassets.com\/sites\/186\/2024\/02\/Noord-Natie-1-300x300.png 300w, https:\/\/easyfairsassets.com\/sites\/186\/2024\/02\/Noord-Natie-1.png 560w\" sizes=\"(max-width: 150px) 100vw, 150px\" \/>\t\t\t\t\t\t\t\t\t\t\t\t\t\t\t<\/div>\n\t\t\t\t<\/div>\n\t\t\t\t\t<\/div>\n\t\t\t\t<\/div>\n\t\t<div class=\"elementor-element elementor-element-b31b9a4 e-flex e-con-boxed e-con e-child\" data-id=\"b31b9a4\" data-element_type=\"container\">\n\t\t\t\t\t<div class=\"e-con-inner\">\n\t\t\t\t<div class=\"elementor-element elementor-element-34fd99a elementor-widget elementor-widget-text-editor\" data-id=\"34fd99a\" data-element_type=\"widget\" data-widget_type=\"text-editor.default\">\n\t\t\t\t<div class=\"elementor-widget-container\">\n\t\t\t\t\t\t\t\t\t<h3><strong>Sven Van Assche<\/strong><\/h3>\n<p>Gestionnaire de terminal, Noord Natie Odfjell Antwerp Terminal<\/p>\n\t\t\t\t\t\t\t\t<\/div>\n\t\t\t\t<\/div>\n\t\t\t\t\t<\/div>\n\t\t\t\t<\/div>\n\t\t<div class=\"elementor-element elementor-element-3674b00 e-flex e-con-boxed e-con e-child\" data-id=\"3674b00\" data-element_type=\"container\">\n\t\t\t\t\t<div class=\"e-con-inner\">\n\t\t\t\t<div class=\"elementor-element elementor-element-a29aab7 elementor-widget elementor-widget-image\" data-id=\"a29aab7\" data-element_type=\"widget\" data-widget_type=\"image.default\">\n\t\t\t\t<div class=\"elementor-widget-container\">\n\t\t\t\t\t\t\t\t\t\t\t\t\t\t\t<img decoding=\"async\" src=\"https:\/\/easyfairsassets.com\/sites\/186\/elementor\/thumbs\/2-qjdbf8f58y9wtvnetwxf98798n2i75slt5hwhnh428.png\" title=\"2\" alt=\"Sven Van Assche\" loading=\"lazy\" \/>\t\t\t\t\t\t\t\t\t\t\t\t\t\t\t<\/div>\n\t\t\t\t<\/div>\n\t\t\t\t\t<\/div>\n\t\t\t\t<\/div>\n\t\t\t\t\t<\/div>\n\t\t\t\t<\/div>\n\t\t\t\t<div class=\"elementor-element elementor-element-3fb1bda elementor-widget elementor-widget-text-editor\" data-id=\"3fb1bda\" data-element_type=\"widget\" data-widget_type=\"text-editor.default\">\n\t\t\t\t<div class=\"elementor-widget-container\">\n\t\t\t\t\t\t\t\t\t<p>La continuit\u00e9 de la production est ma principale pr\u00e9occupation. Le fonctionnement continu et l&rsquo;optimisation de nos installations et de nos syst\u00e8mes d&rsquo;automatisation en font partie int\u00e9grante. L&rsquo;utilisation de pompes, de vannes, de joints, de tuyauteries, d&rsquo;accessoires et d&rsquo;autres \u00e9quipements de process fiables est donc essentielle pour assurer la continuit\u00e9 de nos op\u00e9rations. Une visite au salon Pumps &amp; Valves and Maintenance est donc tr\u00e8s utile, non seulement pour rencontrer des fournisseurs existants ou nouveaux, mais surtout pour d\u00e9couvrir de nouvelles technologies qui peuvent aider Noord Natie \u00e0 optimiser encore davantage ses activit\u00e9s.<\/p>\n<p>&nbsp;<\/p>\n\t\t\t\t\t\t\t\t<\/div>\n\t\t\t\t<\/div>\n\t\t\t\t<\/div>\n\t\t\t\t<\/div>\n\t\t\t\t\t<\/div>\n\t\t\t\t<\/div>\n\t\t<div class=\"elementor-element elementor-element-3ef545e e-flex e-con-boxed e-con e-parent\" data-id=\"3ef545e\" data-element_type=\"container\">\n\t\t\t\t\t<div class=\"e-con-inner\">\n\t\t<div class=\"elementor-element elementor-element-319a3b5 e-con-full e-flex e-con e-child\" data-id=\"319a3b5\" data-element_type=\"container\" data-settings=\"{&quot;background_background&quot;:&quot;classic&quot;}\">\n\t\t<div class=\"elementor-element elementor-element-6dbf70c e-con-full skewed-box e-flex e-con e-child\" data-id=\"6dbf70c\" data-element_type=\"container\" data-settings=\"{&quot;background_background&quot;:&quot;classic&quot;}\">\n\t\t<div class=\"elementor-element elementor-element-b8d4740 e-con-full e-flex e-con e-child\" data-id=\"b8d4740\" data-element_type=\"container\">\n\t\t<div class=\"elementor-element elementor-element-0cb446e e-flex e-con-boxed e-con e-child\" data-id=\"0cb446e\" data-element_type=\"container\">\n\t\t\t\t\t<div class=\"e-con-inner\">\n\t\t<div class=\"elementor-element elementor-element-d01286f e-flex e-con-boxed e-con e-child\" data-id=\"d01286f\" data-element_type=\"container\">\n\t\t\t\t\t<div class=\"e-con-inner\">\n\t\t\t\t<div class=\"elementor-element elementor-element-f1dca95 elementor-widget elementor-widget-image\" data-id=\"f1dca95\" data-element_type=\"widget\" data-widget_type=\"image.default\">\n\t\t\t\t<div class=\"elementor-widget-container\">\n\t\t\t\t\t\t\t\t\t\t\t\t\t\t\t<img decoding=\"async\" src=\"https:\/\/easyfairsassets.com\/sites\/186\/elementor\/thumbs\/PVA26-Visual-App-300-x-300-px-15-rkl5vk328a67kn72xsq7yk6dd5qgblik6sb4hy3j68.png\" title=\"PVA26 &#8211; Visual App (300 x 300 px) (15)\" alt=\"PVA26 - Visual App (300 x 300 px) (15)\" loading=\"lazy\" \/>\t\t\t\t\t\t\t\t\t\t\t\t\t\t\t<\/div>\n\t\t\t\t<\/div>\n\t\t\t\t\t<\/div>\n\t\t\t\t<\/div>\n\t\t<div class=\"elementor-element elementor-element-079313c e-flex e-con-boxed e-con e-child\" data-id=\"079313c\" data-element_type=\"container\">\n\t\t\t\t\t<div class=\"e-con-inner\">\n\t\t\t\t<div class=\"elementor-element elementor-element-93aa001 elementor-widget elementor-widget-text-editor\" data-id=\"93aa001\" data-element_type=\"widget\" data-widget_type=\"text-editor.default\">\n\t\t\t\t<div class=\"elementor-widget-container\">\n\t\t\t\t\t\t\t\t\t<p><strong>Hans Musters<\/strong><\/p>\n<p>Responsable du d\u00e9veloppement commercial chez ACTA<\/p>\n\t\t\t\t\t\t\t\t<\/div>\n\t\t\t\t<\/div>\n\t\t\t\t\t<\/div>\n\t\t\t\t<\/div>\n\t\t<div class=\"elementor-element elementor-element-3602d43 e-flex e-con-boxed e-con e-child\" data-id=\"3602d43\" data-element_type=\"container\">\n\t\t\t\t\t<div class=\"e-con-inner\">\n\t\t\t\t<div class=\"elementor-element elementor-element-f7f8d77 elementor-widget elementor-widget-image\" data-id=\"f7f8d77\" data-element_type=\"widget\" data-widget_type=\"image.default\">\n\t\t\t\t<div class=\"elementor-widget-container\">\n\t\t\t\t\t\t\t\t\t\t\t\t\t\t\t<img decoding=\"async\" width=\"300\" height=\"123\" src=\"https:\/\/easyfairsassets.com\/sites\/186\/2026\/03\/ACTA-logo-300x123-1.jpg\" class=\"attachment-large size-large wp-image-212821\" alt=\"\" \/>\t\t\t\t\t\t\t\t\t\t\t\t\t\t\t<\/div>\n\t\t\t\t<\/div>\n\t\t\t\t\t<\/div>\n\t\t\t\t<\/div>\n\t\t\t\t\t<\/div>\n\t\t\t\t<\/div>\n\t\t\t\t<div class=\"elementor-element elementor-element-78284fa elementor-widget elementor-widget-text-editor\" data-id=\"78284fa\" data-element_type=\"widget\" data-widget_type=\"text-editor.default\">\n\t\t\t\t<div class=\"elementor-widget-container\">\n\t\t\t\t\t\t\t\t\t<p>L&rsquo;offre de formation d&rsquo;ACTA s&rsquo;inscrit parfaitement dans le profil th\u00e9matique des salons professionnels Pumps &amp; Valves et Maintenance.\u00a0En tant que sp\u00e9cialiste de la formation et de l&rsquo;automatisation pour l&rsquo;industrie des proc\u00e9d\u00e9s, ACTA se concentre sur la m\u00e9canique, les techniques de mesure et de r\u00e9gulation, l&rsquo;automatisation industrielle, les techniques de proc\u00e9d\u00e9s, la s\u00e9curit\u00e9 et la technologie des pompes.<\/p>\n<p>Opportunit\u00e9s de r\u00e9seautage et liens avec l&rsquo;industrie<br \/>Par ailleurs, ces salons offrent une occasion unique de renforcer les liens avec l&rsquo;industrie. Elles r\u00e9unissent des d\u00e9cideurs, des techniciens, des directeurs d&rsquo;usine et des ing\u00e9nieurs en proc\u00e9d\u00e9s et en automatisation, ce qui permet \u00e0 ACTA d&rsquo;approfondir les collaborations existantes et de nouer de nouvelles relations avec des entreprises sp\u00e9cialis\u00e9es dans les proc\u00e9d\u00e9s.<\/p>\n<p>&nbsp;<\/p>\n\t\t\t\t\t\t\t\t<\/div>\n\t\t\t\t<\/div>\n\t\t\t\t<\/div>\n\t\t\t\t<\/div>\n\t\t\t\t<\/div>\n\t\t\t\t\t<\/div>\n\t\t\t\t<\/div>\n\t\t<div class=\"elementor-element elementor-element-b304318 e-flex e-con-boxed e-con e-parent\" data-id=\"b304318\" data-element_type=\"container\">\n\t\t\t\t\t<div class=\"e-con-inner\">\n\t\t<div class=\"elementor-element elementor-element-ec3d441 e-con-full e-flex e-con e-child\" data-id=\"ec3d441\" data-element_type=\"container\" data-settings=\"{&quot;background_background&quot;:&quot;classic&quot;}\">\n\t\t<div class=\"elementor-element elementor-element-f664035 e-con-full skewed-box e-flex e-con e-child\" data-id=\"f664035\" data-element_type=\"container\" data-settings=\"{&quot;background_background&quot;:&quot;classic&quot;}\">\n\t\t<div class=\"elementor-element elementor-element-9cc41ef e-flex e-con-boxed e-con e-child\" data-id=\"9cc41ef\" data-element_type=\"container\">\n\t\t\t\t\t<div class=\"e-con-inner\">\n\t\t<div class=\"elementor-element elementor-element-92741d2 e-flex e-con-boxed e-con e-child\" data-id=\"92741d2\" data-element_type=\"container\">\n\t\t\t\t\t<div class=\"e-con-inner\">\n\t\t\t\t<div class=\"elementor-element elementor-element-5d6b68d elementor-widget elementor-widget-image\" data-id=\"5d6b68d\" data-element_type=\"widget\" data-widget_type=\"image.default\">\n\t\t\t\t<div class=\"elementor-widget-container\">\n\t\t\t\t\t\t\t\t\t\t\t\t\t\t\t<img decoding=\"async\" src=\"https:\/\/easyfairsassets.com\/sites\/186\/elementor\/thumbs\/PVA26-Visual-App-300-x-300-px-17-rkl5z6qmm952efxaqv7d357fxpuh1ix90qzm7ept5c.png\" title=\"PVA26 &#8211; Visual App (300 x 300 px) (17)\" alt=\"PVA26 - Visual App (300 x 300 px) (17)\" loading=\"lazy\" \/>\t\t\t\t\t\t\t\t\t\t\t\t\t\t\t<\/div>\n\t\t\t\t<\/div>\n\t\t\t\t\t<\/div>\n\t\t\t\t<\/div>\n\t\t<div class=\"elementor-element elementor-element-b8b366a e-flex e-con-boxed e-con e-child\" data-id=\"b8b366a\" data-element_type=\"container\">\n\t\t\t\t\t<div class=\"e-con-inner\">\n\t\t\t\t<div class=\"elementor-element elementor-element-6d5b0a4 elementor-widget elementor-widget-text-editor\" data-id=\"6d5b0a4\" data-element_type=\"widget\" data-widget_type=\"text-editor.default\">\n\t\t\t\t<div class=\"elementor-widget-container\">\n\t\t\t\t\t\t\t\t\t<p><strong>Hans Costermans<\/strong><\/p>\n<p>Ing\u00e9nieur de maintenance, Envalior nv<\/p>\n\t\t\t\t\t\t\t\t<\/div>\n\t\t\t\t<\/div>\n\t\t\t\t\t<\/div>\n\t\t\t\t<\/div>\n\t\t<div class=\"elementor-element elementor-element-2da675c e-flex e-con-boxed e-con e-child\" data-id=\"2da675c\" data-element_type=\"container\">\n\t\t\t\t\t<div class=\"e-con-inner\">\n\t\t\t\t<div class=\"elementor-element elementor-element-40c79bb elementor-widget elementor-widget-image\" data-id=\"40c79bb\" data-element_type=\"widget\" data-widget_type=\"image.default\">\n\t\t\t\t<div class=\"elementor-widget-container\">\n\t\t\t\t\t\t\t\t\t\t\t\t\t\t\t<img decoding=\"async\" width=\"434\" height=\"114\" src=\"https:\/\/easyfairsassets.com\/sites\/186\/2026\/02\/BEMAS-Logo-met-baseline-asset-performance.png\" class=\"attachment-large size-large wp-image-212436\" alt=\"\" srcset=\"https:\/\/easyfairsassets.com\/sites\/186\/2026\/02\/BEMAS-Logo-met-baseline-asset-performance.png 434w, https:\/\/easyfairsassets.com\/sites\/186\/2026\/02\/BEMAS-Logo-met-baseline-asset-performance-300x79.png 300w\" sizes=\"(max-width: 434px) 100vw, 434px\" \/>\t\t\t\t\t\t\t\t\t\t\t\t\t\t\t<\/div>\n\t\t\t\t<\/div>\n\t\t\t\t\t<\/div>\n\t\t\t\t<\/div>\n\t\t\t\t\t<\/div>\n\t\t\t\t<\/div>\n\t\t\t\t<div class=\"elementor-element elementor-element-abc6c37 elementor-widget elementor-widget-text-editor\" data-id=\"abc6c37\" data-element_type=\"widget\" data-widget_type=\"text-editor.default\">\n\t\t\t\t<div class=\"elementor-widget-container\">\n\t\t\t\t\t\t\t\t\t<p>En tant qu&rsquo;organisme ind\u00e9pendant sp\u00e9cialis\u00e9 dans le savoir-faire, BEMAS repr\u00e9sente un vaste r\u00e9seau d&rsquo;experts techniques, de responsables de maintenance et d&rsquo;entreprises industrielles. Ces groupes cibles constituent \u00e9galement une part importante des visiteurs et des exposants du salon Maintenance \u00e0 Antwerp Expo.<\/p>\n<p>La mission de BEMAS est de professionnaliser davantage la maintenance et la gestion des actifs et de les positionner strat\u00e9giquement au sein de l&rsquo;industrie. Le salon Maintenance s&rsquo;inscrit parfaitement dans cette d\u00e9marche en mettant l&rsquo;accent sur l&rsquo;innovation, la technologie et les solutions tourn\u00e9es vers l&rsquo;avenir pour les environnements de maintenance industrielle.<\/p>\n<p>&nbsp;<\/p>\n\t\t\t\t\t\t\t\t<\/div>\n\t\t\t\t<\/div>\n\t\t\t\t<\/div>\n\t\t\t\t<\/div>\n\t\t\t\t\t<\/div>\n\t\t\t\t<\/div>\n\t\t<div class=\"elementor-element elementor-element-b4dcee2 e-flex e-con-boxed e-con e-parent\" data-id=\"b4dcee2\" data-element_type=\"container\">\n\t\t\t\t\t<div class=\"e-con-inner\">\n\t\t\t\t<div class=\"elementor-element elementor-element-38b7bea elementor-align-center elementor-mobile-align-right elementor-tablet-align-left elementor-widget__width-auto elementor-widget elementor-widget-dynamic-button\" data-id=\"38b7bea\" data-element_type=\"widget\" data-widget_type=\"dynamic-button.default\">\n\t\t\t\t<div class=\"elementor-widget-container\">\n\t\t\t\t\t        <div class=\"elementor-button-wrapper\">\n            <a href=\"https:\/\/www.maintenance-expo.be\/fr\/participer\/profil-des-visiteurs\/\" class=\"elementor-button-link elementor-button elementor-size-xs\" role=\"button\">\n                        <span class=\"elementor-button-content-wrapper\">\n\t\t\t                <span class=\"elementor-button-icon elementor-align-icon-right\">\n\t\t\t\t<i aria-hidden=\"true\" class=\"fas fa-angle-right\"><\/i>\t\t\t<\/span>\n            \t\t\t<span class=\"elementor-button-text\">En savoir plus sur nos visiteurs ?<\/span>\n\t\t<\/span>\n                    <\/a>\n        <\/div>\n        \t\t\t\t<\/div>\n\t\t\t\t<\/div>\n\t\t\t\t\t<\/div>\n\t\t\t\t<\/div>\n\t\t\t\t<\/div>\n\t\t","protected":false},"excerpt":{"rendered":"<p>Vous vous demandez quels sont les professionnels qui visiteront certainement Maintenance? Sven Van Assche Gestionnaire de terminal, Noord Natie Odfjell Antwerp Terminal La continuit\u00e9 de la production est ma principale pr\u00e9occupation. Le fonctionnement continu et l&rsquo;optimisation de nos installations et de nos syst\u00e8mes d&rsquo;automatisation en font partie int\u00e9grante. L&rsquo;utilisation de pompes, de vannes, de joints, [&hellip;]<\/p>\n","protected":false},"author":177,"featured_media":0,"parent":0,"menu_order":0,"comment_status":"closed","ping_status":"closed","template":"","meta":{"_seopress_robots_primary_cat":"","_seopress_titles_title":"Vous vous demandez qui visite aussi la Maintenance ?","_seopress_titles_desc":"- Sven Van Assche, Terminal Manager by Noord Natie Odfjell Antwerp terminal - Gino De Landtsheer, Mechanical Team Leader Asset Technology, Senior Group Expert Piping, Valves, Coating & Insulation by Borealis - Hans Costermans, Onderhoudsingenieur by Envalior nv","_seopress_robots_index":"","footnotes":""},"class_list":["post-103806","page","type-page","status-publish","hentry"],"_links":{"self":[{"href":"https:\/\/www.maintenance-expo.be\/fr\/wp-json\/wp\/v2\/pages\/103806","targetHints":{"allow":["GET"]}}],"collection":[{"href":"https:\/\/www.maintenance-expo.be\/fr\/wp-json\/wp\/v2\/pages"}],"about":[{"href":"https:\/\/www.maintenance-expo.be\/fr\/wp-json\/wp\/v2\/types\/page"}],"author":[{"embeddable":true,"href":"https:\/\/www.maintenance-expo.be\/fr\/wp-json\/wp\/v2\/users\/177"}],"replies":[{"embeddable":true,"href":"https:\/\/www.maintenance-expo.be\/fr\/wp-json\/wp\/v2\/comments?post=103806"}],"version-history":[{"count":5,"href":"https:\/\/www.maintenance-expo.be\/fr\/wp-json\/wp\/v2\/pages\/103806\/revisions"}],"predecessor-version":[{"id":213863,"href":"https:\/\/www.maintenance-expo.be\/fr\/wp-json\/wp\/v2\/pages\/103806\/revisions\/213863"}],"wp:attachment":[{"href":"https:\/\/www.maintenance-expo.be\/fr\/wp-json\/wp\/v2\/media?parent=103806"}],"curies":[{"name":"wp","href":"https:\/\/api.w.org\/{rel}","templated":true}]}}