{"id":106524,"date":"2024-02-15T11:11:52","date_gmt":"2024-02-15T10:11:52","guid":{"rendered":"https:\/\/www.maintenance-expo.be\/demos\/"},"modified":"2026-03-02T16:53:05","modified_gmt":"2026-03-02T15:53:05","slug":"demos","status":"publish","type":"page","link":"https:\/\/www.maintenance-expo.be\/fr\/demos\/","title":{"rendered":"D\u00e9mos"},"content":{"rendered":"\t\t<div data-elementor-type=\"wp-page\" data-elementor-id=\"106524\" class=\"elementor elementor-106524 elementor-106214\" data-elementor-post-type=\"page\">\n\t\t\t\t<div class=\"elementor-element elementor-element-a18557c e-flex e-con-boxed e-con e-parent\" data-id=\"a18557c\" data-element_type=\"container\">\n\t\t\t\t\t<div class=\"e-con-inner\">\n\t\t\t\t<div class=\"elementor-element elementor-element-e0e1cd5 elementor-widget elementor-widget-heading\" data-id=\"e0e1cd5\" data-element_type=\"widget\" data-widget_type=\"heading.default\">\n\t\t\t\t<div class=\"elementor-widget-container\">\n\t\t\t\t\t<h2 class=\"elementor-heading-title elementor-size-default\">D\u00e9mos<\/h2>\t\t\t\t<\/div>\n\t\t\t\t<\/div>\n\t\t\t\t\t<\/div>\n\t\t\t\t<\/div>\n\t\t<div class=\"elementor-element elementor-element-cbcc69a e-flex e-con-boxed e-con e-parent\" data-id=\"cbcc69a\" data-element_type=\"container\">\n\t\t\t\t\t<div class=\"e-con-inner\">\n\t\t\t\t<div class=\"elementor-element elementor-element-a388019 elementor-widget elementor-widget-text-editor\" data-id=\"a388019\" data-element_type=\"widget\" data-widget_type=\"text-editor.default\">\n\t\t\t\t<div class=\"elementor-widget-container\">\n\t\t\t\t\t\t\t\t\t<p style=\"text-align: center;\">D\u00e9couvrez les nouvelles technologies dans la zone de d\u00e9monstration du hall 2.<\/p>\n\t\t\t\t\t\t\t\t<\/div>\n\t\t\t\t<\/div>\n\t\t\t\t\t<\/div>\n\t\t\t\t<\/div>\n\t\t<div class=\"elementor-element elementor-element-45c214a e-flex e-con-boxed e-con e-parent\" data-id=\"45c214a\" data-element_type=\"container\">\n\t\t\t\t\t<div class=\"e-con-inner\">\n\t\t\t\t<div class=\"elementor-element elementor-element-9b3e04c elementor-align-center elementor-mobile-align-right elementor-tablet-align-left elementor-widget__width-auto elementor-widget elementor-widget-dynamic-button\" data-id=\"9b3e04c\" data-element_type=\"widget\" data-widget_type=\"dynamic-button.default\">\n\t\t\t\t<div class=\"elementor-widget-container\">\n\t\t\t\t\t        <div class=\"elementor-button-wrapper\">\n            <a href=\"https:\/\/register.visitcloud.com\/survey\/1xlhdx2jjokgm\" target=\"_blank\" class=\"elementor-button-link elementor-button elementor-size-xs\" role=\"button\">\n                        <span class=\"elementor-button-content-wrapper\">\n\t\t\t                <span class=\"elementor-button-icon elementor-align-icon-right\">\n\t\t\t\t<i aria-hidden=\"true\" class=\"fas fa-angle-right\"><\/i>\t\t\t<\/span>\n            \t\t\t<span class=\"elementor-button-text\">Inscrivez-vous ici<\/span>\n\t\t<\/span>\n                    <\/a>\n        <\/div>\n        \t\t\t\t<\/div>\n\t\t\t\t<\/div>\n\t\t\t\t\t<\/div>\n\t\t\t\t<\/div>\n\t\t<div class=\"elementor-element elementor-element-c728b52 e-flex e-con-boxed e-con e-parent\" data-id=\"c728b52\" data-element_type=\"container\" data-settings=\"{&quot;background_background&quot;:&quot;classic&quot;}\">\n\t\t\t\t\t<div class=\"e-con-inner\">\n\t\t<div class=\"elementor-element elementor-element-6851e8b e-con-full e-flex e-con e-child\" data-id=\"6851e8b\" data-element_type=\"container\" data-settings=\"{&quot;background_background&quot;:&quot;classic&quot;}\">\n\t\t<div class=\"elementor-element elementor-element-250a6d7 e-con-full e-flex e-con e-child\" data-id=\"250a6d7\" data-element_type=\"container\" data-settings=\"{&quot;background_background&quot;:&quot;classic&quot;}\">\n\t\t\t\t<div class=\"elementor-element elementor-element-1e6d58e elementor-widget elementor-widget-image\" data-id=\"1e6d58e\" data-element_type=\"widget\" data-widget_type=\"image.default\">\n\t\t\t\t<div class=\"elementor-widget-container\">\n\t\t\t\t\t\t\t\t\t\t\t\t\t\t\t<img fetchpriority=\"high\" decoding=\"async\" width=\"800\" height=\"450\" src=\"https:\/\/easyfairsassets.com\/sites\/186\/2025\/02\/CS-Instruments-800x366_300-dpi.jpg\" class=\"attachment-large size-large wp-image-176138\" alt=\"CS Instruments_logo\" srcset=\"https:\/\/easyfairsassets.com\/sites\/186\/2025\/02\/CS-Instruments-800x366_300-dpi.jpg 807w, https:\/\/easyfairsassets.com\/sites\/186\/2025\/02\/CS-Instruments-800x366_300-dpi-300x169.jpg 300w, https:\/\/easyfairsassets.com\/sites\/186\/2025\/02\/CS-Instruments-800x366_300-dpi-768x432.jpg 768w\" sizes=\"(max-width: 800px) 100vw, 800px\" \/>\t\t\t\t\t\t\t\t\t\t\t\t\t\t\t<\/div>\n\t\t\t\t<\/div>\n\t\t\t\t<\/div>\n\t\t<div class=\"elementor-element elementor-element-36d1dab e-flex e-con-boxed e-con e-child\" data-id=\"36d1dab\" data-element_type=\"container\">\n\t\t\t\t\t<div class=\"e-con-inner\">\n\t\t\t\t<div class=\"elementor-element elementor-element-de37d41 elementor-widget elementor-widget-text-editor\" data-id=\"de37d41\" data-element_type=\"widget\" data-widget_type=\"text-editor.default\">\n\t\t\t\t<div class=\"elementor-widget-container\">\n\t\t\t\t\t\t\t\t\t<h2 class=\"elementor-heading-title elementor-size-default elementor-inline-editing pen\" contenteditable=\"true\" data-elementor-setting-key=\"title\" data-pen-placeholder=\"Type Here...\"><strong>CS Instruments<\/strong><\/h2>\n\t\t\t\t\t\t\t\t<\/div>\n\t\t\t\t<\/div>\n\t\t\t\t<div class=\"elementor-element elementor-element-2236995 elementor-widget elementor-widget-text-editor\" data-id=\"2236995\" data-element_type=\"widget\" data-widget_type=\"text-editor.default\">\n\t\t\t\t<div class=\"elementor-widget-container\">\n\t\t\t\t\t\t\t\t\t<p>CS Instruments pr\u00e9sentera des d\u00e9monstrations de fuites d&rsquo;air comprim\u00e9 r\u00e9alistes \u00e0 l&rsquo;aide de trois appareils diff\u00e9rents :<\/p>\n<ul>\n<li>Un appareil de base, comme il y a 10 ans, qui d\u00e9tecte les fuites d&rsquo;air comprim\u00e9 en convertissant un ultrason en un son pour l&rsquo;oreille humaine.<\/li>\n<li>Un appareil bas\u00e9 sur 30 microphones qui convertit la fuite en un son acoustique pour l&rsquo;oreille humaine + une image + une estimation de la taille de la fuite avec le calcul de la perte en \u20ac.<\/li>\n<li>Un tout nouvel appareil de haute technologie qui sera pr\u00e9sent\u00e9 pour la premi\u00e8re fois au Benelux, un appareil qui permet de visualiser plusieurs fuites en 1 image \u00e0 une plus grande distance qu&rsquo;auparavant.<\/li>\n<\/ul>\n<p>Vous pouvez tester l&rsquo;appareil qui vous convient<\/p>\n\t\t\t\t\t\t\t\t<\/div>\n\t\t\t\t<\/div>\n\t\t\t\t\t<\/div>\n\t\t\t\t<\/div>\n\t\t\t\t<\/div>\n\t\t\t\t\t<\/div>\n\t\t\t\t<\/div>\n\t\t<div class=\"elementor-element elementor-element-a4a3cf2 e-flex e-con-boxed e-con e-parent\" data-id=\"a4a3cf2\" data-element_type=\"container\" data-settings=\"{&quot;background_background&quot;:&quot;classic&quot;}\">\n\t\t\t\t\t<div class=\"e-con-inner\">\n\t\t<div class=\"elementor-element elementor-element-32fb405 e-con-full e-flex e-con e-child\" data-id=\"32fb405\" data-element_type=\"container\" data-settings=\"{&quot;background_background&quot;:&quot;classic&quot;}\">\n\t\t<div class=\"elementor-element elementor-element-c1f8a1c e-flex e-con-boxed e-con e-child\" data-id=\"c1f8a1c\" data-element_type=\"container\">\n\t\t\t\t\t<div class=\"e-con-inner\">\n\t\t\t\t<div class=\"elementor-element elementor-element-679fca3 elementor-widget elementor-widget-heading\" data-id=\"679fca3\" data-element_type=\"widget\" data-widget_type=\"heading.default\">\n\t\t\t\t<div class=\"elementor-widget-container\">\n\t\t\t\t\t<h2 class=\"elementor-heading-title elementor-size-default\">CSpect<\/h2>\t\t\t\t<\/div>\n\t\t\t\t<\/div>\n\t\t\t\t<div class=\"elementor-element elementor-element-8cdf591 elementor-widget elementor-widget-text-editor\" data-id=\"8cdf591\" data-element_type=\"widget\" data-widget_type=\"text-editor.default\">\n\t\t\t\t<div class=\"elementor-widget-container\">\n\t\t\t\t\t\t\t\t\t<p>Pour l&rsquo;inspection en hauteur, nous avons d\u00e9velopp\u00e9 la perche t\u00e9lescopique innovante ALTUM. L&rsquo;ALTUM permet d&rsquo;effectuer des mesures UTM (mesure de l&rsquo;\u00e9paisseur des parois) jusqu&rsquo;\u00e0 une hauteur de 18 m\u00e8tres et des inspections visuelles jusqu&rsquo;\u00e0 20 m\u00e8tres ! Cette approche marque un changement important dans les performances des inspections UTM et visuelles, car le co\u00fbt du \u00ab service \u00bb diminue consid\u00e9rablement.<\/p>\n<p>Les applications typiques comprennent l&rsquo;inspection visuelle des \u00ab racks \u00e0 tuyaux \u00bb, des r\u00e9servoirs de stockage, des structures et la mesure de l&rsquo;\u00e9paisseur des parois des r\u00e9servoirs de stockage et des silos.<\/p>\n<p>Les syst\u00e8mes de perches t\u00e9lescopiques Altum avec :<\/p>\n<ol>\n<li>les modules d&rsquo;inspection visuelle<\/li>\n<li>Le module de mesure d&rsquo;\u00e9paisseur UTM avec brosse abrasive<\/li>\n<li>Le module de mesure d&rsquo;\u00e9paisseur &lsquo;Ultra light&rsquo;.<\/li>\n<\/ol>\n\t\t\t\t\t\t\t\t<\/div>\n\t\t\t\t<\/div>\n\t\t\t\t\t<\/div>\n\t\t\t\t<\/div>\n\t\t<div class=\"elementor-element elementor-element-34a762f e-flex e-con-boxed e-con e-child\" data-id=\"34a762f\" data-element_type=\"container\" data-settings=\"{&quot;background_background&quot;:&quot;classic&quot;}\">\n\t\t\t\t\t<div class=\"e-con-inner\">\n\t\t\t\t<div class=\"elementor-element elementor-element-7ac5814 elementor-widget elementor-widget-image\" data-id=\"7ac5814\" data-element_type=\"widget\" data-widget_type=\"image.default\">\n\t\t\t\t<div class=\"elementor-widget-container\">\n\t\t\t\t\t\t\t\t\t\t\t\t\t\t\t<img decoding=\"async\" width=\"800\" height=\"235\" src=\"https:\/\/easyfairsassets.com\/sites\/186\/2025\/03\/logo-CSpect-2kl-blauw-HORIZONTAALi-1024x301.jpg\" class=\"attachment-large size-large wp-image-177149\" alt=\"CSpect_logo\" srcset=\"https:\/\/easyfairsassets.com\/sites\/186\/2025\/03\/logo-CSpect-2kl-blauw-HORIZONTAALi-1024x301.jpg 1024w, https:\/\/easyfairsassets.com\/sites\/186\/2025\/03\/logo-CSpect-2kl-blauw-HORIZONTAALi-300x88.jpg 300w, https:\/\/easyfairsassets.com\/sites\/186\/2025\/03\/logo-CSpect-2kl-blauw-HORIZONTAALi-768x226.jpg 768w, https:\/\/easyfairsassets.com\/sites\/186\/2025\/03\/logo-CSpect-2kl-blauw-HORIZONTAALi-1536x451.jpg 1536w, https:\/\/easyfairsassets.com\/sites\/186\/2025\/03\/logo-CSpect-2kl-blauw-HORIZONTAALi.jpg 1920w\" sizes=\"(max-width: 800px) 100vw, 800px\" \/>\t\t\t\t\t\t\t\t\t\t\t\t\t\t\t<\/div>\n\t\t\t\t<\/div>\n\t\t\t\t\t<\/div>\n\t\t\t\t<\/div>\n\t\t\t\t<\/div>\n\t\t\t\t\t<\/div>\n\t\t\t\t<\/div>\n\t\t\t\t<\/div>\n\t\t","protected":false},"excerpt":{"rendered":"<p>D\u00e9mos D\u00e9couvrez les nouvelles technologies dans la zone de d\u00e9monstration du hall 2. Inscrivez-vous ici CS Instruments CS Instruments pr\u00e9sentera des d\u00e9monstrations de fuites d&rsquo;air comprim\u00e9 r\u00e9alistes \u00e0 l&rsquo;aide de trois appareils diff\u00e9rents : Un appareil de base, comme il y a 10 ans, qui d\u00e9tecte les fuites d&rsquo;air comprim\u00e9 en convertissant un ultrason en [&hellip;]<\/p>\n","protected":false},"author":949,"featured_media":0,"parent":0,"menu_order":0,"comment_status":"closed","ping_status":"closed","template":"","meta":{"_seopress_robots_primary_cat":"","_seopress_titles_title":"D\u00e9mos | Maintenance 2025","_seopress_titles_desc":"Diverses d\u00e9monstrations effectu\u00e9es par nos exposants. Vous y d\u00e9couvrirez non seulement les nouveaux produits, mais vous pourrez \u00e9galement les tester imm\u00e9diatement. Ne manquez pas d'y jeter un coup d'\u0153il! ","_seopress_robots_index":"","footnotes":""},"class_list":["post-106524","page","type-page","status-publish","hentry"],"_links":{"self":[{"href":"https:\/\/www.maintenance-expo.be\/fr\/wp-json\/wp\/v2\/pages\/106524","targetHints":{"allow":["GET"]}}],"collection":[{"href":"https:\/\/www.maintenance-expo.be\/fr\/wp-json\/wp\/v2\/pages"}],"about":[{"href":"https:\/\/www.maintenance-expo.be\/fr\/wp-json\/wp\/v2\/types\/page"}],"author":[{"embeddable":true,"href":"https:\/\/www.maintenance-expo.be\/fr\/wp-json\/wp\/v2\/users\/949"}],"replies":[{"embeddable":true,"href":"https:\/\/www.maintenance-expo.be\/fr\/wp-json\/wp\/v2\/comments?post=106524"}],"version-history":[{"count":5,"href":"https:\/\/www.maintenance-expo.be\/fr\/wp-json\/wp\/v2\/pages\/106524\/revisions"}],"predecessor-version":[{"id":212831,"href":"https:\/\/www.maintenance-expo.be\/fr\/wp-json\/wp\/v2\/pages\/106524\/revisions\/212831"}],"wp:attachment":[{"href":"https:\/\/www.maintenance-expo.be\/fr\/wp-json\/wp\/v2\/media?parent=106524"}],"curies":[{"name":"wp","href":"https:\/\/api.w.org\/{rel}","templated":true}]}}