{"id":200194,"date":"2025-11-26T13:57:32","date_gmt":"2025-11-26T12:57:32","guid":{"rendered":"https:\/\/www.maintenance-expo.be\/de-easyfairs-belgium-app\/"},"modified":"2025-12-17T09:39:44","modified_gmt":"2025-12-17T08:39:44","slug":"de-easyfairs-belgium-app","status":"publish","type":"page","link":"https:\/\/www.maintenance-expo.be\/fr\/de-easyfairs-belgium-app\/","title":{"rendered":"De Easyfairs Belgium App"},"content":{"rendered":"\t\t<div data-elementor-type=\"wp-page\" data-elementor-id=\"200194\" class=\"elementor elementor-200194 elementor-198832\" data-elementor-post-type=\"page\">\n\t\t\t\t<div class=\"elementor-element elementor-element-f79970f e-flex e-con-boxed e-con e-child\" data-id=\"f79970f\" data-element_type=\"container\" data-settings=\"{&quot;background_background&quot;:&quot;classic&quot;,&quot;shape_divider_bottom&quot;:&quot;opacity-tilt&quot;}\">\n\t\t\t\t\t<div class=\"e-con-inner\">\n\t\t\t\t<div class=\"elementor-shape elementor-shape-bottom\" aria-hidden=\"true\" data-negative=\"false\">\n\t\t\t<svg xmlns=\"http:\/\/www.w3.org\/2000\/svg\" viewBox=\"0 0 2600 131.1\" preserveAspectRatio=\"none\">\n\t<path class=\"elementor-shape-fill\" d=\"M0 0L2600 0 2600 69.1 0 0z\"\/>\n\t<path class=\"elementor-shape-fill\" style=\"opacity:0.5\" d=\"M0 0L2600 0 2600 69.1 0 69.1z\"\/>\n\t<path class=\"elementor-shape-fill\" style=\"opacity:0.25\" d=\"M2600 0L0 0 0 130.1 2600 69.1z\"\/>\n<\/svg>\t\t<\/div>\n\t\t\t\t<div class=\"elementor-element elementor-element-bb9a6b7 elementor-widget__width-initial elementor-widget elementor-widget-heading\" data-id=\"bb9a6b7\" data-element_type=\"widget\" data-widget_type=\"heading.default\">\n\t\t\t\t<div class=\"elementor-widget-container\">\n\t\t\t\t\t<h2 class=\"elementor-heading-title elementor-size-default\">Easyfairs Belgium app<\/h2>\t\t\t\t<\/div>\n\t\t\t\t<\/div>\n\t\t\t\t<div class=\"elementor-element elementor-element-f152437 elementor-widget__width-initial elementor-widget elementor-widget-text-editor\" data-id=\"f152437\" data-element_type=\"widget\" data-widget_type=\"text-editor.default\">\n\t\t\t\t<div class=\"elementor-widget-container\">\n\t\t\t\t\t\t\t\t\t<p>L\u2019application Easyfairs Belgium est votre assistant intelligent pour une exp\u00e9rience optimale du salon. De la planification de votre agenda \u00e0 la d\u00e9couverte de nouveaux exposants et innovations, l\u2019application vous offre tout ce dont vous avez besoin pour tirer le meilleur parti de l\u2019\u00e9v\u00e9nement. Restez inform\u00e9 gr\u00e2ce aux notifications en temps r\u00e9el et saisissez des opportunit\u00e9s que vous auriez pu manquer autrement.<\/p>\n\t\t\t\t\t\t\t\t<\/div>\n\t\t\t\t<\/div>\n\t\t\t\t\t<\/div>\n\t\t\t\t<\/div>\n\t\t<div class=\"elementor-element elementor-element-db4c578 e-transform e-transform e-flex e-con-boxed e-con e-parent\" data-id=\"db4c578\" data-element_type=\"container\" data-settings=\"{&quot;background_background&quot;:&quot;classic&quot;,&quot;shape_divider_bottom&quot;:&quot;opacity-tilt&quot;,&quot;_transform_rotateZ_effect&quot;:{&quot;unit&quot;:&quot;px&quot;,&quot;size&quot;:&quot;&quot;,&quot;sizes&quot;:[]},&quot;_transform_rotateZ_effect_tablet&quot;:{&quot;unit&quot;:&quot;deg&quot;,&quot;size&quot;:&quot;&quot;,&quot;sizes&quot;:[]},&quot;_transform_rotateZ_effect_mobile&quot;:{&quot;unit&quot;:&quot;deg&quot;,&quot;size&quot;:&quot;&quot;,&quot;sizes&quot;:[]},&quot;_transform_translateX_effect&quot;:{&quot;unit&quot;:&quot;px&quot;,&quot;size&quot;:&quot;&quot;,&quot;sizes&quot;:[]},&quot;_transform_translateX_effect_tablet&quot;:{&quot;unit&quot;:&quot;px&quot;,&quot;size&quot;:&quot;&quot;,&quot;sizes&quot;:[]},&quot;_transform_translateX_effect_mobile&quot;:{&quot;unit&quot;:&quot;px&quot;,&quot;size&quot;:&quot;&quot;,&quot;sizes&quot;:[]},&quot;_transform_translateY_effect&quot;:{&quot;unit&quot;:&quot;px&quot;,&quot;size&quot;:&quot;&quot;,&quot;sizes&quot;:[]},&quot;_transform_translateY_effect_tablet&quot;:{&quot;unit&quot;:&quot;px&quot;,&quot;size&quot;:&quot;&quot;,&quot;sizes&quot;:[]},&quot;_transform_translateY_effect_mobile&quot;:{&quot;unit&quot;:&quot;px&quot;,&quot;size&quot;:&quot;&quot;,&quot;sizes&quot;:[]}}\">\n\t\t\t\t\t<div class=\"e-con-inner\">\n\t\t\t\t<div class=\"elementor-shape elementor-shape-bottom\" aria-hidden=\"true\" data-negative=\"false\">\n\t\t\t<svg xmlns=\"http:\/\/www.w3.org\/2000\/svg\" viewBox=\"0 0 2600 131.1\" preserveAspectRatio=\"none\">\n\t<path class=\"elementor-shape-fill\" d=\"M0 0L2600 0 2600 69.1 0 0z\"\/>\n\t<path class=\"elementor-shape-fill\" style=\"opacity:0.5\" d=\"M0 0L2600 0 2600 69.1 0 69.1z\"\/>\n\t<path class=\"elementor-shape-fill\" style=\"opacity:0.25\" d=\"M2600 0L0 0 0 130.1 2600 69.1z\"\/>\n<\/svg>\t\t<\/div>\n\t\t\t\t<div class=\"elementor-element elementor-element-f6f6ddc elementor-widget elementor-widget-heading\" data-id=\"f6f6ddc\" data-element_type=\"widget\" data-widget_type=\"heading.default\">\n\t\t\t\t<div class=\"elementor-widget-container\">\n\t\t\t\t\t<h2 class=\"elementor-heading-title elementor-size-default\">Easyfairs Belgium app<\/h2>\t\t\t\t<\/div>\n\t\t\t\t<\/div>\n\t\t\t\t<div class=\"elementor-element elementor-element-29b4240 elementor-widget elementor-widget-text-editor\" data-id=\"29b4240\" data-element_type=\"widget\" data-widget_type=\"text-editor.default\">\n\t\t\t\t<div class=\"elementor-widget-container\">\n\t\t\t\t\t\t\t\t\t<p>L&rsquo;application vous offre <strong>une multitude de fonctionnalit\u00e9s<\/strong> qui \u00e9l\u00e8veront votre exp\u00e9rience \u00e0 un <strong>niveau sup\u00e9rieur<\/strong> \u2013 <strong>avant, pendant et apr\u00e8s l&rsquo;\u00e9v\u00e9nement<\/strong> ! D\u00e9couvrez facilement <strong>de nouveaux exposants, recevez des mises \u00e0 jour en temps r\u00e9el, naviguez rapidement dans le salon et restez inform\u00e9 des activit\u00e9s importantes. <\/strong> Gr\u00e2ce \u00e0 l&rsquo;application, vous tirerez le meilleur parti de votre visite et ne manquerez aucune occasion de r\u00e9seauter ou de d\u00e9couvrir des solutions innovantes.<\/p>\n<p class=\"\" data-end=\"429\" data-start=\"45\">Gr\u00e2ce \u00e0 l&rsquo;application, vous \u00eates toujours bien pr\u00e9par\u00e9 et pouvez r\u00e9agir avec souplesse aux nouvelles opportunit\u00e9s. Que vous souhaitiez trouver rapidement votre chemin vers un stand sp\u00e9cifique, partager votre int\u00e9r\u00eat pour une session ou rester inform\u00e9 des \u00e9v\u00e9nements \u00e0 venir, l&rsquo;application vous offre tout ce dont vous avez besoin pour optimiser votre visite. Rendez votre exp\u00e9rience efficace et ne manquez aucun moment.<\/p>\n\t\t\t\t\t\t\t\t<\/div>\n\t\t\t\t<\/div>\n\t\t<div class=\"elementor-element elementor-element-a1a712f e-con-full e-grid e-con e-child\" data-id=\"a1a712f\" data-element_type=\"container\">\n\t\t<div class=\"elementor-element elementor-element-52fbd9b e-flex e-con-boxed e-con e-child\" data-id=\"52fbd9b\" data-element_type=\"container\" data-settings=\"{&quot;background_background&quot;:&quot;classic&quot;}\">\n\t\t\t\t\t<div class=\"e-con-inner\">\n\t\t<div class=\"elementor-element elementor-element-b0109a8 e-con-full e-flex e-con e-child\" data-id=\"b0109a8\" data-element_type=\"container\">\n\t\t\t\t<div class=\"elementor-element elementor-element-afb3389 elementor-widget__width-inherit elementor-widget elementor-widget-heading\" data-id=\"afb3389\" data-element_type=\"widget\" data-widget_type=\"heading.default\">\n\t\t\t\t<div class=\"elementor-widget-container\">\n\t\t\t\t\t<h2 class=\"elementor-heading-title elementor-size-default\">Faites le premier pas et pr\u00e9parez votre visite d\u00e8s aujourd'hui<\/h2>\t\t\t\t<\/div>\n\t\t\t\t<\/div>\n\t\t\t\t<div class=\"elementor-element elementor-element-c4c7274 elementor-widget__width-initial elementor-view-default elementor-widget elementor-widget-icon\" data-id=\"c4c7274\" data-element_type=\"widget\" data-widget_type=\"icon.default\">\n\t\t\t\t<div class=\"elementor-widget-container\">\n\t\t\t\t\t\t\t<div class=\"elementor-icon-wrapper\">\n\t\t\t<div class=\"elementor-icon\">\n\t\t\t<i aria-hidden=\"true\" class=\"fas fa-rocket\"><\/i>\t\t\t<\/div>\n\t\t<\/div>\n\t\t\t\t\t\t<\/div>\n\t\t\t\t<\/div>\n\t\t\t\t<div class=\"elementor-element elementor-element-23f4bad elementor-widget elementor-widget-text-editor\" data-id=\"23f4bad\" data-element_type=\"widget\" data-widget_type=\"text-editor.default\">\n\t\t\t\t<div class=\"elementor-widget-container\">\n\t\t\t\t\t\t\t\t\t<p>Planifier votre visite \u00e0 Maintenance est la cl\u00e9 d&rsquo;une exp\u00e9rience r\u00e9ussie. Gr\u00e2ce \u00e0 la nouvelle application, il est facile de pr\u00e9parer votre journ\u00e9e au salon, de saisir les opportunit\u00e9s et de tirer le meilleur parti de l&rsquo;\u00e9v\u00e9nement !<\/p>\n\t\t\t\t\t\t\t\t<\/div>\n\t\t\t\t<\/div>\n\t\t\t\t<\/div>\n\t\t\t\t\t<\/div>\n\t\t\t\t<\/div>\n\t\t<div class=\"elementor-element elementor-element-6821495 e-flex e-con-boxed e-con e-child\" data-id=\"6821495\" data-element_type=\"container\" data-settings=\"{&quot;background_background&quot;:&quot;classic&quot;}\">\n\t\t\t\t\t<div class=\"e-con-inner\">\n\t\t<div class=\"elementor-element elementor-element-f3e0d77 e-con-full e-flex e-con e-child\" data-id=\"f3e0d77\" data-element_type=\"container\">\n\t\t\t\t<div class=\"elementor-element elementor-element-2d9d356 elementor-widget__width-inherit elementor-widget elementor-widget-heading\" data-id=\"2d9d356\" data-element_type=\"widget\" data-widget_type=\"heading.default\">\n\t\t\t\t<div class=\"elementor-widget-container\">\n\t\t\t\t\t<h2 class=\"elementor-heading-title elementor-size-default\">Recevez des recommandations personnalis\u00e9e<\/h2>\t\t\t\t<\/div>\n\t\t\t\t<\/div>\n\t\t\t\t<div class=\"elementor-element elementor-element-d998f89 elementor-view-default elementor-widget elementor-widget-icon\" data-id=\"d998f89\" data-element_type=\"widget\" data-widget_type=\"icon.default\">\n\t\t\t\t<div class=\"elementor-widget-container\">\n\t\t\t\t\t\t\t<div class=\"elementor-icon-wrapper\">\n\t\t\t<div class=\"elementor-icon\">\n\t\t\t<i aria-hidden=\"true\" class=\"fas fa-handshake\"><\/i>\t\t\t<\/div>\n\t\t<\/div>\n\t\t\t\t\t\t<\/div>\n\t\t\t\t<\/div>\n\t\t\t\t<div class=\"elementor-element elementor-element-b8ab5cd elementor-widget elementor-widget-text-editor\" data-id=\"b8ab5cd\" data-element_type=\"widget\" data-widget_type=\"text-editor.default\">\n\t\t\t\t<div class=\"elementor-widget-container\">\n\t\t\t\t\t\t\t\t\t<p>Recevez des suggestions personnalis\u00e9es sur les personnes les plus int\u00e9ressantes \u00e0 rencontrer. Gr\u00e2ce \u00e0 des algorithmes intelligents, vos pr\u00e9f\u00e9rences sont analys\u00e9es et les connexions les plus int\u00e9ressantes pour vous sont s\u00e9lectionn\u00e9es.<\/p>\n\t\t\t\t\t\t\t\t<\/div>\n\t\t\t\t<\/div>\n\t\t\t\t<\/div>\n\t\t\t\t\t<\/div>\n\t\t\t\t<\/div>\n\t\t<div class=\"elementor-element elementor-element-7404886 e-flex e-con-boxed e-con e-child\" data-id=\"7404886\" data-element_type=\"container\" data-settings=\"{&quot;background_background&quot;:&quot;classic&quot;}\">\n\t\t\t\t\t<div class=\"e-con-inner\">\n\t\t<div class=\"elementor-element elementor-element-cfb6aa0 e-con-full e-flex e-con e-child\" data-id=\"cfb6aa0\" data-element_type=\"container\">\n\t\t\t\t<div class=\"elementor-element elementor-element-533a21d elementor-widget__width-inherit elementor-widget elementor-widget-heading\" data-id=\"533a21d\" data-element_type=\"widget\" data-widget_type=\"heading.default\">\n\t\t\t\t<div class=\"elementor-widget-container\">\n\t\t\t\t\t<h2 class=\"elementor-heading-title elementor-size-default\">Composez d\u00e8s aujourd'hui votre programme id\u00e9al <\/h2>\t\t\t\t<\/div>\n\t\t\t\t<\/div>\n\t\t\t\t<div class=\"elementor-element elementor-element-fcef711 elementor-view-default elementor-widget elementor-widget-icon\" data-id=\"fcef711\" data-element_type=\"widget\" data-widget_type=\"icon.default\">\n\t\t\t\t<div class=\"elementor-widget-container\">\n\t\t\t\t\t\t\t<div class=\"elementor-icon-wrapper\">\n\t\t\t<div class=\"elementor-icon\">\n\t\t\t<i aria-hidden=\"true\" class=\"fas fa-calendar-check\"><\/i>\t\t\t<\/div>\n\t\t<\/div>\n\t\t\t\t\t\t<\/div>\n\t\t\t\t<\/div>\n\t\t\t\t<div class=\"elementor-element elementor-element-453c9b6 elementor-widget elementor-widget-text-editor\" data-id=\"453c9b6\" data-element_type=\"widget\" data-widget_type=\"text-editor.default\">\n\t\t\t\t<div class=\"elementor-widget-container\">\n\t\t\t\t\t\t\t\t\t<p>Restez toujours inform\u00e9 et ne manquez plus jamais une session importante ! Explorez le programme du s\u00e9minaire, d\u00e9couvrez les intervenants et les th\u00e8mes abord\u00e9s, et ajoutez facilement les sessions auxquelles vous souhaitez assister \u00e0 votre agenda personnel.<\/p>\n\t\t\t\t\t\t\t\t<\/div>\n\t\t\t\t<\/div>\n\t\t\t\t<\/div>\n\t\t\t\t\t<\/div>\n\t\t\t\t<\/div>\n\t\t\t\t<\/div>\n\t\t<div class=\"elementor-element elementor-element-178ab7e e-flex e-con-boxed e-con e-child\" data-id=\"178ab7e\" data-element_type=\"container\" data-settings=\"{&quot;background_background&quot;:&quot;classic&quot;}\">\n\t\t\t\t\t<div class=\"e-con-inner\">\n\t\t<div class=\"elementor-element elementor-element-b462bbc e-flex e-con-boxed e-con e-child\" data-id=\"b462bbc\" data-element_type=\"container\">\n\t\t\t\t\t<div class=\"e-con-inner\">\n\t\t\t\t<div class=\"elementor-element elementor-element-eb0cf09 elementor-widget elementor-widget-heading\" data-id=\"eb0cf09\" data-element_type=\"widget\" data-widget_type=\"heading.default\">\n\t\t\t\t<div class=\"elementor-widget-container\">\n\t\t\t\t\t<h2 class=\"elementor-heading-title elementor-size-default\">Avantages de l\u2019application Easyfairs Belgium<\/h2>\t\t\t\t<\/div>\n\t\t\t\t<\/div>\n\t\t\t\t<div class=\"elementor-element elementor-element-b5c5ddd elementor-widget elementor-widget-text-editor\" data-id=\"b5c5ddd\" data-element_type=\"widget\" data-widget_type=\"text-editor.default\">\n\t\t\t\t<div class=\"elementor-widget-container\">\n\t\t\t\t\t\t\t\t\t<ol>\n<li data-end=\"181\" data-start=\"75\"><strong data-end=\"99\" data-start=\"75\">R\u00e9seautage efficace :<\/strong> <span class=\"relative -mx-px my-[-0.2rem] rounded px-px py-[0.2rem] transition-colors duration-100 ease-in-out\">Identifiez facilement les coll\u00e8gues et sp\u00e9cialistes qui correspondent \u00e0 vos besoins et organisez vos rendez-vous de mani\u00e8re cibl\u00e9e.<\/span>\u200b<\/li>\n<li data-end=\"295\" data-start=\"183\"><strong data-end=\"213\" data-start=\"183\">Une exp\u00e9rience personnalis\u00e9e :<\/strong> <span class=\"relative -mx-px my-[-0.2rem] rounded px-px py-[0.2rem] transition-colors duration-100 ease-in-out\">Recevez des suggestions qui correspondent \u00e9troitement \u00e0 vos pr\u00e9f\u00e9rences et \u00e0 vos exigences professionnelles.<\/span>\u200b<\/li>\n<li data-end=\"405\" data-start=\"297\"><strong data-end=\"323\" data-start=\"297\">Restez organis\u00e9 :<\/strong> <span class=\"relative -mx-px my-[-0.2rem] rounded px-px py-[0.2rem] transition-colors duration-100 ease-in-out\">G\u00e9rez votre agenda, vos rendez-vous et vos ateliers de mani\u00e8re claire et centralis\u00e9e.<\/span>\u200b<\/li>\n<li data-end=\"513\" data-start=\"407\"><strong data-end=\"431\" data-start=\"407\">Toujours inform\u00e9 :<\/strong> <span class=\"relative -mx-px my-[-0.2rem] rounded px-px py-[0.2rem] transition-colors duration-100 ease-in-out\">Recevez les derni\u00e8res actualit\u00e9s et mises \u00e0 jour concernant l&rsquo;\u00e9v\u00e9nement afin de ne manquer aucun moment important.<\/span><\/li>\n<\/ol>\n\t\t\t\t\t\t\t\t<\/div>\n\t\t\t\t<\/div>\n\t\t\t\t\t<\/div>\n\t\t\t\t<\/div>\n\t\t<div class=\"elementor-element elementor-element-1ec6ae8 e-flex e-con-boxed e-con e-child\" data-id=\"1ec6ae8\" data-element_type=\"container\" data-settings=\"{&quot;background_background&quot;:&quot;classic&quot;}\">\n\t\t\t\t\t<div class=\"e-con-inner\">\n\t\t\t\t<div class=\"elementor-element elementor-element-7c36b63 elementor-widget elementor-widget-image\" data-id=\"7c36b63\" data-element_type=\"widget\" data-widget_type=\"image.default\">\n\t\t\t\t<div class=\"elementor-widget-container\">\n\t\t\t\t\t\t\t\t\t\t\t\t\t\t\t<img decoding=\"async\" src=\"https:\/\/easyfairsassets.com\/sites\/186\/elementor\/thumbs\/54442782185_9f645625de_k-ren5xg6jp8w5wapxpspl46w432j84vfddz5g2tx568.jpg\" title=\"54442782185_9f645625de_k\" alt=\"54442782185_9f645625de_k\" loading=\"lazy\" \/>\t\t\t\t\t\t\t\t\t\t\t\t\t\t\t<\/div>\n\t\t\t\t<\/div>\n\t\t\t\t\t<\/div>\n\t\t\t\t<\/div>\n\t\t\t\t\t<\/div>\n\t\t\t\t<\/div>\n\t\t<div class=\"elementor-element elementor-element-8331125 e-flex e-con-boxed e-con e-child\" data-id=\"8331125\" data-element_type=\"container\" data-settings=\"{&quot;background_background&quot;:&quot;classic&quot;}\">\n\t\t\t\t\t<div class=\"e-con-inner\">\n\t\t<div class=\"elementor-element elementor-element-bf8cb99 e-con-full e-flex e-con e-child\" data-id=\"bf8cb99\" data-element_type=\"container\" data-settings=\"{&quot;background_background&quot;:&quot;classic&quot;}\">\n\t\t\t\t<\/div>\n\t\t<div class=\"elementor-element elementor-element-8bf0ea4 e-flex e-con-boxed e-con e-child\" data-id=\"8bf0ea4\" data-element_type=\"container\">\n\t\t\t\t\t<div class=\"e-con-inner\">\n\t\t\t\t<div class=\"elementor-element elementor-element-41e6c4e elementor-widget elementor-widget-heading\" data-id=\"41e6c4e\" data-element_type=\"widget\" data-widget_type=\"heading.default\">\n\t\t\t\t<div class=\"elementor-widget-container\">\n\t\t\t\t\t<h2 class=\"elementor-heading-title elementor-size-default\">Comment \u00e7a fonctionne ?<\/h2>\t\t\t\t<\/div>\n\t\t\t\t<\/div>\n\t\t\t\t<div class=\"elementor-element elementor-element-402e711 elementor-widget elementor-widget-text-editor\" data-id=\"402e711\" data-element_type=\"widget\" data-widget_type=\"text-editor.default\">\n\t\t\t\t<div class=\"elementor-widget-container\">\n\t\t\t\t\t\t\t\t\t<ol>\n<li class=\"\" data-end=\"269\" data-start=\"157\">\n<p class=\"\" data-end=\"269\" data-start=\"160\"><strong data-end=\"187\" data-start=\"160\">Inscrivez-vous \u00e0 Maintenance :<\/strong> <span class=\"relative -mx-px my-[-0.2rem] rounded px-px py-[0.2rem] transition-colors duration-100 ease-in-out\">Inscrivez-vous \u00e0 l&rsquo;\u00e9v\u00e9nement et recevez un e-mail de confirmation contenant un lien pour activer votre compte sur l&rsquo;application.<\/span><\/p>\n<\/li>\n<li class=\"\" data-end=\"383\" data-start=\"271\">\n<p class=\"\" data-end=\"383\" data-start=\"274\"><strong data-end=\"301\" data-start=\"274\">T\u00e9l\u00e9chargez l&rsquo;application Easyfairs Belgium :<\/strong>\u00a0<span class=\"relative -mx-px my-[-0.2rem] rounded px-px py-[0.2rem] transition-colors duration-100 ease-in-out\">L&rsquo;application est disponible pour Android et iOS. Utilisez le lien de t\u00e9l\u00e9chargement dans l&rsquo;e-mail de confirmation ou scannez le code QR pour installer l&rsquo;application.<\/span><\/p>\n<\/li>\n<li class=\"\" data-end=\"493\" data-start=\"385\">\n<p class=\"\" data-end=\"493\" data-start=\"388\"><strong data-end=\"411\" data-start=\"388\">Configurez votre profil :<\/strong> <span class=\"relative -mx-px my-[-0.2rem] rounded px-px py-[0.2rem] transition-colors duration-100 ease-in-out\">Remplissez votre profil en indiquant vos centres d&rsquo;int\u00e9r\u00eat, des informations sur votre entreprise et vos objectifs pour l&rsquo;\u00e9v\u00e9nement.<\/span><\/p>\n<\/li>\n<li class=\"\" data-end=\"624\" data-start=\"495\">\n<p class=\"\" data-end=\"624\" data-start=\"498\"><strong data-end=\"542\" data-start=\"498\">Recevez des recommandations personnalis\u00e9es :<\/strong> <span class=\"relative -mx-px my-[-0.2rem] rounded px-px py-[0.2rem] transition-colors duration-100 ease-in-out\">L&rsquo;application analyse vos pr\u00e9f\u00e9rences et vous propose des exposants, des s\u00e9minaires et des opportunit\u00e9s de r\u00e9seautage pertinents.<\/span><\/p>\n<\/li>\n<li class=\"\" data-end=\"730\" data-start=\"626\">\n<p class=\"\" data-end=\"730\" data-start=\"629\"><strong data-end=\"648\" data-start=\"629\">Planifiez et profitez :<\/strong> <span class=\"relative -mx-px my-[-0.2rem] rounded px-px py-[0.2rem] transition-colors duration-100 ease-in-out\">Utilisez l&rsquo;application pour planifier vos rendez-vous, g\u00e9rer votre agenda et profiter pleinement de votre exp\u00e9rience Maintenance.<\/span><\/p>\n<\/li>\n<\/ol>\n\t\t\t\t\t\t\t\t<\/div>\n\t\t\t\t<\/div>\n\t\t\t\t\t<\/div>\n\t\t\t\t<\/div>\n\t\t\t\t\t<\/div>\n\t\t\t\t<\/div>\n\t\t\t\t\t<\/div>\n\t\t\t\t<\/div>\n\t\t<div class=\"elementor-element elementor-element-7928fd5 e-flex e-con-boxed e-con e-parent\" data-id=\"7928fd5\" data-element_type=\"container\" data-settings=\"{&quot;background_background&quot;:&quot;classic&quot;}\">\n\t\t\t\t\t<div class=\"e-con-inner\">\n\t\t<div class=\"elementor-element elementor-element-bcb9050 e-con-full e-flex e-con e-child\" data-id=\"bcb9050\" data-element_type=\"container\" data-settings=\"{&quot;background_background&quot;:&quot;classic&quot;}\">\n\t\t\t\t<div class=\"elementor-element elementor-element-9de0bab elementor-widget elementor-widget-heading\" data-id=\"9de0bab\" data-element_type=\"widget\" data-widget_type=\"heading.default\">\n\t\t\t\t<div class=\"elementor-widget-container\">\n\t\t\t\t\t<h2 class=\"elementor-heading-title elementor-size-default\">Tirez le meilleur parti de votre visite \u00e0 Maintenance !<\/h2>\t\t\t\t<\/div>\n\t\t\t\t<\/div>\n\t\t\t\t<div class=\"elementor-element elementor-element-ad8d8d1 elementor-widget elementor-widget-text-editor\" data-id=\"ad8d8d1\" data-element_type=\"widget\" data-widget_type=\"text-editor.default\">\n\t\t\t\t<div class=\"elementor-widget-container\">\n\t\t\t\t\t\t\t\t\t<p>Optimisez votre visite au salon, nouez de nouveaux contacts et restez inform\u00e9 de tout ce que Maintenance a \u00e0 offrir.<\/p>\n\t\t\t\t\t\t\t\t<\/div>\n\t\t\t\t<\/div>\n\t\t\t\t<div class=\"elementor-element elementor-element-b8e7716 elementor-widget elementor-widget-button\" data-id=\"b8e7716\" data-element_type=\"widget\" data-widget_type=\"button.default\">\n\t\t\t\t<div class=\"elementor-widget-container\">\n\t\t\t\t\t\t\t\t\t<div class=\"elementor-button-wrapper\">\n\t\t\t\t\t<a class=\"elementor-button elementor-button-link elementor-size-sm\" href=\"https:\/\/apps.apple.com\/nl\/app\/easyfairs-belgium\/id6680193572\">\n\t\t\t\t\t\t<span class=\"elementor-button-content-wrapper\">\n\t\t\t\t\t\t\t\t\t<span class=\"elementor-button-text\">Apple App Store <\/span>\n\t\t\t\t\t<\/span>\n\t\t\t\t\t<\/a>\n\t\t\t\t<\/div>\n\t\t\t\t\t\t\t\t<\/div>\n\t\t\t\t<\/div>\n\t\t\t\t<div class=\"elementor-element elementor-element-bf09b11 elementor-widget elementor-widget-button\" data-id=\"bf09b11\" data-element_type=\"widget\" data-widget_type=\"button.default\">\n\t\t\t\t<div class=\"elementor-widget-container\">\n\t\t\t\t\t\t\t\t\t<div class=\"elementor-button-wrapper\">\n\t\t\t\t\t<a class=\"elementor-button elementor-button-link elementor-size-sm\" href=\"https:\/\/play.google.com\/store\/apps\/details?id=events.grip.efbe1047&#038;hl=en\">\n\t\t\t\t\t\t<span class=\"elementor-button-content-wrapper\">\n\t\t\t\t\t\t\t\t\t<span class=\"elementor-button-text\">Google Play Store<\/span>\n\t\t\t\t\t<\/span>\n\t\t\t\t\t<\/a>\n\t\t\t\t<\/div>\n\t\t\t\t\t\t\t\t<\/div>\n\t\t\t\t<\/div>\n\t\t\t\t<\/div>\n\t\t\t\t\t<\/div>\n\t\t\t\t<\/div>\n\t\t\t\t<\/div>\n\t\t","protected":false},"excerpt":{"rendered":"<p>Easyfairs Belgium app L\u2019application Easyfairs Belgium est votre assistant intelligent pour une exp\u00e9rience optimale du salon. De la planification de votre agenda \u00e0 la d\u00e9couverte de nouveaux exposants et innovations, l\u2019application vous offre tout ce dont vous avez besoin pour tirer le meilleur parti de l\u2019\u00e9v\u00e9nement. Restez inform\u00e9 gr\u00e2ce aux notifications en temps r\u00e9el et [&hellip;]<\/p>\n","protected":false},"author":949,"featured_media":0,"parent":0,"menu_order":0,"comment_status":"closed","ping_status":"closed","template":"","meta":{"_seopress_robots_primary_cat":"","_seopress_titles_title":"","_seopress_titles_desc":"","_seopress_robots_index":"","footnotes":""},"class_list":["post-200194","page","type-page","status-publish","hentry"],"_links":{"self":[{"href":"https:\/\/www.maintenance-expo.be\/fr\/wp-json\/wp\/v2\/pages\/200194","targetHints":{"allow":["GET"]}}],"collection":[{"href":"https:\/\/www.maintenance-expo.be\/fr\/wp-json\/wp\/v2\/pages"}],"about":[{"href":"https:\/\/www.maintenance-expo.be\/fr\/wp-json\/wp\/v2\/types\/page"}],"author":[{"embeddable":true,"href":"https:\/\/www.maintenance-expo.be\/fr\/wp-json\/wp\/v2\/users\/949"}],"replies":[{"embeddable":true,"href":"https:\/\/www.maintenance-expo.be\/fr\/wp-json\/wp\/v2\/comments?post=200194"}],"version-history":[{"count":6,"href":"https:\/\/www.maintenance-expo.be\/fr\/wp-json\/wp\/v2\/pages\/200194\/revisions"}],"predecessor-version":[{"id":203962,"href":"https:\/\/www.maintenance-expo.be\/fr\/wp-json\/wp\/v2\/pages\/200194\/revisions\/203962"}],"wp:attachment":[{"href":"https:\/\/www.maintenance-expo.be\/fr\/wp-json\/wp\/v2\/media?parent=200194"}],"curies":[{"name":"wp","href":"https:\/\/api.w.org\/{rel}","templated":true}]}}