{"id":200260,"date":"2025-11-26T15:54:17","date_gmt":"2025-11-26T14:54:17","guid":{"rendered":"https:\/\/www.maintenance-expo.be\/my-easyfairs-2\/"},"modified":"2025-11-26T15:54:19","modified_gmt":"2025-11-26T14:54:19","slug":"my-easyfairs-2","status":"publish","type":"page","link":"https:\/\/www.maintenance-expo.be\/fr\/my-easyfairs-2\/","title":{"rendered":"My Easyfairs"},"content":{"rendered":"\t\t<div data-elementor-type=\"wp-page\" data-elementor-id=\"200260\" class=\"elementor elementor-200260 elementor-199777\" data-elementor-post-type=\"page\">\n\t\t\t\t<div class=\"elementor-element elementor-element-7673297 e-flex e-con-boxed e-con e-child\" data-id=\"7673297\" data-element_type=\"container\" data-settings=\"{&quot;background_background&quot;:&quot;classic&quot;}\">\n\t\t\t\t\t<div class=\"e-con-inner\">\n\t\t\t\t<div class=\"elementor-element elementor-element-402eaec elementor-widget__width-initial elementor-widget elementor-widget-heading\" data-id=\"402eaec\" data-element_type=\"widget\" data-widget_type=\"heading.default\">\n\t\t\t\t<div class=\"elementor-widget-container\">\n\t\t\t\t\t<h1 class=\"elementor-heading-title elementor-size-default\">On n\u2019a qu\u2019une seule chance de faire une bonne premi\u00e8re impression.<\/h1>\t\t\t\t<\/div>\n\t\t\t\t<\/div>\n\t\t\t\t\t<\/div>\n\t\t\t\t<\/div>\n\t\t<div class=\"elementor-element elementor-element-127fe4a e-flex e-con-boxed e-con e-parent\" data-id=\"127fe4a\" data-element_type=\"container\">\n\t\t\t\t\t<div class=\"e-con-inner\">\n\t\t\t\t<div class=\"elementor-element elementor-element-235a8f4 elementor-widget elementor-widget-text-editor\" data-id=\"235a8f4\" data-element_type=\"widget\" data-widget_type=\"text-editor.default\">\n\t\t\t\t<div class=\"elementor-widget-container\">\n\t\t\t\t\t\t\t\t\t<h2><strong>Qu&rsquo;est-ce que My Easyfairs ?<\/strong><\/h2>\n<p>Cet <strong>outil en ligne<\/strong> est la plateforme o\u00f9 vous pouvez trouver toutes <strong>les ressources n\u00e9cessaires pour pr\u00e9parer et g\u00e9rer votre participation au salon<\/strong>. Vous pouvez maintenir le profil de votre entreprise sur le site du salon, t\u00e9l\u00e9charger votre logo, promouvoir vos produits, partager des actualit\u00e9s, pr\u00e9senter des offres d\u2019emploi et \u00e9galement soumettre des innovations pour la Galerie de l\u2019Innovation.<\/p>\n\t\t\t\t\t\t\t\t<\/div>\n\t\t\t\t<\/div>\n\t\t\t\t<div class=\"elementor-element elementor-element-1e89265 elementor-align-center elementor-widget__width-inherit elementor-widget elementor-widget-dynamic-button\" data-id=\"1e89265\" data-element_type=\"widget\" data-widget_type=\"dynamic-button.default\">\n\t\t\t\t<div class=\"elementor-widget-container\">\n\t\t\t\t\t        <div class=\"elementor-button-wrapper\">\n            <a href=\"https:\/\/my.easyfairs.com\/login\" target=\"_blank\" class=\"elementor-button-link elementor-button elementor-size-lg\" role=\"button\">\n                        <span class=\"elementor-button-content-wrapper\">\n\t\t\t                <span class=\"elementor-button-icon elementor-align-icon-right\">\n\t\t\t\t<i aria-hidden=\"true\" class=\"fas fa-long-arrow-alt-right\"><\/i>\t\t\t<\/span>\n            \t\t\t<span class=\"elementor-button-text\">Se connecter \u00e0 My Easyfairs<\/span>\n\t\t<\/span>\n                    <\/a>\n        <\/div>\n        \t\t\t\t<\/div>\n\t\t\t\t<\/div>\n\t\t\t\t\t<\/div>\n\t\t\t\t<\/div>\n\t\t<div class=\"elementor-element elementor-element-baa4d23 e-flex e-con-boxed e-con e-parent\" data-id=\"baa4d23\" data-element_type=\"container\">\n\t\t\t\t\t<div class=\"e-con-inner\">\n\t\t<div class=\"elementor-element elementor-element-8db447a e-con-full e-flex e-con e-child\" data-id=\"8db447a\" data-element_type=\"container\" data-settings=\"{&quot;background_background&quot;:&quot;classic&quot;}\">\n\t\t<div class=\"elementor-element elementor-element-f92a07a e-con-full e-flex e-con e-child\" data-id=\"f92a07a\" data-element_type=\"container\">\n\t\t\t\t<div class=\"elementor-element elementor-element-501e061 elementor-widget__width-inherit elementor-widget elementor-widget-heading\" data-id=\"501e061\" data-element_type=\"widget\" data-widget_type=\"heading.default\">\n\t\t\t\t<div class=\"elementor-widget-container\">\n\t\t\t\t\t<h2 class=\"elementor-heading-title elementor-size-default\">Gestion facile<\/h2>\t\t\t\t<\/div>\n\t\t\t\t<\/div>\n\t\t\t\t<div class=\"elementor-element elementor-element-760793b elementor-view-default elementor-widget elementor-widget-icon\" data-id=\"760793b\" data-element_type=\"widget\" data-widget_type=\"icon.default\">\n\t\t\t\t<div class=\"elementor-widget-container\">\n\t\t\t\t\t\t\t<div class=\"elementor-icon-wrapper\">\n\t\t\t<div class=\"elementor-icon\">\n\t\t\t<i aria-hidden=\"true\" class=\"fas fa-user\"><\/i>\t\t\t<\/div>\n\t\t<\/div>\n\t\t\t\t\t\t<\/div>\n\t\t\t\t<\/div>\n\t\t\t\t<div class=\"elementor-element elementor-element-275d340 elementor-widget elementor-widget-text-editor\" data-id=\"275d340\" data-element_type=\"widget\" data-widget_type=\"text-editor.default\">\n\t\t\t\t<div class=\"elementor-widget-container\">\n\t\t\t\t\t\t\t\t\t<p>Tout au m\u00eame endroit. Pas de documents ou e-mails s\u00e9par\u00e9s \u2013 vous pouvez mettre \u00e0 jour vos informations quand vous le souhaitez.<\/p>\n\t\t\t\t\t\t\t\t<\/div>\n\t\t\t\t<\/div>\n\t\t\t\t<\/div>\n\t\t\t\t<\/div>\n\t\t<div class=\"elementor-element elementor-element-3b83b21 e-con-full e-flex e-con e-child\" data-id=\"3b83b21\" data-element_type=\"container\" data-settings=\"{&quot;background_background&quot;:&quot;classic&quot;}\">\n\t\t\t\t<div class=\"elementor-element elementor-element-b1a8a4f elementor-widget__width-inherit elementor-widget elementor-widget-heading\" data-id=\"b1a8a4f\" data-element_type=\"widget\" data-widget_type=\"heading.default\">\n\t\t\t\t<div class=\"elementor-widget-container\">\n\t\t\t\t\t<h2 class=\"elementor-heading-title elementor-size-default\">Augmenter la visibilit\u00e9<\/h2>\t\t\t\t<\/div>\n\t\t\t\t<\/div>\n\t\t\t\t<div class=\"elementor-element elementor-element-bcfa107 elementor-view-default elementor-widget elementor-widget-icon\" data-id=\"bcfa107\" data-element_type=\"widget\" data-widget_type=\"icon.default\">\n\t\t\t\t<div class=\"elementor-widget-container\">\n\t\t\t\t\t\t\t<div class=\"elementor-icon-wrapper\">\n\t\t\t<div class=\"elementor-icon\">\n\t\t\t<i aria-hidden=\"true\" class=\"far fa-handshake\"><\/i>\t\t\t<\/div>\n\t\t<\/div>\n\t\t\t\t\t\t<\/div>\n\t\t\t\t<\/div>\n\t\t\t\t<div class=\"elementor-element elementor-element-73d4bcf elementor-widget elementor-widget-text-editor\" data-id=\"73d4bcf\" data-element_type=\"widget\" data-widget_type=\"text-editor.default\">\n\t\t\t\t<div class=\"elementor-widget-container\">\n\t\t\t\t\t\t\t\t\t<p>Le profil de votre entreprise se trouve dans la liste des exposants sur le site du salon. Les visiteurs qui cliquent sur votre nom voient imm\u00e9diatement vos offres et actualit\u00e9s. Montrez ce que vous avez \u00e0 offrir !<\/p>\n\t\t\t\t\t\t\t\t<\/div>\n\t\t\t\t<\/div>\n\t\t\t\t<\/div>\n\t\t<div class=\"elementor-element elementor-element-ce8a48f e-con-full e-flex e-con e-child\" data-id=\"ce8a48f\" data-element_type=\"container\" data-settings=\"{&quot;background_background&quot;:&quot;classic&quot;}\">\n\t\t\t\t<div class=\"elementor-element elementor-element-68c4097 elementor-widget__width-inherit elementor-widget elementor-widget-heading\" data-id=\"68c4097\" data-element_type=\"widget\" data-widget_type=\"heading.default\">\n\t\t\t\t<div class=\"elementor-widget-container\">\n\t\t\t\t\t<h2 class=\"elementor-heading-title elementor-size-default\">Mettez en avant vos produits et innovations<\/h2>\t\t\t\t<\/div>\n\t\t\t\t<\/div>\n\t\t\t\t<div class=\"elementor-element elementor-element-f62c41f elementor-view-default elementor-widget elementor-widget-icon\" data-id=\"f62c41f\" data-element_type=\"widget\" data-widget_type=\"icon.default\">\n\t\t\t\t<div class=\"elementor-widget-container\">\n\t\t\t\t\t\t\t<div class=\"elementor-icon-wrapper\">\n\t\t\t<div class=\"elementor-icon\">\n\t\t\t<i aria-hidden=\"true\" class=\"fas fa-chart-line\"><\/i>\t\t\t<\/div>\n\t\t<\/div>\n\t\t\t\t\t\t<\/div>\n\t\t\t\t<\/div>\n\t\t\t\t<div class=\"elementor-element elementor-element-68b17f1 elementor-widget elementor-widget-text-editor\" data-id=\"68b17f1\" data-element_type=\"widget\" data-widget_type=\"text-editor.default\">\n\t\t\t\t<div class=\"elementor-widget-container\">\n\t\t\t\t\t\t\t\t\t<p>Lancement d\u2019un nouveau produit ou mise en avant de votre expertise dans un domaine sp\u00e9cifique ? Utilisez My Easyfairs pour le mettre en valeur afin de vous d\u00e9marquer avant m\u00eame le salon.<\/p>\n\t\t\t\t\t\t\t\t<\/div>\n\t\t\t\t<\/div>\n\t\t\t\t<\/div>\n\t\t<div class=\"elementor-element elementor-element-8cabc4f e-con-full e-flex e-con e-child\" data-id=\"8cabc4f\" data-element_type=\"container\" data-settings=\"{&quot;background_background&quot;:&quot;classic&quot;}\">\n\t\t\t\t<div class=\"elementor-element elementor-element-8ae762f elementor-widget__width-initial elementor-widget elementor-widget-heading\" data-id=\"8ae762f\" data-element_type=\"widget\" data-widget_type=\"heading.default\">\n\t\t\t\t<div class=\"elementor-widget-container\">\n\t\t\t\t\t<h2 class=\"elementor-heading-title elementor-size-default\">Gain de temps et convivial<\/h2>\t\t\t\t<\/div>\n\t\t\t\t<\/div>\n\t\t\t\t<div class=\"elementor-element elementor-element-5faad79 elementor-view-default elementor-widget elementor-widget-icon\" data-id=\"5faad79\" data-element_type=\"widget\" data-widget_type=\"icon.default\">\n\t\t\t\t<div class=\"elementor-widget-container\">\n\t\t\t\t\t\t\t<div class=\"elementor-icon-wrapper\">\n\t\t\t<div class=\"elementor-icon\">\n\t\t\t<i aria-hidden=\"true\" class=\"fas fa-check\"><\/i>\t\t\t<\/div>\n\t\t<\/div>\n\t\t\t\t\t\t<\/div>\n\t\t\t\t<\/div>\n\t\t\t\t<div class=\"elementor-element elementor-element-0aa0015 elementor-widget elementor-widget-text-editor\" data-id=\"0aa0015\" data-element_type=\"widget\" data-widget_type=\"text-editor.default\">\n\t\t\t\t<div class=\"elementor-widget-container\">\n\t\t\t\t\t\t\t\t\t<p>Apr\u00e8s votre inscription, vous recevrez un e-mail avec vos identifiants et des conseils. Vous serez op\u00e9rationnel en quelques minutes.<\/p>\n\t\t\t\t\t\t\t\t<\/div>\n\t\t\t\t<\/div>\n\t\t\t\t<\/div>\n\t\t\t\t\t<\/div>\n\t\t\t\t<\/div>\n\t\t<div class=\"elementor-element elementor-element-c3b206a e-flex e-con-boxed e-con e-parent\" data-id=\"c3b206a\" data-element_type=\"container\">\n\t\t\t\t\t<div class=\"e-con-inner\">\n\t\t<div class=\"elementor-element elementor-element-2bf67c9 e-con-full e-flex e-con e-child\" data-id=\"2bf67c9\" data-element_type=\"container\">\n\t\t<div class=\"elementor-element elementor-element-701b33b e-flex e-con-boxed e-con e-child\" data-id=\"701b33b\" data-element_type=\"container\" data-settings=\"{&quot;background_background&quot;:&quot;classic&quot;}\">\n\t\t\t\t\t<div class=\"e-con-inner\">\n\t\t<div class=\"elementor-element elementor-element-22a33ef e-con-full e-flex e-con e-child\" data-id=\"22a33ef\" data-element_type=\"container\">\n\t\t\t\t<div class=\"elementor-element elementor-element-e295736 elementor-widget__width-inherit elementor-widget elementor-widget-heading\" data-id=\"e295736\" data-element_type=\"widget\" data-widget_type=\"heading.default\">\n\t\t\t\t<div class=\"elementor-widget-container\">\n\t\t\t\t\t<h5 class=\"elementor-heading-title elementor-size-default\">My Easyfairs<\/h5>\t\t\t\t<\/div>\n\t\t\t\t<\/div>\n\t\t\t\t<div class=\"elementor-element elementor-element-a4e4e4c elementor-view-default elementor-widget elementor-widget-icon\" data-id=\"a4e4e4c\" data-element_type=\"widget\" data-widget_type=\"icon.default\">\n\t\t\t\t<div class=\"elementor-widget-container\">\n\t\t\t\t\t\t\t<div class=\"elementor-icon-wrapper\">\n\t\t\t<div class=\"elementor-icon\">\n\t\t\t<i aria-hidden=\"true\" class=\"far fa-lightbulb\"><\/i>\t\t\t<\/div>\n\t\t<\/div>\n\t\t\t\t\t\t<\/div>\n\t\t\t\t<\/div>\n\t\t\t\t<div class=\"elementor-element elementor-element-5047d82 elementor-widget elementor-widget-text-editor\" data-id=\"5047d82\" data-element_type=\"widget\" data-widget_type=\"text-editor.default\">\n\t\t\t\t<div class=\"elementor-widget-container\">\n\t\t\t\t\t\t\t\t\t<p>Plus vous remplissez votre profil en ligne sur My Easyfairs de mani\u00e8re d\u00e9taill\u00e9e, plus d\u2019informations pertinentes seront partag\u00e9es avec vos clients potentiels \u00e0 l\u2019avance.<\/p>\n\t\t\t\t\t\t\t\t<\/div>\n\t\t\t\t<\/div>\n\t\t\t\t<div class=\"elementor-element elementor-element-df75b05 elementor-align-left elementor-widget__width-inherit elementor-widget elementor-widget-dynamic-button\" data-id=\"df75b05\" data-element_type=\"widget\" data-widget_type=\"dynamic-button.default\">\n\t\t\t\t<div class=\"elementor-widget-container\">\n\t\t\t\t\t        <div class=\"elementor-button-wrapper\">\n            <a href=\"https:\/\/my.easyfairs.com\/login\" target=\"_blank\" class=\"elementor-button-link elementor-button elementor-size-sm\" role=\"button\">\n                        <span class=\"elementor-button-content-wrapper\">\n\t\t\t\t\t\t<span class=\"elementor-button-text\">Se connecter \u00e0 My Easyfairs<\/span>\n\t\t<\/span>\n                    <\/a>\n        <\/div>\n        \t\t\t\t<\/div>\n\t\t\t\t<\/div>\n\t\t\t\t<\/div>\n\t\t\t\t\t<\/div>\n\t\t\t\t<\/div>\n\t\t\t\t<\/div>\n\t\t\t\t\t<\/div>\n\t\t\t\t<\/div>\n\t\t<div class=\"elementor-element elementor-element-27cfdf8 e-con-full e-flex e-con e-child\" data-id=\"27cfdf8\" data-element_type=\"container\">\n\t\t<div class=\"elementor-element elementor-element-c27b3eb e-flex e-con-boxed e-con e-child\" data-id=\"c27b3eb\" data-element_type=\"container\">\n\t\t\t\t\t<div class=\"e-con-inner\">\n\t\t<div class=\"elementor-element elementor-element-2a7e279 e-con-full skewed-box e-flex e-con e-child\" data-id=\"2a7e279\" data-element_type=\"container\" data-settings=\"{&quot;background_background&quot;:&quot;classic&quot;}\">\n\t\t<div class=\"elementor-element elementor-element-5a4c7ee e-con-full e-flex e-con e-child\" data-id=\"5a4c7ee\" data-element_type=\"container\" data-settings=\"{&quot;background_background&quot;:&quot;classic&quot;}\">\n\t\t\t\t<div class=\"elementor-element elementor-element-b0efe03 elementor-widget elementor-widget-heading\" data-id=\"b0efe03\" data-element_type=\"widget\" data-widget_type=\"heading.default\">\n\t\t\t\t<div class=\"elementor-widget-container\">\n\t\t\t\t\t<h2 class=\"elementor-heading-title elementor-size-default\">Questions fr\u00e9quemment pos\u00e9es sur My Easyfairs<\/h2>\t\t\t\t<\/div>\n\t\t\t\t<\/div>\n\t\t\t\t<div class=\"elementor-element elementor-element-0dfcadc elementor-widget elementor-widget-text-editor\" data-id=\"0dfcadc\" data-element_type=\"widget\" data-widget_type=\"text-editor.default\">\n\t\t\t\t<div class=\"elementor-widget-container\">\n\t\t\t\t\t\t\t\t\t<p>Vous trouverez ci-dessous des r\u00e9ponses aux questions fr\u00e9quemment pos\u00e9es sur My Easyfairs.<\/p>\n\t\t\t\t\t\t\t\t<\/div>\n\t\t\t\t<\/div>\n\t\t\t\t<div class=\"elementor-element elementor-element-464721f elementor-widget elementor-widget-accordion\" data-id=\"464721f\" data-element_type=\"widget\" data-widget_type=\"accordion.default\">\n\t\t\t\t<div class=\"elementor-widget-container\">\n\t\t\t\t\t\t\t<div class=\"elementor-accordion\">\n\t\t\t\t\t\t\t<div class=\"elementor-accordion-item\">\n\t\t\t\t\t<div id=\"elementor-tab-title-7361\" class=\"elementor-tab-title\" data-tab=\"1\" role=\"button\" aria-controls=\"elementor-tab-content-7361\" aria-expanded=\"false\">\n\t\t\t\t\t\t\t\t\t\t\t\t\t<span class=\"elementor-accordion-icon elementor-accordion-icon-left\" aria-hidden=\"true\">\n\t\t\t\t\t\t\t\t\t\t\t\t\t\t\t<span class=\"elementor-accordion-icon-closed\"><i class=\"fas fa-plus\"><\/i><\/span>\n\t\t\t\t\t\t\t\t<span class=\"elementor-accordion-icon-opened\"><i class=\"fas fa-minus\"><\/i><\/span>\n\t\t\t\t\t\t\t\t\t\t\t\t\t\t<\/span>\n\t\t\t\t\t\t\t\t\t\t\t\t<a class=\"elementor-accordion-title\" tabindex=\"0\">Comment se connecter \u00e0 My Easyfairs ?<\/a>\n\t\t\t\t\t<\/div>\n\t\t\t\t\t<div id=\"elementor-tab-content-7361\" class=\"elementor-tab-content elementor-clearfix\" data-tab=\"1\" role=\"region\" aria-labelledby=\"elementor-tab-title-7361\"><p>Cliquez sur \u00a0<a href=\"https:\/\/my.easyfairs.com\/login\" target=\"_blank\" rel=\"noopener\">ce lien<\/a>. Connectez-vous avec votre e-mail et votre mot de passe. Mot de passe oubli\u00e9 ? <a href=\"https:\/\/my.easyfairs.com\/forgot-password\" target=\"_blank\" rel=\"noopener\">Cliquez ici !<\/a><\/p>\n<\/div>\n\t\t\t\t<\/div>\n\t\t\t\t\t\t\t<div class=\"elementor-accordion-item\">\n\t\t\t\t\t<div id=\"elementor-tab-title-7362\" class=\"elementor-tab-title\" data-tab=\"2\" role=\"button\" aria-controls=\"elementor-tab-content-7362\" aria-expanded=\"false\">\n\t\t\t\t\t\t\t\t\t\t\t\t\t<span class=\"elementor-accordion-icon elementor-accordion-icon-left\" aria-hidden=\"true\">\n\t\t\t\t\t\t\t\t\t\t\t\t\t\t\t<span class=\"elementor-accordion-icon-closed\"><i class=\"fas fa-plus\"><\/i><\/span>\n\t\t\t\t\t\t\t\t<span class=\"elementor-accordion-icon-opened\"><i class=\"fas fa-minus\"><\/i><\/span>\n\t\t\t\t\t\t\t\t\t\t\t\t\t\t<\/span>\n\t\t\t\t\t\t\t\t\t\t\t\t<a class=\"elementor-accordion-title\" tabindex=\"0\">Comment mettre \u00e0 jour les informations de votre entreprise sur My Easyfairs ?<\/a>\n\t\t\t\t\t<\/div>\n\t\t\t\t\t<div id=\"elementor-tab-content-7362\" class=\"elementor-tab-content elementor-clearfix\" data-tab=\"2\" role=\"region\" aria-labelledby=\"elementor-tab-title-7362\"><p>Apr\u00e8s vous \u00eatre connect\u00e9, allez dans &lsquo;G\u00e9rer votre profil en ligne&rsquo; et cliquez sur &lsquo;Informations sur l\u2019entreprise&rsquo;\u00bb.<\/p>\n<\/div>\n\t\t\t\t<\/div>\n\t\t\t\t\t\t\t<div class=\"elementor-accordion-item\">\n\t\t\t\t\t<div id=\"elementor-tab-title-7363\" class=\"elementor-tab-title\" data-tab=\"3\" role=\"button\" aria-controls=\"elementor-tab-content-7363\" aria-expanded=\"false\">\n\t\t\t\t\t\t\t\t\t\t\t\t\t<span class=\"elementor-accordion-icon elementor-accordion-icon-left\" aria-hidden=\"true\">\n\t\t\t\t\t\t\t\t\t\t\t\t\t\t\t<span class=\"elementor-accordion-icon-closed\"><i class=\"fas fa-plus\"><\/i><\/span>\n\t\t\t\t\t\t\t\t<span class=\"elementor-accordion-icon-opened\"><i class=\"fas fa-minus\"><\/i><\/span>\n\t\t\t\t\t\t\t\t\t\t\t\t\t\t<\/span>\n\t\t\t\t\t\t\t\t\t\t\t\t<a class=\"elementor-accordion-title\" tabindex=\"0\">Comment inviter vos contacts via My Easyfairs ?<\/a>\n\t\t\t\t\t<\/div>\n\t\t\t\t\t<div id=\"elementor-tab-content-7363\" class=\"elementor-tab-content elementor-clearfix\" data-tab=\"3\" role=\"region\" aria-labelledby=\"elementor-tab-title-7363\"><p>Partagez votre participation au salon avec vos abonn\u00e9s sur les r\u00e9seaux sociaux en utilisant votre lien d\u2019invitation personnel de My Easyfairs. Vous pouvez \u00e9galement t\u00e9l\u00e9charger du mat\u00e9riel marketing.<\/p>\n<\/div>\n\t\t\t\t<\/div>\n\t\t\t\t\t\t\t\t<\/div>\n\t\t\t\t\t\t<\/div>\n\t\t\t\t<\/div>\n\t\t\t\t<\/div>\n\t\t\t\t<\/div>\n\t\t\t\t\t<\/div>\n\t\t\t\t<\/div>\n\t\t\t\t<\/div>\n\t\t\t\t<\/div>\n\t\t","protected":false},"excerpt":{"rendered":"<p>On n\u2019a qu\u2019une seule chance de faire une bonne premi\u00e8re impression. Qu&rsquo;est-ce que My Easyfairs ? Cet outil en ligne est la plateforme o\u00f9 vous pouvez trouver toutes les ressources n\u00e9cessaires pour pr\u00e9parer et g\u00e9rer votre participation au salon. Vous pouvez maintenir le profil de votre entreprise sur le site du salon, t\u00e9l\u00e9charger votre logo, [&hellip;]<\/p>\n","protected":false},"author":949,"featured_media":0,"parent":0,"menu_order":0,"comment_status":"closed","ping_status":"closed","template":"","meta":{"_seopress_robots_primary_cat":"","_seopress_titles_title":"","_seopress_titles_desc":"","_seopress_robots_index":"","footnotes":""},"class_list":["post-200260","page","type-page","status-publish","hentry"],"_links":{"self":[{"href":"https:\/\/www.maintenance-expo.be\/fr\/wp-json\/wp\/v2\/pages\/200260","targetHints":{"allow":["GET"]}}],"collection":[{"href":"https:\/\/www.maintenance-expo.be\/fr\/wp-json\/wp\/v2\/pages"}],"about":[{"href":"https:\/\/www.maintenance-expo.be\/fr\/wp-json\/wp\/v2\/types\/page"}],"author":[{"embeddable":true,"href":"https:\/\/www.maintenance-expo.be\/fr\/wp-json\/wp\/v2\/users\/949"}],"replies":[{"embeddable":true,"href":"https:\/\/www.maintenance-expo.be\/fr\/wp-json\/wp\/v2\/comments?post=200260"}],"version-history":[{"count":1,"href":"https:\/\/www.maintenance-expo.be\/fr\/wp-json\/wp\/v2\/pages\/200260\/revisions"}],"predecessor-version":[{"id":200261,"href":"https:\/\/www.maintenance-expo.be\/fr\/wp-json\/wp\/v2\/pages\/200260\/revisions\/200261"}],"wp:attachment":[{"href":"https:\/\/www.maintenance-expo.be\/fr\/wp-json\/wp\/v2\/media?parent=200260"}],"curies":[{"name":"wp","href":"https:\/\/api.w.org\/{rel}","templated":true}]}}