{"id":200274,"date":"2025-11-26T16:36:23","date_gmt":"2025-11-26T15:36:23","guid":{"rendered":"https:\/\/www.maintenance-expo.be\/smart-badge-vs-visit-connect\/"},"modified":"2025-12-24T13:15:58","modified_gmt":"2025-12-24T12:15:58","slug":"smart-badge-vs-visit-connect","status":"publish","type":"page","link":"https:\/\/www.maintenance-expo.be\/fr\/smart-badge-vs-visit-connect\/","title":{"rendered":"Smart Badge vs. Visit Connect"},"content":{"rendered":"\t\t<div data-elementor-type=\"wp-page\" data-elementor-id=\"200274\" class=\"elementor elementor-200274 elementor-199063\" data-elementor-post-type=\"page\">\n\t\t\t\t<div class=\"elementor-element elementor-element-42fadbc e-flex e-con-boxed e-con e-parent\" data-id=\"42fadbc\" data-element_type=\"container\" data-settings=\"{&quot;background_background&quot;:&quot;classic&quot;}\">\n\t\t\t\t\t<div class=\"e-con-inner\">\n\t\t\t\t<div class=\"elementor-element elementor-element-5a7a4dc elementor-widget__width-initial elementor-widget elementor-widget-heading\" data-id=\"5a7a4dc\" data-element_type=\"widget\" data-widget_type=\"heading.default\">\n\t\t\t\t<div class=\"elementor-widget-container\">\n\t\t\t\t\t<h1 class=\"elementor-heading-title elementor-size-default\">Suivi efficace des prospects avec Smart Badge &amp; Visit Connect App<\/h1>\t\t\t\t<\/div>\n\t\t\t\t<\/div>\n\t\t\t\t\t<\/div>\n\t\t\t\t<\/div>\n\t\t<div class=\"elementor-element elementor-element-73132de e-flex e-con-boxed e-con e-parent\" data-id=\"73132de\" data-element_type=\"container\">\n\t\t\t\t\t<div class=\"e-con-inner\">\n\t\t\t\t<div class=\"elementor-element elementor-element-aafe938 elementor-widget elementor-widget-heading\" data-id=\"aafe938\" data-element_type=\"widget\" data-widget_type=\"heading.default\">\n\t\t\t\t<div class=\"elementor-widget-container\">\n\t\t\t\t\t<h2 class=\"elementor-heading-title elementor-size-default\">Smart Badge vs. Visit Connect<\/h2>\t\t\t\t<\/div>\n\t\t\t\t<\/div>\n\t\t\t\t\t<\/div>\n\t\t\t\t<\/div>\n\t\t<div class=\"elementor-element elementor-element-1c866b8 e-flex e-con-boxed e-con e-parent\" data-id=\"1c866b8\" data-element_type=\"container\">\n\t\t\t\t\t<div class=\"e-con-inner\">\n\t\t\t\t<div class=\"elementor-element elementor-element-264df72 elementor-widget elementor-widget-text-editor\" data-id=\"264df72\" data-element_type=\"widget\" data-widget_type=\"text-editor.default\">\n\t\t\t\t<div class=\"elementor-widget-container\">\n\t\t\t\t\t\t\t\t\t<p><strong data-end=\"389\" data-start=\"317\">\u00a0<\/strong><\/p>\n<p><strong data-end=\"389\" data-start=\"317\">Deux outils, un seul objectif : enregistrer et suivre les contacts importants.<\/strong><\/p>\n<p>Pendant le salon Maintenance, vous pouvez facilement collecter des prospects int\u00e9ressants, sans outils complexes ni travail manuel. Utilisez intelligemment le <strong data-end=\"540\" data-start=\"525\">Smart Badge<\/strong> et l&rsquo;application <strong data-end=\"569\" data-start=\"548\">Visit Connect App<\/strong> pour maximiser votre participation au salon.<\/p>\n\t\t\t\t\t\t\t\t<\/div>\n\t\t\t\t<\/div>\n\t\t\t\t\t<\/div>\n\t\t\t\t<\/div>\n\t\t<div class=\"elementor-element elementor-element-710d35e e-flex e-con-boxed e-con e-parent\" data-id=\"710d35e\" data-element_type=\"container\">\n\t\t\t\t\t<div class=\"e-con-inner\">\n\t\t<div class=\"elementor-element elementor-element-9e26f81 e-grid e-con-full e-con e-child\" data-id=\"9e26f81\" data-element_type=\"container\" data-settings=\"{&quot;background_background&quot;:&quot;classic&quot;}\">\n\t\t<div class=\"elementor-element elementor-element-a87003a e-flex e-con-boxed e-con e-child\" data-id=\"a87003a\" data-element_type=\"container\" data-settings=\"{&quot;background_background&quot;:&quot;classic&quot;}\">\n\t\t\t\t\t<div class=\"e-con-inner\">\n\t\t<div class=\"elementor-element elementor-element-c5610de e-con-full e-flex e-con e-child\" data-id=\"c5610de\" data-element_type=\"container\">\n\t\t\t\t<div class=\"elementor-element elementor-element-71ec983 elementor-widget__width-inherit elementor-widget elementor-widget-heading\" data-id=\"71ec983\" data-element_type=\"widget\" data-widget_type=\"heading.default\">\n\t\t\t\t<div class=\"elementor-widget-container\">\n\t\t\t\t\t<h2 class=\"elementor-heading-title elementor-size-default\">Smart Badge (Touch &amp;  Collect)<\/h2>\t\t\t\t<\/div>\n\t\t\t\t<\/div>\n\t\t\t\t<div class=\"elementor-element elementor-element-9ee6f05 elementor-widget elementor-widget-text-editor\" data-id=\"9ee6f05\" data-element_type=\"widget\" data-widget_type=\"text-editor.default\">\n\t\t\t\t<div class=\"elementor-widget-container\">\n\t\t\t\t\t\t\t\t\t<ul>\n<li>\u00c0 l\u2019initiative du <strong>visiteur<\/strong><\/li>\n<li><strong>Tous les exposants<\/strong> peuvent diffuser leurs informations via le lecteur (informations t\u00e9l\u00e9charg\u00e9es sur My Easyfairs).<\/li>\n<li><strong>Aucun \u00e9change n\u00e9cessair<\/strong>e avec le visiteur : installez simplement le lecteur sur votre stand et ils recevront automatiquement vos informations.<\/li>\n<li><strong> Les exposants<\/strong> re\u00e7oivent une liste de visiteurs avec les donn\u00e9es issues de l\u2019enregistrement, d\u00e8s qu\u2019ils ont \u00e9t\u00e9 scann\u00e9s sur votre stand.<\/li>\n<li><strong>Pr\u00e9paration<\/strong> : mettez autant d\u2019informations que possible sur My Easyfairs. Le lecteur vous sera livr\u00e9 sur votre stand lors du montage.<\/li>\n<\/ul>\n\t\t\t\t\t\t\t\t<\/div>\n\t\t\t\t<\/div>\n\t\t\t\t<div class=\"elementor-element elementor-element-e46cbd5 elementor-widget elementor-widget-video\" data-id=\"e46cbd5\" data-element_type=\"widget\" data-settings=\"{&quot;youtube_url&quot;:&quot;https:\\\/\\\/www.youtube.com\\\/watch?v=ikKCfzrS3nQ&quot;,&quot;video_type&quot;:&quot;youtube&quot;,&quot;controls&quot;:&quot;yes&quot;}\" data-widget_type=\"video.default\">\n\t\t\t\t<div class=\"elementor-widget-container\">\n\t\t\t\t\t\t\t<div class=\"elementor-wrapper elementor-open-inline\">\n\t\t\t<div class=\"elementor-video\"><\/div>\t\t<\/div>\n\t\t\t\t\t\t<\/div>\n\t\t\t\t<\/div>\n\t\t\t\t<\/div>\n\t\t\t\t\t<\/div>\n\t\t\t\t<\/div>\n\t\t<div class=\"elementor-element elementor-element-87ec62d e-flex e-con-boxed e-con e-child\" data-id=\"87ec62d\" data-element_type=\"container\" data-settings=\"{&quot;background_background&quot;:&quot;classic&quot;}\">\n\t\t\t\t\t<div class=\"e-con-inner\">\n\t\t<div class=\"elementor-element elementor-element-00115de e-con-full e-flex e-con e-child\" data-id=\"00115de\" data-element_type=\"container\">\n\t\t\t\t<div class=\"elementor-element elementor-element-d54006a elementor-widget__width-inherit elementor-widget elementor-widget-heading\" data-id=\"d54006a\" data-element_type=\"widget\" data-widget_type=\"heading.default\">\n\t\t\t\t<div class=\"elementor-widget-container\">\n\t\t\t\t\t<h2 class=\"elementor-heading-title elementor-size-default\">Visit Connect<\/h2>\t\t\t\t<\/div>\n\t\t\t\t<\/div>\n\t\t\t\t<div class=\"elementor-element elementor-element-64a1576 elementor-widget elementor-widget-text-editor\" data-id=\"64a1576\" data-element_type=\"widget\" data-widget_type=\"text-editor.default\">\n\t\t\t\t<div class=\"elementor-widget-container\">\n\t\t\t\t\t\t\t\t\t<ul>\n<li><strong>\u00c0 l\u2019initiative de l\u2019exposant<\/strong>: Cette application est disponible pour tous les exposants.<\/li>\n<li>Vous pouvez installer l\u2019application sur <strong>tous<\/strong> vos appareils.<\/li>\n<li>Q<strong>ualifiez vos leads en posant des questions<\/strong> et en prenant des notes dans l\u2019application. Rassemblez toutes les informations en un seul endroit.<\/li>\n<li><strong>Suivi des lead<\/strong>s : contactez le visiteur apr\u00e8s le salon.<\/li>\n<li><strong>Pr\u00e9paration<\/strong> : chaque visiteur re\u00e7oit <strong>\u00e0 l\u2019entr\u00e9e du salon un badge avec code QR.<\/strong><\/li>\n<\/ul>\n\t\t\t\t\t\t\t\t<\/div>\n\t\t\t\t<\/div>\n\t\t\t\t<div class=\"elementor-element elementor-element-d95274d elementor-widget elementor-widget-video\" data-id=\"d95274d\" data-element_type=\"widget\" data-settings=\"{&quot;video_type&quot;:&quot;hosted&quot;,&quot;controls&quot;:&quot;yes&quot;}\" data-widget_type=\"video.default\">\n\t\t\t\t<div class=\"elementor-widget-container\">\n\t\t\t\t\t\t\t<div class=\"e-hosted-video elementor-wrapper elementor-open-inline\">\n\t\t\t\t\t<video class=\"elementor-video\" src=\"https:\/\/easyfairsassets.com\/sites\/186\/2025\/11\/how-to-use-vc-for-staff-ihxwtqmy_dtB3IPUQ.mp4\" controls=\"\" preload=\"metadata\" controlsList=\"nodownload\"><\/video>\n\t\t\t\t<\/div>\n\t\t\t\t\t\t<\/div>\n\t\t\t\t<\/div>\n\t\t\t\t<\/div>\n\t\t\t\t\t<\/div>\n\t\t\t\t<\/div>\n\t\t\t\t<\/div>\n\t\t\t\t\t<\/div>\n\t\t\t\t<\/div>\n\t\t<div class=\"elementor-element elementor-element-e16b0b9 e-con-full e-flex e-con e-child\" data-id=\"e16b0b9\" data-element_type=\"container\" data-settings=\"{&quot;background_background&quot;:&quot;classic&quot;}\">\n\t\t<div class=\"elementor-element elementor-element-292cff8 e-con-full e-flex e-con e-child\" data-id=\"292cff8\" data-element_type=\"container\" data-settings=\"{&quot;background_background&quot;:&quot;classic&quot;}\">\n\t\t<div class=\"elementor-element elementor-element-2cb769c e-con-full e-flex e-con e-child\" data-id=\"2cb769c\" data-element_type=\"container\" data-settings=\"{&quot;background_background&quot;:&quot;classic&quot;}\">\n\t\t<div class=\"elementor-element elementor-element-0b3c021 e-con-full skewed-box e-flex e-con e-child\" data-id=\"0b3c021\" data-element_type=\"container\" data-settings=\"{&quot;background_background&quot;:&quot;classic&quot;}\">\n\t\t<div class=\"elementor-element elementor-element-18b92ab e-grid e-con-full e-con e-child\" data-id=\"18b92ab\" data-element_type=\"container\" data-settings=\"{&quot;background_background&quot;:&quot;classic&quot;}\">\n\t\t\t\t<div class=\"elementor-element elementor-element-60ba31c elementor-widget elementor-widget-text-editor\" data-id=\"60ba31c\" data-element_type=\"widget\" data-widget_type=\"text-editor.default\">\n\t\t\t\t<div class=\"elementor-widget-container\">\n\t\t\t\t\t\t\t\t\t<div class=\"elementor-element elementor-element-46fabe4 elementor-widget elementor-widget-heading\" data-id=\"46fabe4\" data-element_type=\"widget\" data-widget_type=\"heading.default\">\n<div class=\"elementor-widget-container\">\n<h2 class=\"elementor-heading-title elementor-size-default\">Quelle est la diff\u00e9rence entre Smart Badge et Visit Connect App ?<\/h2>\n<div><strong>\u00a0<\/strong><\/div>\n<p><\/div>\n<p><\/div>\n<p><\/p>\n<div class=\"elementor-element elementor-element-02a1dcf premium-table-dir-ltr elementor-widget elementor-widget-premium-tables-addon\" data-id=\"02a1dcf\" data-element_type=\"widget\" data-widget_type=\"premium-tables-addon.default\">\n<div class=\"elementor-widget-container\">\n<div class=\"premium-table-wrap\">\n<table class=\"premium-table\" data-settings=\"{&quot;sort&quot;:false,&quot;usNumbers&quot;:false,&quot;sortMob&quot;:false,&quot;search&quot;:false,&quot;records&quot;:false,&quot;dataType&quot;:&quot;custom&quot;,&quot;csvFile&quot;:null,&quot;firstRow&quot;:null,&quot;separator&quot;:null,&quot;pagination&quot;:&quot;&quot;,&quot;rows&quot;:0}\">\n<thead class=\"premium-table-head\">\n<tr class=\"premium-table-row\">\n<th class=\"premium-table-cell elementor-repeater-item-a9cc7ed\">Fonctionnalit\u00e9<\/th>\n<th class=\"premium-table-cell elementor-repeater-item-b6e3d63\"><span class=\"premium-table-text\">Smart Badge<\/span><\/th>\n<th class=\"premium-table-cell elementor-repeater-item-baf6154\"><span class=\"premium-table-text\">Visit Connect App<\/span><\/th>\n<\/tr>\n<\/thead>\n<tbody class=\"premium-table-body\">\n<tr class=\"premium-table-row elementor-repeater-item-a537c15\">\n<td class=\"premium-table-cell elementor-repeater-item-e5e221f\">Interaction requise ?<\/td>\n<td class=\"premium-table-cell elementor-repeater-item-876f878\">Non \u2013 fonctionne enti\u00e8rement automatiquement<\/td>\n<td class=\"premium-table-cell elementor-repeater-item-bf765db\">Oui \u2013 scan requis + possibilit\u00e9 d\u2019\u00e9change<\/td>\n<\/tr>\n<tr class=\"premium-table-row elementor-repeater-item-f155059\">\n<td class=\"premium-table-cell elementor-repeater-item-ca79c6d\">Ce que re\u00e7oit le visiteur ?<\/td>\n<td class=\"premium-table-cell elementor-repeater-item-505cae6\">Vos informations d\u2019entreprise par e-mail (bas\u00e9es sur les donn\u00e9es dans My Easyfairs)<\/td>\n<td class=\"premium-table-cell elementor-repeater-item-c0c2840\"><span class=\"premium-table-text\">\/<\/span><\/td>\n<\/tr>\n<tr class=\"premium-table-row elementor-repeater-item-b9fb964\">\n<td class=\"premium-table-cell elementor-repeater-item-fc6b6d4\">Ce que re\u00e7oit l\u2019exposant ?<\/td>\n<td class=\"premium-table-cell elementor-repeater-item-8d085dd\">Liste des visiteurs avec coordonn\u00e9es de ceux qui ont scann\u00e9<\/td>\n<td class=\"premium-table-cell elementor-repeater-item-78e5fe0\">Donn\u00e9es compl\u00e8tes des leads avec notes, tags, r\u00e9ponses, etc.<\/td>\n<\/tr>\n<tr class=\"premium-table-row elementor-repeater-item-3056711\">\n<td class=\"premium-table-cell elementor-repeater-item-183dd28\">Utilisation au salon<\/td>\n<td class=\"premium-table-cell elementor-repeater-item-ddea743\">Lecteur sur le stand, pr\u00eat \u00e0 l\u2019emploi<\/td>\n<td class=\"premium-table-cell elementor-repeater-item-868bd30\">Scanner les badges visiteurs avec votre propre appareil (smartphone\/tablette)<\/td>\n<\/tr>\n<tr class=\"premium-table-row elementor-repeater-item-71afb49\">\n<td class=\"premium-table-cell elementor-repeater-item-5d022bb\">Pr\u00e9paration<\/td>\n<td class=\"premium-table-cell elementor-repeater-item-00e9f98\">Compl\u00e9ter le profil dans My Easyfairs<\/td>\n<td class=\"premium-table-cell elementor-repeater-item-185e240\">Activer la licence + installer l\u2019application<\/td>\n<\/tr>\n<tr class=\"premium-table-row elementor-repeater-item-41332ee\">\n<td class=\"premium-table-cell elementor-repeater-item-97e15f6\">Disponible pour ?<\/td>\n<td class=\"premium-table-cell elementor-repeater-item-9a8a494\">Tous les exposants<\/td>\n<td class=\"premium-table-cell elementor-repeater-item-3777a34\">Tous les exposants<\/td>\n<\/tr>\n<tr class=\"premium-table-row elementor-repeater-item-41540c8\">\n<td class=\"premium-table-cell elementor-repeater-item-301af33\">Apr\u00e8s le salon<\/td>\n<td class=\"premium-table-cell elementor-repeater-item-d70672f\">T\u00e9l\u00e9charger les leads via My Easyfairs<\/td>\n<td class=\"premium-table-cell elementor-repeater-item-6843b71\">Exporter ou suivre les leads via Visit Connect<\/td>\n<\/tr>\n<\/tbody>\n<\/table>\n<\/div>\n<p><\/div>\n<p><\/div>\n\t\t\t\t\t\t\t\t<\/div>\n\t\t\t\t<\/div>\n\t\t\t\t<\/div>\n\t\t\t\t<\/div>\n\t\t\t\t<\/div>\n\t\t\t\t<\/div>\n\t\t\t\t<\/div>\n\t\t<div class=\"elementor-element elementor-element-3bbc1ce e-flex e-con-boxed e-con e-parent\" data-id=\"3bbc1ce\" data-element_type=\"container\" data-settings=\"{&quot;background_background&quot;:&quot;classic&quot;}\">\n\t\t\t\t\t<div class=\"e-con-inner\">\n\t\t<div class=\"elementor-element elementor-element-f9af2d4 e-con-full e-flex e-con e-child\" data-id=\"f9af2d4\" data-element_type=\"container\" data-settings=\"{&quot;background_background&quot;:&quot;classic&quot;}\">\n\t\t\t\t<div class=\"elementor-element elementor-element-7ed98d7 elementor-widget elementor-widget-heading\" data-id=\"7ed98d7\" data-element_type=\"widget\" data-widget_type=\"heading.default\">\n\t\t\t\t<div class=\"elementor-widget-container\">\n\t\t\t\t\t<h2 class=\"elementor-heading-title elementor-size-default\">Avez-vous encore des questions ou souhaitez-vous plus d\u2019informations ? Notre \u00e9quipe est pr\u00eate \u00e0 vous aider.<\/h2>\t\t\t\t<\/div>\n\t\t\t\t<\/div>\n\t\t\t\t<div class=\"elementor-element elementor-element-9eea1c3 elementor-widget elementor-widget-button\" data-id=\"9eea1c3\" data-element_type=\"widget\" data-widget_type=\"button.default\">\n\t\t\t\t<div class=\"elementor-widget-container\">\n\t\t\t\t\t\t\t\t\t<div class=\"elementor-button-wrapper\">\n\t\t\t\t\t<a class=\"elementor-button elementor-button-link elementor-size-sm\" href=\"https:\/\/www.maintenance-expo.be\/fr\/contact\/\">\n\t\t\t\t\t\t<span class=\"elementor-button-content-wrapper\">\n\t\t\t\t\t\t\t\t\t<span class=\"elementor-button-text\">Questions ?<\/span>\n\t\t\t\t\t<\/span>\n\t\t\t\t\t<\/a>\n\t\t\t\t<\/div>\n\t\t\t\t\t\t\t\t<\/div>\n\t\t\t\t<\/div>\n\t\t\t\t<\/div>\n\t\t\t\t\t<\/div>\n\t\t\t\t<\/div>\n\t\t\t\t<\/div>\n\t\t","protected":false},"excerpt":{"rendered":"<p>Suivi efficace des prospects avec Smart Badge &amp; Visit Connect App Smart Badge vs. Visit Connect \u00a0 Deux outils, un seul objectif : enregistrer et suivre les contacts importants. Pendant le salon Maintenance, vous pouvez facilement collecter des prospects int\u00e9ressants, sans outils complexes ni travail manuel. Utilisez intelligemment le Smart Badge et l&rsquo;application Visit Connect [&hellip;]<\/p>\n","protected":false},"author":949,"featured_media":0,"parent":0,"menu_order":0,"comment_status":"closed","ping_status":"closed","template":"","meta":{"_seopress_robots_primary_cat":"","_seopress_titles_title":"","_seopress_titles_desc":"","_seopress_robots_index":"","footnotes":""},"class_list":["post-200274","page","type-page","status-publish","hentry"],"_links":{"self":[{"href":"https:\/\/www.maintenance-expo.be\/fr\/wp-json\/wp\/v2\/pages\/200274","targetHints":{"allow":["GET"]}}],"collection":[{"href":"https:\/\/www.maintenance-expo.be\/fr\/wp-json\/wp\/v2\/pages"}],"about":[{"href":"https:\/\/www.maintenance-expo.be\/fr\/wp-json\/wp\/v2\/types\/page"}],"author":[{"embeddable":true,"href":"https:\/\/www.maintenance-expo.be\/fr\/wp-json\/wp\/v2\/users\/949"}],"replies":[{"embeddable":true,"href":"https:\/\/www.maintenance-expo.be\/fr\/wp-json\/wp\/v2\/comments?post=200274"}],"version-history":[{"count":5,"href":"https:\/\/www.maintenance-expo.be\/fr\/wp-json\/wp\/v2\/pages\/200274\/revisions"}],"predecessor-version":[{"id":204532,"href":"https:\/\/www.maintenance-expo.be\/fr\/wp-json\/wp\/v2\/pages\/200274\/revisions\/204532"}],"wp:attachment":[{"href":"https:\/\/www.maintenance-expo.be\/fr\/wp-json\/wp\/v2\/media?parent=200274"}],"curies":[{"name":"wp","href":"https:\/\/api.w.org\/{rel}","templated":true}]}}