{"id":200904,"date":"2025-12-01T15:26:14","date_gmt":"2025-12-01T14:26:14","guid":{"rendered":"https:\/\/www.maintenance-expo.be\/application-easyfairs-belgium-pour-les-exposants\/"},"modified":"2025-12-17T10:48:23","modified_gmt":"2025-12-17T09:48:23","slug":"application-easyfairs-belgium-pour-les-exposants","status":"publish","type":"page","link":"https:\/\/www.maintenance-expo.be\/fr\/application-easyfairs-belgium-pour-les-exposants\/","title":{"rendered":"Application Easyfairs Belgium pour les exposants"},"content":{"rendered":"\t\t<div data-elementor-type=\"wp-page\" data-elementor-id=\"200904\" class=\"elementor elementor-200904 elementor-200875\" data-elementor-post-type=\"page\">\n\t\t\t\t<div class=\"elementor-element elementor-element-1c21a0f e-flex e-con-boxed e-con e-parent\" data-id=\"1c21a0f\" data-element_type=\"container\" data-settings=\"{&quot;background_background&quot;:&quot;classic&quot;,&quot;shape_divider_bottom&quot;:&quot;opacity-tilt&quot;}\">\n\t\t\t\t\t<div class=\"e-con-inner\">\n\t\t\t\t<div class=\"elementor-shape elementor-shape-bottom\" aria-hidden=\"true\" data-negative=\"false\">\n\t\t\t<svg xmlns=\"http:\/\/www.w3.org\/2000\/svg\" viewBox=\"0 0 2600 131.1\" preserveAspectRatio=\"none\">\n\t<path class=\"elementor-shape-fill\" d=\"M0 0L2600 0 2600 69.1 0 0z\"\/>\n\t<path class=\"elementor-shape-fill\" style=\"opacity:0.5\" d=\"M0 0L2600 0 2600 69.1 0 69.1z\"\/>\n\t<path class=\"elementor-shape-fill\" style=\"opacity:0.25\" d=\"M2600 0L0 0 0 130.1 2600 69.1z\"\/>\n<\/svg>\t\t<\/div>\n\t\t\t\t<div class=\"elementor-element elementor-element-e3ed743 elementor-widget__width-initial elementor-widget elementor-widget-heading\" data-id=\"e3ed743\" data-element_type=\"widget\" data-widget_type=\"heading.default\">\n\t\t\t\t<div class=\"elementor-widget-container\">\n\t\t\t\t\t<h2 class=\"elementor-heading-title elementor-size-default\">Optimisez votre participation au salon gr\u00e2ce \u00e0 l'application Easyfairs Belgium<\/h2>\t\t\t\t<\/div>\n\t\t\t\t<\/div>\n\t\t\t\t<div class=\"elementor-element elementor-element-d0ef4c5 elementor-widget__width-initial elementor-widget elementor-widget-text-editor\" data-id=\"d0ef4c5\" data-element_type=\"widget\" data-widget_type=\"text-editor.default\">\n\t\t\t\t<div class=\"elementor-widget-container\">\n\t\t\t\t\t\t\t\t\t<p>D\u00e9couvrez la toute nouvelle <strong>application Easyfairs Belgium<\/strong> : l&rsquo;outil qui vous permettra de tirer le meilleur parti de votre participation au salon. \u00c9tablissez des contacts, planifiez des rendez-vous et restez pr\u00e9sent dans l&rsquo;esprit de vos clients et prospects, le tout via une seule application pratique.<\/p>\n<p>Que vous soyez un exposant exp\u00e9riment\u00e9 ou que vous participiez pour la premi\u00e8re fois, l&rsquo;application Easyfairs Belgium vous garantit une exp\u00e9rience <strong>professionnelle, personnalis\u00e9e et efficace du salon.<\/strong><\/p>\n\t\t\t\t\t\t\t\t<\/div>\n\t\t\t\t<\/div>\n\t\t\t\t\t<\/div>\n\t\t\t\t<\/div>\n\t\t<div class=\"elementor-element elementor-element-742bee6 e-flex e-con-boxed e-con e-parent\" data-id=\"742bee6\" data-element_type=\"container\" data-settings=\"{&quot;background_background&quot;:&quot;classic&quot;,&quot;shape_divider_bottom&quot;:&quot;opacity-tilt&quot;}\">\n\t\t\t\t\t<div class=\"e-con-inner\">\n\t\t\t\t<div class=\"elementor-shape elementor-shape-bottom\" aria-hidden=\"true\" data-negative=\"false\">\n\t\t\t<svg xmlns=\"http:\/\/www.w3.org\/2000\/svg\" viewBox=\"0 0 2600 131.1\" preserveAspectRatio=\"none\">\n\t<path class=\"elementor-shape-fill\" d=\"M0 0L2600 0 2600 69.1 0 0z\"\/>\n\t<path class=\"elementor-shape-fill\" style=\"opacity:0.5\" d=\"M0 0L2600 0 2600 69.1 0 69.1z\"\/>\n\t<path class=\"elementor-shape-fill\" style=\"opacity:0.25\" d=\"M2600 0L0 0 0 130.1 2600 69.1z\"\/>\n<\/svg>\t\t<\/div>\n\t\t\t\t<div class=\"elementor-element elementor-element-5b1fd77 elementor-widget elementor-widget-heading\" data-id=\"5b1fd77\" data-element_type=\"widget\" data-widget_type=\"heading.default\">\n\t\t\t\t<div class=\"elementor-widget-container\">\n\t\t\t\t\t<h2 class=\"elementor-heading-title elementor-size-default\">L'application Easyfairs Belgium<\/h2>\t\t\t\t<\/div>\n\t\t\t\t<\/div>\n\t\t\t\t<div class=\"elementor-element elementor-element-cbce3bc elementor-widget elementor-widget-text-editor\" data-id=\"cbce3bc\" data-element_type=\"widget\" data-widget_type=\"text-editor.default\">\n\t\t\t\t<div class=\"elementor-widget-container\">\n\t\t\t\t\t\t\t\t\t<p><strong>L&rsquo;application Easyfairs Belgium<\/strong> fait bien plus que simplement g\u00e9rer votre planning. C&rsquo;est votre <strong>assistant personnel<\/strong> qui vous accompagne depuis la pr\u00e9paration de votre participation jusqu&rsquo;\u00e0 longtemps apr\u00e8s la fin de l&rsquo;\u00e9v\u00e9nement. En associant le profil de votre entreprise \u00e0 l&rsquo;application via <strong>My Easyfairs,<\/strong> vos donn\u00e9es sont automatiquement renseign\u00e9es. Il ne vous reste plus qu&rsquo;\u00e0 <strong>planifier votre agenda<\/strong> et \u00e0 inviter les membres de votre \u00e9quipe, afin que les visiteurs puissent vous contacter \u00e0 l&rsquo;avance et prendre rendez-vous.<\/p>\n<p>L&rsquo;application propose des recommandations <strong>personnalis\u00e9es en fonction de vos int\u00e9r\u00eats et de vos objectifs professionnels.<\/strong> Elle vous sugg\u00e8re ainsi automatiquement des visiteurs pertinents avec lesquels vous \u00eates assur\u00e9 de nouer des relations fructueuses. De plus, vous pouvez <strong>facilement communiquer<\/strong>, prendre des rendez-vous et adapter votre pr\u00e9sence \u00e0 vos propres besoins et objectifs.<\/p>\n\t\t\t\t\t\t\t\t<\/div>\n\t\t\t\t<\/div>\n\t\t<div class=\"elementor-element elementor-element-68ca7bf e-con-full e-grid e-con e-child\" data-id=\"68ca7bf\" data-element_type=\"container\" data-settings=\"{&quot;background_background&quot;:&quot;classic&quot;}\">\n\t\t<div class=\"elementor-element elementor-element-d168bce e-flex e-con-boxed e-con e-child\" data-id=\"d168bce\" data-element_type=\"container\" data-settings=\"{&quot;background_background&quot;:&quot;classic&quot;}\">\n\t\t\t\t\t<div class=\"e-con-inner\">\n\t\t<div class=\"elementor-element elementor-element-996f424 e-con-full e-flex e-con e-child\" data-id=\"996f424\" data-element_type=\"container\">\n\t\t\t\t<div class=\"elementor-element elementor-element-484a660 elementor-widget__width-inherit elementor-widget elementor-widget-heading\" data-id=\"484a660\" data-element_type=\"widget\" data-widget_type=\"heading.default\">\n\t\t\t\t<div class=\"elementor-widget-container\">\n\t\t\t\t\t<h2 class=\"elementor-heading-title elementor-size-default\">Faites le premier pas et commencez \u00e0 planifier votre visite<\/h2>\t\t\t\t<\/div>\n\t\t\t\t<\/div>\n\t\t\t\t<div class=\"elementor-element elementor-element-7f76555 elementor-view-default elementor-widget elementor-widget-icon\" data-id=\"7f76555\" data-element_type=\"widget\" data-widget_type=\"icon.default\">\n\t\t\t\t<div class=\"elementor-widget-container\">\n\t\t\t\t\t\t\t<div class=\"elementor-icon-wrapper\">\n\t\t\t<div class=\"elementor-icon\">\n\t\t\t<i aria-hidden=\"true\" class=\"fas fa-rocket\"><\/i>\t\t\t<\/div>\n\t\t<\/div>\n\t\t\t\t\t\t<\/div>\n\t\t\t\t<\/div>\n\t\t\t\t<div class=\"elementor-element elementor-element-3c24b01 elementor-widget elementor-widget-text-editor\" data-id=\"3c24b01\" data-element_type=\"widget\" data-widget_type=\"text-editor.default\">\n\t\t\t\t<div class=\"elementor-widget-container\">\n\t\t\t\t\t\t\t\t\t<p>Planifier votre visite \u00e0 Maintenance est la cl\u00e9 d&rsquo;une exp\u00e9rience r\u00e9ussie. Gr\u00e2ce \u00e0 la nouvelle application, il est facile de pr\u00e9parer votre journ\u00e9e au salon, de saisir les opportunit\u00e9s et de tirer le meilleur parti de l&rsquo;\u00e9v\u00e9nement !<\/p>\n\t\t\t\t\t\t\t\t<\/div>\n\t\t\t\t<\/div>\n\t\t\t\t<\/div>\n\t\t\t\t\t<\/div>\n\t\t\t\t<\/div>\n\t\t<div class=\"elementor-element elementor-element-00af288 e-flex e-con-boxed e-con e-child\" data-id=\"00af288\" data-element_type=\"container\" data-settings=\"{&quot;background_background&quot;:&quot;classic&quot;}\">\n\t\t\t\t\t<div class=\"e-con-inner\">\n\t\t<div class=\"elementor-element elementor-element-0acd226 e-con-full e-flex e-con e-child\" data-id=\"0acd226\" data-element_type=\"container\">\n\t\t\t\t<div class=\"elementor-element elementor-element-b159157 elementor-widget__width-inherit elementor-widget elementor-widget-heading\" data-id=\"b159157\" data-element_type=\"widget\" data-widget_type=\"heading.default\">\n\t\t\t\t<div class=\"elementor-widget-container\">\n\t\t\t\t\t<h2 class=\"elementor-heading-title elementor-size-default\">Recevez des recommandations personnalis\u00e9es<br><\/h2>\t\t\t\t<\/div>\n\t\t\t\t<\/div>\n\t\t\t\t<div class=\"elementor-element elementor-element-0aba496 elementor-view-default elementor-widget elementor-widget-icon\" data-id=\"0aba496\" data-element_type=\"widget\" data-widget_type=\"icon.default\">\n\t\t\t\t<div class=\"elementor-widget-container\">\n\t\t\t\t\t\t\t<div class=\"elementor-icon-wrapper\">\n\t\t\t<div class=\"elementor-icon\">\n\t\t\t<i aria-hidden=\"true\" class=\"fas fa-handshake\"><\/i>\t\t\t<\/div>\n\t\t<\/div>\n\t\t\t\t\t\t<\/div>\n\t\t\t\t<\/div>\n\t\t\t\t<div class=\"elementor-element elementor-element-a6fe883 elementor-widget elementor-widget-text-editor\" data-id=\"a6fe883\" data-element_type=\"widget\" data-widget_type=\"text-editor.default\">\n\t\t\t\t<div class=\"elementor-widget-container\">\n\t\t\t\t\t\t\t\t\t<p>Recevez des suggestions personnalis\u00e9es sur les personnes les plus int\u00e9ressantes \u00e0 rencontrer. Gr\u00e2ce \u00e0 des algorithmes intelligents, vos pr\u00e9f\u00e9rences sont analys\u00e9es et les connexions les plus int\u00e9ressantes pour vous sont s\u00e9lectionn\u00e9es.<\/p>\n\t\t\t\t\t\t\t\t<\/div>\n\t\t\t\t<\/div>\n\t\t\t\t<\/div>\n\t\t\t\t\t<\/div>\n\t\t\t\t<\/div>\n\t\t<div class=\"elementor-element elementor-element-d5b8f8f e-flex e-con-boxed e-con e-child\" data-id=\"d5b8f8f\" data-element_type=\"container\" data-settings=\"{&quot;background_background&quot;:&quot;classic&quot;}\">\n\t\t\t\t\t<div class=\"e-con-inner\">\n\t\t<div class=\"elementor-element elementor-element-9c3ca7d e-con-full e-flex e-con e-child\" data-id=\"9c3ca7d\" data-element_type=\"container\">\n\t\t\t\t<div class=\"elementor-element elementor-element-47069c1 elementor-widget__width-inherit elementor-widget elementor-widget-heading\" data-id=\"47069c1\" data-element_type=\"widget\" data-widget_type=\"heading.default\">\n\t\t\t\t<div class=\"elementor-widget-container\">\n\t\t\t\t\t<h2 class=\"elementor-heading-title elementor-size-default\">Composez votre programme id\u00e9al !<\/h2>\t\t\t\t<\/div>\n\t\t\t\t<\/div>\n\t\t\t\t<div class=\"elementor-element elementor-element-74165f5 elementor-view-default elementor-widget elementor-widget-icon\" data-id=\"74165f5\" data-element_type=\"widget\" data-widget_type=\"icon.default\">\n\t\t\t\t<div class=\"elementor-widget-container\">\n\t\t\t\t\t\t\t<div class=\"elementor-icon-wrapper\">\n\t\t\t<div class=\"elementor-icon\">\n\t\t\t<i aria-hidden=\"true\" class=\"fas fa-calendar-check\"><\/i>\t\t\t<\/div>\n\t\t<\/div>\n\t\t\t\t\t\t<\/div>\n\t\t\t\t<\/div>\n\t\t\t\t<div class=\"elementor-element elementor-element-09778a7 elementor-widget elementor-widget-text-editor\" data-id=\"09778a7\" data-element_type=\"widget\" data-widget_type=\"text-editor.default\">\n\t\t\t\t<div class=\"elementor-widget-container\">\n\t\t\t\t\t\t\t\t\t<p>Restez toujours inform\u00e9 et ne manquez plus jamais une session importante ! Explorez le programme du s\u00e9minaire, d\u00e9couvrez les intervenants et les th\u00e8mes abord\u00e9s, et ajoutez facilement les sessions auxquelles vous souhaitez assister \u00e0 votre agenda personnel.<\/p>\n\t\t\t\t\t\t\t\t<\/div>\n\t\t\t\t<\/div>\n\t\t\t\t<\/div>\n\t\t\t\t\t<\/div>\n\t\t\t\t<\/div>\n\t\t\t\t<\/div>\n\t\t<div class=\"elementor-element elementor-element-c83d656 e-flex e-con-boxed e-con e-child\" data-id=\"c83d656\" data-element_type=\"container\" data-settings=\"{&quot;background_background&quot;:&quot;classic&quot;}\">\n\t\t\t\t\t<div class=\"e-con-inner\">\n\t\t<div class=\"elementor-element elementor-element-f4c13a8 e-con-full e-flex e-con e-child\" data-id=\"f4c13a8\" data-element_type=\"container\" data-settings=\"{&quot;background_background&quot;:&quot;classic&quot;}\">\n\t\t\t\t<div class=\"elementor-element elementor-element-b716137 elementor-widget elementor-widget-heading\" data-id=\"b716137\" data-element_type=\"widget\" data-widget_type=\"heading.default\">\n\t\t\t\t<div class=\"elementor-widget-container\">\n\t\t\t\t\t<h2 class=\"elementor-heading-title elementor-size-default\">Avantages de l\u2019application Easyfairs Belgium<\/h2>\t\t\t\t<\/div>\n\t\t\t\t<\/div>\n\t\t\t\t<div class=\"elementor-element elementor-element-d3d16b2 elementor-widget elementor-widget-text-editor\" data-id=\"d3d16b2\" data-element_type=\"widget\" data-widget_type=\"text-editor.default\">\n\t\t\t\t<div class=\"elementor-widget-container\">\n\t\t\t\t\t\t\t\t\t<p>\ud83d\udcc8 <strong>Booster votre r\u00e9seau Augmentez la visibilit\u00e9 de votre entreprise et rencontrez les bonnes personnes<\/strong><br \/>\ud83d\udcc5 <strong>Planificateur de rendez-vous<\/strong> Les visiteurs peuvent r\u00e9server des rendez-vous \u00e0 l&rsquo;avance, ce qui permet de gagner du temps<br \/>\ud83d\udcac <strong>Communication rapide<\/strong> Discutez avec des contacts int\u00e9ress\u00e9s avant, pendant et apr\u00e8s le salon<br \/>\ud83e\udded <strong>Recommandations personnalis\u00e9es<\/strong> Recevez des suggestions adapt\u00e9es \u00e0 votre profil et \u00e0 vos int\u00e9r\u00eats<br \/>\ud83d\udd10<strong> Int\u00e9gration My Easyfairs<\/strong> Toutes les informations sont clairement reli\u00e9es entre elles et disponibles en un seul endroit<\/p>\n\t\t\t\t\t\t\t\t<\/div>\n\t\t\t\t<\/div>\n\t\t\t\t<\/div>\n\t\t\t\t\t<\/div>\n\t\t\t\t<\/div>\n\t\t<div class=\"elementor-element elementor-element-b217efa e-flex e-con-boxed e-con e-child\" data-id=\"b217efa\" data-element_type=\"container\" data-settings=\"{&quot;background_background&quot;:&quot;classic&quot;}\">\n\t\t\t\t\t<div class=\"e-con-inner\">\n\t\t<div class=\"elementor-element elementor-element-aa375f9 e-flex e-con-boxed e-con e-child\" data-id=\"aa375f9\" data-element_type=\"container\" data-settings=\"{&quot;background_background&quot;:&quot;classic&quot;}\">\n\t\t\t\t\t<div class=\"e-con-inner\">\n\t\t\t\t\t<\/div>\n\t\t\t\t<\/div>\n\t\t<div class=\"elementor-element elementor-element-cf4d19a e-flex e-con-boxed e-con e-child\" data-id=\"cf4d19a\" data-element_type=\"container\">\n\t\t\t\t\t<div class=\"e-con-inner\">\n\t\t\t\t<div class=\"elementor-element elementor-element-63a2f40 elementor-widget elementor-widget-heading\" data-id=\"63a2f40\" data-element_type=\"widget\" data-widget_type=\"heading.default\">\n\t\t\t\t<div class=\"elementor-widget-container\">\n\t\t\t\t\t<h2 class=\"elementor-heading-title elementor-size-default\">Comment \u00e7a fonctionne ?<\/h2>\t\t\t\t<\/div>\n\t\t\t\t<\/div>\n\t\t\t\t<div class=\"elementor-element elementor-element-0bec734 elementor-widget elementor-widget-text-editor\" data-id=\"0bec734\" data-element_type=\"widget\" data-widget_type=\"text-editor.default\">\n\t\t\t\t<div class=\"elementor-widget-container\">\n\t\t\t\t\t\t\t\t\t<ol>\n<li data-end=\"284\" data-start=\"101\">\n<p data-end=\"797\" data-start=\"606\"><strong data-end=\"633\" data-start=\"606\">Enregistrez votre \u00e9quipe de stand<\/strong><br data-end=\"636\" data-start=\"633\" \/>Une fois votre personnel de stand enregistr\u00e9, celui-ci recevra automatiquement un e-mail d&rsquo;invitation pour cr\u00e9er son compte personnel dans l&rsquo;application Easyfairs Belgium.<\/p>\n<\/li>\n<li data-end=\"284\" data-start=\"101\">\n<p data-end=\"797\" data-start=\"606\"><strong data-end=\"821\" data-start=\"799\">Configurez votre profil<\/strong><br data-end=\"824\" data-start=\"821\" \/>Remplissez votre profil utilisateur et indiquez vos centres d&rsquo;int\u00e9r\u00eat et ce que vous recherchez lors de l&rsquo;\u00e9v\u00e9nement. Vous recevrez ainsi des contacts pertinents et des recommandations personnalis\u00e9es.<\/p>\n<\/li>\n<li data-end=\"284\" data-start=\"101\">\n<p data-end=\"1000\" data-start=\"799\"><strong data-end=\"1021\" data-start=\"1002\">T\u00e9l\u00e9chargez l&rsquo;application<\/strong><br data-end=\"1024\" data-start=\"1021\" \/>Installez l&rsquo;application sur votre appareil et commencez imm\u00e9diatement \u00e0 planifier vos rendez-vous, \u00e0 \u00e9tablir des contacts et \u00e0 g\u00e9rer votre participation au salon, o\u00f9 et quand vous le souhaitez.<\/p>\n<\/li>\n<\/ol>\n\t\t\t\t\t\t\t\t<\/div>\n\t\t\t\t<\/div>\n\t\t\t\t\t<\/div>\n\t\t\t\t<\/div>\n\t\t\t\t\t<\/div>\n\t\t\t\t<\/div>\n\t\t\t\t\t<\/div>\n\t\t\t\t<\/div>\n\t\t<div class=\"elementor-element elementor-element-e093d9a e-flex e-con-boxed e-con e-parent\" data-id=\"e093d9a\" data-element_type=\"container\" data-settings=\"{&quot;background_background&quot;:&quot;classic&quot;}\">\n\t\t\t\t\t<div class=\"e-con-inner\">\n\t\t<div class=\"elementor-element elementor-element-52b92f7 e-con-full e-flex e-con e-child\" data-id=\"52b92f7\" data-element_type=\"container\" data-settings=\"{&quot;background_background&quot;:&quot;classic&quot;}\">\n\t\t\t\t<div class=\"elementor-element elementor-element-99e71e5 elementor-widget elementor-widget-heading\" data-id=\"99e71e5\" data-element_type=\"widget\" data-widget_type=\"heading.default\">\n\t\t\t\t<div class=\"elementor-widget-container\">\n\t\t\t\t\t<h2 class=\"elementor-heading-title elementor-size-default\">Tirez le meilleur parti de votre participation !<\/h2>\t\t\t\t<\/div>\n\t\t\t\t<\/div>\n\t\t\t\t<div class=\"elementor-element elementor-element-91b7bcb elementor-widget elementor-widget-text-editor\" data-id=\"91b7bcb\" data-element_type=\"widget\" data-widget_type=\"text-editor.default\">\n\t\t\t\t<div class=\"elementor-widget-container\">\n\t\t\t\t\t\t\t\t\t<p data-end=\"489\" data-start=\"255\">L&rsquo;application Easyfairs Belgium est plus qu&rsquo;un simple outil de planification. C&rsquo;est votre assistant personnel, con\u00e7u pour vous offrir une exp\u00e9rience riche et fluide, depuis le moment o\u00f9 vous d\u00e9cidez de nous rendre visite jusqu&rsquo;\u00e0 votre d\u00e9part.<\/p>\n<p><\/p>\n<p data-end=\"612\" data-start=\"491\">Optimisez votre visite au salon, nouez de nouveaux contacts et restez inform\u00e9 de tout ce que Maintenance a \u00e0 offrir.<\/p>\n\t\t\t\t\t\t\t\t<\/div>\n\t\t\t\t<\/div>\n\t\t\t\t<div class=\"elementor-element elementor-element-b6f1337 elementor-widget elementor-widget-button\" data-id=\"b6f1337\" data-element_type=\"widget\" data-widget_type=\"button.default\">\n\t\t\t\t<div class=\"elementor-widget-container\">\n\t\t\t\t\t\t\t\t\t<div class=\"elementor-button-wrapper\">\n\t\t\t\t\t<a class=\"elementor-button elementor-button-link elementor-size-sm\" href=\"https:\/\/apps.apple.com\/nl\/app\/easyfairs-belgium\/id6680193572\">\n\t\t\t\t\t\t<span class=\"elementor-button-content-wrapper\">\n\t\t\t\t\t\t\t\t\t<span class=\"elementor-button-text\">Apple App Store <\/span>\n\t\t\t\t\t<\/span>\n\t\t\t\t\t<\/a>\n\t\t\t\t<\/div>\n\t\t\t\t\t\t\t\t<\/div>\n\t\t\t\t<\/div>\n\t\t\t\t<div class=\"elementor-element elementor-element-3d9d963 elementor-widget elementor-widget-button\" data-id=\"3d9d963\" data-element_type=\"widget\" data-widget_type=\"button.default\">\n\t\t\t\t<div class=\"elementor-widget-container\">\n\t\t\t\t\t\t\t\t\t<div class=\"elementor-button-wrapper\">\n\t\t\t\t\t<a class=\"elementor-button elementor-button-link elementor-size-sm\" href=\"https:\/\/play.google.com\/store\/apps\/details?id=events.grip.efbe1047&#038;hl=en\">\n\t\t\t\t\t\t<span class=\"elementor-button-content-wrapper\">\n\t\t\t\t\t\t\t\t\t<span class=\"elementor-button-text\">Google Play Store<\/span>\n\t\t\t\t\t<\/span>\n\t\t\t\t\t<\/a>\n\t\t\t\t<\/div>\n\t\t\t\t\t\t\t\t<\/div>\n\t\t\t\t<\/div>\n\t\t\t\t<\/div>\n\t\t\t\t\t<\/div>\n\t\t\t\t<\/div>\n\t\t\t\t<\/div>\n\t\t","protected":false},"excerpt":{"rendered":"<p>Optimisez votre participation au salon gr\u00e2ce \u00e0 l&rsquo;application Easyfairs Belgium D\u00e9couvrez la toute nouvelle application Easyfairs Belgium : l&rsquo;outil qui vous permettra de tirer le meilleur parti de votre participation au salon. \u00c9tablissez des contacts, planifiez des rendez-vous et restez pr\u00e9sent dans l&rsquo;esprit de vos clients et prospects, le tout via une seule application pratique. [&hellip;]<\/p>\n","protected":false},"author":949,"featured_media":0,"parent":0,"menu_order":0,"comment_status":"closed","ping_status":"closed","template":"","meta":{"_seopress_robots_primary_cat":"","_seopress_titles_title":"","_seopress_titles_desc":"","_seopress_robots_index":"","footnotes":""},"class_list":["post-200904","page","type-page","status-publish","hentry"],"_links":{"self":[{"href":"https:\/\/www.maintenance-expo.be\/fr\/wp-json\/wp\/v2\/pages\/200904","targetHints":{"allow":["GET"]}}],"collection":[{"href":"https:\/\/www.maintenance-expo.be\/fr\/wp-json\/wp\/v2\/pages"}],"about":[{"href":"https:\/\/www.maintenance-expo.be\/fr\/wp-json\/wp\/v2\/types\/page"}],"author":[{"embeddable":true,"href":"https:\/\/www.maintenance-expo.be\/fr\/wp-json\/wp\/v2\/users\/949"}],"replies":[{"embeddable":true,"href":"https:\/\/www.maintenance-expo.be\/fr\/wp-json\/wp\/v2\/comments?post=200904"}],"version-history":[{"count":3,"href":"https:\/\/www.maintenance-expo.be\/fr\/wp-json\/wp\/v2\/pages\/200904\/revisions"}],"predecessor-version":[{"id":203991,"href":"https:\/\/www.maintenance-expo.be\/fr\/wp-json\/wp\/v2\/pages\/200904\/revisions\/203991"}],"wp:attachment":[{"href":"https:\/\/www.maintenance-expo.be\/fr\/wp-json\/wp\/v2\/media?parent=200904"}],"curies":[{"name":"wp","href":"https:\/\/api.w.org\/{rel}","templated":true}]}}