{"id":208426,"date":"2026-01-20T10:56:49","date_gmt":"2026-01-20T09:56:49","guid":{"rendered":"https:\/\/www.maintenance-expo.be\/lp-algemeen\/"},"modified":"2026-03-23T16:30:54","modified_gmt":"2026-03-23T15:30:54","slug":"lp-algemeen","status":"publish","type":"page","link":"https:\/\/www.maintenance-expo.be\/fr\/lp-algemeen\/","title":{"rendered":"MAI\/PVA"},"content":{"rendered":"\t\t<div data-elementor-type=\"wp-page\" data-elementor-id=\"208426\" class=\"elementor elementor-208426 elementor-205851\" data-elementor-post-type=\"page\">\n\t\t\t\t<div class=\"elementor-element elementor-element-3d8ba21 e-flex e-con-boxed e-con e-parent\" data-id=\"3d8ba21\" data-element_type=\"container\" data-settings=\"{&quot;background_background&quot;:&quot;classic&quot;,&quot;shape_divider_bottom&quot;:&quot;opacity-tilt&quot;}\">\n\t\t\t\t\t<div class=\"e-con-inner\">\n\t\t\t\t<div class=\"elementor-shape elementor-shape-bottom\" aria-hidden=\"true\" data-negative=\"false\">\n\t\t\t<svg xmlns=\"http:\/\/www.w3.org\/2000\/svg\" viewBox=\"0 0 2600 131.1\" preserveAspectRatio=\"none\">\n\t<path class=\"elementor-shape-fill\" d=\"M0 0L2600 0 2600 69.1 0 0z\"\/>\n\t<path class=\"elementor-shape-fill\" style=\"opacity:0.5\" d=\"M0 0L2600 0 2600 69.1 0 69.1z\"\/>\n\t<path class=\"elementor-shape-fill\" style=\"opacity:0.25\" d=\"M2600 0L0 0 0 130.1 2600 69.1z\"\/>\n<\/svg>\t\t<\/div>\n\t\t\t\t<div class=\"elementor-element elementor-element-0bf199c elementor-widget elementor-widget-heading\" data-id=\"0bf199c\" data-element_type=\"widget\" data-widget_type=\"heading.default\">\n\t\t\t\t<div class=\"elementor-widget-container\">\n\t\t\t\t\t<span class=\"elementor-heading-title elementor-size-default\">25 - 26 mars 2026 I Antwerp expo<\/span>\t\t\t\t<\/div>\n\t\t\t\t<\/div>\n\t\t\t\t<div class=\"elementor-element elementor-element-95e1534 elementor-widget elementor-widget-heading\" data-id=\"95e1534\" data-element_type=\"widget\" data-widget_type=\"heading.default\">\n\t\t\t\t<div class=\"elementor-widget-container\">\n\t\t\t\t\t<h1 class=\"elementor-heading-title elementor-size-default\">Le salon professionnel leader dans le domaine de la maintenance industrielle<\/h1>\t\t\t\t<\/div>\n\t\t\t\t<\/div>\n\t\t\t\t<div class=\"elementor-element elementor-element-b3158c5 elementor-align-center elementor-mobile-align-right elementor-tablet-align-center elementor-widget__width-auto elementor-button-info elementor-widget elementor-widget-dynamic-button\" data-id=\"b3158c5\" data-element_type=\"widget\" data-widget_type=\"dynamic-button.default\">\n\t\t\t\t<div class=\"elementor-widget-container\">\n\t\t\t\t\t        <div class=\"elementor-button-wrapper\">\n            <a href=\"https:\/\/register.visitcloud.com\/survey\/1xlhdx2jjokgm\" class=\"elementor-button-link elementor-button elementor-size-xs\" role=\"button\">\n                        <span class=\"elementor-button-content-wrapper\">\n\t\t\t                <span class=\"elementor-button-icon elementor-align-icon-right\">\n\t\t\t\t<i aria-hidden=\"true\" class=\"fas fa-angle-right\"><\/i>\t\t\t<\/span>\n            \t\t\t<span class=\"elementor-button-text\">S'inscrire ici<\/span>\n\t\t<\/span>\n                    <\/a>\n        <\/div>\n        \t\t\t\t<\/div>\n\t\t\t\t<\/div>\n\t\t\t\t\t<\/div>\n\t\t\t\t<\/div>\n\t\t<div class=\"elementor-element elementor-element-b774a19 e-flex e-con-boxed e-con e-parent\" data-id=\"b774a19\" data-element_type=\"container\" data-settings=\"{&quot;background_background&quot;:&quot;classic&quot;}\">\n\t\t\t\t\t<div class=\"e-con-inner\">\n\t\t<div class=\"elementor-element elementor-element-e21e721 e-flex e-con-boxed e-con e-child\" data-id=\"e21e721\" data-element_type=\"container\">\n\t\t\t\t\t<div class=\"e-con-inner\">\n\t\t\t\t<div class=\"elementor-element elementor-element-b6fe97d elementor-widget elementor-widget-text-editor\" data-id=\"b6fe97d\" data-element_type=\"widget\" data-widget_type=\"text-editor.default\">\n\t\t\t\t<div class=\"elementor-widget-container\">\n\t\t\t\t\t\t\t\t\t<p><strong>Maintenance<\/strong> est le <strong>plus grand rendez-vous d\u00e9di\u00e9 \u00e0 la maintenance ax\u00e9e sur la production<\/strong> dans l&rsquo;un des <strong>p\u00f4les industriels<\/strong> d&rsquo;Europe : Anvers.<br \/>Les fournisseurs de services de maintenance, les fonctions techniques, de supervision et de gestion des industries \u00e0 forte intensit\u00e9 d&rsquo;actifs se r\u00e9unissent pour d\u00e9couvrir des outils et des technologies destin\u00e9s \u00e0 la maintenance et \u00e0 l&rsquo;am\u00e9lioration des \u00e9quipements de production et des actifs industriels, y compris des solutions innovantes pour leur transformation num\u00e9rique.<br \/>Le tout agr\u00e9ment\u00e9 d&rsquo;une touche d&rsquo;<strong>innovation, d&rsquo;automatisation et de r\u00e9alit\u00e9 virtuelle.<\/strong><\/p>\n\t\t\t\t\t\t\t\t<\/div>\n\t\t\t\t<\/div>\n\t\t\t\t<div class=\"elementor-element elementor-element-4eafb18 elementor-align-center elementor-mobile-align-right elementor-tablet-align-left elementor-widget__width-auto elementor-widget elementor-widget-dynamic-button\" data-id=\"4eafb18\" data-element_type=\"widget\" data-widget_type=\"dynamic-button.default\">\n\t\t\t\t<div class=\"elementor-widget-container\">\n\t\t\t\t\t        <div class=\"elementor-button-wrapper\">\n            <a href=\"https:\/\/register.visitcloud.com\/survey\/1xlhdx2jjokgm\" class=\"elementor-button-link elementor-button elementor-size-md\" role=\"button\">\n                        <span class=\"elementor-button-content-wrapper\">\n\t\t\t                <span class=\"elementor-button-icon elementor-align-icon-right\">\n\t\t\t\t<i aria-hidden=\"true\" class=\"fas fa-angle-right\"><\/i>\t\t\t<\/span>\n            \t\t\t<span class=\"elementor-button-text\">Enregistrez votre visite<\/span>\n\t\t<\/span>\n                    <\/a>\n        <\/div>\n        \t\t\t\t<\/div>\n\t\t\t\t<\/div>\n\t\t\t\t\t<\/div>\n\t\t\t\t<\/div>\n\t\t\t\t\t<\/div>\n\t\t\t\t<\/div>\n\t\t\t\t<section class=\"elementor-section elementor-top-section elementor-element elementor-element-b0bd4a6 elementor-section-boxed elementor-section-height-default elementor-section-height-default\" data-id=\"b0bd4a6\" data-element_type=\"section\">\n\t\t\t\t\t\t<div class=\"elementor-container elementor-column-gap-default\">\n\t\t\t\t\t<div class=\"elementor-column elementor-col-100 elementor-top-column elementor-element elementor-element-6f64a73\" data-id=\"6f64a73\" data-element_type=\"column\">\n\t\t\t<div class=\"elementor-widget-wrap elementor-element-populated\">\n\t\t\t\t\t\t<section class=\"elementor-section elementor-inner-section elementor-element elementor-element-52b7871 elementor-section-height-min-height elementor-section-full_width elementor-section-height-default\" data-id=\"52b7871\" data-element_type=\"section\" data-settings=\"{&quot;background_background&quot;:&quot;classic&quot;}\">\n\t\t\t\t\t\t<div class=\"elementor-container elementor-column-gap-no\">\n\t\t\t\t\t<div class=\"elementor-column elementor-col-33 elementor-inner-column elementor-element elementor-element-abb8d92\" data-id=\"abb8d92\" data-element_type=\"column\" data-settings=\"{&quot;background_background&quot;:&quot;classic&quot;}\">\n\t\t\t<div class=\"elementor-widget-wrap elementor-element-populated\">\n\t\t\t\t<div class=\"elementor-element elementor-element-6cf13d2 e-con-full skewed-box e-flex e-con e-parent\" data-id=\"6cf13d2\" data-element_type=\"container\" data-settings=\"{&quot;background_background&quot;:&quot;classic&quot;}\">\n\t\t\t\t<div class=\"elementor-element elementor-element-f787766 elementor-widget elementor-widget-image\" data-id=\"f787766\" data-element_type=\"widget\" data-widget_type=\"image.default\">\n\t\t\t\t<div class=\"elementor-widget-container\">\n\t\t\t\t\t\t\t\t\t\t\t\t\t\t\t<img fetchpriority=\"high\" decoding=\"async\" width=\"1920\" height=\"1280\" src=\"https:\/\/easyfairsassets.com\/sites\/186\/2023\/12\/52776460542_34176d5e83_o.jpg\" class=\"attachment-full size-full wp-image-90361\" alt=\"Hytorc\" srcset=\"https:\/\/easyfairsassets.com\/sites\/186\/2023\/12\/52776460542_34176d5e83_o.jpg 1920w, https:\/\/easyfairsassets.com\/sites\/186\/2023\/12\/52776460542_34176d5e83_o-300x200.jpg 300w, https:\/\/easyfairsassets.com\/sites\/186\/2023\/12\/52776460542_34176d5e83_o-1024x683.jpg 1024w, https:\/\/easyfairsassets.com\/sites\/186\/2023\/12\/52776460542_34176d5e83_o-768x512.jpg 768w, https:\/\/easyfairsassets.com\/sites\/186\/2023\/12\/52776460542_34176d5e83_o-1536x1024.jpg 1536w\" sizes=\"(max-width: 1920px) 100vw, 1920px\" \/>\t\t\t\t\t\t\t\t\t\t\t\t\t\t\t<\/div>\n\t\t\t\t<\/div>\n\t\t\t\t<div class=\"elementor-element elementor-element-3fa2354 elementor-widget elementor-widget-heading\" data-id=\"3fa2354\" data-element_type=\"widget\" data-widget_type=\"heading.default\">\n\t\t\t\t<div class=\"elementor-widget-container\">\n\t\t\t\t\t<h2 class=\"elementor-heading-title elementor-size-default\">Masterclasses<\/h2>\t\t\t\t<\/div>\n\t\t\t\t<\/div>\n\t\t\t\t<div class=\"elementor-element elementor-element-81fbee9 elementor-widget elementor-widget-text-editor\" data-id=\"81fbee9\" data-element_type=\"widget\" data-widget_type=\"text-editor.default\">\n\t\t\t\t<div class=\"elementor-widget-container\">\n\t\t\t\t\t\t\t\t\t<p>Une longueur d&rsquo;avance gr\u00e2ce \u00e0 notre expertise dans le secteur de la maintenance, voil\u00e0 ce qui compte.<\/p>\n\t\t\t\t\t\t\t\t<\/div>\n\t\t\t\t<\/div>\n\t\t\t\t<div class=\"elementor-element elementor-element-f8f6768 elementor-align-center elementor-mobile-align-right elementor-tablet-align-left elementor-widget__width-auto elementor-widget elementor-widget-dynamic-button\" data-id=\"f8f6768\" data-element_type=\"widget\" data-widget_type=\"dynamic-button.default\">\n\t\t\t\t<div class=\"elementor-widget-container\">\n\t\t\t\t\t        <div class=\"elementor-button-wrapper\">\n            <a href=\"https:\/\/www.maintenance-expo.be\/fr\/programme\/masterclasses\/\" class=\"elementor-button-link elementor-button elementor-size-md\" role=\"button\">\n                        <span class=\"elementor-button-content-wrapper\">\n\t\t\t                <span class=\"elementor-button-icon elementor-align-icon-right\">\n\t\t\t\t<i aria-hidden=\"true\" class=\"fas fa-angle-right\"><\/i>\t\t\t<\/span>\n            \t\t\t<span class=\"elementor-button-text\">Masterclasses<\/span>\n\t\t<\/span>\n                    <\/a>\n        <\/div>\n        \t\t\t\t<\/div>\n\t\t\t\t<\/div>\n\t\t\t\t<\/div>\n\t\t\t\t\t<\/div>\n\t\t<\/div>\n\t\t\t\t<div class=\"elementor-column elementor-col-33 elementor-inner-column elementor-element elementor-element-7deb780\" data-id=\"7deb780\" data-element_type=\"column\" data-settings=\"{&quot;background_background&quot;:&quot;classic&quot;}\">\n\t\t\t<div class=\"elementor-widget-wrap elementor-element-populated\">\n\t\t\t\t<div class=\"elementor-element elementor-element-dcec88b e-con-full skewed-box e-flex e-con e-parent\" data-id=\"dcec88b\" data-element_type=\"container\" data-settings=\"{&quot;background_background&quot;:&quot;classic&quot;}\">\n\t\t\t\t<div class=\"elementor-element elementor-element-f14f2aa elementor-widget elementor-widget-image\" data-id=\"f14f2aa\" data-element_type=\"widget\" data-widget_type=\"image.default\">\n\t\t\t\t<div class=\"elementor-widget-container\">\n\t\t\t\t\t\t\t\t\t\t\t\t\t\t\t<img decoding=\"async\" width=\"1920\" height=\"1280\" src=\"https:\/\/easyfairsassets.com\/sites\/186\/2023\/12\/52777264224_b4c76e5005_o.jpg\" class=\"attachment-full size-full wp-image-90365\" alt=\"Programma\" srcset=\"https:\/\/easyfairsassets.com\/sites\/186\/2023\/12\/52777264224_b4c76e5005_o.jpg 1920w, https:\/\/easyfairsassets.com\/sites\/186\/2023\/12\/52777264224_b4c76e5005_o-300x200.jpg 300w, https:\/\/easyfairsassets.com\/sites\/186\/2023\/12\/52777264224_b4c76e5005_o-1024x683.jpg 1024w, https:\/\/easyfairsassets.com\/sites\/186\/2023\/12\/52777264224_b4c76e5005_o-768x512.jpg 768w, https:\/\/easyfairsassets.com\/sites\/186\/2023\/12\/52777264224_b4c76e5005_o-1536x1024.jpg 1536w\" sizes=\"(max-width: 1920px) 100vw, 1920px\" \/>\t\t\t\t\t\t\t\t\t\t\t\t\t\t\t<\/div>\n\t\t\t\t<\/div>\n\t\t\t\t<div class=\"elementor-element elementor-element-23cea01 elementor-widget elementor-widget-heading\" data-id=\"23cea01\" data-element_type=\"widget\" data-widget_type=\"heading.default\">\n\t\t\t\t<div class=\"elementor-widget-container\">\n\t\t\t\t\t<h2 class=\"elementor-heading-title elementor-size-default\">Innovations<\/h2>\t\t\t\t<\/div>\n\t\t\t\t<\/div>\n\t\t\t\t<div class=\"elementor-element elementor-element-867f94a elementor-widget elementor-widget-text-editor\" data-id=\"867f94a\" data-element_type=\"widget\" data-widget_type=\"text-editor.default\">\n\t\t\t\t<div class=\"elementor-widget-container\">\n\t\t\t\t\t\t\t\t\t<p>Pr\u00e9sentez votre innovation aux visiteurs. \u00c9changez avec les visiteurs et les co-exposants sur les nouvelles technologies et les tendances du secteur.<\/p>\n\t\t\t\t\t\t\t\t<\/div>\n\t\t\t\t<\/div>\n\t\t\t\t<div class=\"elementor-element elementor-element-97a1646 elementor-align-center elementor-mobile-align-right elementor-tablet-align-left elementor-widget__width-auto elementor-widget elementor-widget-dynamic-button\" data-id=\"97a1646\" data-element_type=\"widget\" data-widget_type=\"dynamic-button.default\">\n\t\t\t\t<div class=\"elementor-widget-container\">\n\t\t\t\t\t        <div class=\"elementor-button-wrapper\">\n            <a href=\"https:\/\/www.maintenance-expo.be\/fr\/programme\/\" class=\"elementor-button-link elementor-button elementor-size-xs\" role=\"button\">\n                        <span class=\"elementor-button-content-wrapper\">\n\t\t\t                <span class=\"elementor-button-icon elementor-align-icon-right\">\n\t\t\t\t<i aria-hidden=\"true\" class=\"fas fa-angle-right\"><\/i>\t\t\t<\/span>\n            \t\t\t<span class=\"elementor-button-text\">Innovations<\/span>\n\t\t<\/span>\n                    <\/a>\n        <\/div>\n        \t\t\t\t<\/div>\n\t\t\t\t<\/div>\n\t\t\t\t<\/div>\n\t\t\t\t\t<\/div>\n\t\t<\/div>\n\t\t\t\t<div class=\"elementor-column elementor-col-33 elementor-inner-column elementor-element elementor-element-07e1602\" data-id=\"07e1602\" data-element_type=\"column\">\n\t\t\t<div class=\"elementor-widget-wrap elementor-element-populated\">\n\t\t\t\t<div class=\"elementor-element elementor-element-97e2e00 e-con-full skewed-box e-flex e-con e-parent\" data-id=\"97e2e00\" data-element_type=\"container\" data-settings=\"{&quot;background_background&quot;:&quot;classic&quot;}\">\n\t\t\t\t<div class=\"elementor-element elementor-element-5147618 elementor-widget elementor-widget-image\" data-id=\"5147618\" data-element_type=\"widget\" data-widget_type=\"image.default\">\n\t\t\t\t<div class=\"elementor-widget-container\">\n\t\t\t\t\t\t\t\t\t\t\t\t\t\t\t<img decoding=\"async\" width=\"1920\" height=\"1280\" src=\"https:\/\/easyfairsassets.com\/sites\/186\/2023\/12\/52777010551_af0ffdbea0_o.jpg\" class=\"attachment-full size-full wp-image-90368\" alt=\"Innovaties &amp; demo&#039;s\" srcset=\"https:\/\/easyfairsassets.com\/sites\/186\/2023\/12\/52777010551_af0ffdbea0_o.jpg 1920w, https:\/\/easyfairsassets.com\/sites\/186\/2023\/12\/52777010551_af0ffdbea0_o-300x200.jpg 300w, https:\/\/easyfairsassets.com\/sites\/186\/2023\/12\/52777010551_af0ffdbea0_o-1024x683.jpg 1024w, https:\/\/easyfairsassets.com\/sites\/186\/2023\/12\/52777010551_af0ffdbea0_o-768x512.jpg 768w, https:\/\/easyfairsassets.com\/sites\/186\/2023\/12\/52777010551_af0ffdbea0_o-1536x1024.jpg 1536w\" sizes=\"(max-width: 1920px) 100vw, 1920px\" \/>\t\t\t\t\t\t\t\t\t\t\t\t\t\t\t<\/div>\n\t\t\t\t<\/div>\n\t\t\t\t<div class=\"elementor-element elementor-element-271839c elementor-widget elementor-widget-heading\" data-id=\"271839c\" data-element_type=\"widget\" data-widget_type=\"heading.default\">\n\t\t\t\t<div class=\"elementor-widget-container\">\n\t\t\t\t\t<h2 class=\"elementor-heading-title elementor-size-default\">D\u00e9monstrations<\/h2>\t\t\t\t<\/div>\n\t\t\t\t<\/div>\n\t\t\t\t<div class=\"elementor-element elementor-element-efdd0f3 elementor-widget elementor-widget-text-editor\" data-id=\"efdd0f3\" data-element_type=\"widget\" data-widget_type=\"text-editor.default\">\n\t\t\t\t<div class=\"elementor-widget-container\">\n\t\t\t\t\t\t\t\t\t<p>D\u00e9couvrez encore plus de d\u00e9mos et de nouvelles fonctionnalit\u00e9s !<\/p>\n\t\t\t\t\t\t\t\t<\/div>\n\t\t\t\t<\/div>\n\t\t\t\t<div class=\"elementor-element elementor-element-e501ee5 elementor-align-center elementor-mobile-align-right elementor-tablet-align-left elementor-widget__width-auto elementor-widget elementor-widget-dynamic-button\" data-id=\"e501ee5\" data-element_type=\"widget\" data-widget_type=\"dynamic-button.default\">\n\t\t\t\t<div class=\"elementor-widget-container\">\n\t\t\t\t\t        <div class=\"elementor-button-wrapper\">\n            <a href=\"https:\/\/www.maintenance-expo.be\/fr\/zones-de-demonstration\/\" target=\"_blank\" class=\"elementor-button-link elementor-button elementor-size-xs\" role=\"button\">\n                        <span class=\"elementor-button-content-wrapper\">\n\t\t\t                <span class=\"elementor-button-icon elementor-align-icon-right\">\n\t\t\t\t<i aria-hidden=\"true\" class=\"fas fa-angle-right\"><\/i>\t\t\t<\/span>\n            \t\t\t<span class=\"elementor-button-text\">Demo's<\/span>\n\t\t<\/span>\n                    <\/a>\n        <\/div>\n        \t\t\t\t<\/div>\n\t\t\t\t<\/div>\n\t\t\t\t<\/div>\n\t\t\t\t\t<\/div>\n\t\t<\/div>\n\t\t\t\t\t<\/div>\n\t\t<\/section>\n\t\t\t\t\t<\/div>\n\t\t<\/div>\n\t\t\t\t\t<\/div>\n\t\t<\/section>\n\t\t<div class=\"elementor-element elementor-element-68da1cd e-flex e-con-boxed e-con e-parent\" data-id=\"68da1cd\" data-element_type=\"container\">\n\t\t\t\t\t<div class=\"e-con-inner\">\n\t\t<div class=\"elementor-element elementor-element-21cb672 e-con-full e-flex e-con e-child\" data-id=\"21cb672\" data-element_type=\"container\">\n\t\t\t\t<div class=\"elementor-element elementor-element-0ffbde8 elementor-widget elementor-widget-heading\" data-id=\"0ffbde8\" data-element_type=\"widget\" data-widget_type=\"heading.default\">\n\t\t\t\t<div class=\"elementor-widget-container\">\n\t\t\t\t\t<h2 class=\"elementor-heading-title elementor-size-default\">Revivez la Maintenance 2024 !<\/h2>\t\t\t\t<\/div>\n\t\t\t\t<\/div>\n\t\t\t\t<div class=\"elementor-element elementor-element-f5498bb elementor-widget elementor-widget-text-editor\" data-id=\"f5498bb\" data-element_type=\"widget\" data-widget_type=\"text-editor.default\">\n\t\t\t\t<div class=\"elementor-widget-container\">\n\t\t\t\t\t\t\t\t\t<p>Deux jours consacr\u00e9s aux affaires, au r\u00e9seautage, \u00e0 l&rsquo;inspiration et \u00e0 la d\u00e9couverte. De nombreuses conf\u00e9rences et d\u00e9monstrations pour rester \u00e0 la pointe des connaissances.<\/p>\n\t\t\t\t\t\t\t\t<\/div>\n\t\t\t\t<\/div>\n\t\t\t\t<\/div>\n\t\t<div class=\"elementor-element elementor-element-faceea0 e-con-full e-flex e-con e-child\" data-id=\"faceea0\" data-element_type=\"container\">\n\t\t\t\t<div class=\"elementor-element elementor-element-44bd0e9 elementor-widget elementor-widget-video\" data-id=\"44bd0e9\" data-element_type=\"widget\" data-settings=\"{&quot;youtube_url&quot;:&quot;https:\\\/\\\/www.youtube.com\\\/watch?v=1f6yWP1X-yM&quot;,&quot;loop&quot;:&quot;yes&quot;,&quot;video_type&quot;:&quot;youtube&quot;,&quot;controls&quot;:&quot;yes&quot;}\" data-widget_type=\"video.default\">\n\t\t\t\t<div class=\"elementor-widget-container\">\n\t\t\t\t\t\t\t<div class=\"elementor-wrapper elementor-open-inline\">\n\t\t\t<div class=\"elementor-video\"><\/div>\t\t<\/div>\n\t\t\t\t\t\t<\/div>\n\t\t\t\t<\/div>\n\t\t\t\t<\/div>\n\t\t\t\t\t<\/div>\n\t\t\t\t<\/div>\n\t\t\t\t<\/div>\n\t\t","protected":false},"excerpt":{"rendered":"<p>25 &#8211; 26 mars 2026 I Antwerp expo Le salon professionnel leader dans le domaine de la maintenance industrielle S&rsquo;inscrire ici Maintenance est le plus grand rendez-vous d\u00e9di\u00e9 \u00e0 la maintenance ax\u00e9e sur la production dans l&rsquo;un des p\u00f4les industriels d&rsquo;Europe : Anvers.Les fournisseurs de services de maintenance, les fonctions techniques, de supervision et de [&hellip;]<\/p>\n","protected":false},"author":1351,"featured_media":0,"parent":0,"menu_order":0,"comment_status":"closed","ping_status":"closed","template":"","meta":{"_seopress_robots_primary_cat":"","_seopress_titles_title":"","_seopress_titles_desc":"","_seopress_robots_index":"","footnotes":""},"class_list":["post-208426","page","type-page","status-publish","hentry"],"_links":{"self":[{"href":"https:\/\/www.maintenance-expo.be\/fr\/wp-json\/wp\/v2\/pages\/208426","targetHints":{"allow":["GET"]}}],"collection":[{"href":"https:\/\/www.maintenance-expo.be\/fr\/wp-json\/wp\/v2\/pages"}],"about":[{"href":"https:\/\/www.maintenance-expo.be\/fr\/wp-json\/wp\/v2\/types\/page"}],"author":[{"embeddable":true,"href":"https:\/\/www.maintenance-expo.be\/fr\/wp-json\/wp\/v2\/users\/1351"}],"replies":[{"embeddable":true,"href":"https:\/\/www.maintenance-expo.be\/fr\/wp-json\/wp\/v2\/comments?post=208426"}],"version-history":[{"count":3,"href":"https:\/\/www.maintenance-expo.be\/fr\/wp-json\/wp\/v2\/pages\/208426\/revisions"}],"predecessor-version":[{"id":214102,"href":"https:\/\/www.maintenance-expo.be\/fr\/wp-json\/wp\/v2\/pages\/208426\/revisions\/214102"}],"wp:attachment":[{"href":"https:\/\/www.maintenance-expo.be\/fr\/wp-json\/wp\/v2\/media?parent=208426"}],"curies":[{"name":"wp","href":"https:\/\/api.w.org\/{rel}","templated":true}]}}