{"id":212834,"date":"2026-03-02T16:56:59","date_gmt":"2026-03-02T15:56:59","guid":{"rendered":"https:\/\/www.maintenance-expo.be\/prix-du-jury\/"},"modified":"2026-03-18T08:55:22","modified_gmt":"2026-03-18T07:55:22","slug":"prix-du-jury","status":"publish","type":"page","link":"https:\/\/www.maintenance-expo.be\/fr\/prix-du-jury\/","title":{"rendered":"Prix du jury"},"content":{"rendered":"\t\t<div data-elementor-type=\"wp-page\" data-elementor-id=\"212834\" class=\"elementor elementor-212834 elementor-212469\" data-elementor-post-type=\"page\">\n\t\t\t\t<div class=\"elementor-element elementor-element-32c908d e-flex e-con-boxed e-con e-parent\" data-id=\"32c908d\" data-element_type=\"container\" data-settings=\"{&quot;background_background&quot;:&quot;classic&quot;,&quot;shape_divider_bottom&quot;:&quot;opacity-tilt&quot;}\">\n\t\t\t\t\t<div class=\"e-con-inner\">\n\t\t\t\t<div class=\"elementor-shape elementor-shape-bottom\" aria-hidden=\"true\" data-negative=\"false\">\n\t\t\t<svg xmlns=\"http:\/\/www.w3.org\/2000\/svg\" viewBox=\"0 0 2600 131.1\" preserveAspectRatio=\"none\">\n\t<path class=\"elementor-shape-fill\" d=\"M0 0L2600 0 2600 69.1 0 0z\"\/>\n\t<path class=\"elementor-shape-fill\" style=\"opacity:0.5\" d=\"M0 0L2600 0 2600 69.1 0 69.1z\"\/>\n\t<path class=\"elementor-shape-fill\" style=\"opacity:0.25\" d=\"M2600 0L0 0 0 130.1 2600 69.1z\"\/>\n<\/svg>\t\t<\/div>\n\t\t\t\t<div class=\"elementor-element elementor-element-735651a elementor-widget elementor-widget-heading\" data-id=\"735651a\" data-element_type=\"widget\" data-widget_type=\"heading.default\">\n\t\t\t\t<div class=\"elementor-widget-container\">\n\t\t\t\t\t<span class=\"elementor-heading-title elementor-size-default\">25 - 26 mars 2026 I Antwerp expo<\/span>\t\t\t\t<\/div>\n\t\t\t\t<\/div>\n\t\t\t\t<div class=\"elementor-element elementor-element-01c8502 elementor-align-center elementor-mobile-align-right elementor-tablet-align-center elementor-widget__width-auto elementor-button-info elementor-widget elementor-widget-dynamic-button\" data-id=\"01c8502\" data-element_type=\"widget\" data-widget_type=\"dynamic-button.default\">\n\t\t\t\t<div class=\"elementor-widget-container\">\n\t\t\t\t\t        <div class=\"elementor-button-wrapper\">\n            <a href=\"https:\/\/register.visitcloud.com\/survey\/1xlhdx2jjokgm\" class=\"elementor-button-link elementor-button elementor-size-xs\" role=\"button\">\n                        <span class=\"elementor-button-content-wrapper\">\n\t\t\t                <span class=\"elementor-button-icon elementor-align-icon-right\">\n\t\t\t\t<i aria-hidden=\"true\" class=\"fas fa-angle-right\"><\/i>\t\t\t<\/span>\n            \t\t\t<span class=\"elementor-button-text\">Inscrivez-vous ici<\/span>\n\t\t<\/span>\n                    <\/a>\n        <\/div>\n        \t\t\t\t<\/div>\n\t\t\t\t<\/div>\n\t\t\t\t\t<\/div>\n\t\t\t\t<\/div>\n\t\t<div class=\"elementor-element elementor-element-6db27aa e-flex e-con-boxed e-con e-parent\" data-id=\"6db27aa\" data-element_type=\"container\">\n\t\t\t\t\t<div class=\"e-con-inner\">\n\t\t\t\t<div class=\"elementor-element elementor-element-de69603 elementor-widget elementor-widget-heading\" data-id=\"de69603\" data-element_type=\"widget\" data-widget_type=\"heading.default\">\n\t\t\t\t<div class=\"elementor-widget-container\">\n\t\t\t\t\t<h2 class=\"elementor-heading-title elementor-size-default\">Digital Innovation Awards<\/h2>\t\t\t\t<\/div>\n\t\t\t\t<\/div>\n\t\t<div class=\"elementor-element elementor-element-96e5f61 e-con-full e-flex e-con e-child\" data-id=\"96e5f61\" data-element_type=\"container\" data-settings=\"{&quot;background_background&quot;:&quot;classic&quot;}\">\n\t\t<div class=\"elementor-element elementor-element-6935a1c e-grid e-con-full e-con e-child\" data-id=\"6935a1c\" data-element_type=\"container\">\n\t\t<div class=\"elementor-element elementor-element-ba2383d e-con-full e-flex e-con e-child\" data-id=\"ba2383d\" data-element_type=\"container\">\n\t\t\t\t<div class=\"elementor-element elementor-element-477c382 elementor-widget elementor-widget-heading\" data-id=\"477c382\" data-element_type=\"widget\" data-widget_type=\"heading.default\">\n\t\t\t\t<div class=\"elementor-widget-container\">\n\t\t\t\t\t<h2 class=\"elementor-heading-title elementor-size-default\">Airvision<\/h2>\t\t\t\t<\/div>\n\t\t\t\t<\/div>\n\t\t\t\t<div class=\"elementor-element elementor-element-904e81b elementor-widget elementor-widget-image\" data-id=\"904e81b\" data-element_type=\"widget\" data-widget_type=\"image.default\">\n\t\t\t\t<div class=\"elementor-widget-container\">\n\t\t\t\t\t\t\t\t\t\t\t\t\t\t\t<img fetchpriority=\"high\" decoding=\"async\" width=\"800\" height=\"450\" src=\"https:\/\/easyfairsassets.com\/sites\/186\/2026\/02\/Airvision-overview-including-mission-statement-20251222122935-ahy0st4ip9ae-1024x576.jpg\" class=\"attachment-large size-large wp-image-212482\" alt=\"\" srcset=\"https:\/\/easyfairsassets.com\/sites\/186\/2026\/02\/Airvision-overview-including-mission-statement-20251222122935-ahy0st4ip9ae-1024x576.jpg 1024w, https:\/\/easyfairsassets.com\/sites\/186\/2026\/02\/Airvision-overview-including-mission-statement-20251222122935-ahy0st4ip9ae-300x169.jpg 300w, https:\/\/easyfairsassets.com\/sites\/186\/2026\/02\/Airvision-overview-including-mission-statement-20251222122935-ahy0st4ip9ae-768x432.jpg 768w, https:\/\/easyfairsassets.com\/sites\/186\/2026\/02\/Airvision-overview-including-mission-statement-20251222122935-ahy0st4ip9ae.jpg 1280w\" sizes=\"(max-width: 800px) 100vw, 800px\" \/>\t\t\t\t\t\t\t\t\t\t\t\t\t\t\t<\/div>\n\t\t\t\t<\/div>\n\t\t\t\t<div class=\"elementor-element elementor-element-4cd8445 elementor-widget elementor-widget-text-editor\" data-id=\"4cd8445\" data-element_type=\"widget\" data-widget_type=\"text-editor.default\">\n\t\t\t\t<div class=\"elementor-widget-container\">\n\t\t\t\t\t\t\t\t\t<p>Airvision \u2013 Plateforme bas\u00e9e sur l&rsquo;IA pour l&rsquo;inspection visuelle automatis\u00e9e de la corrosion et des dommages caus\u00e9s \u00e0 l&rsquo;isolation<\/p>\n<p>Airvision est une plateforme de vision par ordinateur bas\u00e9e sur l&rsquo;IA qui d\u00e9tecte automatiquement, entre autres, la corrosion et les dommages caus\u00e9s \u00e0 l&rsquo;isolation sur des photos et des vid\u00e9os. La plateforme acc\u00e9l\u00e8re les processus d&rsquo;inspection, am\u00e9liore la qualit\u00e9 et la coh\u00e9rence, et rend la maintenance des actifs pr\u00e9visible plut\u00f4t que r\u00e9active. Airvision combine des connaissances sp\u00e9cialis\u00e9es, des mod\u00e8les d&rsquo;IA de haute qualit\u00e9, des MLOps et des rapports automatis\u00e9s dans une solution \u00e9volutive pour les secteurs industriels tels que la chimie, la p\u00e9trochimie, l&rsquo;alimentation, l&rsquo;\u00e9nergie et l&rsquo;offshore.<\/p>\n\t\t\t\t\t\t\t\t<\/div>\n\t\t\t\t<\/div>\n\t\t\t\t<\/div>\n\t\t<div class=\"elementor-element elementor-element-1571b32 e-con-full e-flex e-con e-child\" data-id=\"1571b32\" data-element_type=\"container\">\n\t\t\t\t<div class=\"elementor-element elementor-element-fb3d329 elementor-widget elementor-widget-heading\" data-id=\"fb3d329\" data-element_type=\"widget\" data-widget_type=\"heading.default\">\n\t\t\t\t<div class=\"elementor-widget-container\">\n\t\t\t\t\t<h2 class=\"elementor-heading-title elementor-size-default\">Highsail<\/h2>\t\t\t\t<\/div>\n\t\t\t\t<\/div>\n\t\t\t\t<div class=\"elementor-element elementor-element-841a22f elementor-widget elementor-widget-image\" data-id=\"841a22f\" data-element_type=\"widget\" data-widget_type=\"image.default\">\n\t\t\t\t<div class=\"elementor-widget-container\">\n\t\t\t\t\t\t\t\t\t\t\t\t\t\t\t<img decoding=\"async\" width=\"800\" height=\"701\" src=\"https:\/\/easyfairsassets.com\/sites\/186\/2026\/02\/Frame-zda1552-20260118100829-8giz63rkq2yq.png\" class=\"attachment-large size-large wp-image-212485\" alt=\"\" srcset=\"https:\/\/easyfairsassets.com\/sites\/186\/2026\/02\/Frame-zda1552-20260118100829-8giz63rkq2yq.png 925w, https:\/\/easyfairsassets.com\/sites\/186\/2026\/02\/Frame-zda1552-20260118100829-8giz63rkq2yq-300x263.png 300w, https:\/\/easyfairsassets.com\/sites\/186\/2026\/02\/Frame-zda1552-20260118100829-8giz63rkq2yq-768x673.png 768w\" sizes=\"(max-width: 800px) 100vw, 800px\" \/>\t\t\t\t\t\t\t\t\t\t\t\t\t\t\t<\/div>\n\t\t\t\t<\/div>\n\t\t\t\t<div class=\"elementor-element elementor-element-a42461d elementor-widget elementor-widget-text-editor\" data-id=\"a42461d\" data-element_type=\"widget\" data-widget_type=\"text-editor.default\">\n\t\t\t\t<div class=\"elementor-widget-container\">\n\t\t\t\t\t\t\t\t\t<p>Highsail &#8211; l&rsquo;assistant vocal IA pour les techniciens de maintenance sur site<\/p>\n<p>Highsail est l&rsquo;assistant IA qui aide les techniciens de service sur le terrain dans leurs t\u00e2ches administratives quotidiennes. Les techniciens peuvent utiliser Highsail pour retrouver rapidement des informations pertinentes (documents, manuels, historique) et enregistrer des mises \u00e0 jour en parlant simplement dans leur propre langue. L&rsquo;IA de Highsail convertit ces informations en donn\u00e9es structur\u00e9es et en rapports qui sont directement transf\u00e9r\u00e9s vers votre ERP ou d&rsquo;autres syst\u00e8mes. R\u00e9sultat : jusqu&rsquo;\u00e0 90 % de t\u00e2ches administratives en moins, un traitement automatique des t\u00e2ches et une facturation plus rapide.<\/p>\n\t\t\t\t\t\t\t\t<\/div>\n\t\t\t\t<\/div>\n\t\t\t\t<\/div>\n\t\t<div class=\"elementor-element elementor-element-b26dc00 e-con-full e-flex e-con e-child\" data-id=\"b26dc00\" data-element_type=\"container\">\n\t\t\t\t<div class=\"elementor-element elementor-element-757b96b elementor-widget elementor-widget-heading\" data-id=\"757b96b\" data-element_type=\"widget\" data-widget_type=\"heading.default\">\n\t\t\t\t<div class=\"elementor-widget-container\">\n\t\t\t\t\t<h2 class=\"elementor-heading-title elementor-size-default\">Remberg GmbH<\/h2>\t\t\t\t<\/div>\n\t\t\t\t<\/div>\n\t\t\t\t<div class=\"elementor-element elementor-element-3c6c3af elementor-widget elementor-widget-image\" data-id=\"3c6c3af\" data-element_type=\"widget\" data-widget_type=\"image.default\">\n\t\t\t\t<div class=\"elementor-widget-container\">\n\t\t\t\t\t\t\t\t\t\t\t\t\t\t\t<img decoding=\"async\" width=\"800\" height=\"484\" src=\"https:\/\/easyfairsassets.com\/sites\/186\/2026\/02\/remberg-product-picture-20260119092924-a3ikryak8ydu-1024x619.jpg\" class=\"attachment-large size-large wp-image-212488\" alt=\"\" srcset=\"https:\/\/easyfairsassets.com\/sites\/186\/2026\/02\/remberg-product-picture-20260119092924-a3ikryak8ydu-1024x619.jpg 1024w, https:\/\/easyfairsassets.com\/sites\/186\/2026\/02\/remberg-product-picture-20260119092924-a3ikryak8ydu-300x181.jpg 300w, https:\/\/easyfairsassets.com\/sites\/186\/2026\/02\/remberg-product-picture-20260119092924-a3ikryak8ydu-768x464.jpg 768w, https:\/\/easyfairsassets.com\/sites\/186\/2026\/02\/remberg-product-picture-20260119092924-a3ikryak8ydu-1536x928.jpg 1536w, https:\/\/easyfairsassets.com\/sites\/186\/2026\/02\/remberg-product-picture-20260119092924-a3ikryak8ydu.jpg 1920w\" sizes=\"(max-width: 800px) 100vw, 800px\" \/>\t\t\t\t\t\t\t\t\t\t\t\t\t\t\t<\/div>\n\t\t\t\t<\/div>\n\t\t\t\t<div class=\"elementor-element elementor-element-9aa6154 elementor-widget elementor-widget-text-editor\" data-id=\"9aa6154\" data-element_type=\"widget\" data-widget_type=\"text-editor.default\">\n\t\t\t\t<div class=\"elementor-widget-container\">\n\t\t\t\t\t\t\t\t\t<p>remberg Logiciel de maintenance<\/p>\n<p>Simplifiez votre maintenance gr\u00e2ce \u00e0 un logiciel moderne. remberg facilite la num\u00e9risation de la maintenance des machines et des installations. Gr\u00e2ce \u00e0 une interface intuitive, des plans de maintenance clairs et des t\u00e2ches structur\u00e9es, associ\u00e9s \u00e0 des donn\u00e9es centralis\u00e9es, les \u00e9quipes de maintenance peuvent travailler efficacement sans syst\u00e8mes complexes. Le copilote IA aide \u00e0 r\u00e9soudre les pannes et facilite l&rsquo;enregistrement et la recherche d&rsquo;informations de maintenance, ce qui r\u00e9duit les temps d&rsquo;arr\u00eat, \u00e9conomise du temps et des efforts et vous permet d&rsquo;\u00eatre pr\u00eat pour les audits \u00e0 tout moment.<\/p>\n\t\t\t\t\t\t\t\t<\/div>\n\t\t\t\t<\/div>\n\t\t\t\t<\/div>\n\t\t\t\t<\/div>\n\t\t\t\t<\/div>\n\t\t\t\t\t<\/div>\n\t\t\t\t<\/div>\n\t\t<div class=\"elementor-element elementor-element-8dd8a53 e-flex e-con-boxed e-con e-parent\" data-id=\"8dd8a53\" data-element_type=\"container\">\n\t\t\t\t\t<div class=\"e-con-inner\">\n\t\t\t\t<div class=\"elementor-element elementor-element-5ce8577 elementor-widget elementor-widget-heading\" data-id=\"5ce8577\" data-element_type=\"widget\" data-widget_type=\"heading.default\">\n\t\t\t\t<div class=\"elementor-widget-container\">\n\t\t\t\t\t<h2 class=\"elementor-heading-title elementor-size-default\">Maintenance Innovation Awards:<\/h2>\t\t\t\t<\/div>\n\t\t\t\t<\/div>\n\t\t\t\t\t<\/div>\n\t\t\t\t<\/div>\n\t\t<div class=\"elementor-element elementor-element-c49034f e-grid e-con-boxed e-con e-parent\" data-id=\"c49034f\" data-element_type=\"container\">\n\t\t\t\t\t<div class=\"e-con-inner\">\n\t\t<div class=\"elementor-element elementor-element-bc9f0d1 e-con-full e-flex e-con e-child\" data-id=\"bc9f0d1\" data-element_type=\"container\" data-settings=\"{&quot;background_background&quot;:&quot;classic&quot;}\">\n\t\t<div class=\"elementor-element elementor-element-36bffa4 e-grid e-con-full e-con e-child\" data-id=\"36bffa4\" data-element_type=\"container\">\n\t\t<div class=\"elementor-element elementor-element-68a4ba2 e-con-full e-flex e-con e-child\" data-id=\"68a4ba2\" data-element_type=\"container\">\n\t\t\t\t<div class=\"elementor-element elementor-element-a02c0f5 elementor-widget elementor-widget-heading\" data-id=\"a02c0f5\" data-element_type=\"widget\" data-widget_type=\"heading.default\">\n\t\t\t\t<div class=\"elementor-widget-container\">\n\t\t\t\t\t<h2 class=\"elementor-heading-title elementor-size-default\">Silvent<\/h2>\t\t\t\t<\/div>\n\t\t\t\t<\/div>\n\t\t\t\t<div class=\"elementor-element elementor-element-89ef5ad elementor-widget elementor-widget-image\" data-id=\"89ef5ad\" data-element_type=\"widget\" data-widget_type=\"image.default\">\n\t\t\t\t<div class=\"elementor-widget-container\">\n\t\t\t\t\t\t\t\t\t\t\t\t\t\t\t<img loading=\"lazy\" decoding=\"async\" width=\"600\" height=\"375\" src=\"https:\/\/easyfairsassets.com\/sites\/186\/2026\/02\/Pro-4X-20260120091333-jkg6fgxk0qnl.png\" class=\"attachment-large size-large wp-image-212494\" alt=\"\" srcset=\"https:\/\/easyfairsassets.com\/sites\/186\/2026\/02\/Pro-4X-20260120091333-jkg6fgxk0qnl.png 600w, https:\/\/easyfairsassets.com\/sites\/186\/2026\/02\/Pro-4X-20260120091333-jkg6fgxk0qnl-300x188.png 300w\" sizes=\"(max-width: 600px) 100vw, 600px\" \/>\t\t\t\t\t\t\t\t\t\t\t\t\t\t\t<\/div>\n\t\t\t\t<\/div>\n\t\t\t\t<div class=\"elementor-element elementor-element-575c9d1 elementor-widget elementor-widget-text-editor\" data-id=\"575c9d1\" data-element_type=\"widget\" data-widget_type=\"text-editor.default\">\n\t\t\t\t<div class=\"elementor-widget-container\">\n\t\t\t\t\t\t\t\t\t<p>Pour 4X<\/p>\n<p>SILVENT Pro 4X est un pistolet de soufflage ergonomique et \u00e9conome en \u00e9nergie \u00e9quip\u00e9 d&rsquo;une buse multilaire brevet\u00e9e qui fournit une force de soufflage extr\u00eamement \u00e9lev\u00e9e et concentr\u00e9e. Fruit de nombreuses ann\u00e9es de recherche et d\u00e9veloppement, le Pro 4X permet d&rsquo;effectuer des applications de soufflage manuelles exigeantes de mani\u00e8re s\u00fbre et ergonomique, dans les d\u00e9lais les plus courts possibles. La poign\u00e9e a \u00e9t\u00e9 d\u00e9velopp\u00e9e en \u00e9troite collaboration avec des professionnels du secteur. Le r\u00e9sultat est une poign\u00e9e extr\u00eamement robuste qui minimise la charge pendant l&rsquo;utilisation et r\u00e9siste aux exigences d&rsquo;une utilisation quotidienne dans des environnements industriels difficiles.<\/p>\n\t\t\t\t\t\t\t\t<\/div>\n\t\t\t\t<\/div>\n\t\t\t\t<\/div>\n\t\t<div class=\"elementor-element elementor-element-06d9266 e-con-full e-flex e-con e-child\" data-id=\"06d9266\" data-element_type=\"container\">\n\t\t\t\t<div class=\"elementor-element elementor-element-f54f9d7 elementor-widget elementor-widget-heading\" data-id=\"f54f9d7\" data-element_type=\"widget\" data-widget_type=\"heading.default\">\n\t\t\t\t<div class=\"elementor-widget-container\">\n\t\t\t\t\t<h2 class=\"elementor-heading-title elementor-size-default\">Perspect Benelux B.V.<\/h2>\t\t\t\t<\/div>\n\t\t\t\t<\/div>\n\t\t\t\t<div class=\"elementor-element elementor-element-4594f58 elementor-widget elementor-widget-image\" data-id=\"4594f58\" data-element_type=\"widget\" data-widget_type=\"image.default\">\n\t\t\t\t<div class=\"elementor-widget-container\">\n\t\t\t\t\t\t\t\t\t\t\t\t\t\t\t<img loading=\"lazy\" decoding=\"async\" width=\"557\" height=\"290\" src=\"https:\/\/easyfairsassets.com\/sites\/186\/2026\/02\/Schermafbeelding-2026-02-24-110015.png\" class=\"attachment-large size-large wp-image-212497\" alt=\"\" srcset=\"https:\/\/easyfairsassets.com\/sites\/186\/2026\/02\/Schermafbeelding-2026-02-24-110015.png 557w, https:\/\/easyfairsassets.com\/sites\/186\/2026\/02\/Schermafbeelding-2026-02-24-110015-300x156.png 300w\" sizes=\"(max-width: 557px) 100vw, 557px\" \/>\t\t\t\t\t\t\t\t\t\t\t\t\t\t\t<\/div>\n\t\t\t\t<\/div>\n\t\t\t\t<div class=\"elementor-element elementor-element-aae5f05 elementor-widget elementor-widget-text-editor\" data-id=\"aae5f05\" data-element_type=\"widget\" data-widget_type=\"text-editor.default\">\n\t\t\t\t<div class=\"elementor-widget-container\">\n\t\t\t\t\t\t\t\t\t<p>SF6-FIX<\/p>\n<p>SF6 FIX est un syst\u00e8me d&rsquo;\u00e9tanch\u00e9ification permettant de r\u00e9parer de mani\u00e8re s\u00fbre et durable les fuites de gaz SF\u2086 dans les installations \u00e0 moyenne et haute tension, pendant leur fonctionnement. Le SF\u2086 (hexafluorure de soufre) est un puissant gaz \u00e0 effet de serre avec un potentiel de r\u00e9chauffement global tr\u00e8s \u00e9lev\u00e9. M\u00eame de petites fuites ont donc un impact environnemental important. Avec SF6 FIX, les brides, raccords et joints qui fuient sont encapsul\u00e9s \u00e0 l&rsquo;aide d&rsquo;un syst\u00e8me polym\u00e8re sp\u00e9cialement d\u00e9velopp\u00e9 avec une tr\u00e8s faible perm\u00e9abilit\u00e9 aux gaz. Le syst\u00e8me est appliqu\u00e9 \u00e0 froid et sans solvant, sans soudure ni d\u00e9montage de l&rsquo;\u00e9quipement. Cela permet de r\u00e9duire les \u00e9missions \u00e0 des niveaux ind\u00e9tectables, tout en maintenant l&rsquo;installation en \u00e9tat de fonctionnement.<\/p>\n\t\t\t\t\t\t\t\t<\/div>\n\t\t\t\t<\/div>\n\t\t\t\t<\/div>\n\t\t<div class=\"elementor-element elementor-element-9388891 e-con-full e-flex e-con e-child\" data-id=\"9388891\" data-element_type=\"container\">\n\t\t\t\t<div class=\"elementor-element elementor-element-b470147 elementor-widget elementor-widget-heading\" data-id=\"b470147\" data-element_type=\"widget\" data-widget_type=\"heading.default\">\n\t\t\t\t<div class=\"elementor-widget-container\">\n\t\t\t\t\t<h2 class=\"elementor-heading-title elementor-size-default\">FLUITEC BV<\/h2>\t\t\t\t<\/div>\n\t\t\t\t<\/div>\n\t\t\t\t<div class=\"elementor-element elementor-element-b5eddb1 elementor-widget elementor-widget-image\" data-id=\"b5eddb1\" data-element_type=\"widget\" data-widget_type=\"image.default\">\n\t\t\t\t<div class=\"elementor-widget-container\">\n\t\t\t\t\t\t\t\t\t\t\t\t\t\t\t<img loading=\"lazy\" decoding=\"async\" width=\"800\" height=\"853\" src=\"https:\/\/easyfairsassets.com\/sites\/186\/2026\/02\/Fluitec-Fill4Life-20260202124236-29m88c0yaolt.png\" class=\"attachment-large size-large wp-image-212500\" alt=\"\" srcset=\"https:\/\/easyfairsassets.com\/sites\/186\/2026\/02\/Fluitec-Fill4Life-20260202124236-29m88c0yaolt.png 910w, https:\/\/easyfairsassets.com\/sites\/186\/2026\/02\/Fluitec-Fill4Life-20260202124236-29m88c0yaolt-281x300.png 281w, https:\/\/easyfairsassets.com\/sites\/186\/2026\/02\/Fluitec-Fill4Life-20260202124236-29m88c0yaolt-768x819.png 768w\" sizes=\"(max-width: 800px) 100vw, 800px\" \/>\t\t\t\t\t\t\t\t\t\t\t\t\t\t\t<\/div>\n\t\t\t\t<\/div>\n\t\t\t\t<div class=\"elementor-element elementor-element-273b243 elementor-widget elementor-widget-text-editor\" data-id=\"273b243\" data-element_type=\"widget\" data-widget_type=\"text-editor.default\">\n\t\t\t\t<div class=\"elementor-widget-container\">\n\t\t\t\t\t\t\t\t\t<p>FLUITEC FILL4LIFE<\/p>\n<p>Le programme\/produit Fill4Life\u2122 de Fluitec prolonge non seulement la dur\u00e9e de vie des biens d&rsquo;\u00e9quipement et de leurs lubrifiants, mais vise \u00e9galement \u00e0 soutenir les programmes de qualit\u00e9 et de maintenance de nos clients en minimisant leurs co\u00fbts totaux et leurs d\u00e9chets (r\u00e9duction des \u00e9missions de CO2). Pour ce faire, il ajoute des additifs sp\u00e9cifiques (antioxydants\/anti-usure) tout en minimisant les contaminants et en \u00e9liminant les sous-produits de la d\u00e9gradation de l&rsquo;huile afin de restaurer la qualit\u00e9 d&rsquo;origine de l&rsquo;huile usag\u00e9e.<\/p>\n\t\t\t\t\t\t\t\t<\/div>\n\t\t\t\t<\/div>\n\t\t\t\t<\/div>\n\t\t\t\t<\/div>\n\t\t\t\t<\/div>\n\t\t\t\t\t<\/div>\n\t\t\t\t<\/div>\n\t\t\t\t<\/div>\n\t\t","protected":false},"excerpt":{"rendered":"<p>25 &#8211; 26 mars 2026 I Antwerp expo Inscrivez-vous ici Digital Innovation Awards Airvision Airvision \u2013 Plateforme bas\u00e9e sur l&rsquo;IA pour l&rsquo;inspection visuelle automatis\u00e9e de la corrosion et des dommages caus\u00e9s \u00e0 l&rsquo;isolation Airvision est une plateforme de vision par ordinateur bas\u00e9e sur l&rsquo;IA qui d\u00e9tecte automatiquement, entre autres, la corrosion et les dommages caus\u00e9s [&hellip;]<\/p>\n","protected":false},"author":1351,"featured_media":0,"parent":0,"menu_order":0,"comment_status":"closed","ping_status":"closed","template":"","meta":{"_seopress_robots_primary_cat":"","_seopress_titles_title":"","_seopress_titles_desc":"","_seopress_robots_index":"","footnotes":""},"class_list":["post-212834","page","type-page","status-publish","hentry"],"_links":{"self":[{"href":"https:\/\/www.maintenance-expo.be\/fr\/wp-json\/wp\/v2\/pages\/212834","targetHints":{"allow":["GET"]}}],"collection":[{"href":"https:\/\/www.maintenance-expo.be\/fr\/wp-json\/wp\/v2\/pages"}],"about":[{"href":"https:\/\/www.maintenance-expo.be\/fr\/wp-json\/wp\/v2\/types\/page"}],"author":[{"embeddable":true,"href":"https:\/\/www.maintenance-expo.be\/fr\/wp-json\/wp\/v2\/users\/1351"}],"replies":[{"embeddable":true,"href":"https:\/\/www.maintenance-expo.be\/fr\/wp-json\/wp\/v2\/comments?post=212834"}],"version-history":[{"count":2,"href":"https:\/\/www.maintenance-expo.be\/fr\/wp-json\/wp\/v2\/pages\/212834\/revisions"}],"predecessor-version":[{"id":213931,"href":"https:\/\/www.maintenance-expo.be\/fr\/wp-json\/wp\/v2\/pages\/212834\/revisions\/213931"}],"wp:attachment":[{"href":"https:\/\/www.maintenance-expo.be\/fr\/wp-json\/wp\/v2\/media?parent=212834"}],"curies":[{"name":"wp","href":"https:\/\/api.w.org\/{rel}","templated":true}]}}