{"id":212972,"date":"2026-03-03T16:41:06","date_gmt":"2026-03-03T15:41:06","guid":{"rendered":"https:\/\/www.maintenance-expo.be\/seances-de-dedicaces\/"},"modified":"2026-03-03T16:41:07","modified_gmt":"2026-03-03T15:41:07","slug":"seances-de-dedicaces","status":"publish","type":"page","link":"https:\/\/www.maintenance-expo.be\/fr\/seances-de-dedicaces\/","title":{"rendered":"S\u00e9ances de d\u00e9dicaces"},"content":{"rendered":"\t\t<div data-elementor-type=\"wp-page\" data-elementor-id=\"212972\" class=\"elementor elementor-212972 elementor-212940\" data-elementor-post-type=\"page\">\n\t\t\t\t<div class=\"elementor-element elementor-element-4309ffb e-flex e-con-boxed e-con e-parent\" data-id=\"4309ffb\" data-element_type=\"container\" data-settings=\"{&quot;background_background&quot;:&quot;classic&quot;,&quot;shape_divider_bottom&quot;:&quot;opacity-tilt&quot;}\">\n\t\t\t\t\t<div class=\"e-con-inner\">\n\t\t\t\t<div class=\"elementor-shape elementor-shape-bottom\" aria-hidden=\"true\" data-negative=\"false\">\n\t\t\t<svg xmlns=\"http:\/\/www.w3.org\/2000\/svg\" viewBox=\"0 0 2600 131.1\" preserveAspectRatio=\"none\">\n\t<path class=\"elementor-shape-fill\" d=\"M0 0L2600 0 2600 69.1 0 0z\"\/>\n\t<path class=\"elementor-shape-fill\" style=\"opacity:0.5\" d=\"M0 0L2600 0 2600 69.1 0 69.1z\"\/>\n\t<path class=\"elementor-shape-fill\" style=\"opacity:0.25\" d=\"M2600 0L0 0 0 130.1 2600 69.1z\"\/>\n<\/svg>\t\t<\/div>\n\t\t\t\t<div class=\"elementor-element elementor-element-bfc606a elementor-widget elementor-widget-heading\" data-id=\"bfc606a\" data-element_type=\"widget\" data-widget_type=\"heading.default\">\n\t\t\t\t<div class=\"elementor-widget-container\">\n\t\t\t\t\t<span class=\"elementor-heading-title elementor-size-default\">25 - 26 mars 2026 I Antwerp expo<\/span>\t\t\t\t<\/div>\n\t\t\t\t<\/div>\n\t\t\t\t<div class=\"elementor-element elementor-element-2515bae elementor-widget elementor-widget-heading\" data-id=\"2515bae\" data-element_type=\"widget\" data-widget_type=\"heading.default\">\n\t\t\t\t<div class=\"elementor-widget-container\">\n\t\t\t\t\t<h1 class=\"elementor-heading-title elementor-size-default\">S\u00e9ances de d\u00e9dicaces<\/h1>\t\t\t\t<\/div>\n\t\t\t\t<\/div>\n\t\t\t\t<div class=\"elementor-element elementor-element-a7dafc4 elementor-align-center elementor-mobile-align-right elementor-tablet-align-center elementor-widget__width-auto elementor-button-info elementor-widget elementor-widget-dynamic-button\" data-id=\"a7dafc4\" data-element_type=\"widget\" data-widget_type=\"dynamic-button.default\">\n\t\t\t\t<div class=\"elementor-widget-container\">\n\t\t\t\t\t        <div class=\"elementor-button-wrapper\">\n            <a href=\"https:\/\/register.visitcloud.com\/survey\/1xlhdx2jjokgm\" class=\"elementor-button-link elementor-button elementor-size-xs\" role=\"button\">\n                        <span class=\"elementor-button-content-wrapper\">\n\t\t\t                <span class=\"elementor-button-icon elementor-align-icon-right\">\n\t\t\t\t<i aria-hidden=\"true\" class=\"fas fa-angle-right\"><\/i>\t\t\t<\/span>\n            \t\t\t<span class=\"elementor-button-text\">Inscrivez-vous ici<\/span>\n\t\t<\/span>\n                    <\/a>\n        <\/div>\n        \t\t\t\t<\/div>\n\t\t\t\t<\/div>\n\t\t\t\t\t<\/div>\n\t\t\t\t<\/div>\n\t\t<div class=\"elementor-element elementor-element-98f9a67 e-flex e-con-boxed e-con e-parent\" data-id=\"98f9a67\" data-element_type=\"container\">\n\t\t\t\t\t<div class=\"e-con-inner\">\n\t\t\t\t<div class=\"elementor-element elementor-element-742f14e elementor-widget elementor-widget-text-editor\" data-id=\"742f14e\" data-element_type=\"widget\" data-widget_type=\"text-editor.default\">\n\t\t\t\t<div class=\"elementor-widget-container\">\n\t\t\t\t\t\t\t\t\t<p>Une occasion <strong>unique<\/strong> de les rencontrer, de discuter avec eux et de repartir avec un exemplaire d\u00e9dicac\u00e9. <strong>Ne manquez pas cette occasion !<\/strong><\/p>\n\t\t\t\t\t\t\t\t<\/div>\n\t\t\t\t<\/div>\n\t\t\t\t\t<\/div>\n\t\t\t\t<\/div>\n\t\t<div class=\"elementor-element elementor-element-06e47b3 e-grid e-con-boxed e-con e-parent\" data-id=\"06e47b3\" data-element_type=\"container\">\n\t\t\t\t\t<div class=\"e-con-inner\">\n\t\t<div class=\"elementor-element elementor-element-1a36c3e e-con-full e-flex e-con e-child\" data-id=\"1a36c3e\" data-element_type=\"container\" data-settings=\"{&quot;background_background&quot;:&quot;classic&quot;}\">\n\t\t<div class=\"elementor-element elementor-element-606d19b e-grid e-con-full e-con e-child\" data-id=\"606d19b\" data-element_type=\"container\">\n\t\t<div class=\"elementor-element elementor-element-4913fbf e-con-full e-grid e-con e-child\" data-id=\"4913fbf\" data-element_type=\"container\">\n\t\t\t\t<div class=\"elementor-element elementor-element-9d26fdb elementor-widget elementor-widget-heading\" data-id=\"9d26fdb\" data-element_type=\"widget\" data-widget_type=\"heading.default\">\n\t\t\t\t<div class=\"elementor-widget-container\">\n\t\t\t\t\t<h2 class=\"elementor-heading-title elementor-size-default\">Martin van den Hout<\/h2>\t\t\t\t<\/div>\n\t\t\t\t<\/div>\n\t\t\t\t<div class=\"elementor-element elementor-element-425445b elementor-widget elementor-widget-image\" data-id=\"425445b\" data-element_type=\"widget\" data-widget_type=\"image.default\">\n\t\t\t\t<div class=\"elementor-widget-container\">\n\t\t\t\t\t\t\t\t\t\t\t\t\t\t\t<img fetchpriority=\"high\" decoding=\"async\" width=\"800\" height=\"800\" src=\"https:\/\/easyfairsassets.com\/sites\/186\/2026\/03\/Martin-van-den-hout.jpg\" class=\"attachment-large size-large wp-image-212932\" alt=\"\" srcset=\"https:\/\/easyfairsassets.com\/sites\/186\/2026\/03\/Martin-van-den-hout.jpg 800w, https:\/\/easyfairsassets.com\/sites\/186\/2026\/03\/Martin-van-den-hout-300x300.jpg 300w, https:\/\/easyfairsassets.com\/sites\/186\/2026\/03\/Martin-van-den-hout-150x150.jpg 150w, https:\/\/easyfairsassets.com\/sites\/186\/2026\/03\/Martin-van-den-hout-768x768.jpg 768w\" sizes=\"(max-width: 800px) 100vw, 800px\" \/>\t\t\t\t\t\t\t\t\t\t\t\t\t\t\t<\/div>\n\t\t\t\t<\/div>\n\t\t\t\t<div class=\"elementor-element elementor-element-13b1270 elementor-widget elementor-widget-text-editor\" data-id=\"13b1270\" data-element_type=\"widget\" data-widget_type=\"text-editor.default\">\n\t\t\t\t<div class=\"elementor-widget-container\">\n\t\t\t\t\t\t\t\t\t<p><b><span data-olk-copy-source=\"MessageBody\">\u00ab Le cadre de fiabilit\u00e9 : neuf guides pour une performance sans faille des actifs \u00bb par Martin van den Hout<\/span><\/b><\/p>\n<p><strong><i>O\u00f9 : Au stand BEMAS &#8211; 3127<\/i><\/strong><\/p>\n<p>Apr\u00e8s 35 ans d&rsquo;exp\u00e9rience dans le domaine de la maintenance et de la fiabilit\u00e9, dont 25 ans en tant que consultant, Martin van den Hout a appris que seule une approche m\u00e9thodique, \u00e9tape par \u00e9tape, permet d&rsquo;obtenir des am\u00e9liorations durables. Cette s\u00e9rie combine cette exp\u00e9rience avec des m\u00e9thodes \u00e9prouv\u00e9es dans neuf volumes modulaires.<\/p>\n<p><b>Le mercredi 25 mars \u00e0 15h30, Martin van den Hout d\u00e9dicacera son livre au stand BEMAS.<\/b><\/p>\n\t\t\t\t\t\t\t\t<\/div>\n\t\t\t\t<\/div>\n\t\t\t\t<\/div>\n\t\t\t\t<\/div>\n\t\t\t\t<\/div>\n\t\t<div class=\"elementor-element elementor-element-a575314 e-con-full e-flex e-con e-child\" data-id=\"a575314\" data-element_type=\"container\" data-settings=\"{&quot;background_background&quot;:&quot;classic&quot;}\">\n\t\t<div class=\"elementor-element elementor-element-e00e9aa e-grid e-con-full e-con e-child\" data-id=\"e00e9aa\" data-element_type=\"container\">\n\t\t<div class=\"elementor-element elementor-element-4e51985 e-con-full e-grid e-con e-child\" data-id=\"4e51985\" data-element_type=\"container\">\n\t\t\t\t<div class=\"elementor-element elementor-element-cd64d4c elementor-widget elementor-widget-heading\" data-id=\"cd64d4c\" data-element_type=\"widget\" data-widget_type=\"heading.default\">\n\t\t\t\t<div class=\"elementor-widget-container\">\n\t\t\t\t\t<h2 class=\"elementor-heading-title elementor-size-default\">Piet De Neef<\/h2>\t\t\t\t<\/div>\n\t\t\t\t<\/div>\n\t\t\t\t<div class=\"elementor-element elementor-element-19d5ed4 elementor-widget elementor-widget-image\" data-id=\"19d5ed4\" data-element_type=\"widget\" data-widget_type=\"image.default\">\n\t\t\t\t<div class=\"elementor-widget-container\">\n\t\t\t\t\t\t\t\t\t\t\t\t\t\t\t<img decoding=\"async\" width=\"208\" height=\"195\" src=\"https:\/\/easyfairsassets.com\/sites\/186\/2026\/01\/Piet-de-Neef.jpg\" class=\"attachment-large size-large wp-image-212919\" alt=\"\" \/>\t\t\t\t\t\t\t\t\t\t\t\t\t\t\t<\/div>\n\t\t\t\t<\/div>\n\t\t\t\t<div class=\"elementor-element elementor-element-6515d05 elementor-widget elementor-widget-text-editor\" data-id=\"6515d05\" data-element_type=\"widget\" data-widget_type=\"text-editor.default\">\n\t\t\t\t<div class=\"elementor-widget-container\">\n\t\t\t\t\t\t\t\t\t<p><b><span data-olk-copy-source=\"MessageBody\">D\u00e9couvrez le livre de Piet de Neef apr\u00e8s sa masterclass et faites-le d\u00e9dicacer imm\u00e9diatement.<\/span><\/b><\/p>\n<p><strong>O\u00f9 :<\/strong> Usine 1<\/p>\n<p>Mechanical Seals Explained, de Piet de Neef, est un ouvrage de r\u00e9f\u00e9rence technique approfondi sur le fonctionnement, la conception et l&rsquo;application des joints m\u00e9caniques dans les machines tournantes. Le livre combine la th\u00e9orie fondamentale et l&rsquo;exp\u00e9rience pratique et traite \u00e0 la fois de la physique des joints et de l&rsquo;influence de la conception des machines, des conditions de processus et de la qualit\u00e9 de l&rsquo;installation sur les performances des joints.<\/p>\n<p>Des principes d&rsquo;\u00e9tanch\u00e9it\u00e9 et des configurations de pompes \u00e0 la conception des joints, en passant par les plans de tuyauterie API, le montage, la r\u00e9vision et le d\u00e9pannage : chaque sujet est trait\u00e9 de mani\u00e8re syst\u00e9matique et techniquement fond\u00e9e. De nombreux cas pratiques montrent que les probl\u00e8mes d&rsquo;\u00e9tanch\u00e9it\u00e9 sont souvent le r\u00e9sultat d&rsquo;interactions plus larges au sein du syst\u00e8me, et non du joint seul.<\/p>\n<p>Cela fait de Mechanical Seals Explained un ouvrage de r\u00e9f\u00e9rence indispensable pour les professionnels de la maintenance et de la fiabilit\u00e9 qui souhaitent am\u00e9liorer de mani\u00e8re structurelle la fiabilit\u00e9 des joints.<\/p>\n\t\t\t\t\t\t\t\t<\/div>\n\t\t\t\t<\/div>\n\t\t\t\t<\/div>\n\t\t\t\t<\/div>\n\t\t\t\t<\/div>\n\t\t\t\t\t<\/div>\n\t\t\t\t<\/div>\n\t\t\t\t<\/div>\n\t\t","protected":false},"excerpt":{"rendered":"<p>25 &#8211; 26 mars 2026 I Antwerp expo S\u00e9ances de d\u00e9dicaces Inscrivez-vous ici Une occasion unique de les rencontrer, de discuter avec eux et de repartir avec un exemplaire d\u00e9dicac\u00e9. Ne manquez pas cette occasion ! Martin van den Hout \u00ab Le cadre de fiabilit\u00e9 : neuf guides pour une performance sans faille des actifs [&hellip;]<\/p>\n","protected":false},"author":1351,"featured_media":0,"parent":0,"menu_order":0,"comment_status":"closed","ping_status":"closed","template":"","meta":{"_seopress_robots_primary_cat":"","_seopress_titles_title":"","_seopress_titles_desc":"","_seopress_robots_index":"","footnotes":""},"class_list":["post-212972","page","type-page","status-publish","hentry"],"_links":{"self":[{"href":"https:\/\/www.maintenance-expo.be\/fr\/wp-json\/wp\/v2\/pages\/212972","targetHints":{"allow":["GET"]}}],"collection":[{"href":"https:\/\/www.maintenance-expo.be\/fr\/wp-json\/wp\/v2\/pages"}],"about":[{"href":"https:\/\/www.maintenance-expo.be\/fr\/wp-json\/wp\/v2\/types\/page"}],"author":[{"embeddable":true,"href":"https:\/\/www.maintenance-expo.be\/fr\/wp-json\/wp\/v2\/users\/1351"}],"replies":[{"embeddable":true,"href":"https:\/\/www.maintenance-expo.be\/fr\/wp-json\/wp\/v2\/comments?post=212972"}],"version-history":[{"count":1,"href":"https:\/\/www.maintenance-expo.be\/fr\/wp-json\/wp\/v2\/pages\/212972\/revisions"}],"predecessor-version":[{"id":212973,"href":"https:\/\/www.maintenance-expo.be\/fr\/wp-json\/wp\/v2\/pages\/212972\/revisions\/212973"}],"wp:attachment":[{"href":"https:\/\/www.maintenance-expo.be\/fr\/wp-json\/wp\/v2\/media?parent=212972"}],"curies":[{"name":"wp","href":"https:\/\/api.w.org\/{rel}","templated":true}]}}