{"id":4353,"date":"2019-09-02T13:00:06","date_gmt":"2019-09-02T11:00:06","guid":{"rendered":"https:\/\/www.maintenance-expo.be\/programme\/zone-de-demonstration-de-robots\/"},"modified":"2026-03-03T08:00:09","modified_gmt":"2026-03-03T07:00:09","slug":"zone-de-demonstration-de-robots","status":"publish","type":"page","link":"https:\/\/www.maintenance-expo.be\/fr\/programme\/zone-de-demonstration-de-robots\/","title":{"rendered":"Smart Maintenance"},"content":{"rendered":"\t\t<div data-elementor-type=\"wp-post\" data-elementor-id=\"4353\" class=\"elementor elementor-4353 elementor-3177\" data-elementor-post-type=\"page\">\n\t\t\t\t\t\t<section class=\"elementor-section elementor-top-section elementor-element elementor-element-37ca3022 elementor-section-boxed elementor-section-height-default elementor-section-height-default\" data-id=\"37ca3022\" data-element_type=\"section\" data-settings=\"{&quot;background_background&quot;:&quot;classic&quot;}\">\n\t\t\t\t\t\t<div class=\"elementor-container elementor-column-gap-default\">\n\t\t\t\t\t<div class=\"elementor-column elementor-col-100 elementor-top-column elementor-element elementor-element-3622223f\" data-id=\"3622223f\" data-element_type=\"column\" data-settings=\"{&quot;background_background&quot;:&quot;classic&quot;}\">\n\t\t\t<div class=\"elementor-widget-wrap elementor-element-populated\">\n\t\t\t\t\t\t<div class=\"elementor-element elementor-element-6444d74 elementor-widget elementor-widget-heading\" data-id=\"6444d74\" data-element_type=\"widget\" data-widget_type=\"heading.default\">\n\t\t\t\t<div class=\"elementor-widget-container\">\n\t\t\t\t\t<h2 class=\"elementor-heading-title elementor-size-default\">D\u00e9monstrations Smart Maintenance \u00e0 l'honneur<\/h2>\t\t\t\t<\/div>\n\t\t\t\t<\/div>\n\t\t\t\t<div class=\"elementor-element elementor-element-e17896f elementor-widget elementor-widget-text-editor\" data-id=\"e17896f\" data-element_type=\"widget\" data-widget_type=\"text-editor.default\">\n\t\t\t\t<div class=\"elementor-widget-container\">\n\t\t\t\t\t\t\t\t\t<p><strong>D\u00e9couvrez l&rsquo;avenir de la maintenance intelligente dans la zone de d\u00e9monstration de la maintenance intelligente !<\/strong><\/p>\n<p>Dans la zone de d\u00e9monstration de la maintenance intelligente, d\u00e9couvrez comment les technologies de pointe rendent l&rsquo;industrie plus s\u00fbre, plus efficace et plus durable. Des inspections par drones dans des espaces confin\u00e9s par <strong>Terra Inspectioneering<\/strong>, \u00e0 la surveillance en temps r\u00e9el des infrastructures par des capteurs \u00e0 fibre optique par <strong>Fluves<\/strong>. D\u00e9couvrez comment <strong>Sorama<\/strong> visualise le son pour d\u00e9tecter les fuites et les d\u00e9fauts, et d\u00e9couvrez la m\u00e9thode r\u00e9volutionnaire d&rsquo;essai in situ d<strong>&lsquo;ITIS<\/strong> pour tester les soupapes de respiration (PVRV) et les couvercles antid\u00e9flagrants (ERV) sur les r\u00e9servoirs de stockage atmosph\u00e9riques.<\/p>\n<p>Ne manquez pas nos d\u00e9monstrations et voyez par vous-m\u00eame comment ces innovations minimisent les temps d&rsquo;arr\u00eat et optimisent la maintenance !<\/p>\n\t\t\t\t\t\t\t\t<\/div>\n\t\t\t\t<\/div>\n\t\t\t\t<div class=\"elementor-element elementor-element-816abc1 elementor-align-center elementor-mobile-align-right elementor-tablet-align-left elementor-widget__width-auto elementor-widget elementor-widget-dynamic-button\" data-id=\"816abc1\" data-element_type=\"widget\" data-widget_type=\"dynamic-button.default\">\n\t\t\t\t<div class=\"elementor-widget-container\">\n\t\t\t\t\t        <div class=\"elementor-button-wrapper\">\n            <a href=\"https:\/\/register.visitcloud.com\/survey\/0dzrct3qra83s?translation=0op741s6p5t9m\" target=\"_blank\" class=\"elementor-button-link elementor-button elementor-size-xs\" role=\"button\">\n                        <span class=\"elementor-button-content-wrapper\">\n\t\t\t                <span class=\"elementor-button-icon elementor-align-icon-right\">\n\t\t\t\t<i aria-hidden=\"true\" class=\"fas fa-angle-right\"><\/i>\t\t\t<\/span>\n            \t\t\t<span class=\"elementor-button-text\">Enregistrez votre visite<\/span>\n\t\t<\/span>\n                    <\/a>\n        <\/div>\n        \t\t\t\t<\/div>\n\t\t\t\t<\/div>\n\t\t\t\t\t<\/div>\n\t\t<\/div>\n\t\t\t\t\t<\/div>\n\t\t<\/section>\n\t\t<div class=\"elementor-element elementor-element-0e28eb9 e-flex e-con-boxed e-con e-parent\" data-id=\"0e28eb9\" data-element_type=\"container\" data-settings=\"{&quot;background_background&quot;:&quot;classic&quot;}\">\n\t\t\t\t\t<div class=\"e-con-inner\">\n\t\t<div class=\"elementor-element elementor-element-fe38313 e-con-full e-flex e-con e-child\" data-id=\"fe38313\" data-element_type=\"container\" data-settings=\"{&quot;background_background&quot;:&quot;classic&quot;}\">\n\t\t<div class=\"elementor-element elementor-element-c25c637 e-flex e-con-boxed e-con e-child\" data-id=\"c25c637\" data-element_type=\"container\">\n\t\t\t\t\t<div class=\"e-con-inner\">\n\t\t\t\t<div class=\"elementor-element elementor-element-47e1c1b elementor-widget elementor-widget-text-editor\" data-id=\"47e1c1b\" data-element_type=\"widget\" data-widget_type=\"text-editor.default\">\n\t\t\t\t<div class=\"elementor-widget-container\">\n\t\t\t\t\t\t\t\t\t<p>Le Centre de connaissances et d&rsquo;innovation pour la maintenance dans l&rsquo;industrie de transformation est une association coop\u00e9rative ind\u00e9pendante.<br \/>KicMPi stimuleert samenwerking tussen bedrijven met als doel: innoveren met maintenance in de procesindustrie.<br \/>Onze leden bestaan zowel uit asset owners als serviceproviders. Vraag en aanbod bij elkaar, dat is onze kracht.<br \/>Door samen aan innovatie te werken, kunnen industri\u00eble bedrijven en servicebedrijven meer bereiken<\/p>\n\t\t\t\t\t\t\t\t<\/div>\n\t\t\t\t<\/div>\n\t\t\t\t\t<\/div>\n\t\t\t\t<\/div>\n\t\t<div class=\"elementor-element elementor-element-252e0ff e-flex e-con-boxed e-con e-child\" data-id=\"252e0ff\" data-element_type=\"container\" data-settings=\"{&quot;background_background&quot;:&quot;classic&quot;}\">\n\t\t\t\t\t<div class=\"e-con-inner\">\n\t\t\t\t<div class=\"elementor-element elementor-element-0fbc8f6 elementor-widget elementor-widget-image\" data-id=\"0fbc8f6\" data-element_type=\"widget\" data-widget_type=\"image.default\">\n\t\t\t\t<div class=\"elementor-widget-container\">\n\t\t\t\t\t\t\t\t\t\t\t\t\t\t\t<img fetchpriority=\"high\" decoding=\"async\" width=\"800\" height=\"398\" src=\"https:\/\/easyfairsassets.com\/sites\/186\/2026\/02\/Logo_KicMPi_2kleuren-met-onderschrift-1-1-1.jpg\" class=\"attachment-large size-large wp-image-212524\" alt=\"\" srcset=\"https:\/\/easyfairsassets.com\/sites\/186\/2026\/02\/Logo_KicMPi_2kleuren-met-onderschrift-1-1-1.jpg 800w, https:\/\/easyfairsassets.com\/sites\/186\/2026\/02\/Logo_KicMPi_2kleuren-met-onderschrift-1-1-1-300x149.jpg 300w, https:\/\/easyfairsassets.com\/sites\/186\/2026\/02\/Logo_KicMPi_2kleuren-met-onderschrift-1-1-1-768x382.jpg 768w\" sizes=\"(max-width: 800px) 100vw, 800px\" \/>\t\t\t\t\t\t\t\t\t\t\t\t\t\t\t<\/div>\n\t\t\t\t<\/div>\n\t\t\t\t\t<\/div>\n\t\t\t\t<\/div>\n\t\t\t\t<\/div>\n\t\t\t\t\t<\/div>\n\t\t\t\t<\/div>\n\t\t<div class=\"elementor-element elementor-element-6aa64e8 e-flex e-con-boxed e-con e-parent\" data-id=\"6aa64e8\" data-element_type=\"container\" data-settings=\"{&quot;background_background&quot;:&quot;classic&quot;}\">\n\t\t\t\t\t<div class=\"e-con-inner\">\n\t\t<div class=\"elementor-element elementor-element-3225461 e-con-full e-flex e-con e-child\" data-id=\"3225461\" data-element_type=\"container\" data-settings=\"{&quot;background_background&quot;:&quot;classic&quot;}\">\n\t\t<div class=\"elementor-element elementor-element-974ccf2 e-con-full e-flex e-con e-child\" data-id=\"974ccf2\" data-element_type=\"container\" data-settings=\"{&quot;background_background&quot;:&quot;classic&quot;}\">\n\t\t\t\t<\/div>\n\t\t<div class=\"elementor-element elementor-element-deb8d4e e-flex e-con-boxed e-con e-child\" data-id=\"deb8d4e\" data-element_type=\"container\">\n\t\t\t\t\t<div class=\"e-con-inner\">\n\t\t\t\t<div class=\"elementor-element elementor-element-345c176 elementor-widget elementor-widget-text-editor\" data-id=\"345c176\" data-element_type=\"widget\" data-widget_type=\"text-editor.default\">\n\t\t\t\t<div class=\"elementor-widget-container\">\n\t\t\t\t\t\t\t\t\t<p><b><span data-contrast=\"auto\">Num\u00e9riser. Imprimer. R\u00e9parer. <\/span><\/b><span data-contrast=\"auto\">\u202fLay3rs montre comment utiliser\u202f<\/span><b><span data-contrast=\"auto\">la num\u00e9risation 3D + l&rsquo;impression 3D technique<\/span><\/b><span data-contrast=\"auto\">\u202fpour cr\u00e9er rapidement des solutions de maintenance : des pi\u00e8ces de rechange aux outils et protections. Avec les meilleures imprimantes 3D, notre armoire AMPC Printfarm,\u202f<b><span data-contrast=\"auto\">l&rsquo;armoire de s\u00e9chage<\/span><\/b><span data-contrast=\"auto\">\u202fet\u202f<\/span><b><span data-contrast=\"auto\">les mat\u00e9riaux ESD-safe<\/span><\/b><span data-contrast=\"auto\">\u202fnous pr\u00e9sentons un workflow complet pour le service et la maintenance, avec des exemples inspirants et des \u00e9tudes de cas. <\/span><span data-ccp-props=\"{}\">\u00a0<\/span><\/span><\/p>\n<p><span data-contrast=\"auto\">Venez nous rendre visite au\u202f<\/span><b><span data-contrast=\"auto\">stand KicMPi<\/span><\/b><span data-ccp-props=\"{}\">\u00a0<\/span><\/p>\n\t\t\t\t\t\t\t\t<\/div>\n\t\t\t\t<\/div>\n\t\t\t\t\t<\/div>\n\t\t\t\t<\/div>\n\t\t\t\t<\/div>\n\t\t\t\t\t<\/div>\n\t\t\t\t<\/div>\n\t\t<div class=\"elementor-element elementor-element-f28468c e-flex e-con-boxed e-con e-parent\" data-id=\"f28468c\" data-element_type=\"container\" data-settings=\"{&quot;background_background&quot;:&quot;classic&quot;}\">\n\t\t\t\t\t<div class=\"e-con-inner\">\n\t\t<div class=\"elementor-element elementor-element-4c95721 e-con-full e-flex e-con e-child\" data-id=\"4c95721\" data-element_type=\"container\" data-settings=\"{&quot;background_background&quot;:&quot;classic&quot;}\">\n\t\t<div class=\"elementor-element elementor-element-8ce37d0 e-con-full e-flex e-con e-child\" data-id=\"8ce37d0\" data-element_type=\"container\" data-settings=\"{&quot;background_background&quot;:&quot;classic&quot;}\">\n\t\t<div class=\"elementor-element elementor-element-69f69db e-flex e-con-boxed e-con e-child\" data-id=\"69f69db\" data-element_type=\"container\">\n\t\t\t\t\t<div class=\"e-con-inner\">\n\t\t\t\t<div class=\"elementor-element elementor-element-df98560 elementor-widget elementor-widget-text-editor\" data-id=\"df98560\" data-element_type=\"widget\" data-widget_type=\"text-editor.default\">\n\t\t\t\t<div class=\"elementor-widget-container\">\n\t\t\t\t\t\t\t\t\t<p><span data-contrast=\"auto\">Tout responsable de maintenance reconna\u00eet le moment o\u00f9 quelque chose ne va pas. Une installation \u00e9met un bruit inhabituel, la consommation d&rsquo;\u00e9nergie augmente, mais la cause reste invisible. Gr\u00e2ce \u00e0 l&rsquo;inspection acoustique, Sorama permet d&rsquo;identifier ce moment plus t\u00f4t et de mani\u00e8re concr\u00e8te.<\/span><span data-ccp-props=\"{}\">\u00a0<\/span><\/p>\n<p><span data-contrast=\"auto\">Nos cam\u00e9ras acoustiques rendent audibles et visibles les sons ultrasoniques. Les \u00e9quipes de maintenance peuvent ainsi d\u00e9tecter imm\u00e9diatement les fuites et les anomalies m\u00e9caniques, sans interruption de service et sans risque physique. Lors du salon Maintenance Antwerpen, nous montrerons comment localiser les fuites d&rsquo;air comprim\u00e9 et de gaz, m\u00eame les plus infimes, y compris dans les environnements explosifs.<\/span><span data-ccp-props=\"{}\">\u00a0<\/span><\/p>\n<p><span data-contrast=\"auto\">En combinaison avec le robot d&rsquo;inspection SPOT de Boston Dynamics, les inspections se d\u00e9placent vers des endroits difficiles d&rsquo;acc\u00e8s ou dangereux pour les humains. Sur notre mur de d\u00e9monstration, vous pouvez voir comment une fuite invisible devient visible en quelques secondes et comment l&rsquo;inspection passe de la recherche \u00e0 une intervention cibl\u00e9e.<\/span><span data-ccp-props=\"{}\">\u00a0<\/span><\/p>\n<p><span data-contrast=\"auto\">Sorama aide les responsables de maintenance \u00e0 limiter les pertes d&rsquo;\u00e9nergie, \u00e0 pr\u00e9venir les pannes impr\u00e9vues et \u00e0 garantir le bon fonctionnement des installations, m\u00eame dans des conditions difficiles.<\/span><span data-ccp-props=\"{}\">\u00a0<\/span><\/p>\n<p><b><span data-contrast=\"auto\">Nos produits :<\/span><\/b><span data-ccp-props=\"{}\">\u00a0<\/span><\/p>\n<p><span data-contrast=\"auto\">Sorama\u00a0CAM iV64s<\/span><span data-ccp-props=\"{}\">\u00a0<\/span><\/p>\n<p><span data-contrast=\"auto\">Sorama\u00a0CAM iV64Ex<\/span><span data-ccp-props=\"{}\">\u00a0<\/span><\/p>\n<p><span data-contrast=\"auto\">Sorama\u00a0L642Ex<\/span><span data-ccp-props=\"{}\">\u00a0<\/span><\/p>\n<p><span data-contrast=\"auto\">Boston Dynamics SPOT<\/span><span data-ccp-props=\"{}\">\u00a0<\/span><\/p>\n\t\t\t\t\t\t\t\t<\/div>\n\t\t\t\t<\/div>\n\t\t\t\t\t<\/div>\n\t\t\t\t<\/div>\n\t\t<div class=\"elementor-element elementor-element-62f15fd e-flex e-con-boxed e-con e-child\" data-id=\"62f15fd\" data-element_type=\"container\" data-settings=\"{&quot;background_background&quot;:&quot;classic&quot;}\">\n\t\t\t\t\t<div class=\"e-con-inner\">\n\t\t\t\t<div class=\"elementor-element elementor-element-bc5bab8 elementor-widget elementor-widget-image\" data-id=\"bc5bab8\" data-element_type=\"widget\" data-widget_type=\"image.default\">\n\t\t\t\t<div class=\"elementor-widget-container\">\n\t\t\t\t\t\t\t\t\t\t\t\t\t\t\t<img decoding=\"async\" width=\"800\" height=\"221\" src=\"https:\/\/easyfairsassets.com\/sites\/186\/2026\/02\/Schermafbeelding-2026-02-27-153513-1024x283.png\" class=\"attachment-large size-large wp-image-212530\" alt=\"\" srcset=\"https:\/\/easyfairsassets.com\/sites\/186\/2026\/02\/Schermafbeelding-2026-02-27-153513-1024x283.png 1024w, https:\/\/easyfairsassets.com\/sites\/186\/2026\/02\/Schermafbeelding-2026-02-27-153513-300x83.png 300w, https:\/\/easyfairsassets.com\/sites\/186\/2026\/02\/Schermafbeelding-2026-02-27-153513-768x212.png 768w, https:\/\/easyfairsassets.com\/sites\/186\/2026\/02\/Schermafbeelding-2026-02-27-153513.png 1430w\" sizes=\"(max-width: 800px) 100vw, 800px\" \/>\t\t\t\t\t\t\t\t\t\t\t\t\t\t\t<\/div>\n\t\t\t\t<\/div>\n\t\t\t\t<div class=\"elementor-element elementor-element-c214d88 elementor-widget elementor-widget-image\" data-id=\"c214d88\" data-element_type=\"widget\" data-widget_type=\"image.default\">\n\t\t\t\t<div class=\"elementor-widget-container\">\n\t\t\t\t\t\t\t\t\t\t\t\t\t\t\t<img decoding=\"async\" width=\"800\" height=\"449\" src=\"https:\/\/easyfairsassets.com\/sites\/186\/2026\/02\/L642Ex-30-degrees-1-1024x575.jpg\" class=\"attachment-large size-large wp-image-212533\" alt=\"\" srcset=\"https:\/\/easyfairsassets.com\/sites\/186\/2026\/02\/L642Ex-30-degrees-1-1024x575.jpg 1024w, https:\/\/easyfairsassets.com\/sites\/186\/2026\/02\/L642Ex-30-degrees-1-300x169.jpg 300w, https:\/\/easyfairsassets.com\/sites\/186\/2026\/02\/L642Ex-30-degrees-1-768x432.jpg 768w, https:\/\/easyfairsassets.com\/sites\/186\/2026\/02\/L642Ex-30-degrees-1-1536x863.jpg 1536w, https:\/\/easyfairsassets.com\/sites\/186\/2026\/02\/L642Ex-30-degrees-1.jpg 1920w\" sizes=\"(max-width: 800px) 100vw, 800px\" \/>\t\t\t\t\t\t\t\t\t\t\t\t\t\t\t<\/div>\n\t\t\t\t<\/div>\n\t\t\t\t<div class=\"elementor-element elementor-element-52dc7e2 elementor-widget elementor-widget-image\" data-id=\"52dc7e2\" data-element_type=\"widget\" data-widget_type=\"image.default\">\n\t\t\t\t<div class=\"elementor-widget-container\">\n\t\t\t\t\t\t\t\t\t\t\t\t\t\t\t<img loading=\"lazy\" decoding=\"async\" width=\"800\" height=\"450\" src=\"https:\/\/easyfairsassets.com\/sites\/186\/2026\/02\/CAM-iV64s-industrial-2-devices-1024x576.png\" class=\"attachment-large size-large wp-image-212536\" alt=\"\" srcset=\"https:\/\/easyfairsassets.com\/sites\/186\/2026\/02\/CAM-iV64s-industrial-2-devices-1024x576.png 1024w, https:\/\/easyfairsassets.com\/sites\/186\/2026\/02\/CAM-iV64s-industrial-2-devices-300x169.png 300w, https:\/\/easyfairsassets.com\/sites\/186\/2026\/02\/CAM-iV64s-industrial-2-devices-768x432.png 768w, https:\/\/easyfairsassets.com\/sites\/186\/2026\/02\/CAM-iV64s-industrial-2-devices-1536x864.png 1536w, https:\/\/easyfairsassets.com\/sites\/186\/2026\/02\/CAM-iV64s-industrial-2-devices.png 1920w\" sizes=\"(max-width: 800px) 100vw, 800px\" \/>\t\t\t\t\t\t\t\t\t\t\t\t\t\t\t<\/div>\n\t\t\t\t<\/div>\n\t\t\t\t<div class=\"elementor-element elementor-element-692e9eb elementor-widget elementor-widget-image\" data-id=\"692e9eb\" data-element_type=\"widget\" data-widget_type=\"image.default\">\n\t\t\t\t<div class=\"elementor-widget-container\">\n\t\t\t\t\t\t\t\t\t\t\t\t\t\t\t<img loading=\"lazy\" decoding=\"async\" width=\"800\" height=\"600\" src=\"https:\/\/easyfairsassets.com\/sites\/186\/2026\/02\/SORAMA-CAM-iV64Ex-30-degrees-1024x768.png\" class=\"attachment-large size-large wp-image-212539\" alt=\"\" srcset=\"https:\/\/easyfairsassets.com\/sites\/186\/2026\/02\/SORAMA-CAM-iV64Ex-30-degrees-1024x768.png 1024w, https:\/\/easyfairsassets.com\/sites\/186\/2026\/02\/SORAMA-CAM-iV64Ex-30-degrees-300x225.png 300w, https:\/\/easyfairsassets.com\/sites\/186\/2026\/02\/SORAMA-CAM-iV64Ex-30-degrees-768x576.png 768w, https:\/\/easyfairsassets.com\/sites\/186\/2026\/02\/SORAMA-CAM-iV64Ex-30-degrees-1536x1152.png 1536w, https:\/\/easyfairsassets.com\/sites\/186\/2026\/02\/SORAMA-CAM-iV64Ex-30-degrees.png 1890w\" sizes=\"(max-width: 800px) 100vw, 800px\" \/>\t\t\t\t\t\t\t\t\t\t\t\t\t\t\t<\/div>\n\t\t\t\t<\/div>\n\t\t\t\t\t<\/div>\n\t\t\t\t<\/div>\n\t\t\t\t<\/div>\n\t\t\t\t<\/div>\n\t\t\t\t\t<\/div>\n\t\t\t\t<\/div>\n\t\t<div class=\"elementor-element elementor-element-e4b553e e-flex e-con-boxed e-con e-parent\" data-id=\"e4b553e\" data-element_type=\"container\" data-settings=\"{&quot;background_background&quot;:&quot;classic&quot;}\">\n\t\t\t\t\t<div class=\"e-con-inner\">\n\t\t<div class=\"elementor-element elementor-element-a52325d e-con-full e-flex e-con e-child\" data-id=\"a52325d\" data-element_type=\"container\" data-settings=\"{&quot;background_background&quot;:&quot;classic&quot;}\">\n\t\t<div class=\"elementor-element elementor-element-d99d0e5 e-con-full e-flex e-con e-child\" data-id=\"d99d0e5\" data-element_type=\"container\" data-settings=\"{&quot;background_background&quot;:&quot;classic&quot;}\">\n\t\t\t\t<\/div>\n\t\t<div class=\"elementor-element elementor-element-f693f58 e-flex e-con-boxed e-con e-child\" data-id=\"f693f58\" data-element_type=\"container\">\n\t\t\t\t\t<div class=\"e-con-inner\">\n\t\t\t\t<div class=\"elementor-element elementor-element-81ee8f3 elementor-widget elementor-widget-text-editor\" data-id=\"81ee8f3\" data-element_type=\"widget\" data-widget_type=\"text-editor.default\">\n\t\t\t\t<div class=\"elementor-widget-container\">\n\t\t\t\t\t\t\t\t\t<p>Sprout est un robot souple qui se d\u00e9veloppe comme une plante et est con\u00e7u pour effectuer des inspections dans des environnements exigus, complexes et difficiles d&rsquo;acc\u00e8s. Avec un diam\u00e8tre de base de 8 cm, il peut se faufiler dans des ouvertures de seulement 5 cm et offre une mobilit\u00e9 3D compl\u00e8te, y compris l&rsquo;escalade verticale et le travail contre la gravit\u00e9.<\/p>\n<p>Sprout est enti\u00e8rement flexible, peut se courber dans toutes les directions et prendre des virages \u00e0 90 degr\u00e9s, des chemins sinueux et des g\u00e9om\u00e9tries irr\u00e9guli\u00e8res. Il peut \u00eatre d\u00e9ploy\u00e9 sur des centaines de m\u00e8tres, ce qui permet des inspections approfondies sans d\u00e9montage ni mise hors service. Sa capacit\u00e9 de charge est proportionnelle \u00e0 son diam\u00e8tre : la version 8 cm supporte jusqu&rsquo;\u00e0 500 grammes, tandis que les variantes de plus grand diam\u00e8tre peuvent supporter des outils plus lourds.<\/p>\n<p>Toutes les donn\u00e9es d&rsquo;inspection sont trait\u00e9es via XiniX Forge, une plateforme qui int\u00e8gre de mani\u00e8re transparente des capacit\u00e9s d&rsquo;IA avanc\u00e9es dans les flux de travail et les bases de donn\u00e9es existants. \u00c0 l&rsquo;aide de mod\u00e8les d&rsquo;IA pr\u00e9-entra\u00een\u00e9s et personnalisables, XiniX Forge d\u00e9tecte automatiquement les d\u00e9fauts tels que les fissures, la corrosion et les anomalies de soudure, g\u00e9n\u00e8re des statistiques et produit des rapports d&rsquo;inspection automatis\u00e9s. Une interface aliment\u00e9e par LLM permet aux utilisateurs de consulter les r\u00e9sultats et d&rsquo;obtenir des informations dans le cadre d&rsquo;une conversation, ce qui facilite une \u00e9valuation rapide et bas\u00e9e sur les donn\u00e9es de l&rsquo;\u00e9tat des actifs.<\/p>\n\t\t\t\t\t\t\t\t<\/div>\n\t\t\t\t<\/div>\n\t\t\t\t\t<\/div>\n\t\t\t\t<\/div>\n\t\t\t\t<\/div>\n\t\t\t\t\t<\/div>\n\t\t\t\t<\/div>\n\t\t<div class=\"elementor-element elementor-element-fff4301 e-flex e-con-boxed e-con e-parent\" data-id=\"fff4301\" data-element_type=\"container\" data-settings=\"{&quot;background_background&quot;:&quot;classic&quot;}\">\n\t\t\t\t\t<div class=\"e-con-inner\">\n\t\t<div class=\"elementor-element elementor-element-1e28716 e-con-full e-flex e-con e-child\" data-id=\"1e28716\" data-element_type=\"container\" data-settings=\"{&quot;background_background&quot;:&quot;classic&quot;}\">\n\t\t\t\t<div class=\"elementor-element elementor-element-d1497b2 elementor-widget elementor-widget-heading\" data-id=\"d1497b2\" data-element_type=\"widget\" data-widget_type=\"heading.default\">\n\t\t\t\t<div class=\"elementor-widget-container\">\n\t\t\t\t\t<h2 class=\"elementor-heading-title elementor-size-default\">Vous avez des questions ou souhaitez obtenir plus d'informations ? Notre \u00e9quipe se tient \u00e0 votre disposition pour vous aider.\u00a0<\/h2>\t\t\t\t<\/div>\n\t\t\t\t<\/div>\n\t\t\t\t<div class=\"elementor-element elementor-element-bda35d5 elementor-widget elementor-widget-button\" data-id=\"bda35d5\" data-element_type=\"widget\" data-widget_type=\"button.default\">\n\t\t\t\t<div class=\"elementor-widget-container\">\n\t\t\t\t\t\t\t\t\t<div class=\"elementor-button-wrapper\">\n\t\t\t\t\t<a class=\"elementor-button elementor-button-link elementor-size-sm\" href=\"https:\/\/www.maintenance-expo.be\/nl\/contact\/\">\n\t\t\t\t\t\t<span class=\"elementor-button-content-wrapper\">\n\t\t\t\t\t\t\t\t\t<span class=\"elementor-button-text\">Des questions ?<\/span>\n\t\t\t\t\t<\/span>\n\t\t\t\t\t<\/a>\n\t\t\t\t<\/div>\n\t\t\t\t\t\t\t\t<\/div>\n\t\t\t\t<\/div>\n\t\t\t\t<\/div>\n\t\t\t\t\t<\/div>\n\t\t\t\t<\/div>\n\t\t\t\t<\/div>\n\t\t","protected":false},"excerpt":{"rendered":"<p>D\u00e9monstrations Smart Maintenance \u00e0 l&rsquo;honneur D\u00e9couvrez l&rsquo;avenir de la maintenance intelligente dans la zone de d\u00e9monstration de la maintenance intelligente ! Dans la zone de d\u00e9monstration de la maintenance intelligente, d\u00e9couvrez comment les technologies de pointe rendent l&rsquo;industrie plus s\u00fbre, plus efficace et plus durable. Des inspections par drones dans des espaces confin\u00e9s par Terra [&hellip;]<\/p>\n","protected":false},"author":933,"featured_media":0,"parent":4318,"menu_order":0,"comment_status":"closed","ping_status":"closed","template":"","meta":{"_seopress_robots_primary_cat":"","_seopress_titles_title":"Smart Maintenance Zone \/ Maintenance 2025 \/ KicMpi","_seopress_titles_desc":"Les robots dans la maintenance orient\u00e9e vers la production. Qu'est-ce qu'ils sont, que font-ils ? Dans la zone Smart Maintenance, plusieurs entreprises mettent en avant les robots et les nouvelles technologies.","_seopress_robots_index":"","footnotes":""},"class_list":["post-4353","page","type-page","status-publish","hentry"],"_links":{"self":[{"href":"https:\/\/www.maintenance-expo.be\/fr\/wp-json\/wp\/v2\/pages\/4353","targetHints":{"allow":["GET"]}}],"collection":[{"href":"https:\/\/www.maintenance-expo.be\/fr\/wp-json\/wp\/v2\/pages"}],"about":[{"href":"https:\/\/www.maintenance-expo.be\/fr\/wp-json\/wp\/v2\/types\/page"}],"author":[{"embeddable":true,"href":"https:\/\/www.maintenance-expo.be\/fr\/wp-json\/wp\/v2\/users\/933"}],"replies":[{"embeddable":true,"href":"https:\/\/www.maintenance-expo.be\/fr\/wp-json\/wp\/v2\/comments?post=4353"}],"version-history":[{"count":5,"href":"https:\/\/www.maintenance-expo.be\/fr\/wp-json\/wp\/v2\/pages\/4353\/revisions"}],"predecessor-version":[{"id":212864,"href":"https:\/\/www.maintenance-expo.be\/fr\/wp-json\/wp\/v2\/pages\/4353\/revisions\/212864"}],"up":[{"embeddable":true,"href":"https:\/\/www.maintenance-expo.be\/fr\/wp-json\/wp\/v2\/pages\/4318"}],"wp:attachment":[{"href":"https:\/\/www.maintenance-expo.be\/fr\/wp-json\/wp\/v2\/media?parent=4353"}],"curies":[{"name":"wp","href":"https:\/\/api.w.org\/{rel}","templated":true}]}}