{"id":53567,"date":"2022-12-15T16:31:10","date_gmt":"2022-12-15T15:31:10","guid":{"rendered":"https:\/\/www.maintenance-expo.be\/technologie-smart-badge\/"},"modified":"2025-11-27T10:57:42","modified_gmt":"2025-11-27T09:57:42","slug":"technologie-smart-badge","status":"publish","type":"page","link":"https:\/\/www.maintenance-expo.be\/fr\/technologie-smart-badge\/","title":{"rendered":"Technologie Smart Badge"},"content":{"rendered":"\t\t<div data-elementor-type=\"wp-page\" data-elementor-id=\"53567\" class=\"elementor elementor-53567 elementor-53548\" data-elementor-post-type=\"page\">\n\t\t\t\t<div class=\"elementor-element elementor-element-e3c8f43 e-flex e-con-boxed e-con e-parent\" data-id=\"e3c8f43\" data-element_type=\"container\" data-settings=\"{&quot;background_background&quot;:&quot;classic&quot;}\">\n\t\t\t\t\t<div class=\"e-con-inner\">\n\t\t<div class=\"elementor-element elementor-element-5ade647 e-con-full e-flex e-con e-child\" data-id=\"5ade647\" data-element_type=\"container\">\n\t\t\t\t<div class=\"elementor-element elementor-element-35471d1 elementor-widget elementor-widget-text-editor\" data-id=\"35471d1\" data-element_type=\"widget\" data-widget_type=\"text-editor.default\">\n\t\t\t\t<div class=\"elementor-widget-container\">\n\t\t\t\t\t\t\t\t\t<h2>Technologie Smart Badge<\/h2>\n\t\t\t\t\t\t\t\t<\/div>\n\t\t\t\t<\/div>\n\t\t<div class=\"elementor-element elementor-element-45be1a3 e-con-full skewed-box e-flex e-con e-child\" data-id=\"45be1a3\" data-element_type=\"container\" data-settings=\"{&quot;background_background&quot;:&quot;classic&quot;}\">\n\t\t\t\t<div class=\"elementor-element elementor-element-bd41aa4 elementor-widget__width-initial elementor-widget elementor-widget-text-editor\" data-id=\"bd41aa4\" data-element_type=\"widget\" data-widget_type=\"text-editor.default\">\n\t\t\t\t<div class=\"elementor-widget-container\">\n\t\t\t\t\t\t\t\t\t<p><strong>Obtenez facilement et rapidement des informations aupr\u00e8s des exposants gr\u00e2ce \u00e0 notre technologie Smart Badge.<br \/>\n<\/strong>Avec le Smart Badge, vous savez toujours exactement quels stands vous avez visit\u00e9s et quelles informations vous avez collect\u00e9es. <strong>Apr\u00e8s votre visite<\/strong>, vous recevrez automatiquement un r\u00e9sum\u00e9 de tout ce que vous avez d\u00e9couvert, vous permettant de retrouver facilement toutes les informations.<\/p>\n\t\t\t\t\t\t\t\t<\/div>\n\t\t\t\t<\/div>\n\t\t\t\t<\/div>\n\t\t\t\t<\/div>\n\t\t\t\t<div class=\"elementor-element elementor-element-1929e21 elementor-widget elementor-widget-image\" data-id=\"1929e21\" data-element_type=\"widget\" data-widget_type=\"image.default\">\n\t\t\t\t<div class=\"elementor-widget-container\">\n\t\t\t\t\t\t\t\t\t\t\t\t\t\t\t<img decoding=\"async\" src=\"https:\/\/easyfairsassets.com\/sites\/186\/elementor\/thumbs\/54170258128_3e3dcf3438_c-ren1vs4ykjgbqlmmn6l258jh6pm1pq6ii0jvm6ulcw.jpg\" title=\"54170258128_3e3dcf3438_c\" alt=\"54170258128_3e3dcf3438_c\" loading=\"lazy\" \/>\t\t\t\t\t\t\t\t\t\t\t\t\t\t\t<\/div>\n\t\t\t\t<\/div>\n\t\t\t\t\t<\/div>\n\t\t\t\t<\/div>\n\t\t<div class=\"elementor-element elementor-element-46703dd e-flex e-con-boxed e-con e-parent\" data-id=\"46703dd\" data-element_type=\"container\">\n\t\t\t\t\t<div class=\"e-con-inner\">\n\t\t\t\t<div class=\"elementor-element elementor-element-67195d2 elementor-widget elementor-widget-text-editor\" data-id=\"67195d2\" data-element_type=\"widget\" data-widget_type=\"text-editor.default\">\n\t\t\t\t<div class=\"elementor-widget-container\">\n\t\t\t\t\t\t\t\t\t<h3><b>Comment utiliser votre badge visiteur ?<\/b><\/h3>\n<p>1. \u00c0 chaque stand, vous verrez un ou plusieurs panneaux verts. Int\u00e9ress\u00e9 par un exposant et ses produits ? Touchez le lecteur sur le panneau vert avec votre badge visiteur. Vous saurez que votre action a r\u00e9ussi lorsque vous entendrez un bip et que le lecteur s\u2019allumera en vert.<\/p>\n<p>2. Le lendemain de votre visite, vous recevrez un e-mail avec un r\u00e9sum\u00e9 de toutes les informations collect\u00e9es, ainsi que quelques recommandations d\u2019autres exposants pouvant \u00e9galement vous int\u00e9resser.<\/p>\n<h3>Vos avantages :<\/h3>\n<p>1. Votre badge visiteur est votre sac virtuel pendant le salon. Fini de porter des catalogues lourds ou de prendre des notes.<\/p>\n<p>2. Vous saurez exactement quels stands vous avez visit\u00e9s. Par la suite, vous recevrez un e-mail avec un r\u00e9sum\u00e9 pratique de votre visite.<\/p>\n<p>3. Pas de spam. Vous ne recevrez que les informations num\u00e9riques des exposants qui ont suscit\u00e9 votre int\u00e9r\u00eat.<\/p>\n\t\t\t\t\t\t\t\t<\/div>\n\t\t\t\t<\/div>\n\t\t\t\t\t<\/div>\n\t\t\t\t<\/div>\n\t\t<div class=\"elementor-element elementor-element-1bb3bab e-flex e-con-boxed e-con e-parent\" data-id=\"1bb3bab\" data-element_type=\"container\" data-settings=\"{&quot;background_background&quot;:&quot;classic&quot;}\">\n\t\t\t\t\t<div class=\"e-con-inner\">\n\t\t<div class=\"elementor-element elementor-element-e60f00f e-con-full e-flex e-con e-child\" data-id=\"e60f00f\" data-element_type=\"container\" data-settings=\"{&quot;background_background&quot;:&quot;classic&quot;}\">\n\t\t<div class=\"elementor-element elementor-element-bf6445b e-con-full e-flex e-con e-child\" data-id=\"bf6445b\" data-element_type=\"container\">\n\t\t\t\t<div class=\"elementor-element elementor-element-758f545 elementor-widget elementor-widget-heading\" data-id=\"758f545\" data-element_type=\"widget\" data-widget_type=\"heading.default\">\n\t\t\t\t<div class=\"elementor-widget-container\">\n\t\t\t\t\t<h2 class=\"elementor-heading-title elementor-size-default\">Comment utiliser votre badge visiteur ?<\/h2>\t\t\t\t<\/div>\n\t\t\t\t<\/div>\n\t\t\t\t<div class=\"elementor-element elementor-element-2dc9cbc elementor-widget elementor-widget-text-editor\" data-id=\"2dc9cbc\" data-element_type=\"widget\" data-widget_type=\"text-editor.default\">\n\t\t\t\t<div class=\"elementor-widget-container\">\n\t\t\t\t\t\t\t\t\t<ol>\r\n \t<li>\r\n<p class=\"\" data-start=\"73\" data-end=\"436\"><strong data-start=\"73\" data-end=\"119\">Explorez les stands et collectez des informations<\/strong><br data-start=\"119\" data-end=\"122\" \/>\u00c0 chaque stand, vous trouverez un ou plusieurs panneaux verts. Int\u00e9ress\u00e9 par un exposant et ses produits ? Touchez simplement le panneau vert avec votre badge visiteur. Vous saurez que votre action a r\u00e9ussi d\u00e8s que vous entendrez un bip et que le panneau s\u2019allumera en vert.<\/p>\r\n<\/li>\r\n \t<li>\r\n<p class=\"\" data-start=\"73\" data-end=\"436\"><strong data-start=\"438\" data-end=\"473\">Recevez un r\u00e9sum\u00e9 pratique<\/strong><br data-start=\"473\" data-end=\"476\" \/>Le lendemain de votre visite, vous recevrez un e-mail avec un r\u00e9sum\u00e9 de toutes les informations collect\u00e9es. En bonus, vous recevrez des recommandations d\u2019exposants qui pourraient \u00e9galement vous int\u00e9resser. Ainsi, vous avez tout \u00e0 port\u00e9e de main sans avoir \u00e0 retenir quoi que ce soit !<\/p>\r\n<\/li>\r\n<\/ol>\t\t\t\t\t\t\t\t<\/div>\n\t\t\t\t<\/div>\n\t\t\t\t<\/div>\n\t\t<div class=\"elementor-element elementor-element-a8af67e e-flex e-con-boxed e-con e-child\" data-id=\"a8af67e\" data-element_type=\"container\" data-settings=\"{&quot;background_background&quot;:&quot;classic&quot;}\">\n\t\t\t\t\t<div class=\"e-con-inner\">\n\t\t\t\t\t<\/div>\n\t\t\t\t<\/div>\n\t\t\t\t<\/div>\n\t\t\t\t\t<\/div>\n\t\t\t\t<\/div>\n\t\t\t\t<section class=\"elementor-section elementor-top-section elementor-element elementor-element-147b7af elementor-section-boxed elementor-section-height-default elementor-section-height-default\" data-id=\"147b7af\" data-element_type=\"section\" data-settings=\"{&quot;background_background&quot;:&quot;classic&quot;}\">\n\t\t\t\t\t\t<div class=\"elementor-container elementor-column-gap-default\">\n\t\t\t\t\t<div class=\"elementor-column elementor-col-100 elementor-top-column elementor-element elementor-element-3d3af9a\" data-id=\"3d3af9a\" data-element_type=\"column\" data-settings=\"{&quot;background_background&quot;:&quot;classic&quot;}\">\n\t\t\t<div class=\"elementor-widget-wrap elementor-element-populated\">\n\t\t\t\t<div class=\"elementor-element elementor-element-5e3c651 e-con-full e-flex e-con e-child\" data-id=\"5e3c651\" data-element_type=\"container\" data-settings=\"{&quot;background_background&quot;:&quot;classic&quot;}\">\n\t\t<div class=\"elementor-element elementor-element-a40d1c2 e-con-full e-flex e-con e-child\" data-id=\"a40d1c2\" data-element_type=\"container\" data-settings=\"{&quot;background_background&quot;:&quot;classic&quot;}\">\n\t\t\t\t<div class=\"elementor-element elementor-element-50c8b35 elementor-widget elementor-widget-heading\" data-id=\"50c8b35\" data-element_type=\"widget\" data-widget_type=\"heading.default\">\n\t\t\t\t<div class=\"elementor-widget-container\">\n\t\t\t\t\t<h2 class=\"elementor-heading-title elementor-size-default\">Vos avantages<\/h2>\t\t\t\t<\/div>\n\t\t\t\t<\/div>\n\t\t<div class=\"elementor-element elementor-element-da80ebb e-flex e-con-boxed e-con e-child\" data-id=\"da80ebb\" data-element_type=\"container\" data-settings=\"{&quot;background_background&quot;:&quot;classic&quot;}\">\n\t\t\t\t\t<div class=\"e-con-inner\">\n\t\t<div class=\"elementor-element elementor-element-3494613 e-con-full e-flex e-con e-child\" data-id=\"3494613\" data-element_type=\"container\" data-settings=\"{&quot;background_background&quot;:&quot;classic&quot;}\">\n\t\t<div class=\"elementor-element elementor-element-324f8c9 e-con-full e-flex e-con e-child\" data-id=\"324f8c9\" data-element_type=\"container\" data-settings=\"{&quot;background_background&quot;:&quot;classic&quot;}\">\n\t\t<div class=\"elementor-element elementor-element-797550f e-con-full e-flex e-con e-child\" data-id=\"797550f\" data-element_type=\"container\" data-settings=\"{&quot;background_background&quot;:&quot;classic&quot;}\">\n\t\t<div class=\"elementor-element elementor-element-78b4aa6 e-con-full skewed-box e-flex e-con e-child\" data-id=\"78b4aa6\" data-element_type=\"container\" data-settings=\"{&quot;background_background&quot;:&quot;classic&quot;}\">\n\t\t\t\t<div class=\"elementor-element elementor-element-57fef34 elementor-widget elementor-widget-text-editor\" data-id=\"57fef34\" data-element_type=\"widget\" data-widget_type=\"text-editor.default\">\n\t\t\t\t<div class=\"elementor-widget-container\">\n\t\t\t\t\t\t\t\t\t<ol>\n<li>\n<p data-start=\"79\" data-end=\"407\"><strong data-start=\"79\" data-end=\"160\">Votre badge visiteur est votre aide-m\u00e9moire virtuelle pendant l\u2019\u00e9v\u00e9nement<\/strong><br data-start=\"160\" data-end=\"163\" \/>Dites adieu aux catalogues lourds et \u00e0 la prise de notes.<\/p>\n<\/li>\n<li>\n<p data-start=\"79\" data-end=\"407\"><strong>Votre journ\u00e9e de salon en un r\u00e9sum\u00e9 pratique<\/strong><br \/>\nGr\u00e2ce \u00e0 votre badge, vous savez exactement quels stands vous avez visit\u00e9s et quelles informations vous avez collect\u00e9es. Apr\u00e8s votre visite, vous recevrez un e-mail avec un r\u00e9sum\u00e9 de tout ce que vous avez d\u00e9couvert.<\/p>\n<\/li>\n<li>\n<p data-start=\"79\" data-end=\"407\"><strong data-start=\"409\" data-end=\"437\">Pas d\u2019e-mails ind\u00e9sirables !<\/strong><br \/>\nVous ne recevrez que les informations num\u00e9riques des exposants que vous avez s\u00e9lectionn\u00e9s. Pas de spam, uniquement du contenu pertinent pour vous.<\/p>\n<\/li>\n<\/ol>\n\t\t\t\t\t\t\t\t<\/div>\n\t\t\t\t<\/div>\n\t\t\t\t<\/div>\n\t\t\t\t<\/div>\n\t\t\t\t<\/div>\n\t\t\t\t<\/div>\n\t\t\t\t<div class=\"elementor-element elementor-element-aa02904 elementor-widget elementor-widget-video\" data-id=\"aa02904\" data-element_type=\"widget\" data-settings=\"{&quot;youtube_url&quot;:&quot;https:\\\/\\\/www.youtube.com\\\/watch?v=ikKCfzrS3nQ&quot;,&quot;video_type&quot;:&quot;youtube&quot;,&quot;controls&quot;:&quot;yes&quot;}\" data-widget_type=\"video.default\">\n\t\t\t\t<div class=\"elementor-widget-container\">\n\t\t\t\t\t\t\t<div class=\"elementor-wrapper elementor-open-inline\">\n\t\t\t<div class=\"elementor-video\"><\/div>\t\t<\/div>\n\t\t\t\t\t\t<\/div>\n\t\t\t\t<\/div>\n\t\t\t\t\t<\/div>\n\t\t\t\t<\/div>\n\t\t\t\t<\/div>\n\t\t\t\t<\/div>\n\t\t\t\t\t<\/div>\n\t\t<\/div>\n\t\t\t\t\t<\/div>\n\t\t<\/section>\n\t\t\t\t<\/div>\n\t\t","protected":false},"excerpt":{"rendered":"<p>Technologie Smart Badge Obtenez facilement et rapidement des informations aupr\u00e8s des exposants gr\u00e2ce \u00e0 notre technologie Smart Badge. Avec le Smart Badge, vous savez toujours exactement quels stands vous avez visit\u00e9s et quelles informations vous avez collect\u00e9es. Apr\u00e8s votre visite, vous recevrez automatiquement un r\u00e9sum\u00e9 de tout ce que vous avez d\u00e9couvert, vous permettant de [&hellip;]<\/p>\n","protected":false},"author":177,"featured_media":0,"parent":0,"menu_order":0,"comment_status":"closed","ping_status":"closed","template":"","meta":{"_seopress_robots_primary_cat":"","_seopress_titles_title":"Technologie Smart Badge ","_seopress_titles_desc":"EasyGo | Technologie Smart Badge | Recevez rapidement et facilement toutes les informations des exposants","_seopress_robots_index":"","footnotes":""},"class_list":["post-53567","page","type-page","status-publish","hentry"],"_links":{"self":[{"href":"https:\/\/www.maintenance-expo.be\/fr\/wp-json\/wp\/v2\/pages\/53567","targetHints":{"allow":["GET"]}}],"collection":[{"href":"https:\/\/www.maintenance-expo.be\/fr\/wp-json\/wp\/v2\/pages"}],"about":[{"href":"https:\/\/www.maintenance-expo.be\/fr\/wp-json\/wp\/v2\/types\/page"}],"author":[{"embeddable":true,"href":"https:\/\/www.maintenance-expo.be\/fr\/wp-json\/wp\/v2\/users\/177"}],"replies":[{"embeddable":true,"href":"https:\/\/www.maintenance-expo.be\/fr\/wp-json\/wp\/v2\/comments?post=53567"}],"version-history":[{"count":5,"href":"https:\/\/www.maintenance-expo.be\/fr\/wp-json\/wp\/v2\/pages\/53567\/revisions"}],"predecessor-version":[{"id":200308,"href":"https:\/\/www.maintenance-expo.be\/fr\/wp-json\/wp\/v2\/pages\/53567\/revisions\/200308"}],"wp:attachment":[{"href":"https:\/\/www.maintenance-expo.be\/fr\/wp-json\/wp\/v2\/media?parent=53567"}],"curies":[{"name":"wp","href":"https:\/\/api.w.org\/{rel}","templated":true}]}}