{"id":53828,"date":"2022-12-28T14:51:31","date_gmt":"2022-12-28T13:51:31","guid":{"rendered":"https:\/\/www.maintenance-expo.be\/my-easyfairs\/"},"modified":"2024-01-17T13:58:08","modified_gmt":"2024-01-17T12:58:08","slug":"my-easyfairs","status":"publish","type":"page","link":"https:\/\/www.maintenance-expo.be\/fr\/my-easyfairs\/","title":{"rendered":"My Easyfairs"},"content":{"rendered":"\t\t<div data-elementor-type=\"wp-page\" data-elementor-id=\"53828\" class=\"elementor elementor-53828 elementor-51609\" data-elementor-post-type=\"page\">\n\t\t\t\t<div class=\"elementor-element elementor-element-386eb2f e-flex e-con-boxed e-con e-parent\" data-id=\"386eb2f\" data-element_type=\"container\" data-settings=\"{&quot;background_background&quot;:&quot;classic&quot;}\">\n\t\t\t\t\t<div class=\"e-con-inner\">\n\t\t<div class=\"elementor-element elementor-element-205ccad e-con-full e-flex e-con e-child\" data-id=\"205ccad\" data-element_type=\"container\">\n\t\t\t\t<div class=\"elementor-element elementor-element-eb95d5e elementor-widget elementor-widget-text-editor\" data-id=\"eb95d5e\" data-element_type=\"widget\" data-widget_type=\"text-editor.default\">\n\t\t\t\t<div class=\"elementor-widget-container\">\n\t\t\t\t\t\t\t\t\t<h2>My Easyfairs<\/h2>\t\t\t\t\t\t\t\t<\/div>\n\t\t\t\t<\/div>\n\t\t\t\t<div class=\"elementor-element elementor-element-0185739 elementor-widget elementor-widget-text-editor\" data-id=\"0185739\" data-element_type=\"widget\" data-widget_type=\"text-editor.default\">\n\t\t\t\t<div class=\"elementor-widget-container\">\n\t\t\t\t\t\t\t\t\t<p><strong><a href=\"https:\/\/my.easyfairs.com\/#\/login\" target=\"_blank\" rel=\"noopener\">My Easyfairs<\/a> <\/strong>est <strong>le profil personnel de votre entreprise sur le site web<\/strong> du salon, sur lequel vous \u00eates d\u00e9j\u00e0 visible avant le salon.\u00a0Vous pouvez \u00e9galement <strong>passer facilement des commandes techniques<\/strong> telles que les points de suspension, l&rsquo;\u00e9lectricit\u00e9, le raccordement \u00e0 l&rsquo;eau, etc. via My Easyfairs.<\/p>\t\t\t\t\t\t\t\t<\/div>\n\t\t\t\t<\/div>\n\t\t\t\t<div class=\"elementor-element elementor-element-458c8b5 elementor-widget elementor-widget-dynamic-button\" data-id=\"458c8b5\" data-element_type=\"widget\" data-widget_type=\"dynamic-button.default\">\n\t\t\t\t<div class=\"elementor-widget-container\">\n\t\t\t\t\t        <div class=\"elementor-button-wrapper\">\n            <a href=\"https:\/\/my.easyfairs.com\/\" class=\"elementor-button-link elementor-button elementor-size-sm\" role=\"button\">\n                        <span class=\"elementor-button-content-wrapper\">\n\t\t\t                <span class=\"elementor-button-icon elementor-align-icon-right\">\n\t\t\t\t<i aria-hidden=\"true\" class=\"fas fa-angle-right\"><\/i>\t\t\t<\/span>\n            \t\t\t<span class=\"elementor-button-text\">Se connecter \u00e0 My Easyfairs<\/span>\n\t\t<\/span>\n                    <\/a>\n        <\/div>\n        \t\t\t\t<\/div>\n\t\t\t\t<\/div>\n\t\t\t\t<\/div>\n\t\t<div class=\"elementor-element elementor-element-f4826d6 e-con-full e-flex e-con e-child\" data-id=\"f4826d6\" data-element_type=\"container\" data-settings=\"{&quot;background_background&quot;:&quot;classic&quot;}\">\n\t\t\t\t<div class=\"elementor-element elementor-element-62d87da elementor-widget elementor-widget-video\" data-id=\"62d87da\" data-element_type=\"widget\" data-settings=\"{&quot;youtube_url&quot;:&quot;https:\\\/\\\/youtu.be\\\/ChaQym6MdPI&quot;,&quot;video_type&quot;:&quot;youtube&quot;,&quot;controls&quot;:&quot;yes&quot;}\" data-widget_type=\"video.default\">\n\t\t\t\t<div class=\"elementor-widget-container\">\n\t\t\t\t\t\t\t<div class=\"elementor-wrapper elementor-open-inline\">\n\t\t\t<div class=\"elementor-video\"><\/div>\t\t<\/div>\n\t\t\t\t\t\t<\/div>\n\t\t\t\t<\/div>\n\t\t\t\t<\/div>\n\t\t\t\t\t<\/div>\n\t\t\t\t<\/div>\n\t\t\t\t<section class=\"elementor-section elementor-top-section elementor-element elementor-element-eeef822 elementor-section-boxed elementor-section-height-default elementor-section-height-default\" data-id=\"eeef822\" data-element_type=\"section\" data-settings=\"{&quot;background_background&quot;:&quot;classic&quot;}\">\n\t\t\t\t\t\t<div class=\"elementor-container elementor-column-gap-default\">\n\t\t\t\t\t<div class=\"elementor-column elementor-col-100 elementor-top-column elementor-element elementor-element-ec61e26\" data-id=\"ec61e26\" data-element_type=\"column\">\n\t\t\t<div class=\"elementor-widget-wrap elementor-element-populated\">\n\t\t\t\t\t\t<div class=\"elementor-element elementor-element-61e4667 elementor-widget elementor-widget-text-editor\" data-id=\"61e4667\" data-element_type=\"widget\" data-widget_type=\"text-editor.default\">\n\t\t\t\t<div class=\"elementor-widget-container\">\n\t\t\t\t\t\t\t\t\t<h3><strong>Comment cela fonctionne-t-il ?<\/strong><\/h3><p>En tant que participant, vous recevrez un e-mail de confirmation de votre inscription au salon, contenant toutes les informations n\u00e9cessaires \u00e0 une utilisation optimale de My Easyfairs.<\/p><p>Les visiteurs du site web peuvent conna\u00eetre votre entreprise en un coup d&rsquo;\u0153il gr\u00e2ce \u00e0 la liste des participants. Ils cliquent sur le nom de votre entreprise et trouvent des informations sur votre entreprise, vos produits et vos actualit\u00e9s. Vous g\u00e9rez vous-m\u00eame ces informations et donn\u00e9es via My Easyfairs. Les informations que vous publiez sur vos derni\u00e8res innovations et vos derniers produits, les visiteurs peuvent les lire sur le site web du salon.<\/p>\t\t\t\t\t\t\t\t<\/div>\n\t\t\t\t<\/div>\n\t\t\t\t<div class=\"elementor-element elementor-element-70e06e4 elementor-widget elementor-widget-dynamic-button\" data-id=\"70e06e4\" data-element_type=\"widget\" data-widget_type=\"dynamic-button.default\">\n\t\t\t\t<div class=\"elementor-widget-container\">\n\t\t\t\t\t        <div class=\"elementor-button-wrapper\">\n            <a href=\"https:\/\/my.easyfairs.com\/\" class=\"elementor-button-link elementor-button elementor-size-sm\" role=\"button\">\n                        <span class=\"elementor-button-content-wrapper\">\n\t\t\t                <span class=\"elementor-button-icon elementor-align-icon-right\">\n\t\t\t\t<i aria-hidden=\"true\" class=\"fas fa-angle-right\"><\/i>\t\t\t<\/span>\n            \t\t\t<span class=\"elementor-button-text\">Se connecter \u00e0 My Easyfairs<\/span>\n\t\t<\/span>\n                    <\/a>\n        <\/div>\n        \t\t\t\t<\/div>\n\t\t\t\t<\/div>\n\t\t\t\t\t<\/div>\n\t\t<\/div>\n\t\t\t\t\t<\/div>\n\t\t<\/section>\n\t\t\t\t<section class=\"elementor-section elementor-top-section elementor-element elementor-element-1c7c180 elementor-section-boxed elementor-section-height-default elementor-section-height-default\" data-id=\"1c7c180\" data-element_type=\"section\" data-settings=\"{&quot;background_background&quot;:&quot;classic&quot;}\">\n\t\t\t\t\t\t<div class=\"elementor-container elementor-column-gap-default\">\n\t\t\t\t\t<div class=\"elementor-column elementor-col-100 elementor-top-column elementor-element elementor-element-94c4a0b\" data-id=\"94c4a0b\" data-element_type=\"column\">\n\t\t\t<div class=\"elementor-widget-wrap elementor-element-populated\">\n\t\t\t\t\t\t<section class=\"elementor-section elementor-inner-section elementor-element elementor-element-64a2d9d elementor-section-boxed elementor-section-height-default elementor-section-height-default\" data-id=\"64a2d9d\" data-element_type=\"section\">\n\t\t\t\t\t\t<div class=\"elementor-container elementor-column-gap-default\">\n\t\t\t\t\t<div class=\"elementor-column elementor-col-20 elementor-inner-column elementor-element elementor-element-1a87c7d\" data-id=\"1a87c7d\" data-element_type=\"column\">\n\t\t\t<div class=\"elementor-widget-wrap\">\n\t\t\t\t\t\t\t<\/div>\n\t\t<\/div>\n\t\t\t\t<div class=\"elementor-column elementor-col-20 elementor-inner-column elementor-element elementor-element-732ffc1\" data-id=\"732ffc1\" data-element_type=\"column\" data-settings=\"{&quot;background_background&quot;:&quot;classic&quot;}\">\n\t\t\t<div class=\"elementor-widget-wrap elementor-element-populated\">\n\t\t\t\t<div class=\"elementor-element elementor-element-876f981 e-con-full e-flex e-con e-parent\" data-id=\"876f981\" data-element_type=\"container\" data-settings=\"{&quot;background_background&quot;:&quot;classic&quot;}\">\n\t\t<div class=\"elementor-element elementor-element-2e796df e-con-full skewed-box e-flex e-con e-child\" data-id=\"2e796df\" data-element_type=\"container\" data-settings=\"{&quot;background_background&quot;:&quot;classic&quot;}\">\n\t\t\t\t<div class=\"elementor-element elementor-element-4aa1afc elementor-widget elementor-widget-heading\" data-id=\"4aa1afc\" data-element_type=\"widget\" data-widget_type=\"heading.default\">\n\t\t\t\t<div class=\"elementor-widget-container\">\n\t\t\t\t\t<h2 class=\"elementor-heading-title elementor-size-default\">TIP!<\/h2>\t\t\t\t<\/div>\n\t\t\t\t<\/div>\n\t\t\t\t<div class=\"elementor-element elementor-element-1d3884f elementor-widget elementor-widget-text-editor\" data-id=\"1d3884f\" data-element_type=\"widget\" data-widget_type=\"text-editor.default\">\n\t\t\t\t<div class=\"elementor-widget-container\">\n\t\t\t\t\t\t\t\t\t<p><span style=\"color: #ffffff;\">Plus vous compl\u00e9terez votre profil en ligne dans My Easyfairs, plus vous partagerez d&rsquo;informations int\u00e9ressantes sur votre propre organisation avant l&rsquo;\u00e9v\u00e9nement. Ainsi, vous atteindrez un groupe cible int\u00e9ressant avant m\u00eame votre participation.<\/span><\/p>\t\t\t\t\t\t\t\t<\/div>\n\t\t\t\t<\/div>\n\t\t\t\t<\/div>\n\t\t\t\t<\/div>\n\t\t\t\t\t<\/div>\n\t\t<\/div>\n\t\t\t\t<div class=\"elementor-column elementor-col-20 elementor-inner-column elementor-element elementor-element-80f815a\" data-id=\"80f815a\" data-element_type=\"column\">\n\t\t\t<div class=\"elementor-widget-wrap\">\n\t\t\t\t\t\t\t<\/div>\n\t\t<\/div>\n\t\t\t\t<div class=\"elementor-column elementor-col-20 elementor-inner-column elementor-element elementor-element-52fbdb9\" data-id=\"52fbdb9\" data-element_type=\"column\" data-settings=\"{&quot;background_background&quot;:&quot;classic&quot;}\">\n\t\t\t<div class=\"elementor-widget-wrap elementor-element-populated\">\n\t\t\t\t<div class=\"elementor-element elementor-element-eb63447 e-con-full e-flex e-con e-parent\" data-id=\"eb63447\" data-element_type=\"container\" data-settings=\"{&quot;background_background&quot;:&quot;classic&quot;}\">\n\t\t<div class=\"elementor-element elementor-element-987f0a4 e-con-full skewed-box e-flex e-con e-child\" data-id=\"987f0a4\" data-element_type=\"container\" data-settings=\"{&quot;background_background&quot;:&quot;classic&quot;}\">\n\t\t\t\t<div class=\"elementor-element elementor-element-39921a9 elementor-widget elementor-widget-heading\" data-id=\"39921a9\" data-element_type=\"widget\" data-widget_type=\"heading.default\">\n\t\t\t\t<div class=\"elementor-widget-container\">\n\t\t\t\t\t<h2 class=\"elementor-heading-title elementor-size-default\">Vous avez perdu vos donn\u00e9es de connexion ?<\/h2>\t\t\t\t<\/div>\n\t\t\t\t<\/div>\n\t\t\t\t<div class=\"elementor-element elementor-element-f7b7aca elementor-widget elementor-widget-text-editor\" data-id=\"f7b7aca\" data-element_type=\"widget\" data-widget_type=\"text-editor.default\">\n\t\t\t\t<div class=\"elementor-widget-container\">\n\t\t\t\t\t\t\t\t\t<p><span style=\"color: #ffffff;\">Lors de votre inscription, vous avez re\u00e7u un e-mail pour cr\u00e9er vos donn\u00e9es de connexion \u00e0 My Easyfairs. Si vous n&rsquo;avez pas re\u00e7u cet e-mail, veuillez nous contacter. Nous vous l&rsquo;enverrons d\u00e8s que possible.<\/span><\/p>\t\t\t\t\t\t\t\t<\/div>\n\t\t\t\t<\/div>\n\t\t\t\t<\/div>\n\t\t\t\t<\/div>\n\t\t\t\t\t<\/div>\n\t\t<\/div>\n\t\t\t\t<div class=\"elementor-column elementor-col-20 elementor-inner-column elementor-element elementor-element-9d7ea0a\" data-id=\"9d7ea0a\" data-element_type=\"column\">\n\t\t\t<div class=\"elementor-widget-wrap\">\n\t\t\t\t\t\t\t<\/div>\n\t\t<\/div>\n\t\t\t\t\t<\/div>\n\t\t<\/section>\n\t\t\t\t\t<\/div>\n\t\t<\/div>\n\t\t\t\t\t<\/div>\n\t\t<\/section>\n\t\t\t\t<\/div>\n\t\t","protected":false},"excerpt":{"rendered":"<p>My Easyfairs My Easyfairs est le profil personnel de votre entreprise sur le site web du salon, sur lequel vous \u00eates d\u00e9j\u00e0 visible avant le salon.\u00a0Vous pouvez \u00e9galement passer facilement des commandes techniques telles que les points de suspension, l&rsquo;\u00e9lectricit\u00e9, le raccordement \u00e0 l&rsquo;eau, etc. via My Easyfairs. Se connecter \u00e0 My Easyfairs https:\/\/youtu.be\/ChaQym6MdPI Comment [&hellip;]<\/p>\n","protected":false},"author":177,"featured_media":0,"parent":0,"menu_order":0,"comment_status":"closed","ping_status":"closed","template":"","meta":{"_seopress_robots_primary_cat":"","_seopress_titles_title":"My Easyfairs","_seopress_titles_desc":"My Easyfairs est votre profil d'entreprise personnel sur ce site web de salon, sur lequel vous \u00eates d\u00e9j\u00e0 visible avant le salon.","_seopress_robots_index":"","footnotes":""},"class_list":["post-53828","page","type-page","status-publish","hentry"],"_links":{"self":[{"href":"https:\/\/www.maintenance-expo.be\/fr\/wp-json\/wp\/v2\/pages\/53828","targetHints":{"allow":["GET"]}}],"collection":[{"href":"https:\/\/www.maintenance-expo.be\/fr\/wp-json\/wp\/v2\/pages"}],"about":[{"href":"https:\/\/www.maintenance-expo.be\/fr\/wp-json\/wp\/v2\/types\/page"}],"author":[{"embeddable":true,"href":"https:\/\/www.maintenance-expo.be\/fr\/wp-json\/wp\/v2\/users\/177"}],"replies":[{"embeddable":true,"href":"https:\/\/www.maintenance-expo.be\/fr\/wp-json\/wp\/v2\/comments?post=53828"}],"version-history":[{"count":5,"href":"https:\/\/www.maintenance-expo.be\/fr\/wp-json\/wp\/v2\/pages\/53828\/revisions"}],"predecessor-version":[{"id":97419,"href":"https:\/\/www.maintenance-expo.be\/fr\/wp-json\/wp\/v2\/pages\/53828\/revisions\/97419"}],"wp:attachment":[{"href":"https:\/\/www.maintenance-expo.be\/fr\/wp-json\/wp\/v2\/media?parent=53828"}],"curies":[{"name":"wp","href":"https:\/\/api.w.org\/{rel}","templated":true}]}}