{"id":62860,"date":"2024-02-21T09:37:48","date_gmt":"2024-02-21T08:37:48","guid":{"rendered":"https:\/\/www.maintenance-expo.be\/?page_id=62860"},"modified":"2026-03-10T08:40:45","modified_gmt":"2026-03-10T07:40:45","slug":"ar-vr-demozone","status":"publish","type":"page","link":"https:\/\/www.maintenance-expo.be\/fr\/programme\/ar-vr-demozone\/","title":{"rendered":"Simulateur de processus"},"content":{"rendered":"\t\t<div data-elementor-type=\"wp-post\" data-elementor-id=\"62860\" class=\"elementor elementor-62860 elementor-62858\" data-elementor-post-type=\"page\">\n\t\t\t\t<div class=\"elementor-element elementor-element-de5d35c e-grid e-con-boxed e-con e-parent\" data-id=\"de5d35c\" data-element_type=\"container\" data-settings=\"{&quot;background_background&quot;:&quot;classic&quot;}\">\n\t\t\t\t\t<div class=\"e-con-inner\">\n\t\t\t\t<div class=\"elementor-element elementor-element-bf47281 elementor-widget elementor-widget-heading\" data-id=\"bf47281\" data-element_type=\"widget\" data-widget_type=\"heading.default\">\n\t\t\t\t<div class=\"elementor-widget-container\">\n\t\t\t\t\t<h2 class=\"elementor-heading-title elementor-size-default\">Simulateur de processus ACTA<\/h2>\t\t\t\t<\/div>\n\t\t\t\t<\/div>\n\t\t\t\t<div class=\"elementor-element elementor-element-f85557c elementor-widget elementor-widget-text-editor\" data-id=\"f85557c\" data-element_type=\"widget\" data-widget_type=\"text-editor.default\">\n\t\t\t\t<div class=\"elementor-widget-container\">\n\t\t\t\t\t\t\t\t\t<p><strong>ACTA<\/strong> a d\u00e9velopp\u00e9 un nouveau simulateur de pompe <strong>destin\u00e9 aux op\u00e9rateurs de production et aux techniciens de maintenance<\/strong> qui souhaitent approfondir leurs connaissances des processus.<\/p>\n<p>Dans un environnement r\u00e9aliste mais s\u00e9curis\u00e9, vous travaillez activement sur <strong>des exercices de pompes essentiels<\/strong> :<\/p>\n<p>\u2013 r\u00e9sistances de ligne<br \/>\u2013 pompes \u00e0 commande par vanne et \u00e0 fr\u00e9quence contr\u00f4l\u00e9e<br \/>\u2013 connexions en s\u00e9rie et en parall\u00e8le<\/p>\n<p><strong><em>Venez tester, exp\u00e9rimenter et apprendre par la pratique.<\/em><\/strong><\/p>\n\t\t\t\t\t\t\t\t<\/div>\n\t\t\t\t<\/div>\n\t\t<div class=\"elementor-element elementor-element-09f0ad9 e-con-full e-flex e-con e-child\" data-id=\"09f0ad9\" data-element_type=\"container\">\n\t\t\t\t<div class=\"elementor-element elementor-element-e0b15da elementor-widget elementor-widget-image\" data-id=\"e0b15da\" data-element_type=\"widget\" data-widget_type=\"image.default\">\n\t\t\t\t<div class=\"elementor-widget-container\">\n\t\t\t\t\t\t\t\t\t\t\t\t\t\t\t<img decoding=\"async\" src=\"https:\/\/easyfairsassets.com\/sites\/186\/elementor\/thumbs\/ACTA-logo-300x123-1-rjx859adggyisqt0vmk0lrq01h0zfm63gffvj5dpmc.jpg\" title=\"ACTA-logo-300&#215;123-1.jpg\" alt=\"ACTA-logo-300x123-1.jpg\" loading=\"lazy\" \/>\t\t\t\t\t\t\t\t\t\t\t\t\t\t\t<\/div>\n\t\t\t\t<\/div>\n\t\t\t\t<div class=\"elementor-element elementor-element-5608d55 elementor-widget elementor-widget-image\" data-id=\"5608d55\" data-element_type=\"widget\" data-widget_type=\"image.default\">\n\t\t\t\t<div class=\"elementor-widget-container\">\n\t\t\t\t\t\t\t\t\t\t\t\t\t\t\t<img fetchpriority=\"high\" decoding=\"async\" width=\"780\" height=\"325\" src=\"https:\/\/easyfairsassets.com\/sites\/186\/2026\/03\/Schermafbeelding-2026-03-02-164011.png\" class=\"attachment-large size-large wp-image-212824\" alt=\"\" srcset=\"https:\/\/easyfairsassets.com\/sites\/186\/2026\/03\/Schermafbeelding-2026-03-02-164011.png 780w, https:\/\/easyfairsassets.com\/sites\/186\/2026\/03\/Schermafbeelding-2026-03-02-164011-300x125.png 300w, https:\/\/easyfairsassets.com\/sites\/186\/2026\/03\/Schermafbeelding-2026-03-02-164011-768x320.png 768w\" sizes=\"(max-width: 780px) 100vw, 780px\" \/>\t\t\t\t\t\t\t\t\t\t\t\t\t\t\t<\/div>\n\t\t\t\t<\/div>\n\t\t\t\t<\/div>\n\t\t\t\t\t<\/div>\n\t\t\t\t<\/div>\n\t\t\t\t<\/div>\n\t\t","protected":false},"excerpt":{"rendered":"<p>Simulateur de processus ACTA ACTA a d\u00e9velopp\u00e9 un nouveau simulateur de pompe destin\u00e9 aux op\u00e9rateurs de production et aux techniciens de maintenance qui souhaitent approfondir leurs connaissances des processus. Dans un environnement r\u00e9aliste mais s\u00e9curis\u00e9, vous travaillez activement sur des exercices de pompes essentiels : \u2013 r\u00e9sistances de ligne\u2013 pompes \u00e0 commande par vanne et [&hellip;]<\/p>\n","protected":false},"author":177,"featured_media":0,"parent":4318,"menu_order":0,"comment_status":"closed","ping_status":"closed","template":"","meta":{"_seopress_robots_primary_cat":"","_seopress_titles_title":"Maintenance 2025 | Simulateur de processus | Acta","_seopress_titles_desc":"","_seopress_robots_index":"","footnotes":""},"class_list":["post-62860","page","type-page","status-publish","hentry"],"_links":{"self":[{"href":"https:\/\/www.maintenance-expo.be\/fr\/wp-json\/wp\/v2\/pages\/62860","targetHints":{"allow":["GET"]}}],"collection":[{"href":"https:\/\/www.maintenance-expo.be\/fr\/wp-json\/wp\/v2\/pages"}],"about":[{"href":"https:\/\/www.maintenance-expo.be\/fr\/wp-json\/wp\/v2\/types\/page"}],"author":[{"embeddable":true,"href":"https:\/\/www.maintenance-expo.be\/fr\/wp-json\/wp\/v2\/users\/177"}],"replies":[{"embeddable":true,"href":"https:\/\/www.maintenance-expo.be\/fr\/wp-json\/wp\/v2\/comments?post=62860"}],"version-history":[{"count":5,"href":"https:\/\/www.maintenance-expo.be\/fr\/wp-json\/wp\/v2\/pages\/62860\/revisions"}],"predecessor-version":[{"id":213344,"href":"https:\/\/www.maintenance-expo.be\/fr\/wp-json\/wp\/v2\/pages\/62860\/revisions\/213344"}],"up":[{"embeddable":true,"href":"https:\/\/www.maintenance-expo.be\/fr\/wp-json\/wp\/v2\/pages\/4318"}],"wp:attachment":[{"href":"https:\/\/www.maintenance-expo.be\/fr\/wp-json\/wp\/v2\/media?parent=62860"}],"curies":[{"name":"wp","href":"https:\/\/api.w.org\/{rel}","templated":true}]}}