{"id":64574,"date":"2023-03-02T16:53:29","date_gmt":"2023-03-02T15:53:29","guid":{"rendered":"https:\/\/www.maintenance-expo.be\/galerie-des-innovations\/"},"modified":"2025-03-12T11:02:56","modified_gmt":"2025-03-12T10:02:56","slug":"galerie-des-innovations","status":"publish","type":"page","link":"https:\/\/www.maintenance-expo.be\/fr\/galerie-des-innovations\/","title":{"rendered":"Galerie des innovations"},"content":{"rendered":"\t\t<div data-elementor-type=\"wp-page\" data-elementor-id=\"64574\" class=\"elementor elementor-64574 elementor-64078\" data-elementor-post-type=\"page\">\n\t\t\t\t\t\t<section class=\"elementor-section elementor-top-section elementor-element elementor-element-b008fa0 elementor-section-boxed elementor-section-height-default elementor-section-height-default\" data-id=\"b008fa0\" data-element_type=\"section\" data-settings=\"{&quot;background_background&quot;:&quot;classic&quot;}\">\n\t\t\t\t\t\t<div class=\"elementor-container elementor-column-gap-default\">\n\t\t\t\t\t<div class=\"elementor-column elementor-col-100 elementor-top-column elementor-element elementor-element-c6b76ce\" data-id=\"c6b76ce\" data-element_type=\"column\" data-settings=\"{&quot;background_background&quot;:&quot;classic&quot;}\">\n\t\t\t<div class=\"elementor-widget-wrap elementor-element-populated\">\n\t\t\t\t\t\t<div class=\"elementor-element elementor-element-e9dc2a1 elementor-widget elementor-widget-heading\" data-id=\"e9dc2a1\" data-element_type=\"widget\" data-widget_type=\"heading.default\">\n\t\t\t\t<div class=\"elementor-widget-container\">\n\t\t\t\t\t<h2 class=\"elementor-heading-title elementor-size-default\">Galerie des innovations<\/h2>\t\t\t\t<\/div>\n\t\t\t\t<\/div>\n\t\t\t\t<div class=\"elementor-element elementor-element-17ab773 elementor-widget elementor-widget-text-editor\" data-id=\"17ab773\" data-element_type=\"widget\" data-widget_type=\"text-editor.default\">\n\t\t\t\t<div class=\"elementor-widget-container\">\n\t\t\t\t\t\t\t\t\t<p style=\"text-align: center;\">Parcourez la zone des tendances \u00e0 l&rsquo;entr\u00e9e autour des derni\u00e8res technologies et applications.<\/p>\n\t\t\t\t\t\t\t\t<\/div>\n\t\t\t\t<\/div>\n\t\t\t\t\t<\/div>\n\t\t<\/div>\n\t\t\t\t\t<\/div>\n\t\t<\/section>\n\t\t\t\t<section class=\"elementor-section elementor-top-section elementor-element elementor-element-3b128e7 elementor-section-boxed elementor-section-height-default elementor-section-height-default\" data-id=\"3b128e7\" data-element_type=\"section\" data-settings=\"{&quot;background_background&quot;:&quot;classic&quot;}\">\n\t\t\t\t\t\t<div class=\"elementor-container elementor-column-gap-default\">\n\t\t\t\t\t<div class=\"elementor-column elementor-col-100 elementor-top-column elementor-element elementor-element-5e8729b\" data-id=\"5e8729b\" data-element_type=\"column\" data-settings=\"{&quot;background_background&quot;:&quot;classic&quot;}\">\n\t\t\t<div class=\"elementor-widget-wrap elementor-element-populated\">\n\t\t\t\t\t\t<section class=\"elementor-section elementor-inner-section elementor-element elementor-element-d29a8f0 elementor-section-boxed elementor-section-height-default elementor-section-height-default\" data-id=\"d29a8f0\" data-element_type=\"section\">\n\t\t\t\t\t\t<div class=\"elementor-container elementor-column-gap-default\">\n\t\t\t\t\t<div class=\"elementor-column elementor-col-25 elementor-inner-column elementor-element elementor-element-85eb5d3\" data-id=\"85eb5d3\" data-element_type=\"column\" data-settings=\"{&quot;background_background&quot;:&quot;classic&quot;}\">\n\t\t\t<div class=\"elementor-widget-wrap elementor-element-populated\">\n\t\t\t\t\t\t<div class=\"elementor-element elementor-element-870f6aa elementor-widget elementor-widget-image\" data-id=\"870f6aa\" data-element_type=\"widget\" data-widget_type=\"image.default\">\n\t\t\t\t<div class=\"elementor-widget-container\">\n\t\t\t\t\t\t\t\t\t\t\t\t\t\t\t<img fetchpriority=\"high\" decoding=\"async\" width=\"800\" height=\"210\" src=\"https:\/\/easyfairsassets.com\/sites\/186\/2023\/03\/UESystems-1024x269.jpg\" class=\"attachment-large size-large wp-image-64109\" alt=\"UESystems\" srcset=\"https:\/\/easyfairsassets.com\/sites\/186\/2023\/03\/UESystems-1024x269.jpg 1024w, https:\/\/easyfairsassets.com\/sites\/186\/2023\/03\/UESystems-300x79.jpg 300w, https:\/\/easyfairsassets.com\/sites\/186\/2023\/03\/UESystems-768x202.jpg 768w, https:\/\/easyfairsassets.com\/sites\/186\/2023\/03\/UESystems-1536x404.jpg 1536w, https:\/\/easyfairsassets.com\/sites\/186\/2023\/03\/UESystems.jpg 1900w\" sizes=\"(max-width: 800px) 100vw, 800px\" \/>\t\t\t\t\t\t\t\t\t\t\t\t\t\t\t<\/div>\n\t\t\t\t<\/div>\n\t\t\t\t<div class=\"elementor-element elementor-element-8ea2a76 elementor-widget elementor-widget-text-editor\" data-id=\"8ea2a76\" data-element_type=\"widget\" data-widget_type=\"text-editor.default\">\n\t\t\t\t<div class=\"elementor-widget-container\">\n\t\t\t\t\t\t\t\t\t<p style=\"text-align: center;\"><strong>De OnTrak &amp; SmartLube &#8211; UESystems<\/strong><\/p>\n\t\t\t\t\t\t\t\t<\/div>\n\t\t\t\t<\/div>\n\t\t\t\t<div class=\"elementor-element elementor-element-5912265 elementor-widget elementor-widget-text-editor\" data-id=\"5912265\" data-element_type=\"widget\" data-widget_type=\"text-editor.default\">\n\t\t\t\t<div class=\"elementor-widget-container\">\n\t\t\t\t\t\t\t\t\t<p>L&rsquo;OnTrak est un syst\u00e8me de surveillance des roulements IIoT con\u00e7u pour identifier de mani\u00e8re proactive les besoins en lubrification et donner aux utilisateurs une alerte pr\u00e9coce sur les probl\u00e8mes potentiels des roulements.<\/p>\n<p><a href=\"https:\/\/www.maintenance-expo.be\/nl\/products\/ontrak\/\">Lire la suite &#8230;<\/a><\/p>\n\t\t\t\t\t\t\t\t<\/div>\n\t\t\t\t<\/div>\n\t\t\t\t\t<\/div>\n\t\t<\/div>\n\t\t\t\t<div class=\"elementor-column elementor-col-25 elementor-inner-column elementor-element elementor-element-0c45f7d\" data-id=\"0c45f7d\" data-element_type=\"column\" data-settings=\"{&quot;background_background&quot;:&quot;classic&quot;}\">\n\t\t\t<div class=\"elementor-widget-wrap elementor-element-populated\">\n\t\t\t\t\t\t<div class=\"elementor-element elementor-element-d39290d elementor-widget elementor-widget-image\" data-id=\"d39290d\" data-element_type=\"widget\" data-widget_type=\"image.default\">\n\t\t\t\t<div class=\"elementor-widget-container\">\n\t\t\t\t\t\t\t\t\t\t\t\t\t\t\t<img decoding=\"async\" width=\"688\" height=\"441\" src=\"https:\/\/easyfairsassets.com\/sites\/186\/2023\/03\/SkyeBase.png\" class=\"attachment-large size-large wp-image-64112\" alt=\"SkyeBase\" srcset=\"https:\/\/easyfairsassets.com\/sites\/186\/2023\/03\/SkyeBase.png 688w, https:\/\/easyfairsassets.com\/sites\/186\/2023\/03\/SkyeBase-300x192.png 300w\" sizes=\"(max-width: 688px) 100vw, 688px\" \/>\t\t\t\t\t\t\t\t\t\t\t\t\t\t\t<\/div>\n\t\t\t\t<\/div>\n\t\t\t\t<div class=\"elementor-element elementor-element-1e3cc38 elementor-widget elementor-widget-text-editor\" data-id=\"1e3cc38\" data-element_type=\"widget\" data-widget_type=\"text-editor.default\">\n\t\t\t\t<div class=\"elementor-widget-container\">\n\t\t\t\t\t\t\t\t\t<p style=\"text-align: center;\"><strong>Elios 3 drone<br \/>\n&#8211; SkyeBase<\/strong><\/p>\n\t\t\t\t\t\t\t\t<\/div>\n\t\t\t\t<\/div>\n\t\t\t\t<div class=\"elementor-element elementor-element-e00cea5 elementor-widget elementor-widget-text-editor\" data-id=\"e00cea5\" data-element_type=\"widget\" data-widget_type=\"text-editor.default\">\n\t\t\t\t<div class=\"elementor-widget-container\">\n\t\t\t\t\t\t\t\t\t<p>Le drone est \u00e9quip\u00e9 d&rsquo;un bo\u00eetier qui le prot\u00e8ge de son environnement. Cela nous permet de prendre des images 3D pr\u00e9cises d&rsquo;un environnement gr\u00e2ce aux techniques LIDAR, en plus de pouvoir voler hors des espaces confin\u00e9s et des tuyaux.<\/p>\n<p><a href=\"https:\/\/www.maintenance-expo.be\/nl\/products\/elios-3\/\">Lire la suite&#8230;<\/a><\/p>\n\t\t\t\t\t\t\t\t<\/div>\n\t\t\t\t<\/div>\n\t\t\t\t\t<\/div>\n\t\t<\/div>\n\t\t\t\t<div class=\"elementor-column elementor-col-25 elementor-inner-column elementor-element elementor-element-fbd194d\" data-id=\"fbd194d\" data-element_type=\"column\" data-settings=\"{&quot;background_background&quot;:&quot;classic&quot;}\">\n\t\t\t<div class=\"elementor-widget-wrap elementor-element-populated\">\n\t\t\t\t\t\t<div class=\"elementor-element elementor-element-15a5a93 elementor-widget elementor-widget-image\" data-id=\"15a5a93\" data-element_type=\"widget\" data-widget_type=\"image.default\">\n\t\t\t\t<div class=\"elementor-widget-container\">\n\t\t\t\t\t\t\t\t\t\t\t\t\t\t\t<img decoding=\"async\" width=\"150\" height=\"150\" src=\"https:\/\/easyfairsassets.com\/sites\/186\/2023\/03\/LUBExpert-On-Guard-1-150x150.png\" class=\"attachment-thumbnail size-thumbnail wp-image-64694\" alt=\"\" \/>\t\t\t\t\t\t\t\t\t\t\t\t\t\t\t<\/div>\n\t\t\t\t<\/div>\n\t\t\t\t<div class=\"elementor-element elementor-element-c7f3445 elementor-widget elementor-widget-text-editor\" data-id=\"c7f3445\" data-element_type=\"widget\" data-widget_type=\"text-editor.default\">\n\t\t\t\t<div class=\"elementor-widget-container\">\n\t\t\t\t\t\t\t\t\t<p style=\"text-align: center;\"><strong>LUBExpert On-Guard &#8211; SDT Ultrasound Solutions<\/strong><\/p>\n\t\t\t\t\t\t\t\t<\/div>\n\t\t\t\t<\/div>\n\t\t\t\t<div class=\"elementor-element elementor-element-d5d5660 elementor-widget elementor-widget-text-editor\" data-id=\"d5d5660\" data-element_type=\"widget\" data-widget_type=\"text-editor.default\">\n\t\t\t\t<div class=\"elementor-widget-container\">\n\t\t\t\t\t\t\t\t\t<p>LUBExpert On-Guard est un syst\u00e8me de surveillance en ligne con\u00e7u pour la lubrification intelligente assist\u00e9e par ultrasons. Le syst\u00e8me permet de relubrifier en douceur les actifs, uniquement lorsque cela est n\u00e9cessaire, avec la quantit\u00e9 appropri\u00e9e de lubrifiant.<\/p>\n<p><a href=\"https:\/\/www.maintenance-expo.be\/nl\/products\/ultranalysisr-suite-3\/\">Lire plus&#8230;<\/a><\/p>\n\t\t\t\t\t\t\t\t<\/div>\n\t\t\t\t<\/div>\n\t\t\t\t\t<\/div>\n\t\t<\/div>\n\t\t\t\t<div class=\"elementor-column elementor-col-25 elementor-inner-column elementor-element elementor-element-083ac44\" data-id=\"083ac44\" data-element_type=\"column\" data-settings=\"{&quot;background_background&quot;:&quot;classic&quot;}\">\n\t\t\t<div class=\"elementor-widget-wrap elementor-element-populated\">\n\t\t\t\t\t\t<div class=\"elementor-element elementor-element-e6dbee2 elementor-widget elementor-widget-image\" data-id=\"e6dbee2\" data-element_type=\"widget\" data-widget_type=\"image.default\">\n\t\t\t\t<div class=\"elementor-widget-container\">\n\t\t\t\t\t\t\t\t\t\t\t\t\t\t\t<img loading=\"lazy\" decoding=\"async\" width=\"222\" height=\"300\" src=\"https:\/\/easyfairsassets.com\/sites\/186\/2023\/03\/mobiel-overzicht-frees-222x300.png\" class=\"attachment-medium size-medium wp-image-64814\" alt=\"\" srcset=\"https:\/\/easyfairsassets.com\/sites\/186\/2023\/03\/mobiel-overzicht-frees-222x300.png 222w, https:\/\/easyfairsassets.com\/sites\/186\/2023\/03\/mobiel-overzicht-frees-758x1024.png 758w, https:\/\/easyfairsassets.com\/sites\/186\/2023\/03\/mobiel-overzicht-frees-768x1037.png 768w, https:\/\/easyfairsassets.com\/sites\/186\/2023\/03\/mobiel-overzicht-frees-1137x1536.png 1137w, https:\/\/easyfairsassets.com\/sites\/186\/2023\/03\/mobiel-overzicht-frees.png 1183w\" sizes=\"(max-width: 222px) 100vw, 222px\" \/>\t\t\t\t\t\t\t\t\t\t\t\t\t\t\t<\/div>\n\t\t\t\t<\/div>\n\t\t\t\t<div class=\"elementor-element elementor-element-0d9a8dc elementor-widget elementor-widget-text-editor\" data-id=\"0d9a8dc\" data-element_type=\"widget\" data-widget_type=\"text-editor.default\">\n\t\t\t\t<div class=\"elementor-widget-container\">\n\t\t\t\t\t\t\t\t\t<p style=\"text-align: center;\"><strong>machine(s) mobile(s) de tournage ou de fraisage &#8211; De Pecker Gent<\/strong><\/p>\n\t\t\t\t\t\t\t\t<\/div>\n\t\t\t\t<\/div>\n\t\t\t\t<div class=\"elementor-element elementor-element-aa2ba28 elementor-widget elementor-widget-text-editor\" data-id=\"aa2ba28\" data-element_type=\"widget\" data-widget_type=\"text-editor.default\">\n\t\t\t\t<div class=\"elementor-widget-container\">\n\t\t\t\t\t\t\t\t\t<p>Souvent, les pi\u00e8ces qui doivent \u00eatre tourn\u00e9es ou frais\u00e9es doivent d&rsquo;abord \u00eatre d\u00e9mont\u00e9es chez le client et apport\u00e9es \u00e0 l&rsquo;atelier.<\/p>\n<p><a href=\"https:\/\/www.maintenance-expo.be\/nl\/exhibitor\/de-pecker-gent-nv\/\">Lire la suite&#8230;<\/a><\/p>\n\t\t\t\t\t\t\t\t<\/div>\n\t\t\t\t<\/div>\n\t\t\t\t\t<\/div>\n\t\t<\/div>\n\t\t\t\t\t<\/div>\n\t\t<\/section>\n\t\t\t\t\t<\/div>\n\t\t<\/div>\n\t\t\t\t\t<\/div>\n\t\t<\/section>\n\t\t\t\t<\/div>\n\t\t","protected":false},"excerpt":{"rendered":"<p>Galerie des innovations Parcourez la zone des tendances \u00e0 l&rsquo;entr\u00e9e autour des derni\u00e8res technologies et applications. De OnTrak &amp; SmartLube &#8211; UESystems L&rsquo;OnTrak est un syst\u00e8me de surveillance des roulements IIoT con\u00e7u pour identifier de mani\u00e8re proactive les besoins en lubrification et donner aux utilisateurs une alerte pr\u00e9coce sur les probl\u00e8mes potentiels des roulements. Lire [&hellip;]<\/p>\n","protected":false},"author":177,"featured_media":0,"parent":0,"menu_order":0,"comment_status":"closed","ping_status":"closed","template":"","meta":{"_seopress_robots_primary_cat":"","_seopress_titles_title":"Maintenance 2025 | Galerie des innovations","_seopress_titles_desc":"Parcourez la zone des tendances \u00e0 l'entr\u00e9e autour des derni\u00e8res technologies et applications.","_seopress_robots_index":"","footnotes":""},"class_list":["post-64574","page","type-page","status-publish","hentry"],"_links":{"self":[{"href":"https:\/\/www.maintenance-expo.be\/fr\/wp-json\/wp\/v2\/pages\/64574","targetHints":{"allow":["GET"]}}],"collection":[{"href":"https:\/\/www.maintenance-expo.be\/fr\/wp-json\/wp\/v2\/pages"}],"about":[{"href":"https:\/\/www.maintenance-expo.be\/fr\/wp-json\/wp\/v2\/types\/page"}],"author":[{"embeddable":true,"href":"https:\/\/www.maintenance-expo.be\/fr\/wp-json\/wp\/v2\/users\/177"}],"replies":[{"embeddable":true,"href":"https:\/\/www.maintenance-expo.be\/fr\/wp-json\/wp\/v2\/comments?post=64574"}],"version-history":[{"count":4,"href":"https:\/\/www.maintenance-expo.be\/fr\/wp-json\/wp\/v2\/pages\/64574\/revisions"}],"predecessor-version":[{"id":179602,"href":"https:\/\/www.maintenance-expo.be\/fr\/wp-json\/wp\/v2\/pages\/64574\/revisions\/179602"}],"wp:attachment":[{"href":"https:\/\/www.maintenance-expo.be\/fr\/wp-json\/wp\/v2\/media?parent=64574"}],"curies":[{"name":"wp","href":"https:\/\/api.w.org\/{rel}","templated":true}]}}