{"id":200875,"date":"2025-12-01T14:49:32","date_gmt":"2025-12-01T13:49:32","guid":{"rendered":"https:\/\/www.maintenance-expo.be\/?page_id=200875"},"modified":"2025-12-08T15:20:08","modified_gmt":"2025-12-08T14:20:08","slug":"easyfairs-belgium-app-voor-exposanten","status":"publish","type":"page","link":"https:\/\/www.maintenance-expo.be\/nl\/easyfairs-belgium-app-voor-exposanten\/","title":{"rendered":"Easyfairs Belgium App voor exposanten"},"content":{"rendered":"\t\t<div data-elementor-type=\"wp-page\" data-elementor-id=\"200875\" class=\"elementor elementor-200875\" data-elementor-post-type=\"page\">\n\t\t\t\t<div class=\"elementor-element elementor-element-1c21a0f e-flex e-con-boxed e-con e-parent\" data-id=\"1c21a0f\" data-element_type=\"container\" data-settings=\"{&quot;background_background&quot;:&quot;classic&quot;,&quot;shape_divider_bottom&quot;:&quot;opacity-tilt&quot;}\">\n\t\t\t\t\t<div class=\"e-con-inner\">\n\t\t\t\t<div class=\"elementor-shape elementor-shape-bottom\" aria-hidden=\"true\" data-negative=\"false\">\n\t\t\t<svg xmlns=\"http:\/\/www.w3.org\/2000\/svg\" viewBox=\"0 0 2600 131.1\" preserveAspectRatio=\"none\">\n\t<path class=\"elementor-shape-fill\" d=\"M0 0L2600 0 2600 69.1 0 0z\"\/>\n\t<path class=\"elementor-shape-fill\" style=\"opacity:0.5\" d=\"M0 0L2600 0 2600 69.1 0 69.1z\"\/>\n\t<path class=\"elementor-shape-fill\" style=\"opacity:0.25\" d=\"M2600 0L0 0 0 130.1 2600 69.1z\"\/>\n<\/svg>\t\t<\/div>\n\t\t\t\t<div class=\"elementor-element elementor-element-e3ed743 elementor-widget__width-initial elementor-widget elementor-widget-heading\" data-id=\"e3ed743\" data-element_type=\"widget\" data-widget_type=\"heading.default\">\n\t\t\t\t<div class=\"elementor-widget-container\">\n\t\t\t\t\t<h2 class=\"elementor-heading-title elementor-size-default\">Optimaliseer uw beursdeelname met de Easyfairs Belgium app<\/h2>\t\t\t\t<\/div>\n\t\t\t\t<\/div>\n\t\t\t\t<div class=\"elementor-element elementor-element-d0ef4c5 elementor-widget__width-initial elementor-widget elementor-widget-text-editor\" data-id=\"d0ef4c5\" data-element_type=\"widget\" data-widget_type=\"text-editor.default\">\n\t\t\t\t<div class=\"elementor-widget-container\">\n\t\t\t\t\t\t\t\t\t<p class=\"\" data-start=\"424\" data-end=\"633\">Ontdek de gloednieuwe <strong>Easyfairs Belgium app<\/strong>: d\u00e9 tool waarmee u meer haalt uit uw deelname aan de beurs. Maak connecties, plan afspraken en blijf top-of-mind bij klanten en prospects\u00a0 allemaal via \u00e9\u00e9n handige app.<\/p><p class=\"\" data-start=\"635\" data-end=\"788\">Of u nu een ervaren exposant bent of voor het eerst deelneemt, de <span data-olk-copy-source=\"MessageBody\">Easyfairs Belgium app<\/span> zorgt voor een <strong data-start=\"728\" data-end=\"787\">professionele, persoonlijke en effici\u00ebnte beurservaring<\/strong>.<\/p>\t\t\t\t\t\t\t\t<\/div>\n\t\t\t\t<\/div>\n\t\t\t\t\t<\/div>\n\t\t\t\t<\/div>\n\t\t<div class=\"elementor-element elementor-element-742bee6 e-flex e-con-boxed e-con e-parent\" data-id=\"742bee6\" data-element_type=\"container\" data-settings=\"{&quot;background_background&quot;:&quot;classic&quot;,&quot;shape_divider_bottom&quot;:&quot;opacity-tilt&quot;}\">\n\t\t\t\t\t<div class=\"e-con-inner\">\n\t\t\t\t<div class=\"elementor-shape elementor-shape-bottom\" aria-hidden=\"true\" data-negative=\"false\">\n\t\t\t<svg xmlns=\"http:\/\/www.w3.org\/2000\/svg\" viewBox=\"0 0 2600 131.1\" preserveAspectRatio=\"none\">\n\t<path class=\"elementor-shape-fill\" d=\"M0 0L2600 0 2600 69.1 0 0z\"\/>\n\t<path class=\"elementor-shape-fill\" style=\"opacity:0.5\" d=\"M0 0L2600 0 2600 69.1 0 69.1z\"\/>\n\t<path class=\"elementor-shape-fill\" style=\"opacity:0.25\" d=\"M2600 0L0 0 0 130.1 2600 69.1z\"\/>\n<\/svg>\t\t<\/div>\n\t\t\t\t<div class=\"elementor-element elementor-element-5b1fd77 elementor-widget elementor-widget-heading\" data-id=\"5b1fd77\" data-element_type=\"widget\" data-widget_type=\"heading.default\">\n\t\t\t\t<div class=\"elementor-widget-container\">\n\t\t\t\t\t<h2 class=\"elementor-heading-title elementor-size-default\">De Easyfairs Belgium app<\/h2>\t\t\t\t<\/div>\n\t\t\t\t<\/div>\n\t\t\t\t<div class=\"elementor-element elementor-element-cbce3bc elementor-widget elementor-widget-text-editor\" data-id=\"cbce3bc\" data-element_type=\"widget\" data-widget_type=\"text-editor.default\">\n\t\t\t\t<div class=\"elementor-widget-container\">\n\t\t\t\t\t\t\t\t\t<p><strong>De Easyfairs Belgium app<\/strong> doet veel meer dan alleen <strong data-start=\"823\" data-end=\"846\">uw planning beheren<\/strong>. Het is uw persoonlijke beursassistent die u ondersteunt vanaf het moment dat u uw deelname voorbereidt tot lang na afloop van het evenement. Door <strong data-start=\"994\" data-end=\"1016\">uw bedrijfsprofiel<\/strong> te koppelen aan de app via My Easyfairs, worden <strong data-start=\"1065\" data-end=\"1080\">uw gegevens<\/strong> automatisch ingevuld. U hoeft alleen nog <strong data-start=\"1122\" data-end=\"1135\">uw agenda<\/strong> te plannen en <strong data-start=\"1150\" data-end=\"1166\">uw teamleden<\/strong> uit te nodigen, zodat bezoekers vooraf al contact kunnen opnemen en afspraken kunnen inboeken.<\/p><p>De app biedt gepersonaliseerde aanbevelingen op basis van <strong data-start=\"1323\" data-end=\"1340\">uw interesses<\/strong> en professionele doelstellingen. Zo stelt hij automatisch relevante bezoekers voor waarmee u gegarandeerd waardevolle connecties kunt opbouwen. Daarnaast kunt u eenvoudig communiceren, afspraken maken en <strong data-start=\"1545\" data-end=\"1564\">uw aanwezigheid<\/strong> volledig afstemmen op <strong data-start=\"1587\" data-end=\"1619\">uw eigen behoeften en doelen<\/strong>.<\/p>\t\t\t\t\t\t\t\t<\/div>\n\t\t\t\t<\/div>\n\t\t<div class=\"elementor-element elementor-element-68ca7bf e-con-full e-grid e-con e-child\" data-id=\"68ca7bf\" data-element_type=\"container\" data-settings=\"{&quot;background_background&quot;:&quot;classic&quot;}\">\n\t\t<div class=\"elementor-element elementor-element-d168bce e-flex e-con-boxed e-con e-child\" data-id=\"d168bce\" data-element_type=\"container\" data-settings=\"{&quot;background_background&quot;:&quot;classic&quot;}\">\n\t\t\t\t\t<div class=\"e-con-inner\">\n\t\t<div class=\"elementor-element elementor-element-996f424 e-con-full e-flex e-con e-child\" data-id=\"996f424\" data-element_type=\"container\">\n\t\t\t\t<div class=\"elementor-element elementor-element-484a660 elementor-widget__width-inherit elementor-widget elementor-widget-heading\" data-id=\"484a660\" data-element_type=\"widget\" data-widget_type=\"heading.default\">\n\t\t\t\t<div class=\"elementor-widget-container\">\n\t\t\t\t\t<h2 class=\"elementor-heading-title elementor-size-default\">Zet de eerste stap en begin uw bezoek al te plannen<\/h2>\t\t\t\t<\/div>\n\t\t\t\t<\/div>\n\t\t\t\t<div class=\"elementor-element elementor-element-7f76555 elementor-view-default elementor-widget elementor-widget-icon\" data-id=\"7f76555\" data-element_type=\"widget\" data-widget_type=\"icon.default\">\n\t\t\t\t<div class=\"elementor-widget-container\">\n\t\t\t\t\t\t\t<div class=\"elementor-icon-wrapper\">\n\t\t\t<div class=\"elementor-icon\">\n\t\t\t<i aria-hidden=\"true\" class=\"fas fa-rocket\"><\/i>\t\t\t<\/div>\n\t\t<\/div>\n\t\t\t\t\t\t<\/div>\n\t\t\t\t<\/div>\n\t\t\t\t<div class=\"elementor-element elementor-element-3c24b01 elementor-widget elementor-widget-text-editor\" data-id=\"3c24b01\" data-element_type=\"widget\" data-widget_type=\"text-editor.default\">\n\t\t\t\t<div class=\"elementor-widget-container\">\n\t\t\t\t\t\t\t\t\t<p class=\"\" data-start=\"92\" data-end=\"314\">Het plannen van een bezoek aan Maintenance is de sleutel tot een succesvolle ervaring. Met de nieuwe app wordt het eenvoudig om de beursdag volledig voor te bereiden, kansen te benutten en het meeste uit het evenement te halen!<\/p>\t\t\t\t\t\t\t\t<\/div>\n\t\t\t\t<\/div>\n\t\t\t\t<\/div>\n\t\t\t\t\t<\/div>\n\t\t\t\t<\/div>\n\t\t<div class=\"elementor-element elementor-element-00af288 e-flex e-con-boxed e-con e-child\" data-id=\"00af288\" data-element_type=\"container\" data-settings=\"{&quot;background_background&quot;:&quot;classic&quot;}\">\n\t\t\t\t\t<div class=\"e-con-inner\">\n\t\t<div class=\"elementor-element elementor-element-0acd226 e-con-full e-flex e-con e-child\" data-id=\"0acd226\" data-element_type=\"container\">\n\t\t\t\t<div class=\"elementor-element elementor-element-b159157 elementor-widget__width-inherit elementor-widget elementor-widget-heading\" data-id=\"b159157\" data-element_type=\"widget\" data-widget_type=\"heading.default\">\n\t\t\t\t<div class=\"elementor-widget-container\">\n\t\t\t\t\t<h2 class=\"elementor-heading-title elementor-size-default\">Krijg op maat gemaakte aanbevelingen<\/h2>\t\t\t\t<\/div>\n\t\t\t\t<\/div>\n\t\t\t\t<div class=\"elementor-element elementor-element-0aba496 elementor-view-default elementor-widget elementor-widget-icon\" data-id=\"0aba496\" data-element_type=\"widget\" data-widget_type=\"icon.default\">\n\t\t\t\t<div class=\"elementor-widget-container\">\n\t\t\t\t\t\t\t<div class=\"elementor-icon-wrapper\">\n\t\t\t<div class=\"elementor-icon\">\n\t\t\t<i aria-hidden=\"true\" class=\"fas fa-handshake\"><\/i>\t\t\t<\/div>\n\t\t<\/div>\n\t\t\t\t\t\t<\/div>\n\t\t\t\t<\/div>\n\t\t\t\t<div class=\"elementor-element elementor-element-a6fe883 elementor-widget elementor-widget-text-editor\" data-id=\"a6fe883\" data-element_type=\"widget\" data-widget_type=\"text-editor.default\">\n\t\t\t\t<div class=\"elementor-widget-container\">\n\t\t\t\t\t\t\t\t\t<p>Ontvang gepersonaliseerde suggesties voor de beste mensen om te ontmoeten. Slimme algoritmes analyseren uw voorkeuren en selecteren de meest waardevolle connecties voor u.<\/p>\t\t\t\t\t\t\t\t<\/div>\n\t\t\t\t<\/div>\n\t\t\t\t<\/div>\n\t\t\t\t\t<\/div>\n\t\t\t\t<\/div>\n\t\t<div class=\"elementor-element elementor-element-d5b8f8f e-flex e-con-boxed e-con e-child\" data-id=\"d5b8f8f\" data-element_type=\"container\" data-settings=\"{&quot;background_background&quot;:&quot;classic&quot;}\">\n\t\t\t\t\t<div class=\"e-con-inner\">\n\t\t<div class=\"elementor-element elementor-element-9c3ca7d e-con-full e-flex e-con e-child\" data-id=\"9c3ca7d\" data-element_type=\"container\">\n\t\t\t\t<div class=\"elementor-element elementor-element-47069c1 elementor-widget__width-inherit elementor-widget elementor-widget-heading\" data-id=\"47069c1\" data-element_type=\"widget\" data-widget_type=\"heading.default\">\n\t\t\t\t<div class=\"elementor-widget-container\">\n\t\t\t\t\t<h2 class=\"elementor-heading-title elementor-size-default\">Stel uw ideale programma samen!<\/h2>\t\t\t\t<\/div>\n\t\t\t\t<\/div>\n\t\t\t\t<div class=\"elementor-element elementor-element-74165f5 elementor-view-default elementor-widget elementor-widget-icon\" data-id=\"74165f5\" data-element_type=\"widget\" data-widget_type=\"icon.default\">\n\t\t\t\t<div class=\"elementor-widget-container\">\n\t\t\t\t\t\t\t<div class=\"elementor-icon-wrapper\">\n\t\t\t<div class=\"elementor-icon\">\n\t\t\t<i aria-hidden=\"true\" class=\"fas fa-calendar-check\"><\/i>\t\t\t<\/div>\n\t\t<\/div>\n\t\t\t\t\t\t<\/div>\n\t\t\t\t<\/div>\n\t\t\t\t<div class=\"elementor-element elementor-element-09778a7 elementor-widget elementor-widget-text-editor\" data-id=\"09778a7\" data-element_type=\"widget\" data-widget_type=\"text-editor.default\">\n\t\t\t\t<div class=\"elementor-widget-container\">\n\t\t\t\t\t\t\t\t\t<p>Blijf altijd up-to-date en mis nooit een belangrijke sessie! Verken het seminarprogramma, duik dieper in de sprekers en onderwerpen, en voeg de sessies die u wilt bijwonen eenvoudig toe aan uw persoonlijke agenda.<\/p>\t\t\t\t\t\t\t\t<\/div>\n\t\t\t\t<\/div>\n\t\t\t\t<\/div>\n\t\t\t\t\t<\/div>\n\t\t\t\t<\/div>\n\t\t\t\t<\/div>\n\t\t<div class=\"elementor-element elementor-element-c83d656 e-flex e-con-boxed e-con e-child\" data-id=\"c83d656\" data-element_type=\"container\" data-settings=\"{&quot;background_background&quot;:&quot;classic&quot;}\">\n\t\t\t\t\t<div class=\"e-con-inner\">\n\t\t<div class=\"elementor-element elementor-element-f4c13a8 e-con-full e-flex e-con e-child\" data-id=\"f4c13a8\" data-element_type=\"container\" data-settings=\"{&quot;background_background&quot;:&quot;classic&quot;}\">\n\t\t\t\t<div class=\"elementor-element elementor-element-b716137 elementor-widget elementor-widget-heading\" data-id=\"b716137\" data-element_type=\"widget\" data-widget_type=\"heading.default\">\n\t\t\t\t<div class=\"elementor-widget-container\">\n\t\t\t\t\t<h2 class=\"elementor-heading-title elementor-size-default\">Voordelen van de Easyfairs Belgium app<\/h2>\t\t\t\t<\/div>\n\t\t\t\t<\/div>\n\t\t\t\t<div class=\"elementor-element elementor-element-d3d16b2 elementor-widget elementor-widget-text-editor\" data-id=\"d3d16b2\" data-element_type=\"widget\" data-widget_type=\"text-editor.default\">\n\t\t\t\t<div class=\"elementor-widget-container\">\n\t\t\t\t\t\t\t\t\t<table class=\"min-w-full\" data-start=\"2452\" data-end=\"3020\"><thead data-start=\"2452\" data-end=\"2546\"><tr data-start=\"2452\" data-end=\"2546\"><th data-start=\"2452\" data-end=\"2474\">\ud83d\udcc8 <strong data-start=\"2457\" data-end=\"2473\">Netwerkboost<\/strong><\/th><th data-start=\"2474\" data-end=\"2546\">Vergroot de zichtbaarheid van uw bedrijf en ontmoet de juiste mensen<\/th><\/tr><\/thead><tbody data-start=\"2644\" data-end=\"3020\"><tr data-start=\"2644\" data-end=\"2738\"><td class=\"max-w-[calc(var(--thread-content-max-width)*2\/3)]\" data-start=\"2644\" data-end=\"2670\">\ud83d\udcc5 <strong data-start=\"2649\" data-end=\"2669\">Afsprakenplanner<\/strong><\/td><td class=\"max-w-[calc(var(--thread-content-max-width)*2\/3)] min-w-[calc(var(--thread-content-max-width)\/3)]\" data-start=\"2670\" data-end=\"2738\">Bezoekers kunnen vooraf meetings boeken, wat tijdswinst oplevert<\/td><\/tr><tr data-start=\"2739\" data-end=\"2835\"><td class=\"max-w-[calc(var(--thread-content-max-width)*2\/3)]\" data-start=\"2739\" data-end=\"2768\">\ud83d\udcac <strong data-start=\"2744\" data-end=\"2767\">Snelle communicatie<\/strong><\/td><td class=\"max-w-[calc(var(--thread-content-max-width)*2\/3)] min-w-[calc(var(--thread-content-max-width)\/3)]\" data-start=\"2768\" data-end=\"2835\">Chat met ge\u00efnteresseerde contacten v\u00f3\u00f3r, tijdens en na de beurs<\/td><\/tr><tr data-start=\"2836\" data-end=\"2929\"><td class=\"max-w-[calc(var(--thread-content-max-width)*2\/3)]\" data-start=\"2836\" data-end=\"2872\">\ud83e\udded <strong data-start=\"2841\" data-end=\"2871\">Persoonlijke aanbevelingen<\/strong><\/td><td class=\"max-w-[calc(var(--thread-content-max-width)*2\/3)] min-w-[calc(var(--thread-content-max-width)\/3)]\" data-start=\"2872\" data-end=\"2929\">Krijg suggesties op maat van uw profiel en interesses<\/td><\/tr><tr data-start=\"2930\" data-end=\"3020\"><td class=\"max-w-[calc(var(--thread-content-max-width)*2\/3)]\" data-start=\"2930\" data-end=\"2963\">\ud83d\udd10 <strong data-start=\"2935\" data-end=\"2962\">My Easyfairs-integratie<\/strong><\/td><td class=\"max-w-[calc(var(--thread-content-max-width)*2\/3)] min-w-[calc(var(--thread-content-max-width)\/3)]\" data-start=\"2963\" data-end=\"3020\">Alle info netjes gekoppeld en op \u00e9\u00e9n plek beschikbaar<\/td><\/tr><\/tbody><\/table>\t\t\t\t\t\t\t\t<\/div>\n\t\t\t\t<\/div>\n\t\t\t\t<\/div>\n\t\t\t\t\t<\/div>\n\t\t\t\t<\/div>\n\t\t<div class=\"elementor-element elementor-element-b217efa e-flex e-con-boxed e-con e-child\" data-id=\"b217efa\" data-element_type=\"container\" data-settings=\"{&quot;background_background&quot;:&quot;classic&quot;}\">\n\t\t\t\t\t<div class=\"e-con-inner\">\n\t\t<div class=\"elementor-element elementor-element-aa375f9 e-flex e-con-boxed e-con e-child\" data-id=\"aa375f9\" data-element_type=\"container\" data-settings=\"{&quot;background_background&quot;:&quot;classic&quot;}\">\n\t\t\t\t\t<div class=\"e-con-inner\">\n\t\t\t\t\t<\/div>\n\t\t\t\t<\/div>\n\t\t<div class=\"elementor-element elementor-element-cf4d19a e-flex e-con-boxed e-con e-child\" data-id=\"cf4d19a\" data-element_type=\"container\">\n\t\t\t\t\t<div class=\"e-con-inner\">\n\t\t\t\t<div class=\"elementor-element elementor-element-63a2f40 elementor-widget elementor-widget-heading\" data-id=\"63a2f40\" data-element_type=\"widget\" data-widget_type=\"heading.default\">\n\t\t\t\t<div class=\"elementor-widget-container\">\n\t\t\t\t\t<h2 class=\"elementor-heading-title elementor-size-default\">Hoe werkt het?<\/h2>\t\t\t\t<\/div>\n\t\t\t\t<\/div>\n\t\t\t\t<div class=\"elementor-element elementor-element-0bec734 elementor-widget elementor-widget-text-editor\" data-id=\"0bec734\" data-element_type=\"widget\" data-widget_type=\"text-editor.default\">\n\t\t\t\t<div class=\"elementor-widget-container\">\n\t\t\t\t\t\t\t\t\t<ol><li data-start=\"101\" data-end=\"284\"><p data-start=\"606\" data-end=\"797\"><strong data-start=\"606\" data-end=\"633\">Registreer uw standteam<\/strong><br data-start=\"633\" data-end=\"636\" \/>Zodra uw standpersoneel is geregistreerd, ontvangen zij automatisch een e-mailuitnodiging om hun persoonlijke account in de Easyfairs Belgium app aan te maken.<\/p><\/li><li data-start=\"101\" data-end=\"284\"><p data-start=\"606\" data-end=\"797\"><strong data-start=\"799\" data-end=\"821\">Stel uw profiel in<\/strong><br data-start=\"821\" data-end=\"824\" \/>Vul uw gebruikersprofiel in en geef aan wat uw interesses zijn en waar u naar op zoek bent tijdens het evenement. Zo ontvangt u relevante connecties en aanbevelingen op maat.<\/p><\/li><li data-start=\"101\" data-end=\"284\"><p data-start=\"799\" data-end=\"1000\"><strong data-start=\"1002\" data-end=\"1021\">Download de app<\/strong><br data-start=\"1021\" data-end=\"1024\" \/>Installeer de app op uw toestel en begin meteen met het plannen van afspraken, het leggen van connecties en het beheren van uw beursdeelname, waar en wanneer u maar wilt.<\/p><\/li><\/ol>\t\t\t\t\t\t\t\t<\/div>\n\t\t\t\t<\/div>\n\t\t\t\t\t<\/div>\n\t\t\t\t<\/div>\n\t\t\t\t\t<\/div>\n\t\t\t\t<\/div>\n\t\t\t\t\t<\/div>\n\t\t\t\t<\/div>\n\t\t<div class=\"elementor-element elementor-element-e093d9a e-flex e-con-boxed e-con e-parent\" data-id=\"e093d9a\" data-element_type=\"container\" data-settings=\"{&quot;background_background&quot;:&quot;classic&quot;}\">\n\t\t\t\t\t<div class=\"e-con-inner\">\n\t\t<div class=\"elementor-element elementor-element-52b92f7 e-con-full e-flex e-con e-child\" data-id=\"52b92f7\" data-element_type=\"container\" data-settings=\"{&quot;background_background&quot;:&quot;classic&quot;}\">\n\t\t\t\t<div class=\"elementor-element elementor-element-99e71e5 elementor-widget elementor-widget-heading\" data-id=\"99e71e5\" data-element_type=\"widget\" data-widget_type=\"heading.default\">\n\t\t\t\t<div class=\"elementor-widget-container\">\n\t\t\t\t\t<h2 class=\"elementor-heading-title elementor-size-default\">Haal het maximale uit uw deelname!\n<\/h2>\t\t\t\t<\/div>\n\t\t\t\t<\/div>\n\t\t\t\t<div class=\"elementor-element elementor-element-91b7bcb elementor-widget elementor-widget-text-editor\" data-id=\"91b7bcb\" data-element_type=\"widget\" data-widget_type=\"text-editor.default\">\n\t\t\t\t<div class=\"elementor-widget-container\">\n\t\t\t\t\t\t\t\t\t<p data-start=\"255\" data-end=\"489\">De Easyfairs Belgium app is meer dan gewoon een planningstool. Het is uw persoonlijke assistent, ontworpen om u een rijke, naadloze ervaring te bieden vanaf het moment dat u besluit ons te bezoeken tot het moment dat u vertrekt.<\/p><p data-start=\"491\" data-end=\"612\">Optimaliseer uw beursbezoek, leg nieuwe connecties en blijf op de hoogte van alles wat Maintenance te bieden heeft.<\/p>\t\t\t\t\t\t\t\t<\/div>\n\t\t\t\t<\/div>\n\t\t\t\t<div class=\"elementor-element elementor-element-b6f1337 elementor-widget elementor-widget-button\" data-id=\"b6f1337\" data-element_type=\"widget\" data-widget_type=\"button.default\">\n\t\t\t\t<div class=\"elementor-widget-container\">\n\t\t\t\t\t\t\t\t\t<div class=\"elementor-button-wrapper\">\n\t\t\t\t\t<a class=\"elementor-button elementor-button-link elementor-size-sm\" href=\"https:\/\/apps.apple.com\/nl\/app\/easyfairs-belgium\/id6680193572\">\n\t\t\t\t\t\t<span class=\"elementor-button-content-wrapper\">\n\t\t\t\t\t\t\t\t\t<span class=\"elementor-button-text\">Apple App Store <\/span>\n\t\t\t\t\t<\/span>\n\t\t\t\t\t<\/a>\n\t\t\t\t<\/div>\n\t\t\t\t\t\t\t\t<\/div>\n\t\t\t\t<\/div>\n\t\t\t\t<div class=\"elementor-element elementor-element-3d9d963 elementor-widget elementor-widget-button\" data-id=\"3d9d963\" data-element_type=\"widget\" data-widget_type=\"button.default\">\n\t\t\t\t<div class=\"elementor-widget-container\">\n\t\t\t\t\t\t\t\t\t<div class=\"elementor-button-wrapper\">\n\t\t\t\t\t<a class=\"elementor-button elementor-button-link elementor-size-sm\" href=\"https:\/\/play.google.com\/store\/apps\/details?id=events.grip.efbe1047&#038;hl=en\">\n\t\t\t\t\t\t<span class=\"elementor-button-content-wrapper\">\n\t\t\t\t\t\t\t\t\t<span class=\"elementor-button-text\">Google Play Store<\/span>\n\t\t\t\t\t<\/span>\n\t\t\t\t\t<\/a>\n\t\t\t\t<\/div>\n\t\t\t\t\t\t\t\t<\/div>\n\t\t\t\t<\/div>\n\t\t\t\t<\/div>\n\t\t\t\t\t<\/div>\n\t\t\t\t<\/div>\n\t\t\t\t<\/div>\n\t\t","protected":false},"excerpt":{"rendered":"<p>Optimaliseer uw beursdeelname met de Easyfairs Belgium app Ontdek de gloednieuwe Easyfairs Belgium app: d\u00e9 tool waarmee u meer haalt uit uw deelname aan de beurs. Maak connecties, plan afspraken en blijf top-of-mind bij klanten en prospects\u00a0 allemaal via \u00e9\u00e9n handige app. Of u nu een ervaren exposant bent of voor het eerst deelneemt, de [&hellip;]<\/p>\n","protected":false},"author":949,"featured_media":0,"parent":0,"menu_order":0,"comment_status":"closed","ping_status":"closed","template":"","meta":{"_seopress_robots_primary_cat":"","_seopress_titles_title":"","_seopress_titles_desc":"","_seopress_robots_index":"","footnotes":""},"class_list":["post-200875","page","type-page","status-publish","hentry"],"_links":{"self":[{"href":"https:\/\/www.maintenance-expo.be\/nl\/wp-json\/wp\/v2\/pages\/200875","targetHints":{"allow":["GET"]}}],"collection":[{"href":"https:\/\/www.maintenance-expo.be\/nl\/wp-json\/wp\/v2\/pages"}],"about":[{"href":"https:\/\/www.maintenance-expo.be\/nl\/wp-json\/wp\/v2\/types\/page"}],"author":[{"embeddable":true,"href":"https:\/\/www.maintenance-expo.be\/nl\/wp-json\/wp\/v2\/users\/949"}],"replies":[{"embeddable":true,"href":"https:\/\/www.maintenance-expo.be\/nl\/wp-json\/wp\/v2\/comments?post=200875"}],"version-history":[{"count":5,"href":"https:\/\/www.maintenance-expo.be\/nl\/wp-json\/wp\/v2\/pages\/200875\/revisions"}],"predecessor-version":[{"id":203146,"href":"https:\/\/www.maintenance-expo.be\/nl\/wp-json\/wp\/v2\/pages\/200875\/revisions\/203146"}],"wp:attachment":[{"href":"https:\/\/www.maintenance-expo.be\/nl\/wp-json\/wp\/v2\/media?parent=200875"}],"curies":[{"name":"wp","href":"https:\/\/api.w.org\/{rel}","templated":true}]}}