{"id":212469,"date":"2026-02-27T14:19:55","date_gmt":"2026-02-27T13:19:55","guid":{"rendered":"https:\/\/www.maintenance-expo.be\/?page_id=212469"},"modified":"2026-03-18T08:54:45","modified_gmt":"2026-03-18T07:54:45","slug":"jury-prijs","status":"publish","type":"page","link":"https:\/\/www.maintenance-expo.be\/nl\/jury-prijs\/","title":{"rendered":"Jury prijs"},"content":{"rendered":"\t\t<div data-elementor-type=\"wp-page\" data-elementor-id=\"212469\" class=\"elementor elementor-212469\" data-elementor-post-type=\"page\">\n\t\t\t\t<div class=\"elementor-element elementor-element-32c908d e-flex e-con-boxed e-con e-parent\" data-id=\"32c908d\" data-element_type=\"container\" data-settings=\"{&quot;background_background&quot;:&quot;classic&quot;,&quot;shape_divider_bottom&quot;:&quot;opacity-tilt&quot;}\">\n\t\t\t\t\t<div class=\"e-con-inner\">\n\t\t\t\t<div class=\"elementor-shape elementor-shape-bottom\" aria-hidden=\"true\" data-negative=\"false\">\n\t\t\t<svg xmlns=\"http:\/\/www.w3.org\/2000\/svg\" viewBox=\"0 0 2600 131.1\" preserveAspectRatio=\"none\">\n\t<path class=\"elementor-shape-fill\" d=\"M0 0L2600 0 2600 69.1 0 0z\"\/>\n\t<path class=\"elementor-shape-fill\" style=\"opacity:0.5\" d=\"M0 0L2600 0 2600 69.1 0 69.1z\"\/>\n\t<path class=\"elementor-shape-fill\" style=\"opacity:0.25\" d=\"M2600 0L0 0 0 130.1 2600 69.1z\"\/>\n<\/svg>\t\t<\/div>\n\t\t\t\t<div class=\"elementor-element elementor-element-735651a elementor-widget elementor-widget-heading\" data-id=\"735651a\" data-element_type=\"widget\" data-widget_type=\"heading.default\">\n\t\t\t\t<div class=\"elementor-widget-container\">\n\t\t\t\t\t<span class=\"elementor-heading-title elementor-size-default\">25 - 26 maart 2026 I Antwerp expo<\/span>\t\t\t\t<\/div>\n\t\t\t\t<\/div>\n\t\t\t\t<div class=\"elementor-element elementor-element-01c8502 elementor-align-center elementor-mobile-align-right elementor-tablet-align-center elementor-widget__width-auto elementor-button-info elementor-widget elementor-widget-dynamic-button\" data-id=\"01c8502\" data-element_type=\"widget\" data-widget_type=\"dynamic-button.default\">\n\t\t\t\t<div class=\"elementor-widget-container\">\n\t\t\t\t\t        <div class=\"elementor-button-wrapper\">\n            <a href=\"https:\/\/register.visitcloud.com\/survey\/1xlhdx2jjokgm\" class=\"elementor-button-link elementor-button elementor-size-xs\" role=\"button\">\n                        <span class=\"elementor-button-content-wrapper\">\n\t\t\t                <span class=\"elementor-button-icon elementor-align-icon-right\">\n\t\t\t\t<i aria-hidden=\"true\" class=\"fas fa-angle-right\"><\/i>\t\t\t<\/span>\n            \t\t\t<span class=\"elementor-button-text\">Registreer hier<\/span>\n\t\t<\/span>\n                    <\/a>\n        <\/div>\n        \t\t\t\t<\/div>\n\t\t\t\t<\/div>\n\t\t\t\t\t<\/div>\n\t\t\t\t<\/div>\n\t\t<div class=\"elementor-element elementor-element-6db27aa e-flex e-con-boxed e-con e-parent\" data-id=\"6db27aa\" data-element_type=\"container\">\n\t\t\t\t\t<div class=\"e-con-inner\">\n\t\t\t\t<div class=\"elementor-element elementor-element-de69603 elementor-widget elementor-widget-heading\" data-id=\"de69603\" data-element_type=\"widget\" data-widget_type=\"heading.default\">\n\t\t\t\t<div class=\"elementor-widget-container\">\n\t\t\t\t\t<h2 class=\"elementor-heading-title elementor-size-default\">Digital Innovation Awards<\/h2>\t\t\t\t<\/div>\n\t\t\t\t<\/div>\n\t\t<div class=\"elementor-element elementor-element-96e5f61 e-con-full e-flex e-con e-child\" data-id=\"96e5f61\" data-element_type=\"container\" data-settings=\"{&quot;background_background&quot;:&quot;classic&quot;}\">\n\t\t<div class=\"elementor-element elementor-element-6935a1c e-grid e-con-full e-con e-child\" data-id=\"6935a1c\" data-element_type=\"container\">\n\t\t<div class=\"elementor-element elementor-element-ba2383d e-con-full e-flex e-con e-child\" data-id=\"ba2383d\" data-element_type=\"container\">\n\t\t\t\t<div class=\"elementor-element elementor-element-477c382 elementor-widget elementor-widget-heading\" data-id=\"477c382\" data-element_type=\"widget\" data-widget_type=\"heading.default\">\n\t\t\t\t<div class=\"elementor-widget-container\">\n\t\t\t\t\t<h2 class=\"elementor-heading-title elementor-size-default\">Airvision<\/h2>\t\t\t\t<\/div>\n\t\t\t\t<\/div>\n\t\t\t\t<div class=\"elementor-element elementor-element-904e81b elementor-widget elementor-widget-image\" data-id=\"904e81b\" data-element_type=\"widget\" data-widget_type=\"image.default\">\n\t\t\t\t<div class=\"elementor-widget-container\">\n\t\t\t\t\t\t\t\t\t\t\t\t\t\t\t<img fetchpriority=\"high\" decoding=\"async\" width=\"800\" height=\"450\" src=\"https:\/\/easyfairsassets.com\/sites\/186\/2026\/02\/Airvision-overview-including-mission-statement-20251222122935-ahy0st4ip9ae-1024x576.jpg\" class=\"attachment-large size-large wp-image-212480\" alt=\"\" srcset=\"https:\/\/easyfairsassets.com\/sites\/186\/2026\/02\/Airvision-overview-including-mission-statement-20251222122935-ahy0st4ip9ae-1024x576.jpg 1024w, https:\/\/easyfairsassets.com\/sites\/186\/2026\/02\/Airvision-overview-including-mission-statement-20251222122935-ahy0st4ip9ae-300x169.jpg 300w, https:\/\/easyfairsassets.com\/sites\/186\/2026\/02\/Airvision-overview-including-mission-statement-20251222122935-ahy0st4ip9ae-768x432.jpg 768w, https:\/\/easyfairsassets.com\/sites\/186\/2026\/02\/Airvision-overview-including-mission-statement-20251222122935-ahy0st4ip9ae.jpg 1280w\" sizes=\"(max-width: 800px) 100vw, 800px\" \/>\t\t\t\t\t\t\t\t\t\t\t\t\t\t\t<\/div>\n\t\t\t\t<\/div>\n\t\t\t\t<div class=\"elementor-element elementor-element-4cd8445 elementor-widget elementor-widget-text-editor\" data-id=\"4cd8445\" data-element_type=\"widget\" data-widget_type=\"text-editor.default\">\n\t\t\t\t<div class=\"elementor-widget-container\">\n\t\t\t\t\t\t\t\t\t<p>Airvision \u2013 AI based platform voor geautomatiseerde visuele inspectie van corrosie en isolatieschade<\/p><p>Airvision is een AI\u2011gedreven Computer Vision\u2011platform dat o.a. corrosie en isolatieschade automatisch detecteert op foto\u2019s en video\u2019s. Het platform versnelt inspectieprocessen, verbetert kwaliteit en consistentie, en maakt asset\u2011onderhoud voorspelbaar in plaats van reactief. Airvision combineert domeinkennis, hoogwaardige AI\u2011modellen, MLOps en geautomatiseerde rapportage in \u00e9\u00e9n schaalbare oplossing voor industri\u00eble sectoren zoals chemie, petrochemie, food, energie en offshore.<\/p>\t\t\t\t\t\t\t\t<\/div>\n\t\t\t\t<\/div>\n\t\t\t\t<\/div>\n\t\t<div class=\"elementor-element elementor-element-1571b32 e-con-full e-flex e-con e-child\" data-id=\"1571b32\" data-element_type=\"container\">\n\t\t\t\t<div class=\"elementor-element elementor-element-fb3d329 elementor-widget elementor-widget-heading\" data-id=\"fb3d329\" data-element_type=\"widget\" data-widget_type=\"heading.default\">\n\t\t\t\t<div class=\"elementor-widget-container\">\n\t\t\t\t\t<h2 class=\"elementor-heading-title elementor-size-default\">Highsail<\/h2>\t\t\t\t<\/div>\n\t\t\t\t<\/div>\n\t\t\t\t<div class=\"elementor-element elementor-element-841a22f elementor-widget elementor-widget-image\" data-id=\"841a22f\" data-element_type=\"widget\" data-widget_type=\"image.default\">\n\t\t\t\t<div class=\"elementor-widget-container\">\n\t\t\t\t\t\t\t\t\t\t\t\t\t\t\t<img decoding=\"async\" width=\"800\" height=\"701\" src=\"https:\/\/easyfairsassets.com\/sites\/186\/2026\/02\/Frame-zda1552-20260118100829-8giz63rkq2yq.png\" class=\"attachment-large size-large wp-image-212483\" alt=\"\" srcset=\"https:\/\/easyfairsassets.com\/sites\/186\/2026\/02\/Frame-zda1552-20260118100829-8giz63rkq2yq.png 925w, https:\/\/easyfairsassets.com\/sites\/186\/2026\/02\/Frame-zda1552-20260118100829-8giz63rkq2yq-300x263.png 300w, https:\/\/easyfairsassets.com\/sites\/186\/2026\/02\/Frame-zda1552-20260118100829-8giz63rkq2yq-768x673.png 768w\" sizes=\"(max-width: 800px) 100vw, 800px\" \/>\t\t\t\t\t\t\t\t\t\t\t\t\t\t\t<\/div>\n\t\t\t\t<\/div>\n\t\t\t\t<div class=\"elementor-element elementor-element-a42461d elementor-widget elementor-widget-text-editor\" data-id=\"a42461d\" data-element_type=\"widget\" data-widget_type=\"text-editor.default\">\n\t\t\t\t<div class=\"elementor-widget-container\">\n\t\t\t\t\t\t\t\t\t<p>Highsail &#8211; de AI spraakassistent voor field service techniekers<\/p><p>Highsail is de AI-assistent die field service techniekers helpt met hun dagelijkse administratie. Techniekers kunnen Highsail gebruiken om snel relevante info terug te vinden (documenten, handleidingen, historiek) en updates te loggen door gewoon te spreken in hun eigen taal. Highsail&#8217;s AI zet dat om in gestructureerde data en rapporten die rechtstreeks doorstromen naar je ERP of andere systemen. Resultaat: tot 90% minder administratie, automatische jobverwerking en snellere facturatie.<\/p>\t\t\t\t\t\t\t\t<\/div>\n\t\t\t\t<\/div>\n\t\t\t\t<\/div>\n\t\t<div class=\"elementor-element elementor-element-b26dc00 e-con-full e-flex e-con e-child\" data-id=\"b26dc00\" data-element_type=\"container\">\n\t\t\t\t<div class=\"elementor-element elementor-element-757b96b elementor-widget elementor-widget-heading\" data-id=\"757b96b\" data-element_type=\"widget\" data-widget_type=\"heading.default\">\n\t\t\t\t<div class=\"elementor-widget-container\">\n\t\t\t\t\t<h2 class=\"elementor-heading-title elementor-size-default\">Remberg GmbH<\/h2>\t\t\t\t<\/div>\n\t\t\t\t<\/div>\n\t\t\t\t<div class=\"elementor-element elementor-element-3c6c3af elementor-widget elementor-widget-image\" data-id=\"3c6c3af\" data-element_type=\"widget\" data-widget_type=\"image.default\">\n\t\t\t\t<div class=\"elementor-widget-container\">\n\t\t\t\t\t\t\t\t\t\t\t\t\t\t\t<img decoding=\"async\" width=\"800\" height=\"484\" src=\"https:\/\/easyfairsassets.com\/sites\/186\/2026\/02\/remberg-product-picture-20260119092924-a3ikryak8ydu-1024x619.jpg\" class=\"attachment-large size-large wp-image-212486\" alt=\"\" srcset=\"https:\/\/easyfairsassets.com\/sites\/186\/2026\/02\/remberg-product-picture-20260119092924-a3ikryak8ydu-1024x619.jpg 1024w, https:\/\/easyfairsassets.com\/sites\/186\/2026\/02\/remberg-product-picture-20260119092924-a3ikryak8ydu-300x181.jpg 300w, https:\/\/easyfairsassets.com\/sites\/186\/2026\/02\/remberg-product-picture-20260119092924-a3ikryak8ydu-768x464.jpg 768w, https:\/\/easyfairsassets.com\/sites\/186\/2026\/02\/remberg-product-picture-20260119092924-a3ikryak8ydu-1536x928.jpg 1536w, https:\/\/easyfairsassets.com\/sites\/186\/2026\/02\/remberg-product-picture-20260119092924-a3ikryak8ydu.jpg 1920w\" sizes=\"(max-width: 800px) 100vw, 800px\" \/>\t\t\t\t\t\t\t\t\t\t\t\t\t\t\t<\/div>\n\t\t\t\t<\/div>\n\t\t\t\t<div class=\"elementor-element elementor-element-9aa6154 elementor-widget elementor-widget-text-editor\" data-id=\"9aa6154\" data-element_type=\"widget\" data-widget_type=\"text-editor.default\">\n\t\t\t\t<div class=\"elementor-widget-container\">\n\t\t\t\t\t\t\t\t\t<p>remberg Instandhoudingssoftware<\/p><p>Vereenvoudig uw onderhoud met moderne software. remberg maakt het eenvoudig om het onderhoud van machines en installaties te digitaliseren. Dankzij een intu\u00eftieve interface, duidelijke onderhoudsplannen en gestructureerde werkzaamheden, gecombineerd met gecentraliseerde gegevens, kunnen onderhoudsteams effici\u00ebnt werken zonder complexe systemen. De AI-copiloot ondersteunt bij het oplossen van storingen en helpt bij het vastleggen en terugvinden van onderhoudsinformatie, waardoor stilstand wordt verminderd, tijd en moeite worden bespaard en u continu audit-ready bent.<\/p>\t\t\t\t\t\t\t\t<\/div>\n\t\t\t\t<\/div>\n\t\t\t\t<\/div>\n\t\t\t\t<\/div>\n\t\t\t\t<\/div>\n\t\t\t\t\t<\/div>\n\t\t\t\t<\/div>\n\t\t<div class=\"elementor-element elementor-element-8dd8a53 e-flex e-con-boxed e-con e-parent\" data-id=\"8dd8a53\" data-element_type=\"container\">\n\t\t\t\t\t<div class=\"e-con-inner\">\n\t\t\t\t<div class=\"elementor-element elementor-element-5ce8577 elementor-widget elementor-widget-heading\" data-id=\"5ce8577\" data-element_type=\"widget\" data-widget_type=\"heading.default\">\n\t\t\t\t<div class=\"elementor-widget-container\">\n\t\t\t\t\t<h2 class=\"elementor-heading-title elementor-size-default\">Maintenance Innovation Awards:<\/h2>\t\t\t\t<\/div>\n\t\t\t\t<\/div>\n\t\t\t\t\t<\/div>\n\t\t\t\t<\/div>\n\t\t<div class=\"elementor-element elementor-element-c49034f e-grid e-con-boxed e-con e-parent\" data-id=\"c49034f\" data-element_type=\"container\">\n\t\t\t\t\t<div class=\"e-con-inner\">\n\t\t<div class=\"elementor-element elementor-element-bc9f0d1 e-con-full e-flex e-con e-child\" data-id=\"bc9f0d1\" data-element_type=\"container\" data-settings=\"{&quot;background_background&quot;:&quot;classic&quot;}\">\n\t\t<div class=\"elementor-element elementor-element-36bffa4 e-grid e-con-full e-con e-child\" data-id=\"36bffa4\" data-element_type=\"container\">\n\t\t<div class=\"elementor-element elementor-element-68a4ba2 e-con-full e-flex e-con e-child\" data-id=\"68a4ba2\" data-element_type=\"container\">\n\t\t\t\t<div class=\"elementor-element elementor-element-a02c0f5 elementor-widget elementor-widget-heading\" data-id=\"a02c0f5\" data-element_type=\"widget\" data-widget_type=\"heading.default\">\n\t\t\t\t<div class=\"elementor-widget-container\">\n\t\t\t\t\t<h2 class=\"elementor-heading-title elementor-size-default\">Silvent<\/h2>\t\t\t\t<\/div>\n\t\t\t\t<\/div>\n\t\t\t\t<div class=\"elementor-element elementor-element-89ef5ad elementor-widget elementor-widget-image\" data-id=\"89ef5ad\" data-element_type=\"widget\" data-widget_type=\"image.default\">\n\t\t\t\t<div class=\"elementor-widget-container\">\n\t\t\t\t\t\t\t\t\t\t\t\t\t\t\t<img loading=\"lazy\" decoding=\"async\" width=\"600\" height=\"375\" src=\"https:\/\/easyfairsassets.com\/sites\/186\/2026\/02\/Pro-4X-20260120091333-jkg6fgxk0qnl.png\" class=\"attachment-large size-large wp-image-212492\" alt=\"\" srcset=\"https:\/\/easyfairsassets.com\/sites\/186\/2026\/02\/Pro-4X-20260120091333-jkg6fgxk0qnl.png 600w, https:\/\/easyfairsassets.com\/sites\/186\/2026\/02\/Pro-4X-20260120091333-jkg6fgxk0qnl-300x188.png 300w\" sizes=\"(max-width: 600px) 100vw, 600px\" \/>\t\t\t\t\t\t\t\t\t\t\t\t\t\t\t<\/div>\n\t\t\t\t<\/div>\n\t\t\t\t<div class=\"elementor-element elementor-element-575c9d1 elementor-widget elementor-widget-text-editor\" data-id=\"575c9d1\" data-element_type=\"widget\" data-widget_type=\"text-editor.default\">\n\t\t\t\t<div class=\"elementor-widget-container\">\n\t\t\t\t\t\t\t\t\t<p>Pro 4X<\/p><p>SILVENT Pro 4X is een ergonomisch en energiezuinig blaaspistool uitgerust met een gepatenteerde multilavale blaasmond die een extreem hoge en geconcentreerde blaaskracht levert. De Pro 4X is het resultaat van vele jaren onderzoek en ontwikkeling en maakt het mogelijk om veeleisende handmatige blaastoepassingen veilig en ergonomisch uit te voeren in de kortst mogelijke tijd. Het handvat is ontwikkeld in nauwe samenwerking met professionals uit de industrie. Het resultaat is een extreem robuust handvat dat de belasting tijdens het gebruik minimaliseert en bestand is tegen de eisen van dagelijks gebruik in zware industri\u00eble omgevingen.<\/p>\t\t\t\t\t\t\t\t<\/div>\n\t\t\t\t<\/div>\n\t\t\t\t<\/div>\n\t\t<div class=\"elementor-element elementor-element-06d9266 e-con-full e-flex e-con e-child\" data-id=\"06d9266\" data-element_type=\"container\">\n\t\t\t\t<div class=\"elementor-element elementor-element-f54f9d7 elementor-widget elementor-widget-heading\" data-id=\"f54f9d7\" data-element_type=\"widget\" data-widget_type=\"heading.default\">\n\t\t\t\t<div class=\"elementor-widget-container\">\n\t\t\t\t\t<h2 class=\"elementor-heading-title elementor-size-default\">Perspect Benelux B.V.<\/h2>\t\t\t\t<\/div>\n\t\t\t\t<\/div>\n\t\t\t\t<div class=\"elementor-element elementor-element-4594f58 elementor-widget elementor-widget-image\" data-id=\"4594f58\" data-element_type=\"widget\" data-widget_type=\"image.default\">\n\t\t\t\t<div class=\"elementor-widget-container\">\n\t\t\t\t\t\t\t\t\t\t\t\t\t\t\t<img loading=\"lazy\" decoding=\"async\" width=\"557\" height=\"290\" src=\"https:\/\/easyfairsassets.com\/sites\/186\/2026\/02\/Schermafbeelding-2026-02-24-110015.png\" class=\"attachment-large size-large wp-image-212495\" alt=\"\" srcset=\"https:\/\/easyfairsassets.com\/sites\/186\/2026\/02\/Schermafbeelding-2026-02-24-110015.png 557w, https:\/\/easyfairsassets.com\/sites\/186\/2026\/02\/Schermafbeelding-2026-02-24-110015-300x156.png 300w\" sizes=\"(max-width: 557px) 100vw, 557px\" \/>\t\t\t\t\t\t\t\t\t\t\t\t\t\t\t<\/div>\n\t\t\t\t<\/div>\n\t\t\t\t<div class=\"elementor-element elementor-element-aae5f05 elementor-widget elementor-widget-text-editor\" data-id=\"aae5f05\" data-element_type=\"widget\" data-widget_type=\"text-editor.default\">\n\t\t\t\t<div class=\"elementor-widget-container\">\n\t\t\t\t\t\t\t\t\t<p>SF6-FIX<\/p><p>SF6 FIX is een afdichtingssysteem voor het veilig en duurzaam verhelpen van SF\u2086-gaslekken in midden- en hoogspanningsinstallaties, tijdens bedrijf. SF\u2086 (zwavelhexafluoride) is een sterk broeikasgas met een zeer hoge aardopwarmingsfactor. Zelfs kleine lekkages hebben daardoor een grote milieu-impact. Met SF6 FIX worden lekkende flenzen, verbindingen en afdichtingen ingekapseld met een speciaal ontwikkeld polymeersysteem met zeer lage gaspermeabiliteit. Het systeem wordt koud en oplosmiddelvrij aangebracht, zonder lassen of demontage van het asset. Hierdoor kunnen emissies worden teruggebracht tot onmeetbare niveaus, terwijl de installatie operationeel blijft.\u00a0<\/p>\t\t\t\t\t\t\t\t<\/div>\n\t\t\t\t<\/div>\n\t\t\t\t<\/div>\n\t\t<div class=\"elementor-element elementor-element-9388891 e-con-full e-flex e-con e-child\" data-id=\"9388891\" data-element_type=\"container\">\n\t\t\t\t<div class=\"elementor-element elementor-element-b470147 elementor-widget elementor-widget-heading\" data-id=\"b470147\" data-element_type=\"widget\" data-widget_type=\"heading.default\">\n\t\t\t\t<div class=\"elementor-widget-container\">\n\t\t\t\t\t<h2 class=\"elementor-heading-title elementor-size-default\">FLUITEC BV<\/h2>\t\t\t\t<\/div>\n\t\t\t\t<\/div>\n\t\t\t\t<div class=\"elementor-element elementor-element-b5eddb1 elementor-widget elementor-widget-image\" data-id=\"b5eddb1\" data-element_type=\"widget\" data-widget_type=\"image.default\">\n\t\t\t\t<div class=\"elementor-widget-container\">\n\t\t\t\t\t\t\t\t\t\t\t\t\t\t\t<img loading=\"lazy\" decoding=\"async\" width=\"800\" height=\"853\" src=\"https:\/\/easyfairsassets.com\/sites\/186\/2026\/02\/Fluitec-Fill4Life-20260202124236-29m88c0yaolt.png\" class=\"attachment-large size-large wp-image-212498\" alt=\"\" srcset=\"https:\/\/easyfairsassets.com\/sites\/186\/2026\/02\/Fluitec-Fill4Life-20260202124236-29m88c0yaolt.png 910w, https:\/\/easyfairsassets.com\/sites\/186\/2026\/02\/Fluitec-Fill4Life-20260202124236-29m88c0yaolt-281x300.png 281w, https:\/\/easyfairsassets.com\/sites\/186\/2026\/02\/Fluitec-Fill4Life-20260202124236-29m88c0yaolt-768x819.png 768w\" sizes=\"(max-width: 800px) 100vw, 800px\" \/>\t\t\t\t\t\t\t\t\t\t\t\t\t\t\t<\/div>\n\t\t\t\t<\/div>\n\t\t\t\t<div class=\"elementor-element elementor-element-273b243 elementor-widget elementor-widget-text-editor\" data-id=\"273b243\" data-element_type=\"widget\" data-widget_type=\"text-editor.default\">\n\t\t\t\t<div class=\"elementor-widget-container\">\n\t\t\t\t\t\t\t\t\t<p>FLUITEC FILL4LIFE<\/p><p>Het Fill4Life\u2122-programma\/product van Fluitec verlengt niet alleen de levensduur van kapitaalgoederen en hun smeermiddelen, maar heeft ook tot doel de kwaliteits- en onderhoudsprogramma&#8217;s van onze klanten te ondersteunen door hun totale kosten en afval te minimaliseren (CO2-reductie). Dit wordt bereikt door specifieke additieven (antioxidanten\/antislijt) aan te vullen in combinatie met het minimaliseren van verontreinigingen, bijproducten van olieafbraak te verwijderen zodat de gerbruikte olie terug tot zijn oorspronkelijke kwaliteit wordt hersteld.\u00a0<\/p>\t\t\t\t\t\t\t\t<\/div>\n\t\t\t\t<\/div>\n\t\t\t\t<\/div>\n\t\t\t\t<\/div>\n\t\t\t\t<\/div>\n\t\t\t\t\t<\/div>\n\t\t\t\t<\/div>\n\t\t\t\t<\/div>\n\t\t","protected":false},"excerpt":{"rendered":"<p>25 &#8211; 26 maart 2026 I Antwerp expo Registreer hier Digital Innovation Awards Airvision Airvision \u2013 AI based platform voor geautomatiseerde visuele inspectie van corrosie en isolatieschade Airvision is een AI\u2011gedreven Computer Vision\u2011platform dat o.a. corrosie en isolatieschade automatisch detecteert op foto\u2019s en video\u2019s. Het platform versnelt inspectieprocessen, verbetert kwaliteit en consistentie, en maakt asset\u2011onderhoud [&hellip;]<\/p>\n","protected":false},"author":1351,"featured_media":0,"parent":0,"menu_order":0,"comment_status":"closed","ping_status":"closed","template":"","meta":{"_seopress_robots_primary_cat":"","_seopress_titles_title":"","_seopress_titles_desc":"","_seopress_robots_index":"","footnotes":""},"class_list":["post-212469","page","type-page","status-publish","hentry"],"_links":{"self":[{"href":"https:\/\/www.maintenance-expo.be\/nl\/wp-json\/wp\/v2\/pages\/212469","targetHints":{"allow":["GET"]}}],"collection":[{"href":"https:\/\/www.maintenance-expo.be\/nl\/wp-json\/wp\/v2\/pages"}],"about":[{"href":"https:\/\/www.maintenance-expo.be\/nl\/wp-json\/wp\/v2\/types\/page"}],"author":[{"embeddable":true,"href":"https:\/\/www.maintenance-expo.be\/nl\/wp-json\/wp\/v2\/users\/1351"}],"replies":[{"embeddable":true,"href":"https:\/\/www.maintenance-expo.be\/nl\/wp-json\/wp\/v2\/comments?post=212469"}],"version-history":[{"count":5,"href":"https:\/\/www.maintenance-expo.be\/nl\/wp-json\/wp\/v2\/pages\/212469\/revisions"}],"predecessor-version":[{"id":213930,"href":"https:\/\/www.maintenance-expo.be\/nl\/wp-json\/wp\/v2\/pages\/212469\/revisions\/213930"}],"wp:attachment":[{"href":"https:\/\/www.maintenance-expo.be\/nl\/wp-json\/wp\/v2\/media?parent=212469"}],"curies":[{"name":"wp","href":"https:\/\/api.w.org\/{rel}","templated":true}]}}