{"id":2710,"date":"2019-05-27T08:41:42","date_gmt":"2019-05-27T06:41:42","guid":{"rendered":"https:\/\/www.maintenance-expo.be\/?page_id=2710"},"modified":"2025-12-09T11:29:00","modified_gmt":"2025-12-09T10:29:00","slug":"exposantenprofiel","status":"publish","type":"page","link":"https:\/\/www.maintenance-expo.be\/nl\/exposantenprofiel\/","title":{"rendered":"Exposantenprofiel"},"content":{"rendered":"\t\t<div data-elementor-type=\"wp-post\" data-elementor-id=\"2710\" class=\"elementor elementor-2710\" data-elementor-post-type=\"page\">\n\t\t\t\t<div class=\"elementor-element elementor-element-4bb1ec1 e-flex e-con-boxed e-con e-child\" data-id=\"4bb1ec1\" data-element_type=\"container\" data-settings=\"{&quot;background_background&quot;:&quot;classic&quot;}\">\n\t\t\t\t\t<div class=\"e-con-inner\">\n\t\t<div class=\"elementor-element elementor-element-fdfd3a2 e-flex e-con-boxed e-con e-child\" data-id=\"fdfd3a2\" data-element_type=\"container\" data-settings=\"{&quot;background_background&quot;:&quot;classic&quot;}\">\n\t\t\t\t\t<div class=\"e-con-inner\">\n\t\t<div class=\"elementor-element elementor-element-23239f2 e-con-full e-flex e-con e-child\" data-id=\"23239f2\" data-element_type=\"container\">\n\t\t\t\t<div class=\"elementor-element elementor-element-aea402e elementor-widget__width-initial elementor-widget elementor-widget-heading\" data-id=\"aea402e\" data-element_type=\"widget\" data-widget_type=\"heading.default\">\n\t\t\t\t<div class=\"elementor-widget-container\">\n\t\t\t\t\t<h2 class=\"elementor-heading-title elementor-size-default\">Exposantenprofiel<\/h2>\t\t\t\t<\/div>\n\t\t\t\t<\/div>\n\t\t\t\t<\/div>\n\t\t\t\t\t<\/div>\n\t\t\t\t<\/div>\n\t\t\t\t\t<\/div>\n\t\t\t\t<\/div>\n\t\t<div class=\"elementor-element elementor-element-bfd22b0 e-flex e-con-boxed e-con e-parent\" data-id=\"bfd22b0\" data-element_type=\"container\">\n\t\t\t\t\t<div class=\"e-con-inner\">\n\t\t<div class=\"elementor-element elementor-element-c8462ae e-grid e-con-full e-con e-child\" data-id=\"c8462ae\" data-element_type=\"container\" data-settings=\"{&quot;background_background&quot;:&quot;classic&quot;}\">\n\t\t<div class=\"elementor-element elementor-element-f359010 e-con-full skewed-box e-flex e-con e-child\" data-id=\"f359010\" data-element_type=\"container\" data-settings=\"{&quot;background_background&quot;:&quot;classic&quot;}\">\n\t\t\t\t<div class=\"elementor-element elementor-element-59ca309 elementor-widget elementor-widget-heading\" data-id=\"59ca309\" data-element_type=\"widget\" data-widget_type=\"heading.default\">\n\t\t\t\t<div class=\"elementor-widget-container\">\n\t\t\t\t\t<h2 class=\"elementor-heading-title elementor-size-default\">Inspectie technologie<\/h2>\t\t\t\t<\/div>\n\t\t\t\t<\/div>\n\t\t\t\t<div class=\"elementor-element elementor-element-77a4f5d elementor-widget elementor-widget-text-editor\" data-id=\"77a4f5d\" data-element_type=\"widget\" data-widget_type=\"text-editor.default\">\n\t\t\t\t<div class=\"elementor-widget-container\">\n\t\t\t\t\t\t\t\t\t<ul><li><span class=\"elementor-icon-list-text\">Conditiebewaking (op afstand)<\/span><\/li><li><span class=\"elementor-icon-list-text\">Meet- en testinstrumenten<\/span><\/li><li><span class=\"elementor-icon-list-text\">Diagnostische apparatuur<\/span><\/li><li><span class=\"elementor-icon-list-text\">Thermografische apparatuur<\/span><\/li><li><span class=\"elementor-icon-list-text\">Geluids- en trillingsbewaking<\/span><\/li><li><span class=\"elementor-icon-list-text\">Gas- en lekdetectie<\/span><\/li><li><span class=\"elementor-icon-list-text\">Materiaalanalyse<\/span><\/li><li><span class=\"elementor-icon-list-text\">Kalibratie<\/span><\/li><li><span class=\"elementor-icon-list-text\">Ultrageluid<\/span><\/li><\/ul>\t\t\t\t\t\t\t\t<\/div>\n\t\t\t\t<\/div>\n\t\t\t\t<\/div>\n\t\t<div class=\"elementor-element elementor-element-d59633a e-con-full skewed-box e-flex e-con e-child\" data-id=\"d59633a\" data-element_type=\"container\" data-settings=\"{&quot;background_background&quot;:&quot;classic&quot;}\">\n\t\t\t\t<div class=\"elementor-element elementor-element-1816b54 elementor-widget elementor-widget-heading\" data-id=\"1816b54\" data-element_type=\"widget\" data-widget_type=\"heading.default\">\n\t\t\t\t<div class=\"elementor-widget-container\">\n\t\t\t\t\t<h2 class=\"elementor-heading-title elementor-size-default\">Inspectie technologie<\/h2>\t\t\t\t<\/div>\n\t\t\t\t<\/div>\n\t\t\t\t<div class=\"elementor-element elementor-element-5b85f72 elementor-widget elementor-widget-text-editor\" data-id=\"5b85f72\" data-element_type=\"widget\" data-widget_type=\"text-editor.default\">\n\t\t\t\t<div class=\"elementor-widget-container\">\n\t\t\t\t\t\t\t\t\t<ul><li><span class=\"elementor-icon-list-text\">Conditiebewaking (op afstand)<\/span><\/li><li><span class=\"elementor-icon-list-text\">Meet- en testinstrumenten<\/span><\/li><li><span class=\"elementor-icon-list-text\">Diagnostische apparatuur<\/span><\/li><li><span class=\"elementor-icon-list-text\">Thermografische apparatuur<\/span><\/li><li><span class=\"elementor-icon-list-text\">Geluids- en trillingsbewaking<\/span><\/li><li><span class=\"elementor-icon-list-text\">Gas- en lekdetectie<\/span><\/li><li><span class=\"elementor-icon-list-text\">Materiaalanalyse<\/span><\/li><li><span class=\"elementor-icon-list-text\">Kalibratie<\/span><\/li><li><span class=\"elementor-icon-list-text\">Ultrageluid<\/span><\/li><\/ul>\t\t\t\t\t\t\t\t<\/div>\n\t\t\t\t<\/div>\n\t\t\t\t<\/div>\n\t\t\t\t<\/div>\n\t\t<div class=\"elementor-element elementor-element-2c8a8db e-grid e-con-full e-con e-child\" data-id=\"2c8a8db\" data-element_type=\"container\" data-settings=\"{&quot;background_background&quot;:&quot;classic&quot;}\">\n\t\t<div class=\"elementor-element elementor-element-b1e6286 e-con-full skewed-box e-flex e-con e-child\" data-id=\"b1e6286\" data-element_type=\"container\" data-settings=\"{&quot;background_background&quot;:&quot;classic&quot;}\">\n\t\t\t\t<div class=\"elementor-element elementor-element-150bf26 elementor-widget elementor-widget-heading\" data-id=\"150bf26\" data-element_type=\"widget\" data-widget_type=\"heading.default\">\n\t\t\t\t<div class=\"elementor-widget-container\">\n\t\t\t\t\t<h2 class=\"elementor-heading-title elementor-size-default\">Onderhoudsdiensten<\/h2>\t\t\t\t<\/div>\n\t\t\t\t<\/div>\n\t\t\t\t<div class=\"elementor-element elementor-element-b759b58 elementor-widget elementor-widget-text-editor\" data-id=\"b759b58\" data-element_type=\"widget\" data-widget_type=\"text-editor.default\">\n\t\t\t\t<div class=\"elementor-widget-container\">\n\t\t\t\t\t\t\t\t\t<ul><li><span class=\"elementor-icon-list-text\">Contract Maintenance\/MRO<\/span><\/li><li><span class=\"elementor-icon-list-text\">Industri\u00eble buitendiensten<\/span><\/li><li><span class=\"elementor-icon-list-text\">Industri\u00ebel onderhoud<\/span><\/li><li><span class=\"elementor-icon-list-text\">Industri\u00eble inspectie<\/span><\/li><li><span class=\"elementor-icon-list-text\">Industri\u00eble reiniging<\/span><\/li><li><span class=\"elementor-icon-list-text\">Ontsmetting<\/span><\/li><li><span class=\"elementor-icon-list-text\">Retrofitting<\/span><\/li><\/ul>\t\t\t\t\t\t\t\t<\/div>\n\t\t\t\t<\/div>\n\t\t\t\t<\/div>\n\t\t<div class=\"elementor-element elementor-element-390e7ca e-con-full skewed-box e-flex e-con e-child\" data-id=\"390e7ca\" data-element_type=\"container\" data-settings=\"{&quot;background_background&quot;:&quot;classic&quot;}\">\n\t\t\t\t<div class=\"elementor-element elementor-element-ef4063a elementor-widget elementor-widget-heading\" data-id=\"ef4063a\" data-element_type=\"widget\" data-widget_type=\"heading.default\">\n\t\t\t\t<div class=\"elementor-widget-container\">\n\t\t\t\t\t<h2 class=\"elementor-heading-title elementor-size-default\">Industri\u00eble ingenieursdiensten<\/h2>\t\t\t\t<\/div>\n\t\t\t\t<\/div>\n\t\t\t\t<div class=\"elementor-element elementor-element-52ada72 elementor-widget elementor-widget-text-editor\" data-id=\"52ada72\" data-element_type=\"widget\" data-widget_type=\"text-editor.default\">\n\t\t\t\t<div class=\"elementor-widget-container\">\n\t\t\t\t\t\t\t\t\t<ul><li><span class=\"elementor-icon-list-text\">Onderhoudsprocesverbetering<\/span><\/li><li><span class=\"elementor-icon-list-text\">Shutdown management<\/span><\/li><li><span class=\"elementor-icon-list-text\">Kwaliteitscontrole<\/span><\/li><li><span class=\"elementor-icon-list-text\">Machinebouw<\/span><\/li><li><span class=\"elementor-icon-list-text\">Elektrotechniek<\/span><\/li><li><span class=\"elementor-icon-list-text\">CE Markering<\/span><\/li><li><span class=\"elementor-icon-list-text\">ISO certificatie<\/span><\/li><\/ul>\t\t\t\t\t\t\t\t<\/div>\n\t\t\t\t<\/div>\n\t\t\t\t<\/div>\n\t\t\t\t<\/div>\n\t\t<div class=\"elementor-element elementor-element-0e44175 e-grid e-con-full e-con e-child\" data-id=\"0e44175\" data-element_type=\"container\" data-settings=\"{&quot;background_background&quot;:&quot;classic&quot;}\">\n\t\t<div class=\"elementor-element elementor-element-549cd11 e-con-full skewed-box e-flex e-con e-child\" data-id=\"549cd11\" data-element_type=\"container\" data-settings=\"{&quot;background_background&quot;:&quot;classic&quot;}\">\n\t\t\t\t<div class=\"elementor-element elementor-element-18d54a6 elementor-widget elementor-widget-heading\" data-id=\"18d54a6\" data-element_type=\"widget\" data-widget_type=\"heading.default\">\n\t\t\t\t<div class=\"elementor-widget-container\">\n\t\t\t\t\t<h2 class=\"elementor-heading-title elementor-size-default\">Onderdelen &amp; verbruiksartikelen<\/h2>\t\t\t\t<\/div>\n\t\t\t\t<\/div>\n\t\t\t\t<div class=\"elementor-element elementor-element-4ebf008 elementor-widget elementor-widget-text-editor\" data-id=\"4ebf008\" data-element_type=\"widget\" data-widget_type=\"text-editor.default\">\n\t\t\t\t<div class=\"elementor-widget-container\">\n\t\t\t\t\t\t\t\t\t<ul><li><span class=\"elementor-icon-list-text\">Industri\u00eble reserveonderdelen<\/span><\/li><li><span class=\"elementor-icon-list-text\">Additieve productie<\/span><\/li><li><span class=\"elementor-icon-list-text\">Filters, lagers, afdichtingen<\/span><\/li><li><span class=\"elementor-icon-list-text\">Smeermiddelen, oli\u00ebn &amp; gassen<\/span><\/li><li><span class=\"elementor-icon-list-text\">Oppervlakte- &amp; corrosiebehandelingen<\/span><\/li><li><span class=\"elementor-icon-list-text\">Las- en verbindingsmaterialen<\/span><\/li><\/ul>\t\t\t\t\t\t\t\t<\/div>\n\t\t\t\t<\/div>\n\t\t\t\t<\/div>\n\t\t<div class=\"elementor-element elementor-element-692202e e-con-full skewed-box e-flex e-con e-child\" data-id=\"692202e\" data-element_type=\"container\" data-settings=\"{&quot;background_background&quot;:&quot;classic&quot;}\">\n\t\t\t\t<div class=\"elementor-element elementor-element-57ef965 elementor-widget elementor-widget-heading\" data-id=\"57ef965\" data-element_type=\"widget\" data-widget_type=\"heading.default\">\n\t\t\t\t<div class=\"elementor-widget-container\">\n\t\t\t\t\t<h2 class=\"elementor-heading-title elementor-size-default\">\u200bOnderhoud &amp; Asset management<\/h2>\t\t\t\t<\/div>\n\t\t\t\t<\/div>\n\t\t\t\t<div class=\"elementor-element elementor-element-7aa82d0 elementor-widget elementor-widget-text-editor\" data-id=\"7aa82d0\" data-element_type=\"widget\" data-widget_type=\"text-editor.default\">\n\t\t\t\t<div class=\"elementor-widget-container\">\n\t\t\t\t\t\t\t\t\t<ul><li><span class=\"elementor-icon-list-text\">CMMS \u2013 EAM<\/span><\/li><li><span class=\"elementor-icon-list-text\">RCM \u2013 Reliability-centered maintenance<\/span><\/li><li><span class=\"elementor-icon-list-text\">TPM \u2013 Total Production maintenance<\/span><\/li><li><span class=\"elementor-icon-list-text\">RBI-RBM Risk Based Solution management<\/span><\/li><li><span class=\"elementor-icon-list-text\">Contract &amp; kostenbeleid<\/span><\/li><\/ul>\t\t\t\t\t\t\t\t<\/div>\n\t\t\t\t<\/div>\n\t\t\t\t<\/div>\n\t\t\t\t<\/div>\n\t\t<div class=\"elementor-element elementor-element-ee5ca72 e-grid e-con-full e-con e-child\" data-id=\"ee5ca72\" data-element_type=\"container\" data-settings=\"{&quot;background_background&quot;:&quot;classic&quot;}\">\n\t\t<div class=\"elementor-element elementor-element-8615e58 e-con-full skewed-box e-flex e-con e-child\" data-id=\"8615e58\" data-element_type=\"container\" data-settings=\"{&quot;background_background&quot;:&quot;classic&quot;}\">\n\t\t\t\t<div class=\"elementor-element elementor-element-dea89a3 elementor-widget elementor-widget-heading\" data-id=\"dea89a3\" data-element_type=\"widget\" data-widget_type=\"heading.default\">\n\t\t\t\t<div class=\"elementor-widget-container\">\n\t\t\t\t\t<h2 class=\"elementor-heading-title elementor-size-default\">Industrie 4.0 \/ Smart maintenance<\/h2>\t\t\t\t<\/div>\n\t\t\t\t<\/div>\n\t\t\t\t<div class=\"elementor-element elementor-element-5519a98 elementor-widget elementor-widget-text-editor\" data-id=\"5519a98\" data-element_type=\"widget\" data-widget_type=\"text-editor.default\">\n\t\t\t\t<div class=\"elementor-widget-container\">\n\t\t\t\t\t\t\t\t\t<ul><li><span class=\"elementor-icon-list-text\">Predictive Maintenance<\/span><\/li><li><span class=\"elementor-icon-list-text\">Internet of Things<\/span><\/li><li><span class=\"elementor-icon-list-text\">Network &amp; Cloud<\/span><\/li><li><span class=\"elementor-icon-list-text\">Data analyse &amp; management<\/span><\/li><li><span class=\"elementor-icon-list-text\">VR, AR, Digital twin<\/span><\/li><li><span class=\"elementor-icon-list-text\">Sensoren<\/span><\/li><li><span class=\"elementor-icon-list-text\">Robots<\/span><\/li><li><span class=\"elementor-icon-list-text\">AI &amp; ML<\/span><\/li><li><span class=\"elementor-icon-list-text\">IT diensten<\/span><\/li><li><span class=\"elementor-icon-list-text\">CAD\/CAM<\/span><\/li><li><span class=\"elementor-icon-list-text\">Slimme draagbare apparaten<\/span><\/li><li><span class=\"elementor-icon-list-text\">Mobiele applicaties<\/span><\/li><li><span class=\"elementor-icon-list-text\">Cyberveiligheid<\/span><\/li><\/ul>\t\t\t\t\t\t\t\t<\/div>\n\t\t\t\t<\/div>\n\t\t\t\t<\/div>\n\t\t<div class=\"elementor-element elementor-element-9a455f4 e-con-full skewed-box e-flex e-con e-child\" data-id=\"9a455f4\" data-element_type=\"container\" data-settings=\"{&quot;background_background&quot;:&quot;classic&quot;}\">\n\t\t\t\t<div class=\"elementor-element elementor-element-918aa0e elementor-widget elementor-widget-heading\" data-id=\"918aa0e\" data-element_type=\"widget\" data-widget_type=\"heading.default\">\n\t\t\t\t<div class=\"elementor-widget-container\">\n\t\t\t\t\t<h2 class=\"elementor-heading-title elementor-size-default\">Onderhoudsgereedschap &amp; apparatuur<\/h2>\t\t\t\t<\/div>\n\t\t\t\t<\/div>\n\t\t\t\t<div class=\"elementor-element elementor-element-c14e628 elementor-widget elementor-widget-text-editor\" data-id=\"c14e628\" data-element_type=\"widget\" data-widget_type=\"text-editor.default\">\n\t\t\t\t<div class=\"elementor-widget-container\">\n\t\t\t\t\t\t\t\t\t<ul><li><span class=\"elementor-icon-list-text\">Elektrisch\/machine gereedschap, handgereedschap<\/span><\/li><li><span class=\"elementor-icon-list-text\">Stroomvoorziening<\/span><\/li><li><span class=\"elementor-icon-list-text\">Luchtcompressoren<\/span><\/li><li><span class=\"elementor-icon-list-text\">Verwarming\/koeling<\/span><\/li><li><span class=\"elementor-icon-list-text\">Waterstraalsnijden<\/span><\/li><li><span class=\"elementor-icon-list-text\">Ultrageluidtechnologie<\/span><\/li><li><span class=\"elementor-icon-list-text\">Opslag, bevestiging en handling<\/span><\/li><li><span class=\"elementor-icon-list-text\">Transmissie<\/span><\/li><li><span class=\"elementor-icon-list-text\">Steigers<\/span><\/li><li><span class=\"elementor-icon-list-text\">Hijsen \u2013 Kranen<\/span><\/li><\/ul>\t\t\t\t\t\t\t\t<\/div>\n\t\t\t\t<\/div>\n\t\t\t\t<\/div>\n\t\t\t\t<\/div>\n\t\t<div class=\"elementor-element elementor-element-a12c96c e-grid e-con-full e-con e-child\" data-id=\"a12c96c\" data-element_type=\"container\" data-settings=\"{&quot;background_background&quot;:&quot;classic&quot;}\">\n\t\t<div class=\"elementor-element elementor-element-4f2b435 e-con-full skewed-box e-flex e-con e-child\" data-id=\"4f2b435\" data-element_type=\"container\" data-settings=\"{&quot;background_background&quot;:&quot;classic&quot;}\">\n\t\t\t\t<div class=\"elementor-element elementor-element-1260f37 elementor-widget elementor-widget-heading\" data-id=\"1260f37\" data-element_type=\"widget\" data-widget_type=\"heading.default\">\n\t\t\t\t<div class=\"elementor-widget-container\">\n\t\t\t\t\t<h2 class=\"elementor-heading-title elementor-size-default\">Milieu<\/h2>\t\t\t\t<\/div>\n\t\t\t\t<\/div>\n\t\t\t\t<div class=\"elementor-element elementor-element-8f6f572 elementor-widget elementor-widget-text-editor\" data-id=\"8f6f572\" data-element_type=\"widget\" data-widget_type=\"text-editor.default\">\n\t\t\t\t<div class=\"elementor-widget-container\">\n\t\t\t\t\t\t\t\t\t<ul><li><span class=\"elementor-icon-list-text\">Milieu \/ Energie advise<\/span><\/li><li><span class=\"elementor-icon-list-text\">Verontreiniging\/Water management<\/span><\/li><li><span class=\"elementor-icon-list-text\">Gevaarlijke goederen management<\/span><\/li><li><span class=\"elementor-icon-list-text\">Afvalbeheer<\/span><\/li><\/ul>\t\t\t\t\t\t\t\t<\/div>\n\t\t\t\t<\/div>\n\t\t\t\t<\/div>\n\t\t<div class=\"elementor-element elementor-element-6c5fe08 e-con-full skewed-box e-flex e-con e-child\" data-id=\"6c5fe08\" data-element_type=\"container\" data-settings=\"{&quot;background_background&quot;:&quot;classic&quot;}\">\n\t\t\t\t<div class=\"elementor-element elementor-element-fa4e502 elementor-widget elementor-widget-heading\" data-id=\"fa4e502\" data-element_type=\"widget\" data-widget_type=\"heading.default\">\n\t\t\t\t<div class=\"elementor-widget-container\">\n\t\t\t\t\t<h2 class=\"elementor-heading-title elementor-size-default\">Talent management &amp; dvt.<\/h2>\t\t\t\t<\/div>\n\t\t\t\t<\/div>\n\t\t\t\t<\/div>\n\t\t\t\t<\/div>\n\t\t\t\t\t<\/div>\n\t\t\t\t<\/div>\n\t\t<div class=\"elementor-element elementor-element-8bb6a47 e-flex e-con-boxed e-con e-parent\" data-id=\"8bb6a47\" data-element_type=\"container\">\n\t\t\t\t\t<div class=\"e-con-inner\">\n\t\t\t\t<div class=\"elementor-element elementor-element-a4c0f0e elementor-skin-carousel elementor-arrows-yes elementor-pagination-type-bullets elementor-pagination-position-outside elementor-widget elementor-widget-media-carousel\" data-id=\"a4c0f0e\" data-element_type=\"widget\" data-settings=\"{&quot;skin&quot;:&quot;carousel&quot;,&quot;effect&quot;:&quot;slide&quot;,&quot;show_arrows&quot;:&quot;yes&quot;,&quot;pagination&quot;:&quot;bullets&quot;,&quot;speed&quot;:500,&quot;autoplay&quot;:&quot;yes&quot;,&quot;autoplay_speed&quot;:5000,&quot;loop&quot;:&quot;yes&quot;,&quot;pause_on_hover&quot;:&quot;yes&quot;,&quot;pause_on_interaction&quot;:&quot;yes&quot;,&quot;space_between&quot;:{&quot;unit&quot;:&quot;px&quot;,&quot;size&quot;:10,&quot;sizes&quot;:[]},&quot;space_between_tablet&quot;:{&quot;unit&quot;:&quot;px&quot;,&quot;size&quot;:10,&quot;sizes&quot;:[]},&quot;space_between_mobile&quot;:{&quot;unit&quot;:&quot;px&quot;,&quot;size&quot;:10,&quot;sizes&quot;:[]}}\" data-widget_type=\"media-carousel.default\">\n\t\t\t\t<div class=\"elementor-widget-container\">\n\t\t\t\t\t\t\t\t\t<div class=\"elementor-swiper\">\n\t\t\t\t\t<div class=\"elementor-main-swiper swiper\" role=\"region\" aria-roledescription=\"carousel\" aria-label=\"Slides\">\n\t\t\t\t<div class=\"swiper-wrapper\">\n\t\t\t\t\t\t\t\t\t\t\t<div class=\"swiper-slide\" role=\"group\" aria-roledescription=\"slide\">\n\t\t\t\t\t\t\t\t\t<div class=\"elementor-carousel-image\" role=\"img\" aria-label=\"54441574562_e592ee1783_k\" style=\"background-image: url(&#039;https:\/\/easyfairsassets.com\/sites\/186\/2025\/12\/54441574562_e592ee1783_k.jpg&#039;)\">\n\n\t\t\t\n\t\t\t\t\t<\/div>\n\t\t\t\t\t\t\t\t<\/div>\n\t\t\t\t\t\t\t\t\t\t\t<div class=\"swiper-slide\" role=\"group\" aria-roledescription=\"slide\">\n\t\t\t\t\t\t\t\t\t<div class=\"elementor-carousel-image\" role=\"img\" aria-label=\"54442620394_c34d71861d_k\" style=\"background-image: url(&#039;https:\/\/easyfairsassets.com\/sites\/186\/2025\/12\/54442620394_c34d71861d_k.jpg&#039;)\">\n\n\t\t\t\n\t\t\t\t\t<\/div>\n\t\t\t\t\t\t\t\t<\/div>\n\t\t\t\t\t\t\t\t\t\t\t<div class=\"swiper-slide\" role=\"group\" aria-roledescription=\"slide\">\n\t\t\t\t\t\t\t\t\t<div class=\"elementor-carousel-image\" role=\"img\" aria-label=\"54442432701_5b896ee65d_k\" style=\"background-image: url(&#039;https:\/\/easyfairsassets.com\/sites\/186\/2025\/12\/54442432701_5b896ee65d_k.jpg&#039;)\">\n\n\t\t\t\n\t\t\t\t\t<\/div>\n\t\t\t\t\t\t\t\t<\/div>\n\t\t\t\t\t\t\t\t\t\t\t<div class=\"swiper-slide\" role=\"group\" aria-roledescription=\"slide\">\n\t\t\t\t\t\t\t\t\t<div class=\"elementor-carousel-image\" role=\"img\" aria-label=\"54442432371_7528dd10c3_k\" style=\"background-image: url(&#039;https:\/\/easyfairsassets.com\/sites\/186\/2025\/12\/54442432371_7528dd10c3_k.jpg&#039;)\">\n\n\t\t\t\n\t\t\t\t\t<\/div>\n\t\t\t\t\t\t\t\t<\/div>\n\t\t\t\t\t\t\t\t\t\t\t<div class=\"swiper-slide\" role=\"group\" aria-roledescription=\"slide\">\n\t\t\t\t\t\t\t\t\t<div class=\"elementor-carousel-image\" role=\"img\" aria-label=\"54442799770_d8e7a395b9_k\" style=\"background-image: url(&#039;https:\/\/easyfairsassets.com\/sites\/186\/2025\/12\/54442799770_d8e7a395b9_k.jpg&#039;)\">\n\n\t\t\t\n\t\t\t\t\t<\/div>\n\t\t\t\t\t\t\t\t<\/div>\n\t\t\t\t\t\t\t\t\t\t\t<div class=\"swiper-slide\" role=\"group\" aria-roledescription=\"slide\">\n\t\t\t\t\t\t\t\t\t<div class=\"elementor-carousel-image\" role=\"img\" aria-label=\"54442617534_610df4fe4e_k\" style=\"background-image: url(&#039;https:\/\/easyfairsassets.com\/sites\/186\/2025\/12\/54442617534_610df4fe4e_k.jpg&#039;)\">\n\n\t\t\t\n\t\t\t\t\t<\/div>\n\t\t\t\t\t\t\t\t<\/div>\n\t\t\t\t\t\t\t\t\t\t\t<div class=\"swiper-slide\" role=\"group\" aria-roledescription=\"slide\">\n\t\t\t\t\t\t\t\t\t<div class=\"elementor-carousel-image\" role=\"img\" aria-label=\"54442429481_142c208c17_k\" style=\"background-image: url(&#039;https:\/\/easyfairsassets.com\/sites\/186\/2025\/12\/54442429481_142c208c17_k.jpg&#039;)\">\n\n\t\t\t\n\t\t\t\t\t<\/div>\n\t\t\t\t\t\t\t\t<\/div>\n\t\t\t\t\t\t\t\t\t\t\t<div class=\"swiper-slide\" role=\"group\" aria-roledescription=\"slide\">\n\t\t\t\t\t\t\t\t\t<div class=\"elementor-carousel-image\" role=\"img\" aria-label=\"54442614979_d3824822c8_k\" style=\"background-image: url(&#039;https:\/\/easyfairsassets.com\/sites\/186\/2025\/12\/54442614979_d3824822c8_k.jpg&#039;)\">\n\n\t\t\t\n\t\t\t\t\t<\/div>\n\t\t\t\t\t\t\t\t<\/div>\n\t\t\t\t\t\t\t\t\t<\/div>\n\t\t\t\t\t\t\t\t\t\t\t\t\t\t\t<div class=\"elementor-swiper-button elementor-swiper-button-prev\" role=\"button\" tabindex=\"0\" aria-label=\"Previous\">\n\t\t\t\t\t\t\t<i aria-hidden=\"true\" class=\"eicon-chevron-left\"><\/i>\t\t\t\t\t\t<\/div>\n\t\t\t\t\t\t<div class=\"elementor-swiper-button elementor-swiper-button-next\" role=\"button\" tabindex=\"0\" aria-label=\"Next\">\n\t\t\t\t\t\t\t<i aria-hidden=\"true\" class=\"eicon-chevron-right\"><\/i>\t\t\t\t\t\t<\/div>\n\t\t\t\t\t\t\t\t\t\t\t\t\t\t\t\t<div class=\"swiper-pagination\"><\/div>\n\t\t\t\t\t\t\t\t\t\t\t\t<\/div>\n\t\t\t\t<\/div>\n\t\t\t\t\t\t\t\t<\/div>\n\t\t\t\t<\/div>\n\t\t\t\t\t<\/div>\n\t\t\t\t<\/div>\n\t\t\t\t<\/div>\n\t\t","protected":false},"excerpt":{"rendered":"<p>Exposantenprofiel Inspectie technologie Conditiebewaking (op afstand) Meet- en testinstrumenten Diagnostische apparatuur Thermografische apparatuur Geluids- en trillingsbewaking Gas- en lekdetectie Materiaalanalyse Kalibratie Ultrageluid Inspectie technologie Conditiebewaking (op afstand) Meet- en testinstrumenten Diagnostische apparatuur Thermografische apparatuur Geluids- en trillingsbewaking Gas- en lekdetectie Materiaalanalyse Kalibratie Ultrageluid Onderhoudsdiensten Contract Maintenance\/MRO Industri\u00eble buitendiensten Industri\u00ebel onderhoud Industri\u00eble inspectie Industri\u00eble reiniging Ontsmetting [&hellip;]<\/p>\n","protected":false},"author":933,"featured_media":0,"parent":0,"menu_order":0,"comment_status":"closed","ping_status":"closed","template":"","meta":{"_seopress_robots_primary_cat":"","_seopress_titles_title":"Exposantenprofiel","_seopress_titles_desc":"Maintenance bezoeken, mis het niet! Hot spot voor maintenance en technisch managers, engineers, plant &amp; procurement managers. Innovatie, automatisering, virtual reality.","_seopress_robots_index":"","footnotes":""},"class_list":["post-2710","page","type-page","status-publish","hentry"],"_links":{"self":[{"href":"https:\/\/www.maintenance-expo.be\/nl\/wp-json\/wp\/v2\/pages\/2710","targetHints":{"allow":["GET"]}}],"collection":[{"href":"https:\/\/www.maintenance-expo.be\/nl\/wp-json\/wp\/v2\/pages"}],"about":[{"href":"https:\/\/www.maintenance-expo.be\/nl\/wp-json\/wp\/v2\/types\/page"}],"author":[{"embeddable":true,"href":"https:\/\/www.maintenance-expo.be\/nl\/wp-json\/wp\/v2\/users\/933"}],"replies":[{"embeddable":true,"href":"https:\/\/www.maintenance-expo.be\/nl\/wp-json\/wp\/v2\/comments?post=2710"}],"version-history":[{"count":5,"href":"https:\/\/www.maintenance-expo.be\/nl\/wp-json\/wp\/v2\/pages\/2710\/revisions"}],"predecessor-version":[{"id":203246,"href":"https:\/\/www.maintenance-expo.be\/nl\/wp-json\/wp\/v2\/pages\/2710\/revisions\/203246"}],"wp:attachment":[{"href":"https:\/\/www.maintenance-expo.be\/nl\/wp-json\/wp\/v2\/media?parent=2710"}],"curies":[{"name":"wp","href":"https:\/\/api.w.org\/{rel}","templated":true}]}}